{"id":369592,"date":"2023-04-24T16:10:48","date_gmt":"2023-04-24T15:10:48","guid":{"rendered":"https:\/\/moodmedia.com\/franchises\/restaurant-franchises\/"},"modified":"2023-04-24T16:10:48","modified_gmt":"2023-04-24T15:10:48","slug":"restaurant-franchises","status":"publish","type":"page","link":"https:\/\/moodmedia.com\/at\/franchises\/restaurant-franchises\/","title":{"rendered":"Restaurant-Franchises"},"content":{"rendered":"","protected":false},"excerpt":{"rendered":"<p>Schaffen Sie ein konsistentes und au\u00dfergew\u00f6hnliches Restauranterlebnis in Ihrer gesamten Niederlassung mit den Restaurant-Franchise-Marketingl\u00f6sungen von Mood Media. Wir liefern innovative Medienl\u00f6sungen f\u00fcr die weltweit f\u00fchrenden Restaurant-Franchisemarken.<\/p>\n","protected":false},"author":2,"featured_media":368678,"parent":365091,"menu_order":0,"comment_status":"closed","ping_status":"closed","template":"","meta":{"_et_pb_use_builder":"on","_et_pb_old_content":"","_et_gb_content_width":"","footnotes":""},"class_list":["post-369592","page","type-page","status-publish","has-post-thumbnail","hentry"],"yoast_head":"<!-- This site is optimized with the Yoast SEO Premium plugin v26.8 (Yoast SEO v27.4) - https:\/\/yoast.com\/product\/yoast-seo-premium-wordpress\/ -->\n<title>Restaurant Franchise Marketing L\u00f6sungen | Mood Media \u00d6sterreich<\/title>\n<meta name=\"description\" content=\"Schaffen Sie ein konsistentes und au\u00dfergew\u00f6hnliches Restauranterlebnis mit Franchise-Marketingl\u00f6sungen des weltweit f\u00fchrenden Unternehmens f\u00fcr Erlebnismedien.\" \/>\n<meta name=\"robots\" content=\"index, follow, max-snippet:-1, max-image-preview:large, max-video-preview:-1\" \/>\n<meta property=\"og:locale\" content=\"de_DE\" \/>\n<meta property=\"og:type\" content=\"article\" \/>\n<meta property=\"og:title\" content=\"Restaurant-Franchises\" \/>\n<meta property=\"og:description\" content=\"Schaffen Sie ein konsistentes und au\u00dfergew\u00f6hnliches Restauranterlebnis in Ihrer gesamten Niederlassung mit den Restaurant-Franchise-Marketingl\u00f6sungen von Mood Media. Wir liefern innovative Medienl\u00f6sungen f\u00fcr die weltweit f\u00fchrenden Restaurant-Franchisemarken.\" \/>\n<meta property=\"og:url\" content=\"https:\/\/moodmedia.com\/at\/franchises\/restaurant-franchises\/\" \/>\n<meta property=\"og:site_name\" content=\"Mood Media \u00d6sterreich\" \/>\n<meta property=\"article:publisher\" content=\"https:\/\/www.facebook.com\/moodmediauk\/\" \/>\n<meta property=\"og:image\" content=\"https:\/\/moodmedia.com\/wp-content\/uploads\/2023\/04\/franchise-restaurant.webp\" \/>\n\t<meta property=\"og:image:width\" content=\"1500\" \/>\n\t<meta property=\"og:image:height\" content=\"700\" \/>\n\t<meta property=\"og:image:type\" content=\"image\/webp\" \/>\n<meta name=\"twitter:card\" content=\"summary_large_image\" \/>\n<meta name=\"twitter:site\" content=\"@MoodMedia_UK\" \/>\n<script type=\"application\/ld+json\" class=\"yoast-schema-graph\">{\"@context\":\"https:\\\/\\\/schema.org\",\"@graph\":[{\"@type\":\"WebPage\",\"@id\":\"https:\\\/\\\/moodmedia.com\\\/at\\\/franchises\\\/restaurant-franchises\\\/\",\"url\":\"https:\\\/\\\/moodmedia.com\\\/at\\\/franchises\\\/restaurant-franchises\\\/\",\"name\":\"Restaurant Franchise Marketing L\u00f6sungen | Mood Media \u00d6sterreich\",\"isPartOf\":{\"@id\":\"https:\\\/\\\/moodmedia.com\\\/at\\\/#website\"},\"primaryImageOfPage\":{\"@id\":\"https:\\\/\\\/moodmedia.com\\\/at\\\/franchises\\\/restaurant-franchises\\\/#primaryimage\"},\"image\":{\"@id\":\"https:\\\/\\\/moodmedia.com\\\/at\\\/franchises\\\/restaurant-franchises\\\/#primaryimage\"},\"thumbnailUrl\":\"\",\"datePublished\":\"2023-04-24T15:10:48+00:00\",\"description\":\"Schaffen Sie ein konsistentes und au\u00dfergew\u00f6hnliches Restauranterlebnis mit Franchise-Marketingl\u00f6sungen des weltweit f\u00fchrenden Unternehmens f\u00fcr Erlebnismedien.\",\"breadcrumb\":{\"@id\":\"https:\\\/\\\/moodmedia.com\\\/at\\\/franchises\\\/restaurant-franchises\\\/#breadcrumb\"},\"inLanguage\":\"de-AT\",\"potentialAction\":[{\"@type\":\"ReadAction\",\"target\":[\"https:\\\/\\\/moodmedia.com\\\/at\\\/franchises\\\/restaurant-franchises\\\/\"]}]},{\"@type\":\"ImageObject\",\"inLanguage\":\"de-AT\",\"@id\":\"https:\\\/\\\/moodmedia.com\\\/at\\\/franchises\\\/restaurant-franchises\\\/#primaryimage\",\"url\":\"\",\"contentUrl\":\"\"},{\"@type\":\"BreadcrumbList\",\"@id\":\"https:\\\/\\\/moodmedia.com\\\/at\\\/franchises\\\/restaurant-franchises\\\/#breadcrumb\",\"itemListElement\":[{\"@type\":\"ListItem\",\"position\":1,\"name\":\"Home\",\"item\":\"https:\\\/\\\/moodmedia.com\\\/at\\\/\"},{\"@type\":\"ListItem\",\"position\":2,\"name\":\"Franchises\",\"item\":\"https:\\\/\\\/moodmedia.com\\\/at\\\/franchises\\\/\"},{\"@type\":\"ListItem\",\"position\":3,\"name\":\"Restaurant-Franchises\"}]},{\"@type\":\"WebSite\",\"@id\":\"https:\\\/\\\/moodmedia.com\\\/at\\\/#website\",\"url\":\"https:\\\/\\\/moodmedia.com\\\/at\\\/\",\"name\":\"Mood Media International\",\"description\":\"Experience. By Design\",\"publisher\":{\"@id\":\"https:\\\/\\\/moodmedia.com\\\/at\\\/#organization\"},\"potentialAction\":[{\"@type\":\"SearchAction\",\"target\":{\"@type\":\"EntryPoint\",\"urlTemplate\":\"https:\\\/\\\/moodmedia.com\\\/at\\\/?s={search_term_string}\"},\"query-input\":{\"@type\":\"PropertyValueSpecification\",\"valueRequired\":true,\"valueName\":\"search_term_string\"}}],\"inLanguage\":\"de-AT\"},{\"@type\":\"Organization\",\"@id\":\"https:\\\/\\\/moodmedia.com\\\/at\\\/#organization\",\"name\":\"Mood Media\",\"url\":\"https:\\\/\\\/moodmedia.com\\\/at\\\/\",\"logo\":{\"@type\":\"ImageObject\",\"inLanguage\":\"de-AT\",\"@id\":\"https:\\\/\\\/moodmedia.com\\\/at\\\/#\\\/schema\\\/logo\\\/image\\\/\",\"url\":\"https:\\\/\\\/moodmedia.com\\\/wp-content\\\/uploads\\\/2017\\\/10\\\/mood-media-logo-400.jpg\",\"contentUrl\":\"https:\\\/\\\/moodmedia.com\\\/wp-content\\\/uploads\\\/2017\\\/10\\\/mood-media-logo-400.jpg\",\"width\":400,\"height\":115,\"caption\":\"Mood Media\"},\"image\":{\"@id\":\"https:\\\/\\\/moodmedia.com\\\/at\\\/#\\\/schema\\\/logo\\\/image\\\/\"},\"sameAs\":[\"https:\\\/\\\/www.facebook.com\\\/moodmediauk\\\/\",\"https:\\\/\\\/x.com\\\/MoodMedia_UK\",\"https:\\\/\\\/www.linkedin.com\\\/company\\\/mood-media-uk\\\/\"]}]}<\/script>\n<!-- \/ Yoast SEO Premium plugin. -->","yoast_head_json":{"title":"Restaurant Franchise Marketing L\u00f6sungen | Mood Media \u00d6sterreich","description":"Schaffen Sie ein konsistentes und au\u00dfergew\u00f6hnliches Restauranterlebnis mit Franchise-Marketingl\u00f6sungen des weltweit f\u00fchrenden Unternehmens f\u00fcr Erlebnismedien.","robots":{"index":"index","follow":"follow","max-snippet":"max-snippet:-1","max-image-preview":"max-image-preview:large","max-video-preview":"max-video-preview:-1"},"og_locale":"de_DE","og_type":"article","og_title":"Restaurant-Franchises","og_description":"Schaffen Sie ein konsistentes und au\u00dfergew\u00f6hnliches Restauranterlebnis in Ihrer gesamten Niederlassung mit den Restaurant-Franchise-Marketingl\u00f6sungen von Mood Media. Wir liefern innovative Medienl\u00f6sungen f\u00fcr die weltweit f\u00fchrenden Restaurant-Franchisemarken.","og_url":"https:\/\/moodmedia.com\/at\/franchises\/restaurant-franchises\/","og_site_name":"Mood Media \u00d6sterreich","article_publisher":"https:\/\/www.facebook.com\/moodmediauk\/","og_image":[{"width":1500,"height":700,"url":"https:\/\/moodmedia.com\/wp-content\/uploads\/2023\/04\/franchise-restaurant.webp","type":"image\/webp"}],"twitter_card":"summary_large_image","twitter_site":"@MoodMedia_UK","schema":{"@context":"https:\/\/schema.org","@graph":[{"@type":"WebPage","@id":"https:\/\/moodmedia.com\/at\/franchises\/restaurant-franchises\/","url":"https:\/\/moodmedia.com\/at\/franchises\/restaurant-franchises\/","name":"Restaurant Franchise Marketing L\u00f6sungen | Mood Media \u00d6sterreich","isPartOf":{"@id":"https:\/\/moodmedia.com\/at\/#website"},"primaryImageOfPage":{"@id":"https:\/\/moodmedia.com\/at\/franchises\/restaurant-franchises\/#primaryimage"},"image":{"@id":"https:\/\/moodmedia.com\/at\/franchises\/restaurant-franchises\/#primaryimage"},"thumbnailUrl":"","datePublished":"2023-04-24T15:10:48+00:00","description":"Schaffen Sie ein konsistentes und au\u00dfergew\u00f6hnliches Restauranterlebnis mit Franchise-Marketingl\u00f6sungen des weltweit f\u00fchrenden Unternehmens f\u00fcr Erlebnismedien.","breadcrumb":{"@id":"https:\/\/moodmedia.com\/at\/franchises\/restaurant-franchises\/#breadcrumb"},"inLanguage":"de-AT","potentialAction":[{"@type":"ReadAction","target":["https:\/\/moodmedia.com\/at\/franchises\/restaurant-franchises\/"]}]},{"@type":"ImageObject","inLanguage":"de-AT","@id":"https:\/\/moodmedia.com\/at\/franchises\/restaurant-franchises\/#primaryimage","url":"","contentUrl":""},{"@type":"BreadcrumbList","@id":"https:\/\/moodmedia.com\/at\/franchises\/restaurant-franchises\/#breadcrumb","itemListElement":[{"@type":"ListItem","position":1,"name":"Home","item":"https:\/\/moodmedia.com\/at\/"},{"@type":"ListItem","position":2,"name":"Franchises","item":"https:\/\/moodmedia.com\/at\/franchises\/"},{"@type":"ListItem","position":3,"name":"Restaurant-Franchises"}]},{"@type":"WebSite","@id":"https:\/\/moodmedia.com\/at\/#website","url":"https:\/\/moodmedia.com\/at\/","name":"Mood Media International","description":"Experience. By Design","publisher":{"@id":"https:\/\/moodmedia.com\/at\/#organization"},"potentialAction":[{"@type":"SearchAction","target":{"@type":"EntryPoint","urlTemplate":"https:\/\/moodmedia.com\/at\/?s={search_term_string}"},"query-input":{"@type":"PropertyValueSpecification","valueRequired":true,"valueName":"search_term_string"}}],"inLanguage":"de-AT"},{"@type":"Organization","@id":"https:\/\/moodmedia.com\/at\/#organization","name":"Mood Media","url":"https:\/\/moodmedia.com\/at\/","logo":{"@type":"ImageObject","inLanguage":"de-AT","@id":"https:\/\/moodmedia.com\/at\/#\/schema\/logo\/image\/","url":"https:\/\/moodmedia.com\/wp-content\/uploads\/2017\/10\/mood-media-logo-400.jpg","contentUrl":"https:\/\/moodmedia.com\/wp-content\/uploads\/2017\/10\/mood-media-logo-400.jpg","width":400,"height":115,"caption":"Mood Media"},"image":{"@id":"https:\/\/moodmedia.com\/at\/#\/schema\/logo\/image\/"},"sameAs":["https:\/\/www.facebook.com\/moodmediauk\/","https:\/\/x.com\/MoodMedia_UK","https:\/\/www.linkedin.com\/company\/mood-media-uk\/"]}]}},"_links":{"self":[{"href":"https:\/\/moodmedia.com\/at\/wp-json\/wp\/v2\/pages\/369592","targetHints":{"allow":["GET"]}}],"collection":[{"href":"https:\/\/moodmedia.com\/at\/wp-json\/wp\/v2\/pages"}],"about":[{"href":"https:\/\/moodmedia.com\/at\/wp-json\/wp\/v2\/types\/page"}],"author":[{"embeddable":true,"href":"https:\/\/moodmedia.com\/at\/wp-json\/wp\/v2\/users\/2"}],"replies":[{"embeddable":true,"href":"https:\/\/moodmedia.com\/at\/wp-json\/wp\/v2\/comments?post=369592"}],"version-history":[{"count":0,"href":"https:\/\/moodmedia.com\/at\/wp-json\/wp\/v2\/pages\/369592\/revisions"}],"up":[{"embeddable":true,"href":"https:\/\/moodmedia.com\/at\/wp-json\/wp\/v2\/pages\/365091"}],"wp:featuredmedia":[{"embeddable":true,"href":"https:\/\/moodmedia.com\/at\/wp-json\/"}],"wp:attachment":[{"href":"https:\/\/moodmedia.com\/at\/wp-json\/wp\/v2\/media?parent=369592"}],"curies":[{"name":"wp","href":"https:\/\/api.w.org\/{rel}","templated":true}]}}