{"id":83155,"date":"2021-06-22T16:53:18","date_gmt":"2021-06-22T15:53:18","guid":{"rendered":"https:\/\/moodmedia.com\/musik-einsendungen\/"},"modified":"2025-06-03T13:47:49","modified_gmt":"2025-06-03T12:47:49","slug":"musik-einsendungen","status":"publish","type":"page","link":"https:\/\/moodmedia.com\/at\/kontakt\/musik-einsendungen\/","title":{"rendered":"Musik-Einsendungen"},"content":{"rendered":"<p>[et_pb_section fb_built=&#8220;1&#8243; _builder_version=&#8220;4.19.4&#8243; _module_preset=&#8220;default&#8220; background_color=&#8220;#d6d6d6&#8243; background_image=&#8220;https:\/\/moodmedia.com\/wp-content\/uploads\/2025\/06\/music-submissions-hero.webp&#8220; background_blend=&#8220;multiply&#8220; global_colors_info=&#8220;{}&#8220; theme_builder_area=&#8220;post_content&#8220;][et_pb_row column_structure=&#8220;3_5,2_5&#8243; _builder_version=&#8220;4.17.4&#8243; _module_preset=&#8220;default&#8220; global_colors_info=&#8220;{}&#8220; theme_builder_area=&#8220;post_content&#8220;][et_pb_column type=&#8220;3_5&#8243; _builder_version=&#8220;4.17.4&#8243; _module_preset=&#8220;default&#8220; global_colors_info=&#8220;{}&#8220; theme_builder_area=&#8220;post_content&#8220;][et_pb_text _builder_version=&#8220;4.19.4&#8243; _module_preset=&#8220;default&#8220; text_orientation=&#8220;center&#8220; background_layout=&#8220;dark&#8220; global_colors_info=&#8220;{}&#8220; theme_builder_area=&#8220;post_content&#8220;]<\/p>\n<h1 class=\"bold new-hero\">REICHEN SIE IHRE MUSIK EIN<\/h1>\n<p>[\/et_pb_text][et_pb_text _builder_version=&#8220;4.19.4&#8243; background_color=&#8220;#FFFFFF&#8220; background_size=&#8220;initial&#8220; background_position=&#8220;top_left&#8220; background_repeat=&#8220;repeat&#8220; module_alignment=&#8220;center&#8220; custom_padding=&#8220;30px|30px|30px|30px|false|false&#8220; border_radii=&#8220;on|10px|10px|10px|10px&#8220; use_border_color=&#8220;off&#8220; border_color=&#8220;#ffffff&#8220; border_style=&#8220;solid&#8220; global_colors_info=&#8220;{}&#8220; theme_builder_area=&#8220;post_content&#8220;]<\/p>\n<p class=\"intro2\"><b>**Bitte lesen Sie diese Anleitung vollst\u00e4ndig, da sie wichtige Einreichungsrichtlinien enth\u00e4lt.<\/b><\/p>\n<p class=\"intro2\">Wenn Sie diese Schritte nicht befolgen, wird Ihre Einreichung nicht ber\u00fccksichtigt. Bei Fragen zu bestehenden Lizenzgeb\u00fchren wenden Sie sich bitte an <a href=\"mailto:royalties@moodmedia.com\" target=\"_blank\" rel=\"noopener noreferrer\">royalties@moodmedia.com<\/a>. <\/p>\n<p>[\/et_pb_text][\/et_pb_column][et_pb_column type=&#8220;2_5&#8243; _builder_version=&#8220;4.17.4&#8243; _module_preset=&#8220;default&#8220; global_colors_info=&#8220;{}&#8220; theme_builder_area=&#8220;post_content&#8220;][\/et_pb_column][\/et_pb_row][\/et_pb_section][et_pb_section fb_built=&#8220;1&#8243; _builder_version=&#8220;4.16&#8243; global_colors_info=&#8220;{}&#8220; theme_builder_area=&#8220;post_content&#8220;][et_pb_row column_structure=&#8220;1_2,1_2&#8243; _builder_version=&#8220;4.16&#8243; background_size=&#8220;initial&#8220; background_position=&#8220;top_left&#8220; background_repeat=&#8220;repeat&#8220; global_colors_info=&#8220;{}&#8220; theme_builder_area=&#8220;post_content&#8220;][et_pb_column type=&#8220;1_2&#8243; _builder_version=&#8220;4.16&#8243; custom_padding=&#8220;|||&#8220; global_colors_info=&#8220;{}&#8220; custom_padding__hover=&#8220;|||&#8220; theme_builder_area=&#8220;post_content&#8220;][et_pb_text _builder_version=&#8220;4.19.4&#8243; background_size=&#8220;initial&#8220; background_position=&#8220;top_left&#8220; background_repeat=&#8220;repeat&#8220; use_border_color=&#8220;off&#8220; border_color=&#8220;#ffffff&#8220; border_style=&#8220;solid&#8220; global_colors_info=&#8220;{}&#8220; theme_builder_area=&#8220;post_content&#8220;]<\/p>\n<p class=\"intro2\">Vielen Dank f\u00fcr Ihr Interesse an der Ver\u00f6ffentlichung Ihrer Musik bei Mood Media. Bitte f\u00fchren Sie die folgenden Schritte f\u00fcr die Einreichung Ihrer Musikinhalte aus: <\/p>\n<h3 class=\"moodred\"><b>Richtlinien f\u00fcr die Einreichung:<\/b><\/h3>\n<p>1. Schicken Sie einen Link zu einer Online-Musikbibliothek an <a href=\"mailto:musicsubmissions@moodmedia.com\">musicsubmissions@moodmedia.com<\/a>, vorzugsweise eine wie <a href=\"https:\/\/www.soundcloud.com\/\">www.soundcloud.com<\/a> oder <a href=\"https:\/\/www.beatport.com\/\">www.beatport.com<\/a>, damit unsere Designer Ihrer Musiktitel anzeigen und anh\u00f6ren k\u00f6nnen.<\/p>\n<p>2. <strong>Wenn Sie Ihre Musik einreichen, m\u00fcssen Sie in der Betreffzeile der E-Mail an <a href=\"mailto:musicsubmissions@moodmedia.com\">musicsubmissions@moodmedia.com<\/a> den Namen Ihres Labels, den Musikstil\/das Musikgenre und \u201eUnlicensed with Mood Media\u201c angeben, um sicherzustellen, dass Ihre Einsendungen die richtige(n) Partei(en) erreichen. <\/strong> <\/p>\n<p>Beispiel:<\/p>\n<p>SUBJECT: Breeze Tree Records &#8211; Folk\/Pop &#8211; Nicht lizenziert mit Mood Media[\/et_pb_text][\/et_pb_column][et_pb_column type=&#8220;1_2&#8243; _builder_version=&#8220;4.16&#8243; custom_padding=&#8220;|||&#8220; global_colors_info=&#8220;{}&#8220; custom_padding__hover=&#8220;|||&#8220; theme_builder_area=&#8220;post_content&#8220;][et_pb_text _builder_version=&#8220;4.19.4&#8243; background_size=&#8220;initial&#8220; background_position=&#8220;top_left&#8220; background_repeat=&#8220;repeat&#8220; use_border_color=&#8220;off&#8220; border_color=&#8220;#ffffff&#8220; border_style=&#8220;solid&#8220; global_colors_info=&#8220;{}&#8220; theme_builder_area=&#8220;post_content&#8220;]3. Ihre Musik muss an Mood Media \u00fcber einen direkten DDEX-Feed vertrieben werden, um f\u00fcr die Programmierung zur Verf\u00fcgung zu stehen. Bitte geben Sie den Namen Ihres Distributors in Ihrer Einreichung an. Wenn Sie noch keinen digitalen Vertriebsservice haben, sollten Sie eine der folgenden Optionen in Betracht ziehen:  <\/p>\n<p><a href=\"https:\/\/www.tunecore.com\" target=\"_blank\" rel=\"noopener\">TuneCore<\/a><br \/>\n<a href=\"https:\/\/cdbaby.com\" target=\"_blank\" rel=\"noopener\">CD Baby<\/a><br \/>\n<a href=\"https:\/\/distrokid.com\/\" target=\"_blank\" rel=\"noopener\">DistroKid<\/a><\/p>\n<p><strong>**Bitte geben Sie unseren Music Supervisors Zeit, Ihre Inhalte zu pr\u00fcfen.**<\/strong><br \/>\n4. Sobald Ihre Musik von einem Feed in unser System eingespeist und f\u00fcr die Programmierung ausgew\u00e4hlt wurde, wird sich unser Lizenzierungsteam mit Ihnen in Verbindung setzen, um Vereinbarungen zu treffen.<\/p>\n<p class=\"intro2\">Vielen Dank, dass Sie sich die Zeit genommen haben, uns Ihre Musik zur Ber\u00fccksichtigung in unserem Mood Media Musikprogramm. Wir freuen uns darauf, Ihre Musik zu h\u00f6ren.<\/p>\n<p>[\/et_pb_text][\/et_pb_column][\/et_pb_row][\/et_pb_section]<\/p>\n","protected":false},"excerpt":{"rendered":"<p>REICHEN SIE IHRE MUSIK EIN**Bitte lesen Sie diese Anleitung vollst\u00e4ndig, da sie wichtige Einreichungsrichtlinien enth\u00e4lt. Wenn Sie diese Schritte nicht befolgen, wird Ihre Einreichung nicht ber\u00fccksichtigt. Bei Fragen zu bestehenden Lizenzgeb\u00fchren wenden Sie sich bitte an royalties@moodmedia.com. Vielen Dank f\u00fcr Ihr Interesse an der Ver\u00f6ffentlichung Ihrer Musik bei Mood Media. Bitte f\u00fchren Sie die folgenden Schritte f\u00fcr die Einreichung Ihrer Musikinhalte aus: Richtlinien f\u00fcr die Einreichung: 1. Schicken Sie einen Link zu einer Online-Musikbibliothek an musicsubmissions@moodmedia.com, vorzugsweise eine wie www.soundcloud.com oder www.beatport.com, damit unsere Designer Ihrer Musiktitel anzeigen und anh\u00f6ren k\u00f6nnen. 2. Wenn Sie Ihre Musik einreichen, m\u00fcssen Sie in der Betreffzeile der E-Mail an musicsubmissions@moodmedia.com den Namen Ihres Labels, den Musikstil\/das Musikgenre und \u201eUnlicensed with Mood Media\u201c angeben, um sicherzustellen, dass Ihre Einsendungen die richtige(n) Partei(en) erreichen. Beispiel: SUBJECT: Breeze Tree Records &#8211; Folk\/Pop &#8211; Nicht lizenziert mit Mood Media3. Ihre Musik muss an Mood Media \u00fcber einen direkten DDEX-Feed vertrieben werden, um f\u00fcr die Programmierung zur Verf\u00fcgung zu stehen. Bitte geben Sie den Namen Ihres Distributors in Ihrer Einreichung an. Wenn Sie noch keinen digitalen Vertriebsservice haben, sollten Sie eine der folgenden Optionen in Betracht ziehen: TuneCore CD Baby DistroKid **Bitte geben Sie unseren Music Supervisors Zeit, Ihre [&hellip;]<\/p>\n","protected":false},"author":2,"featured_media":0,"parent":83235,"menu_order":0,"comment_status":"closed","ping_status":"closed","template":"","meta":{"_et_pb_use_builder":"on","_et_pb_old_content":"","_et_gb_content_width":"","footnotes":""},"class_list":["post-83155","page","type-page","status-publish","hentry"],"yoast_head":"<!-- This site is optimized with the Yoast SEO Premium plugin v26.8 (Yoast SEO v27.3) - https:\/\/yoast.com\/product\/yoast-seo-premium-wordpress\/ -->\n<title>Musik-Einsendungen | Mood Media \u00d6sterreich<\/title>\n<meta name=\"robots\" content=\"index, follow, max-snippet:-1, max-image-preview:large, max-video-preview:-1\" \/>\n<meta property=\"og:locale\" content=\"de_DE\" \/>\n<meta property=\"og:type\" content=\"article\" \/>\n<meta property=\"og:title\" content=\"Musik-Einsendungen\" \/>\n<meta property=\"og:url\" content=\"https:\/\/moodmedia.com\/at\/kontakt\/musik-einsendungen\/\" \/>\n<meta property=\"og:site_name\" content=\"Mood Media \u00d6sterreich\" \/>\n<meta property=\"article:publisher\" content=\"https:\/\/www.facebook.com\/moodmediauk\/\" \/>\n<meta property=\"article:modified_time\" content=\"2025-06-03T12:47:49+00:00\" \/>\n<meta name=\"twitter:card\" content=\"summary_large_image\" \/>\n<meta name=\"twitter:site\" content=\"@MoodMedia_UK\" \/>\n<meta name=\"twitter:label1\" content=\"Gesch\u00e4tzte Lesezeit\" \/>\n\t<meta name=\"twitter:data1\" content=\"3 Minuten\" \/>\n<script type=\"application\/ld+json\" class=\"yoast-schema-graph\">{\"@context\":\"https:\\\/\\\/schema.org\",\"@graph\":[{\"@type\":\"WebPage\",\"@id\":\"https:\\\/\\\/moodmedia.com\\\/at\\\/kontakt\\\/musik-einsendungen\\\/\",\"url\":\"https:\\\/\\\/moodmedia.com\\\/at\\\/kontakt\\\/musik-einsendungen\\\/\",\"name\":\"Musik-Einsendungen | Mood Media \u00d6sterreich\",\"isPartOf\":{\"@id\":\"https:\\\/\\\/moodmedia.com\\\/at\\\/#website\"},\"datePublished\":\"2021-06-22T15:53:18+00:00\",\"dateModified\":\"2025-06-03T12:47:49+00:00\",\"breadcrumb\":{\"@id\":\"https:\\\/\\\/moodmedia.com\\\/at\\\/kontakt\\\/musik-einsendungen\\\/#breadcrumb\"},\"inLanguage\":\"de-AT\",\"potentialAction\":[{\"@type\":\"ReadAction\",\"target\":[\"https:\\\/\\\/moodmedia.com\\\/at\\\/kontakt\\\/musik-einsendungen\\\/\"]}]},{\"@type\":\"BreadcrumbList\",\"@id\":\"https:\\\/\\\/moodmedia.com\\\/at\\\/kontakt\\\/musik-einsendungen\\\/#breadcrumb\",\"itemListElement\":[{\"@type\":\"ListItem\",\"position\":1,\"name\":\"Home\",\"item\":\"https:\\\/\\\/moodmedia.com\\\/at\\\/\"},{\"@type\":\"ListItem\",\"position\":2,\"name\":\"Kontaktieren Sie uns\",\"item\":\"https:\\\/\\\/moodmedia.com\\\/at\\\/contact-us\\\/\"},{\"@type\":\"ListItem\",\"position\":3,\"name\":\"Musik-Einsendungen\"}]},{\"@type\":\"WebSite\",\"@id\":\"https:\\\/\\\/moodmedia.com\\\/at\\\/#website\",\"url\":\"https:\\\/\\\/moodmedia.com\\\/at\\\/\",\"name\":\"Mood Media International\",\"description\":\"Experience. By Design\",\"publisher\":{\"@id\":\"https:\\\/\\\/moodmedia.com\\\/at\\\/#organization\"},\"potentialAction\":[{\"@type\":\"SearchAction\",\"target\":{\"@type\":\"EntryPoint\",\"urlTemplate\":\"https:\\\/\\\/moodmedia.com\\\/at\\\/?s={search_term_string}\"},\"query-input\":{\"@type\":\"PropertyValueSpecification\",\"valueRequired\":true,\"valueName\":\"search_term_string\"}}],\"inLanguage\":\"de-AT\"},{\"@type\":\"Organization\",\"@id\":\"https:\\\/\\\/moodmedia.com\\\/at\\\/#organization\",\"name\":\"Mood Media\",\"url\":\"https:\\\/\\\/moodmedia.com\\\/at\\\/\",\"logo\":{\"@type\":\"ImageObject\",\"inLanguage\":\"de-AT\",\"@id\":\"https:\\\/\\\/moodmedia.com\\\/at\\\/#\\\/schema\\\/logo\\\/image\\\/\",\"url\":\"https:\\\/\\\/moodmedia.com\\\/wp-content\\\/uploads\\\/2017\\\/10\\\/mood-media-logo-400.jpg\",\"contentUrl\":\"https:\\\/\\\/moodmedia.com\\\/wp-content\\\/uploads\\\/2017\\\/10\\\/mood-media-logo-400.jpg\",\"width\":400,\"height\":115,\"caption\":\"Mood Media\"},\"image\":{\"@id\":\"https:\\\/\\\/moodmedia.com\\\/at\\\/#\\\/schema\\\/logo\\\/image\\\/\"},\"sameAs\":[\"https:\\\/\\\/www.facebook.com\\\/moodmediauk\\\/\",\"https:\\\/\\\/x.com\\\/MoodMedia_UK\",\"https:\\\/\\\/www.linkedin.com\\\/company\\\/mood-media-uk\\\/\"]}]}<\/script>\n<!-- \/ Yoast SEO Premium plugin. -->","yoast_head_json":{"title":"Musik-Einsendungen | Mood Media \u00d6sterreich","robots":{"index":"index","follow":"follow","max-snippet":"max-snippet:-1","max-image-preview":"max-image-preview:large","max-video-preview":"max-video-preview:-1"},"og_locale":"de_DE","og_type":"article","og_title":"Musik-Einsendungen","og_url":"https:\/\/moodmedia.com\/at\/kontakt\/musik-einsendungen\/","og_site_name":"Mood Media \u00d6sterreich","article_publisher":"https:\/\/www.facebook.com\/moodmediauk\/","article_modified_time":"2025-06-03T12:47:49+00:00","twitter_card":"summary_large_image","twitter_site":"@MoodMedia_UK","twitter_misc":{"Gesch\u00e4tzte Lesezeit":"3 Minuten"},"schema":{"@context":"https:\/\/schema.org","@graph":[{"@type":"WebPage","@id":"https:\/\/moodmedia.com\/at\/kontakt\/musik-einsendungen\/","url":"https:\/\/moodmedia.com\/at\/kontakt\/musik-einsendungen\/","name":"Musik-Einsendungen | Mood Media \u00d6sterreich","isPartOf":{"@id":"https:\/\/moodmedia.com\/at\/#website"},"datePublished":"2021-06-22T15:53:18+00:00","dateModified":"2025-06-03T12:47:49+00:00","breadcrumb":{"@id":"https:\/\/moodmedia.com\/at\/kontakt\/musik-einsendungen\/#breadcrumb"},"inLanguage":"de-AT","potentialAction":[{"@type":"ReadAction","target":["https:\/\/moodmedia.com\/at\/kontakt\/musik-einsendungen\/"]}]},{"@type":"BreadcrumbList","@id":"https:\/\/moodmedia.com\/at\/kontakt\/musik-einsendungen\/#breadcrumb","itemListElement":[{"@type":"ListItem","position":1,"name":"Home","item":"https:\/\/moodmedia.com\/at\/"},{"@type":"ListItem","position":2,"name":"Kontaktieren Sie uns","item":"https:\/\/moodmedia.com\/at\/contact-us\/"},{"@type":"ListItem","position":3,"name":"Musik-Einsendungen"}]},{"@type":"WebSite","@id":"https:\/\/moodmedia.com\/at\/#website","url":"https:\/\/moodmedia.com\/at\/","name":"Mood Media International","description":"Experience. By Design","publisher":{"@id":"https:\/\/moodmedia.com\/at\/#organization"},"potentialAction":[{"@type":"SearchAction","target":{"@type":"EntryPoint","urlTemplate":"https:\/\/moodmedia.com\/at\/?s={search_term_string}"},"query-input":{"@type":"PropertyValueSpecification","valueRequired":true,"valueName":"search_term_string"}}],"inLanguage":"de-AT"},{"@type":"Organization","@id":"https:\/\/moodmedia.com\/at\/#organization","name":"Mood Media","url":"https:\/\/moodmedia.com\/at\/","logo":{"@type":"ImageObject","inLanguage":"de-AT","@id":"https:\/\/moodmedia.com\/at\/#\/schema\/logo\/image\/","url":"https:\/\/moodmedia.com\/wp-content\/uploads\/2017\/10\/mood-media-logo-400.jpg","contentUrl":"https:\/\/moodmedia.com\/wp-content\/uploads\/2017\/10\/mood-media-logo-400.jpg","width":400,"height":115,"caption":"Mood Media"},"image":{"@id":"https:\/\/moodmedia.com\/at\/#\/schema\/logo\/image\/"},"sameAs":["https:\/\/www.facebook.com\/moodmediauk\/","https:\/\/x.com\/MoodMedia_UK","https:\/\/www.linkedin.com\/company\/mood-media-uk\/"]}]}},"_links":{"self":[{"href":"https:\/\/moodmedia.com\/at\/wp-json\/wp\/v2\/pages\/83155","targetHints":{"allow":["GET"]}}],"collection":[{"href":"https:\/\/moodmedia.com\/at\/wp-json\/wp\/v2\/pages"}],"about":[{"href":"https:\/\/moodmedia.com\/at\/wp-json\/wp\/v2\/types\/page"}],"author":[{"embeddable":true,"href":"https:\/\/moodmedia.com\/at\/wp-json\/wp\/v2\/users\/2"}],"replies":[{"embeddable":true,"href":"https:\/\/moodmedia.com\/at\/wp-json\/wp\/v2\/comments?post=83155"}],"version-history":[{"count":0,"href":"https:\/\/moodmedia.com\/at\/wp-json\/wp\/v2\/pages\/83155\/revisions"}],"up":[{"embeddable":true,"href":"https:\/\/moodmedia.com\/at\/wp-json\/wp\/v2\/pages\/83235"}],"wp:attachment":[{"href":"https:\/\/moodmedia.com\/at\/wp-json\/wp\/v2\/media?parent=83155"}],"curies":[{"name":"wp","href":"https:\/\/api.w.org\/{rel}","templated":true}]}}