{"id":119926,"date":"2016-06-22T19:49:30","date_gmt":"2016-06-22T18:49:30","guid":{"rendered":"https:\/\/moodmedia.com\/actualites\/"},"modified":"2022-02-09T17:41:07","modified_gmt":"2022-02-09T17:41:07","slug":"actualites","status":"publish","type":"page","link":"https:\/\/moodmedia.com\/be-fr\/entreprise\/actualites\/","title":{"rendered":"Actualit\u00e9s"},"content":{"rendered":"<p>[et_pb_section fb_built=\u00a0\u00bb1&Prime; custom_padding_last_edited=\u00a0\u00bbon|desktop\u00a0\u00bb _builder_version=\u00a0\u00bb3.22.3&Prime; background_color=\u00a0\u00bb#eeeeee\u00a0\u00bb custom_padding_tablet=\u00a0\u00bb50px|0|50px|0&Prime; custom_padding_phone=\u00a0\u00bb\u00a0\u00bb transparent_background=\u00a0\u00bboff\u00a0\u00bb padding_mobile=\u00a0\u00bboff\u00a0\u00bb make_fullwidth=\u00a0\u00bboff\u00a0\u00bb use_custom_width=\u00a0\u00bboff\u00a0\u00bb width_unit=\u00a0\u00bbon\u00a0\u00bb][et_pb_row column_structure=\u00a0\u00bb2_3,1_3&Prime; _builder_version=\u00a0\u00bb3.25&Prime; background_size=\u00a0\u00bbinitial\u00a0\u00bb background_position=\u00a0\u00bbtop_left\u00a0\u00bb background_repeat=\u00a0\u00bbrepeat\u00a0\u00bb][et_pb_column type=\u00a0\u00bb2_3&Prime; _builder_version=\u00a0\u00bb3.25&Prime; custom_padding=\u00a0\u00bb|||\u00a0\u00bb hover_enabled=\u00a0\u00bb0&Prime; custom_padding__hover=\u00a0\u00bb|||\u00a0\u00bb sticky_enabled=\u00a0\u00bb0&Prime;][et_pb_blog include_categories=\u00a0\u00bb47&Prime; show_thumbnail=\u00a0\u00bboff\u00a0\u00bb show_author=\u00a0\u00bboff\u00a0\u00bb show_categories=\u00a0\u00bboff\u00a0\u00bb _builder_version=\u00a0\u00bb3.22.7&Prime; hover_enabled=\u00a0\u00bb0&Prime; sticky_enabled=\u00a0\u00bb0&Prime;][\/et_pb_blog][\/et_pb_column][et_pb_column type=\u00a0\u00bb1_3&Prime; _builder_version=\u00a0\u00bb3.25&Prime; custom_padding=\u00a0\u00bb|||\u00a0\u00bb custom_padding__hover=\u00a0\u00bb|||\u00a0\u00bb][et_pb_sidebar orientation=\u00a0\u00bbright\u00a0\u00bb area=\u00a0\u00bbet_pb_widget_area_2&Prime; _builder_version=\u00a0\u00bb3.0.74&Prime; hover_enabled=\u00a0\u00bb0&Prime; remove_border=\u00a0\u00bboff\u00a0\u00bb sticky_enabled=\u00a0\u00bb0&Prime;][\/et_pb_sidebar][\/et_pb_column][\/et_pb_row][\/et_pb_section]<\/p>\n","protected":false},"excerpt":{"rendered":"","protected":false},"author":1,"featured_media":0,"parent":120082,"menu_order":0,"comment_status":"closed","ping_status":"closed","template":"","meta":{"_et_pb_use_builder":"on","_et_pb_old_content":"","_et_gb_content_width":"","footnotes":""},"class_list":["post-119926","page","type-page","status-publish","hentry"],"yoast_head":"<!-- This site is optimized with the Yoast SEO Premium plugin v26.8 (Yoast SEO v27.4) - https:\/\/yoast.com\/product\/yoast-seo-premium-wordpress\/ -->\n<title>Actualit\u00e9s - Mood Media Belgique.<\/title>\n<meta name=\"description\" content=\"D\u00e9couvrez les derni\u00e8res nouvelles dans le monde de Mood Media. D\u00e9couvrez les derni\u00e8res innovations en mati\u00e8re de technologie m\u00e9diatique en magasin et comment nous aidons les marques les plus intelligentes du monde \u00e0 am\u00e9liorer l&#039;exp\u00e9rience de leurs clients gr\u00e2ce \u00e0 la puissance des solutions visuelles, sonores, olfactives, sociales et syst\u00e9miques.\" \/>\n<meta name=\"robots\" content=\"index, follow, max-snippet:-1, max-image-preview:large, max-video-preview:-1\" \/>\n<meta property=\"og:locale\" content=\"fr_FR\" \/>\n<meta property=\"og:type\" content=\"article\" \/>\n<meta property=\"og:title\" content=\"Actualit\u00e9s\" \/>\n<meta property=\"og:url\" content=\"https:\/\/moodmedia.com\/be-fr\/entreprise\/actualites\/\" \/>\n<meta property=\"og:site_name\" content=\"Mood Media Belgique\" \/>\n<meta property=\"article:publisher\" content=\"https:\/\/www.facebook.com\/moodmediauk\/\" \/>\n<meta property=\"article:modified_time\" content=\"2022-02-09T17:41:07+00:00\" \/>\n<meta name=\"twitter:card\" content=\"summary_large_image\" \/>\n<meta name=\"twitter:site\" content=\"@MoodMedia_UK\" \/>\n<meta name=\"twitter:label1\" content=\"Dur\u00e9e de lecture est.\" \/>\n\t<meta name=\"twitter:data1\" content=\"1 minute\" \/>\n<script type=\"application\/ld+json\" class=\"yoast-schema-graph\">{\"@context\":\"https:\\\/\\\/schema.org\",\"@graph\":[{\"@type\":\"WebPage\",\"@id\":\"https:\\\/\\\/moodmedia.com\\\/be-fr\\\/entreprise\\\/actualites\\\/\",\"url\":\"https:\\\/\\\/moodmedia.com\\\/be-fr\\\/entreprise\\\/actualites\\\/\",\"name\":\"Actualit\u00e9s - Mood Media Belgique.\",\"isPartOf\":{\"@id\":\"https:\\\/\\\/moodmedia.com\\\/be-fr\\\/#website\"},\"datePublished\":\"2016-06-22T18:49:30+00:00\",\"dateModified\":\"2022-02-09T17:41:07+00:00\",\"description\":\"D\u00e9couvrez les derni\u00e8res nouvelles dans le monde de Mood Media. D\u00e9couvrez les derni\u00e8res innovations en mati\u00e8re de technologie m\u00e9diatique en magasin et comment nous aidons les marques les plus intelligentes du monde \u00e0 am\u00e9liorer l'exp\u00e9rience de leurs clients gr\u00e2ce \u00e0 la puissance des solutions visuelles, sonores, olfactives, sociales et syst\u00e9miques.\",\"breadcrumb\":{\"@id\":\"https:\\\/\\\/moodmedia.com\\\/be-fr\\\/entreprise\\\/actualites\\\/#breadcrumb\"},\"inLanguage\":\"fr-BE\",\"potentialAction\":[{\"@type\":\"ReadAction\",\"target\":[\"https:\\\/\\\/moodmedia.com\\\/be-fr\\\/entreprise\\\/actualites\\\/\"]}]},{\"@type\":\"BreadcrumbList\",\"@id\":\"https:\\\/\\\/moodmedia.com\\\/be-fr\\\/entreprise\\\/actualites\\\/#breadcrumb\",\"itemListElement\":[{\"@type\":\"ListItem\",\"position\":1,\"name\":\"Home\",\"item\":\"https:\\\/\\\/moodmedia.com\\\/be-fr\\\/\"},{\"@type\":\"ListItem\",\"position\":2,\"name\":\"Entreprise\",\"item\":\"https:\\\/\\\/moodmedia.com\\\/be-fr\\\/entreprise\\\/\"},{\"@type\":\"ListItem\",\"position\":3,\"name\":\"Actualit\u00e9s\"}]},{\"@type\":\"WebSite\",\"@id\":\"https:\\\/\\\/moodmedia.com\\\/be-fr\\\/#website\",\"url\":\"https:\\\/\\\/moodmedia.com\\\/be-fr\\\/\",\"name\":\"Mood Media International\",\"description\":\"Experience. By Design\",\"publisher\":{\"@id\":\"https:\\\/\\\/moodmedia.com\\\/be-fr\\\/#organization\"},\"potentialAction\":[{\"@type\":\"SearchAction\",\"target\":{\"@type\":\"EntryPoint\",\"urlTemplate\":\"https:\\\/\\\/moodmedia.com\\\/be-fr\\\/?s={search_term_string}\"},\"query-input\":{\"@type\":\"PropertyValueSpecification\",\"valueRequired\":true,\"valueName\":\"search_term_string\"}}],\"inLanguage\":\"fr-BE\"},{\"@type\":\"Organization\",\"@id\":\"https:\\\/\\\/moodmedia.com\\\/be-fr\\\/#organization\",\"name\":\"Mood Media\",\"url\":\"https:\\\/\\\/moodmedia.com\\\/be-fr\\\/\",\"logo\":{\"@type\":\"ImageObject\",\"inLanguage\":\"fr-BE\",\"@id\":\"https:\\\/\\\/moodmedia.com\\\/be-fr\\\/#\\\/schema\\\/logo\\\/image\\\/\",\"url\":\"https:\\\/\\\/moodmedia.com\\\/wp-content\\\/uploads\\\/2017\\\/10\\\/mood-media-logo-400.jpg\",\"contentUrl\":\"https:\\\/\\\/moodmedia.com\\\/wp-content\\\/uploads\\\/2017\\\/10\\\/mood-media-logo-400.jpg\",\"width\":400,\"height\":115,\"caption\":\"Mood Media\"},\"image\":{\"@id\":\"https:\\\/\\\/moodmedia.com\\\/be-fr\\\/#\\\/schema\\\/logo\\\/image\\\/\"},\"sameAs\":[\"https:\\\/\\\/www.facebook.com\\\/moodmediauk\\\/\",\"https:\\\/\\\/x.com\\\/MoodMedia_UK\",\"https:\\\/\\\/www.linkedin.com\\\/company\\\/mood-media-uk\\\/\"]}]}<\/script>\n<!-- \/ Yoast SEO Premium plugin. -->","yoast_head_json":{"title":"Actualit\u00e9s - Mood Media Belgique.","description":"D\u00e9couvrez les derni\u00e8res nouvelles dans le monde de Mood Media. D\u00e9couvrez les derni\u00e8res innovations en mati\u00e8re de technologie m\u00e9diatique en magasin et comment nous aidons les marques les plus intelligentes du monde \u00e0 am\u00e9liorer l'exp\u00e9rience de leurs clients gr\u00e2ce \u00e0 la puissance des solutions visuelles, sonores, olfactives, sociales et syst\u00e9miques.","robots":{"index":"index","follow":"follow","max-snippet":"max-snippet:-1","max-image-preview":"max-image-preview:large","max-video-preview":"max-video-preview:-1"},"og_locale":"fr_FR","og_type":"article","og_title":"Actualit\u00e9s","og_url":"https:\/\/moodmedia.com\/be-fr\/entreprise\/actualites\/","og_site_name":"Mood Media Belgique","article_publisher":"https:\/\/www.facebook.com\/moodmediauk\/","article_modified_time":"2022-02-09T17:41:07+00:00","twitter_card":"summary_large_image","twitter_site":"@MoodMedia_UK","twitter_misc":{"Dur\u00e9e de lecture est.":"1 minute"},"schema":{"@context":"https:\/\/schema.org","@graph":[{"@type":"WebPage","@id":"https:\/\/moodmedia.com\/be-fr\/entreprise\/actualites\/","url":"https:\/\/moodmedia.com\/be-fr\/entreprise\/actualites\/","name":"Actualit\u00e9s - Mood Media Belgique.","isPartOf":{"@id":"https:\/\/moodmedia.com\/be-fr\/#website"},"datePublished":"2016-06-22T18:49:30+00:00","dateModified":"2022-02-09T17:41:07+00:00","description":"D\u00e9couvrez les derni\u00e8res nouvelles dans le monde de Mood Media. D\u00e9couvrez les derni\u00e8res innovations en mati\u00e8re de technologie m\u00e9diatique en magasin et comment nous aidons les marques les plus intelligentes du monde \u00e0 am\u00e9liorer l'exp\u00e9rience de leurs clients gr\u00e2ce \u00e0 la puissance des solutions visuelles, sonores, olfactives, sociales et syst\u00e9miques.","breadcrumb":{"@id":"https:\/\/moodmedia.com\/be-fr\/entreprise\/actualites\/#breadcrumb"},"inLanguage":"fr-BE","potentialAction":[{"@type":"ReadAction","target":["https:\/\/moodmedia.com\/be-fr\/entreprise\/actualites\/"]}]},{"@type":"BreadcrumbList","@id":"https:\/\/moodmedia.com\/be-fr\/entreprise\/actualites\/#breadcrumb","itemListElement":[{"@type":"ListItem","position":1,"name":"Home","item":"https:\/\/moodmedia.com\/be-fr\/"},{"@type":"ListItem","position":2,"name":"Entreprise","item":"https:\/\/moodmedia.com\/be-fr\/entreprise\/"},{"@type":"ListItem","position":3,"name":"Actualit\u00e9s"}]},{"@type":"WebSite","@id":"https:\/\/moodmedia.com\/be-fr\/#website","url":"https:\/\/moodmedia.com\/be-fr\/","name":"Mood Media International","description":"Experience. By Design","publisher":{"@id":"https:\/\/moodmedia.com\/be-fr\/#organization"},"potentialAction":[{"@type":"SearchAction","target":{"@type":"EntryPoint","urlTemplate":"https:\/\/moodmedia.com\/be-fr\/?s={search_term_string}"},"query-input":{"@type":"PropertyValueSpecification","valueRequired":true,"valueName":"search_term_string"}}],"inLanguage":"fr-BE"},{"@type":"Organization","@id":"https:\/\/moodmedia.com\/be-fr\/#organization","name":"Mood Media","url":"https:\/\/moodmedia.com\/be-fr\/","logo":{"@type":"ImageObject","inLanguage":"fr-BE","@id":"https:\/\/moodmedia.com\/be-fr\/#\/schema\/logo\/image\/","url":"https:\/\/moodmedia.com\/wp-content\/uploads\/2017\/10\/mood-media-logo-400.jpg","contentUrl":"https:\/\/moodmedia.com\/wp-content\/uploads\/2017\/10\/mood-media-logo-400.jpg","width":400,"height":115,"caption":"Mood Media"},"image":{"@id":"https:\/\/moodmedia.com\/be-fr\/#\/schema\/logo\/image\/"},"sameAs":["https:\/\/www.facebook.com\/moodmediauk\/","https:\/\/x.com\/MoodMedia_UK","https:\/\/www.linkedin.com\/company\/mood-media-uk\/"]}]}},"_links":{"self":[{"href":"https:\/\/moodmedia.com\/be-fr\/wp-json\/wp\/v2\/pages\/119926","targetHints":{"allow":["GET"]}}],"collection":[{"href":"https:\/\/moodmedia.com\/be-fr\/wp-json\/wp\/v2\/pages"}],"about":[{"href":"https:\/\/moodmedia.com\/be-fr\/wp-json\/wp\/v2\/types\/page"}],"author":[{"embeddable":true,"href":"https:\/\/moodmedia.com\/be-fr\/wp-json\/wp\/v2\/users\/1"}],"replies":[{"embeddable":true,"href":"https:\/\/moodmedia.com\/be-fr\/wp-json\/wp\/v2\/comments?post=119926"}],"version-history":[{"count":0,"href":"https:\/\/moodmedia.com\/be-fr\/wp-json\/wp\/v2\/pages\/119926\/revisions"}],"up":[{"embeddable":true,"href":"https:\/\/moodmedia.com\/be-fr\/wp-json\/wp\/v2\/pages\/120082"}],"wp:attachment":[{"href":"https:\/\/moodmedia.com\/be-fr\/wp-json\/wp\/v2\/media?parent=119926"}],"curies":[{"name":"wp","href":"https:\/\/api.w.org\/{rel}","templated":true}]}}