{"id":120043,"date":"2021-06-22T16:53:18","date_gmt":"2021-06-22T15:53:18","guid":{"rendered":"https:\/\/moodmedia.com\/soumissions-de-musique\/"},"modified":"2025-06-03T13:47:53","modified_gmt":"2025-06-03T12:47:53","slug":"soumissions-de-musique","status":"publish","type":"page","link":"https:\/\/moodmedia.com\/be-fr\/nous-contacter\/soumissions-de-musique\/","title":{"rendered":"Soumissions de musique"},"content":{"rendered":"<p>[et_pb_section fb_built=\u00a0\u00bb1&Prime; _builder_version=\u00a0\u00bb4.19.4&Prime; _module_preset=\u00a0\u00bbdefault\u00a0\u00bb background_color=\u00a0\u00bb#d6d6d6&Prime; background_image=\u00a0\u00bbhttps:\/\/moodmedia.com\/wp-content\/uploads\/2025\/06\/music-submissions-hero.webp\u00a0\u00bb background_blend=\u00a0\u00bbmultiply\u00a0\u00bb global_colors_info=\u00a0\u00bb{}\u00a0\u00bb theme_builder_area=\u00a0\u00bbpost_content\u00a0\u00bb][et_pb_row column_structure=\u00a0\u00bb3_5,2_5&Prime; _builder_version=\u00a0\u00bb4.17.4&Prime; _module_preset=\u00a0\u00bbdefault\u00a0\u00bb global_colors_info=\u00a0\u00bb{}\u00a0\u00bb theme_builder_area=\u00a0\u00bbpost_content\u00a0\u00bb][et_pb_column type=\u00a0\u00bb3_5&Prime; _builder_version=\u00a0\u00bb4.17.4&Prime; _module_preset=\u00a0\u00bbdefault\u00a0\u00bb global_colors_info=\u00a0\u00bb{}\u00a0\u00bb theme_builder_area=\u00a0\u00bbpost_content\u00a0\u00bb][et_pb_text _builder_version=\u00a0\u00bb4.19.4&Prime; _module_preset=\u00a0\u00bbdefault\u00a0\u00bb text_orientation=\u00a0\u00bbcenter\u00a0\u00bb background_layout=\u00a0\u00bbdark\u00a0\u00bb global_colors_info=\u00a0\u00bb{}\u00a0\u00bb theme_builder_area=\u00a0\u00bbpost_content\u00a0\u00bb]<\/p>\n<h1 class=\"bold new-hero\">SOUMETTEZ VOTRE MUSIQUE<\/h1>\n<p>[\/et_pb_text][et_pb_text _builder_version=\u00a0\u00bb4.19.4&Prime; background_color=\u00a0\u00bb#FFFFFF\u00a0\u00bb background_size=\u00a0\u00bbinitial\u00a0\u00bb background_position=\u00a0\u00bbtop_left\u00a0\u00bb background_repeat=\u00a0\u00bbrepeat\u00a0\u00bb module_alignment=\u00a0\u00bbcenter\u00a0\u00bb custom_padding=\u00a0\u00bb30px|30px|30px|30px|false|false\u00a0\u00bb border_radii=\u00a0\u00bbon|10px|10px|10px|10px\u00a0\u00bb use_border_color=\u00a0\u00bboff\u00a0\u00bb border_color=\u00a0\u00bb#ffffff\u00a0\u00bb border_style=\u00a0\u00bbsolid\u00a0\u00bb global_colors_info=\u00a0\u00bb{}\u00a0\u00bb theme_builder_area=\u00a0\u00bbpost_content\u00a0\u00bb]<\/p>\n<p class=\"intro2\"><b>**Veuillez lire ces instructions dans leur int\u00e9gralit\u00e9 car elles contiennent d&rsquo;importantes directives de soumission.<\/b><\/p>\n<p class=\"intro2\">Si vous ne suivez pas ces \u00e9tapes, votre candidature ne sera pas prise en compte. Pour toute question concernant les redevances existantes, veuillez contacter <a href=\"mailto:royalties@moodmedia.com\" target=\"_blank\" rel=\"noopener noreferrer\">royalties@moodmedia.com.<\/a> <\/p>\n<p>[\/et_pb_text][\/et_pb_column][et_pb_column type=\u00a0\u00bb2_5&Prime; _builder_version=\u00a0\u00bb4.17.4&Prime; _module_preset=\u00a0\u00bbdefault\u00a0\u00bb global_colors_info=\u00a0\u00bb{}\u00a0\u00bb theme_builder_area=\u00a0\u00bbpost_content\u00a0\u00bb][\/et_pb_column][\/et_pb_row][\/et_pb_section][et_pb_section fb_built=\u00a0\u00bb1&Prime; _builder_version=\u00a0\u00bb4.16&Prime; global_colors_info=\u00a0\u00bb{}\u00a0\u00bb theme_builder_area=\u00a0\u00bbpost_content\u00a0\u00bb][et_pb_row column_structure=\u00a0\u00bb1_2,1_2&Prime; _builder_version=\u00a0\u00bb4.16&Prime; background_size=\u00a0\u00bbinitial\u00a0\u00bb background_position=\u00a0\u00bbtop_left\u00a0\u00bb background_repeat=\u00a0\u00bbrepeat\u00a0\u00bb global_colors_info=\u00a0\u00bb{}\u00a0\u00bb theme_builder_area=\u00a0\u00bbpost_content\u00a0\u00bb][et_pb_column type=\u00a0\u00bb1_2&Prime; _builder_version=\u00a0\u00bb4.16&Prime; custom_padding=\u00a0\u00bb|||\u00a0\u00bb global_colors_info=\u00a0\u00bb{}\u00a0\u00bb custom_padding__hover=\u00a0\u00bb|||\u00a0\u00bb theme_builder_area=\u00a0\u00bbpost_content\u00a0\u00bb][et_pb_text _builder_version=\u00a0\u00bb4.19.4&Prime; background_size=\u00a0\u00bbinitial\u00a0\u00bb background_position=\u00a0\u00bbtop_left\u00a0\u00bb background_repeat=\u00a0\u00bbrepeat\u00a0\u00bb use_border_color=\u00a0\u00bboff\u00a0\u00bb border_color=\u00a0\u00bb#ffffff\u00a0\u00bb border_style=\u00a0\u00bbsolid\u00a0\u00bb global_colors_info=\u00a0\u00bb{}\u00a0\u00bb theme_builder_area=\u00a0\u00bbpost_content\u00a0\u00bb]<\/p>\n<p class=\"intro2\">Nous vous remercions de l&rsquo;int\u00e9r\u00eat que vous portez \u00e0 l&rsquo;envoi de votre musique \u00e0 Mood Media. Veuillez suivre les \u00e9tapes suivantes pour soumettre votre contenu musical : <\/p>\n<h3 class=\"moodred\"><b>Directives de soumission :<\/b><\/h3>\n<p>1. Envoyez un lien vers un juke-box num\u00e9rique en ligne \u00e0 <a href=\"mailto:musicsubmissions@moodmedia.com\">musicsubmissions@moodmedia.com,<\/a> de pr\u00e9f\u00e9rence de type <a href=\"https:\/\/www.soundcloud.com\/\">www.Soundcloud.com<\/a> ou <a href=\"https:\/\/www.beatport.com\/\">www.beatport.com,<\/a> afin que nos concepteurs puissent pr\u00e9visualiser vos morceaux.<\/p>\n<p>2. <strong>Lorsque vous soumettez votre musique, vous devez indiquer le nom de votre label, le style\/genre musical et \u00ab Unlicensed with Mood Media \u00bb dans l&rsquo;objet de l&rsquo;e-mail adress\u00e9 \u00e0 <a href=\"mailto:musicsubmissions@moodmedia.com\">musicsubmissions@moodmedia.com<\/a> afin de vous assurer que vos soumissions parviennent \u00e0 la\/aux partie(s) appropri\u00e9e(s). <\/strong> <\/p>\n<p>Exemple :<\/p>\n<p>OBJET : Breeze Tree Records &#8211; Folk\/Pop &#8211; Sans licence avec Mood Media[\/et_pb_text][\/et_pb_column][et_pb_column type=\u00a0\u00bb1_2&Prime; _builder_version=\u00a0\u00bb4.16&Prime; custom_padding=\u00a0\u00bb|||\u00a0\u00bb global_colors_info=\u00a0\u00bb{}\u00a0\u00bb custom_padding__hover=\u00a0\u00bb|||\u00a0\u00bb theme_builder_area=\u00a0\u00bbpost_content\u00a0\u00bb][et_pb_text _builder_version=\u00a0\u00bb4.19.4&Prime; background_size=\u00a0\u00bbinitial\u00a0\u00bb background_position=\u00a0\u00bbtop_left\u00a0\u00bb background_repeat=\u00a0\u00bbrepeat\u00a0\u00bb use_border_color=\u00a0\u00bboff\u00a0\u00bb border_color=\u00a0\u00bb#ffffff\u00a0\u00bb border_style=\u00a0\u00bbsolid\u00a0\u00bb global_colors_info=\u00a0\u00bb{}\u00a0\u00bb theme_builder_area=\u00a0\u00bbpost_content\u00a0\u00bb]3. Votre musique doit \u00eatre distribu\u00e9e \u00e0 Mood Media par le biais d&rsquo;un flux DDEX direct afin d&rsquo;\u00eatre disponible pour la programmation. Veuillez indiquer le nom de votre distributeur dans votre soumission. Si vous ne disposez pas encore d&rsquo;un service de distribution num\u00e9rique, envisagez l&rsquo;une des options suivantes :  <\/p>\n<p><a href=\"https:\/\/www.tunecore.com\" target=\"_blank\" rel=\"noopener\">TuneCore<\/a><br \/>\n<a href=\"https:\/\/cdbaby.com\" target=\"_blank\" rel=\"noopener\">CD Baby<\/a><br \/>\n<a href=\"https:\/\/distrokid.com\/\" target=\"_blank\" rel=\"noopener\">DistroKid<\/a><\/p>\n<p><strong>**Veuillez laisser le temps \u00e0 nos superviseurs musicaux d&rsquo;examiner votre contenu.**<\/strong><br \/>\n4. Une fois que votre musique a \u00e9t\u00e9 ing\u00e9r\u00e9e dans notre syst\u00e8me \u00e0 partir d&rsquo;un flux et qu&rsquo;elle est s\u00e9lectionn\u00e9e pour la programmation, notre \u00e9quipe charg\u00e9e de l&rsquo;octroi des licences vous contactera afin de conclure des accords.<\/p>\n<p class=\"intro2\">Nous vous remercions d&rsquo;avoir pris le temps de soumettre votre musique pour qu&rsquo;elle soit prise en consid\u00e9ration dans notre programmation musicale. Mood Media programmation musicale. Nous sommes impatients d&rsquo;entendre votre musique.<\/p>\n<p>[\/et_pb_text][\/et_pb_column][\/et_pb_row][\/et_pb_section]<\/p>\n","protected":false},"excerpt":{"rendered":"<p>SOUMETTEZ VOTRE MUSIQUE**Veuillez lire ces instructions dans leur int\u00e9gralit\u00e9 car elles contiennent d&rsquo;importantes directives de soumission. Si vous ne suivez pas ces \u00e9tapes, votre candidature ne sera pas prise en compte. Pour toute question concernant les redevances existantes, veuillez contacter royalties@moodmedia.com. Nous vous remercions de l&rsquo;int\u00e9r\u00eat que vous portez \u00e0 l&rsquo;envoi de votre musique \u00e0 Mood Media. Veuillez suivre les \u00e9tapes suivantes pour soumettre votre contenu musical : Directives de soumission : 1. Envoyez un lien vers un juke-box num\u00e9rique en ligne \u00e0 musicsubmissions@moodmedia.com, de pr\u00e9f\u00e9rence de type www.Soundcloud.com ou www.beatport.com, afin que nos concepteurs puissent pr\u00e9visualiser vos morceaux. 2. Lorsque vous soumettez votre musique, vous devez indiquer le nom de votre label, le style\/genre musical et \u00ab Unlicensed with Mood Media \u00bb dans l&rsquo;objet de l&rsquo;e-mail adress\u00e9 \u00e0 musicsubmissions@moodmedia.com afin de vous assurer que vos soumissions parviennent \u00e0 la\/aux partie(s) appropri\u00e9e(s). Exemple : OBJET : Breeze Tree Records &#8211; Folk\/Pop &#8211; Sans licence avec Mood Media3. Votre musique doit \u00eatre distribu\u00e9e \u00e0 Mood Media par le biais d&rsquo;un flux DDEX direct afin d&rsquo;\u00eatre disponible pour la programmation. Veuillez indiquer le nom de votre distributeur dans votre soumission. Si vous ne disposez pas encore d&rsquo;un service de distribution num\u00e9rique, envisagez [&hellip;]<\/p>\n","protected":false},"author":2,"featured_media":0,"parent":120148,"menu_order":0,"comment_status":"closed","ping_status":"closed","template":"","meta":{"_et_pb_use_builder":"on","_et_pb_old_content":"","_et_gb_content_width":"","footnotes":""},"class_list":["post-120043","page","type-page","status-publish","hentry"],"yoast_head":"<!-- This site is optimized with the Yoast SEO Premium plugin v26.8 (Yoast SEO v27.3) - https:\/\/yoast.com\/product\/yoast-seo-premium-wordpress\/ -->\n<title>Soumissions de musique | Mood Media Belgique<\/title>\n<meta name=\"robots\" content=\"index, follow, max-snippet:-1, max-image-preview:large, max-video-preview:-1\" \/>\n<meta property=\"og:locale\" content=\"fr_FR\" \/>\n<meta property=\"og:type\" content=\"article\" \/>\n<meta property=\"og:title\" content=\"Soumissions de musique\" \/>\n<meta property=\"og:url\" content=\"https:\/\/moodmedia.com\/be-fr\/nous-contacter\/soumissions-de-musique\/\" \/>\n<meta property=\"og:site_name\" content=\"Mood Media Belgique\" \/>\n<meta property=\"article:publisher\" content=\"https:\/\/www.facebook.com\/moodmediauk\/\" \/>\n<meta property=\"article:modified_time\" content=\"2025-06-03T12:47:53+00:00\" \/>\n<meta name=\"twitter:card\" content=\"summary_large_image\" \/>\n<meta name=\"twitter:site\" content=\"@MoodMedia_UK\" \/>\n<meta name=\"twitter:label1\" content=\"Dur\u00e9e de lecture est.\" \/>\n\t<meta name=\"twitter:data1\" content=\"3 minutes\" \/>\n<script type=\"application\/ld+json\" class=\"yoast-schema-graph\">{\"@context\":\"https:\\\/\\\/schema.org\",\"@graph\":[{\"@type\":\"WebPage\",\"@id\":\"https:\\\/\\\/moodmedia.com\\\/be-fr\\\/nous-contacter\\\/soumissions-de-musique\\\/\",\"url\":\"https:\\\/\\\/moodmedia.com\\\/be-fr\\\/nous-contacter\\\/soumissions-de-musique\\\/\",\"name\":\"Soumissions de musique | Mood Media Belgique\",\"isPartOf\":{\"@id\":\"https:\\\/\\\/moodmedia.com\\\/be-fr\\\/#website\"},\"datePublished\":\"2021-06-22T15:53:18+00:00\",\"dateModified\":\"2025-06-03T12:47:53+00:00\",\"breadcrumb\":{\"@id\":\"https:\\\/\\\/moodmedia.com\\\/be-fr\\\/nous-contacter\\\/soumissions-de-musique\\\/#breadcrumb\"},\"inLanguage\":\"fr-BE\",\"potentialAction\":[{\"@type\":\"ReadAction\",\"target\":[\"https:\\\/\\\/moodmedia.com\\\/be-fr\\\/nous-contacter\\\/soumissions-de-musique\\\/\"]}]},{\"@type\":\"BreadcrumbList\",\"@id\":\"https:\\\/\\\/moodmedia.com\\\/be-fr\\\/nous-contacter\\\/soumissions-de-musique\\\/#breadcrumb\",\"itemListElement\":[{\"@type\":\"ListItem\",\"position\":1,\"name\":\"Home\",\"item\":\"https:\\\/\\\/moodmedia.com\\\/be-fr\\\/\"},{\"@type\":\"ListItem\",\"position\":2,\"name\":\"Nous contacter\",\"item\":\"https:\\\/\\\/moodmedia.com\\\/be-fr\\\/nous-contacter\\\/\"},{\"@type\":\"ListItem\",\"position\":3,\"name\":\"Soumissions de musique\"}]},{\"@type\":\"WebSite\",\"@id\":\"https:\\\/\\\/moodmedia.com\\\/be-fr\\\/#website\",\"url\":\"https:\\\/\\\/moodmedia.com\\\/be-fr\\\/\",\"name\":\"Mood Media International\",\"description\":\"Experience. By Design\",\"publisher\":{\"@id\":\"https:\\\/\\\/moodmedia.com\\\/be-fr\\\/#organization\"},\"potentialAction\":[{\"@type\":\"SearchAction\",\"target\":{\"@type\":\"EntryPoint\",\"urlTemplate\":\"https:\\\/\\\/moodmedia.com\\\/be-fr\\\/?s={search_term_string}\"},\"query-input\":{\"@type\":\"PropertyValueSpecification\",\"valueRequired\":true,\"valueName\":\"search_term_string\"}}],\"inLanguage\":\"fr-BE\"},{\"@type\":\"Organization\",\"@id\":\"https:\\\/\\\/moodmedia.com\\\/be-fr\\\/#organization\",\"name\":\"Mood Media\",\"url\":\"https:\\\/\\\/moodmedia.com\\\/be-fr\\\/\",\"logo\":{\"@type\":\"ImageObject\",\"inLanguage\":\"fr-BE\",\"@id\":\"https:\\\/\\\/moodmedia.com\\\/be-fr\\\/#\\\/schema\\\/logo\\\/image\\\/\",\"url\":\"https:\\\/\\\/moodmedia.com\\\/wp-content\\\/uploads\\\/2017\\\/10\\\/mood-media-logo-400.jpg\",\"contentUrl\":\"https:\\\/\\\/moodmedia.com\\\/wp-content\\\/uploads\\\/2017\\\/10\\\/mood-media-logo-400.jpg\",\"width\":400,\"height\":115,\"caption\":\"Mood Media\"},\"image\":{\"@id\":\"https:\\\/\\\/moodmedia.com\\\/be-fr\\\/#\\\/schema\\\/logo\\\/image\\\/\"},\"sameAs\":[\"https:\\\/\\\/www.facebook.com\\\/moodmediauk\\\/\",\"https:\\\/\\\/x.com\\\/MoodMedia_UK\",\"https:\\\/\\\/www.linkedin.com\\\/company\\\/mood-media-uk\\\/\"]}]}<\/script>\n<!-- \/ Yoast SEO Premium plugin. -->","yoast_head_json":{"title":"Soumissions de musique | Mood Media Belgique","robots":{"index":"index","follow":"follow","max-snippet":"max-snippet:-1","max-image-preview":"max-image-preview:large","max-video-preview":"max-video-preview:-1"},"og_locale":"fr_FR","og_type":"article","og_title":"Soumissions de musique","og_url":"https:\/\/moodmedia.com\/be-fr\/nous-contacter\/soumissions-de-musique\/","og_site_name":"Mood Media Belgique","article_publisher":"https:\/\/www.facebook.com\/moodmediauk\/","article_modified_time":"2025-06-03T12:47:53+00:00","twitter_card":"summary_large_image","twitter_site":"@MoodMedia_UK","twitter_misc":{"Dur\u00e9e de lecture est.":"3 minutes"},"schema":{"@context":"https:\/\/schema.org","@graph":[{"@type":"WebPage","@id":"https:\/\/moodmedia.com\/be-fr\/nous-contacter\/soumissions-de-musique\/","url":"https:\/\/moodmedia.com\/be-fr\/nous-contacter\/soumissions-de-musique\/","name":"Soumissions de musique | Mood Media Belgique","isPartOf":{"@id":"https:\/\/moodmedia.com\/be-fr\/#website"},"datePublished":"2021-06-22T15:53:18+00:00","dateModified":"2025-06-03T12:47:53+00:00","breadcrumb":{"@id":"https:\/\/moodmedia.com\/be-fr\/nous-contacter\/soumissions-de-musique\/#breadcrumb"},"inLanguage":"fr-BE","potentialAction":[{"@type":"ReadAction","target":["https:\/\/moodmedia.com\/be-fr\/nous-contacter\/soumissions-de-musique\/"]}]},{"@type":"BreadcrumbList","@id":"https:\/\/moodmedia.com\/be-fr\/nous-contacter\/soumissions-de-musique\/#breadcrumb","itemListElement":[{"@type":"ListItem","position":1,"name":"Home","item":"https:\/\/moodmedia.com\/be-fr\/"},{"@type":"ListItem","position":2,"name":"Nous contacter","item":"https:\/\/moodmedia.com\/be-fr\/nous-contacter\/"},{"@type":"ListItem","position":3,"name":"Soumissions de musique"}]},{"@type":"WebSite","@id":"https:\/\/moodmedia.com\/be-fr\/#website","url":"https:\/\/moodmedia.com\/be-fr\/","name":"Mood Media International","description":"Experience. By Design","publisher":{"@id":"https:\/\/moodmedia.com\/be-fr\/#organization"},"potentialAction":[{"@type":"SearchAction","target":{"@type":"EntryPoint","urlTemplate":"https:\/\/moodmedia.com\/be-fr\/?s={search_term_string}"},"query-input":{"@type":"PropertyValueSpecification","valueRequired":true,"valueName":"search_term_string"}}],"inLanguage":"fr-BE"},{"@type":"Organization","@id":"https:\/\/moodmedia.com\/be-fr\/#organization","name":"Mood Media","url":"https:\/\/moodmedia.com\/be-fr\/","logo":{"@type":"ImageObject","inLanguage":"fr-BE","@id":"https:\/\/moodmedia.com\/be-fr\/#\/schema\/logo\/image\/","url":"https:\/\/moodmedia.com\/wp-content\/uploads\/2017\/10\/mood-media-logo-400.jpg","contentUrl":"https:\/\/moodmedia.com\/wp-content\/uploads\/2017\/10\/mood-media-logo-400.jpg","width":400,"height":115,"caption":"Mood Media"},"image":{"@id":"https:\/\/moodmedia.com\/be-fr\/#\/schema\/logo\/image\/"},"sameAs":["https:\/\/www.facebook.com\/moodmediauk\/","https:\/\/x.com\/MoodMedia_UK","https:\/\/www.linkedin.com\/company\/mood-media-uk\/"]}]}},"_links":{"self":[{"href":"https:\/\/moodmedia.com\/be-fr\/wp-json\/wp\/v2\/pages\/120043","targetHints":{"allow":["GET"]}}],"collection":[{"href":"https:\/\/moodmedia.com\/be-fr\/wp-json\/wp\/v2\/pages"}],"about":[{"href":"https:\/\/moodmedia.com\/be-fr\/wp-json\/wp\/v2\/types\/page"}],"author":[{"embeddable":true,"href":"https:\/\/moodmedia.com\/be-fr\/wp-json\/wp\/v2\/users\/2"}],"replies":[{"embeddable":true,"href":"https:\/\/moodmedia.com\/be-fr\/wp-json\/wp\/v2\/comments?post=120043"}],"version-history":[{"count":0,"href":"https:\/\/moodmedia.com\/be-fr\/wp-json\/wp\/v2\/pages\/120043\/revisions"}],"up":[{"embeddable":true,"href":"https:\/\/moodmedia.com\/be-fr\/wp-json\/wp\/v2\/pages\/120148"}],"wp:attachment":[{"href":"https:\/\/moodmedia.com\/be-fr\/wp-json\/wp\/v2\/media?parent=120043"}],"curies":[{"name":"wp","href":"https:\/\/api.w.org\/{rel}","templated":true}]}}