{"id":207528,"date":"2021-06-22T16:53:18","date_gmt":"2021-06-22T15:53:18","guid":{"rendered":"https:\/\/moodmedia.com\/hudebni-prispevky\/"},"modified":"2025-06-03T13:47:35","modified_gmt":"2025-06-03T12:47:35","slug":"hudebni-prispevky","status":"publish","type":"page","link":"https:\/\/moodmedia.com\/cz\/kontaktujte-nas\/hudebni-prispevky\/","title":{"rendered":"Hudebn\u00ed p\u0159\u00edsp\u011bvky"},"content":{"rendered":"<p>[et_pb_section fb_built=&#8220;1&#8243; _builder_version=&#8220;4.19.4&#8243; _module_preset=&#8220;default&#8220; background_color=&#8220;#d6d6d6&#8243; background_image=&#8220;https:\/\/moodmedia.com\/wp-content\/uploads\/2025\/06\/music-submissions-hero.webp&#8220; background_blend=&#8220;multiply&#8220; global_colors_info=&#8220;{}&#8220; theme_builder_area=&#8220;post_content&#8220;][et_pb_row column_structure=&#8220;3_5,2_5&#8243; _builder_version=&#8220;4.17.4&#8243; _module_preset=&#8220;default&#8220; global_colors_info=&#8220;{}&#8220; theme_builder_area=&#8220;post_content&#8220;][et_pb_column type=&#8220;3_5&#8243; _builder_version=&#8220;4.17.4&#8243; _module_preset=&#8220;default&#8220; global_colors_info=&#8220;{}&#8220; theme_builder_area=&#8220;post_content&#8220;][et_pb_text _builder_version=&#8220;4.19.4&#8243; _module_preset=&#8220;default&#8220; text_orientation=&#8220;center&#8220; background_layout=&#8220;dark&#8220; global_colors_info=&#8220;{}&#8220; theme_builder_area=&#8220;post_content&#8220;]<\/p>\n<h1 class=\"bold new-hero\">ODESLAT HUDBU<\/h1>\n<p>[\/et_pb_text][et_pb_text _builder_version=&#8220;4.19.4&#8243; background_color=&#8220;#FFFFFF&#8220; background_size=&#8220;initial&#8220; background_position=&#8220;top_left&#8220; background_repeat=&#8220;repeat&#8220; module_alignment=&#8220;center&#8220; custom_padding=&#8220;30px|30px|30px|30px|false|false&#8220; border_radii=&#8220;on|10px|10px|10px|10px&#8220; use_border_color=&#8220;off&#8220; border_color=&#8220;#ffffff&#8220; border_style=&#8220;solid&#8220; global_colors_info=&#8220;{}&#8220; theme_builder_area=&#8220;post_content&#8220;]<\/p>\n<p class=\"intro2\"><b>**P\u0159e\u010dt\u011bte si pros\u00edm cel\u00fd tyto pokyny, proto\u017ee obsahuj\u00ed d\u016fle\u017eit\u00e9 pokyny pro odes\u00edl\u00e1n\u00ed.**<\/b><\/p>\n<p class=\"intro2\">Pokud nebudete postupovat podle t\u011bchto krok\u016f, va\u0161e pod\u00e1n\u00ed nebude br\u00e1no v \u00favahu. M\u00e1te-li dotazy t\u00fdkaj\u00edc\u00ed se st\u00e1vaj\u00edc\u00edch licen\u010dn\u00edch poplatk\u016f, kontaktujte pros\u00edm <a href=\"mailto:royalties@moodmedia.com\" target=\"_blank\" rel=\"noopener noreferrer\">royalties@moodmedia.com<\/a> . <\/p>\n<p>[\/et_pb_text][\/et_pb_column][et_pb_column type=&#8220;2_5&#8243; _builder_version=&#8220;4.17.4&#8243; _module_preset=&#8220;default&#8220; global_colors_info=&#8220;{}&#8220; theme_builder_area=&#8220;post_content&#8220;][\/et_pb_column][\/et_pb_row][\/et_pb_section][et_pb_section fb_built=&#8220;1&#8243; _builder_version=&#8220;4.16&#8243; global_colors_info=&#8220;{}&#8220; theme_builder_area=&#8220;post_content&#8220;][et_pb_row column_structure=&#8220;1_2,1_2&#8243; _builder_version=&#8220;4.16&#8243; background_size=&#8220;initial&#8220; background_position=&#8220;top_left&#8220; background_repeat=&#8220;repeat&#8220; global_colors_info=&#8220;{}&#8220; theme_builder_area=&#8220;post_content&#8220;][et_pb_column type=&#8220;1_2&#8243; _builder_version=&#8220;4.16&#8243; custom_padding=&#8220;|||&#8220; global_colors_info=&#8220;{}&#8220; custom_padding__hover=&#8220;|||&#8220; theme_builder_area=&#8220;post_content&#8220;][et_pb_text _builder_version=&#8220;4.19.4&#8243; background_size=&#8220;initial&#8220; background_position=&#8220;top_left&#8220; background_repeat=&#8220;repeat&#8220; use_border_color=&#8220;off&#8220; border_color=&#8220;#ffffff&#8220; border_style=&#8220;solid&#8220; global_colors_info=&#8220;{}&#8220; theme_builder_area=&#8220;post_content&#8220;]<\/p>\n<p class=\"intro2\">D\u011bkujeme za v\u00e1\u0161 z\u00e1jem o zasl\u00e1n\u00ed hudby do \u010dasopisu Mood Media. Pros\u00edme, vypl\u0148te n\u00e1sleduj\u00edc\u00ed kroky t\u00fdkaj\u00edc\u00ed se odesl\u00e1n\u00ed va\u0161eho hudebn\u00edho obsahu: <\/p>\n<h3 class=\"moodred\"><b>Pokyny pro odesl\u00e1n\u00ed:<\/b><\/h3>\n<p>1. Po\u0161lete odkaz na online digit\u00e1ln\u00ed jukebox na <a href=\"mailto:musicsubmissions@moodmedia.com\">adresu musicsubmissions@moodmedia.com<\/a> , nejl\u00e9pe takov\u00fd, jako je <a href=\"https:\/\/www.soundcloud.com\/\">www.Soundcloud.com<\/a> nebo <a href=\"https:\/\/www.beatport.com\/\">www.beatport.com<\/a> , aby si na\u0161i n\u00e1vrh\u00e1\u0159i mohli prohl\u00e9dnout va\u0161e skladby.<\/p>\n<p>2. <strong>P\u0159i odes\u00edl\u00e1n\u00ed hudby mus\u00edte do p\u0159edm\u011btu e-mailu na adresu <a href=\"mailto:musicsubmissions@moodmedia.com\">musicsubmissions@moodmedia.com<\/a> uv\u00e9st n\u00e1zev sv\u00e9ho vydavatelstv\u00ed, hudebn\u00ed styl\/\u017e\u00e1nr a \u201eUnlicensed with Mood Media\u201c, aby se zajistilo, \u017ee se va\u0161e p\u0159\u00edsp\u011bvky dostanou ke spr\u00e1vn\u00e9 stran\u011b\/stran\u00e1m. <\/strong> <\/p>\n<p>P\u0159\u00edklad:<\/p>\n<p>P\u0158EDM\u011aT: Breeze Tree Records &#8211; Folk\/Pop &#8211; Bez licence s Mood Media[\/et_pb_text][\/et_pb_column][et_pb_column type=&#8220;1_2&#8243; _builder_version=&#8220;4.16&#8243; custom_padding=&#8220;|||&#8220; global_colors_info=&#8220;{}&#8220; custom_padding__hover=&#8220;|||&#8220; theme_builder_area=&#8220;post_content&#8220;][et_pb_text _builder_version=&#8220;4.19.4&#8243; background_size=&#8220;initial&#8220; background_position=&#8220;top_left&#8220; background_repeat=&#8220;repeat&#8220; use_border_color=&#8220;off&#8220; border_color=&#8220;#ffffff&#8220; border_style=&#8220;solid&#8220; global_colors_info=&#8220;{}&#8220; theme_builder_area=&#8220;post_content&#8220;]3. Va\u0161e hudba mus\u00ed b\u00fdt distribuov\u00e1na do Mood Media prost\u0159ednictv\u00edm p\u0159\u00edm\u00e9ho kan\u00e1lu DDEX, aby byla k dispozici pro programov\u00e1n\u00ed. V p\u0159ihl\u00e1\u0161ce uve\u010fte n\u00e1zev distributora. Pokud je\u0161t\u011b nem\u00e1te digit\u00e1ln\u00ed distribu\u010dn\u00ed slu\u017ebu, zva\u017ete jednu z n\u00e1sleduj\u00edc\u00edch mo\u017enost\u00ed:  <\/p>\n<p><a href=\"https:\/\/www.tunecore.com\" target=\"_blank\" rel=\"noopener\">TuneCore<\/a><br \/>\n<a href=\"https:\/\/cdbaby.com\" target=\"_blank\" rel=\"noopener\">CD Baby<\/a><br \/>\n<a href=\"https:\/\/distrokid.com\/\" target=\"_blank\" rel=\"noopener\">DistroKid<\/a><\/p>\n<p><strong>**Pros\u00edm, po\u010dkejte, a\u017e na\u0161i hudebn\u00ed supervizo\u0159i zkontroluj\u00ed v\u00e1\u0161 obsah.**<\/strong><br \/>\n4. Jakmile bude va\u0161e hudba vlo\u017eena do na\u0161eho syst\u00e9mu z kan\u00e1lu a vybr\u00e1na pro programov\u00e1n\u00ed, n\u00e1\u0161 licen\u010dn\u00ed t\u00fdm v\u00e1s bude kontaktovat za \u00fa\u010delem zaji\u0161t\u011bn\u00ed smluv.<\/p>\n<p class=\"intro2\">D\u011bkujeme v\u00e1m, \u017ee jste si na\u0161li \u010das a poslali n\u00e1m svou hudbu k posouzen\u00ed v na\u0161\u00ed sout\u011b\u017ei. Mood Media hudebn\u00ed program. T\u011b\u0161\u00edme se na va\u0161i hudbu.<\/p>\n<p>[\/et_pb_text][\/et_pb_column][\/et_pb_row][\/et_pb_section]<\/p>\n","protected":false},"excerpt":{"rendered":"<p>ODESLAT HUDBU**P\u0159e\u010dt\u011bte si pros\u00edm cel\u00fd tyto pokyny, proto\u017ee obsahuj\u00ed d\u016fle\u017eit\u00e9 pokyny pro odes\u00edl\u00e1n\u00ed.** Pokud nebudete postupovat podle t\u011bchto krok\u016f, va\u0161e pod\u00e1n\u00ed nebude br\u00e1no v \u00favahu. M\u00e1te-li dotazy t\u00fdkaj\u00edc\u00ed se st\u00e1vaj\u00edc\u00edch licen\u010dn\u00edch poplatk\u016f, kontaktujte pros\u00edm royalties@moodmedia.com . D\u011bkujeme za v\u00e1\u0161 z\u00e1jem o zasl\u00e1n\u00ed hudby do \u010dasopisu Mood Media. Pros\u00edme, vypl\u0148te n\u00e1sleduj\u00edc\u00ed kroky t\u00fdkaj\u00edc\u00ed se odesl\u00e1n\u00ed va\u0161eho hudebn\u00edho obsahu: Pokyny pro odesl\u00e1n\u00ed: 1. Po\u0161lete odkaz na online digit\u00e1ln\u00ed jukebox na adresu musicsubmissions@moodmedia.com , nejl\u00e9pe takov\u00fd, jako je www.Soundcloud.com nebo www.beatport.com , aby si na\u0161i n\u00e1vrh\u00e1\u0159i mohli prohl\u00e9dnout va\u0161e skladby. 2. P\u0159i odes\u00edl\u00e1n\u00ed hudby mus\u00edte do p\u0159edm\u011btu e-mailu na adresu musicsubmissions@moodmedia.com uv\u00e9st n\u00e1zev sv\u00e9ho vydavatelstv\u00ed, hudebn\u00ed styl\/\u017e\u00e1nr a \u201eUnlicensed with Mood Media\u201c, aby se zajistilo, \u017ee se va\u0161e p\u0159\u00edsp\u011bvky dostanou ke spr\u00e1vn\u00e9 stran\u011b\/stran\u00e1m. P\u0159\u00edklad: P\u0158EDM\u011aT: Breeze Tree Records &#8211; Folk\/Pop &#8211; Bez licence s Mood Media3. Va\u0161e hudba mus\u00ed b\u00fdt distribuov\u00e1na do Mood Media prost\u0159ednictv\u00edm p\u0159\u00edm\u00e9ho kan\u00e1lu DDEX, aby byla k dispozici pro programov\u00e1n\u00ed. V p\u0159ihl\u00e1\u0161ce uve\u010fte n\u00e1zev distributora. Pokud je\u0161t\u011b nem\u00e1te digit\u00e1ln\u00ed distribu\u010dn\u00ed slu\u017ebu, zva\u017ete jednu z n\u00e1sleduj\u00edc\u00edch mo\u017enost\u00ed: TuneCore CD Baby DistroKid **Pros\u00edm, po\u010dkejte, a\u017e na\u0161i hudebn\u00ed supervizo\u0159i zkontroluj\u00ed v\u00e1\u0161 obsah.** 4. Jakmile bude va\u0161e hudba vlo\u017eena do na\u0161eho syst\u00e9mu z kan\u00e1lu a vybr\u00e1na pro programov\u00e1n\u00ed, n\u00e1\u0161 licen\u010dn\u00ed t\u00fdm v\u00e1s bude [&hellip;]<\/p>\n","protected":false},"author":2,"featured_media":0,"parent":251823,"menu_order":0,"comment_status":"closed","ping_status":"closed","template":"","meta":{"_et_pb_use_builder":"on","_et_pb_old_content":"","_et_gb_content_width":"","footnotes":""},"class_list":["post-207528","page","type-page","status-publish","hentry"],"yoast_head":"<!-- This site is optimized with the Yoast SEO Premium plugin v26.8 (Yoast SEO v27.3) - https:\/\/yoast.com\/product\/yoast-seo-premium-wordpress\/ -->\n<title>Hudebn\u00ed p\u0159\u00edsp\u011bvky | Mood Media \u010cesk\u00e1 Republika<\/title>\n<meta name=\"robots\" content=\"index, follow, max-snippet:-1, max-image-preview:large, max-video-preview:-1\" \/>\n<meta property=\"og:locale\" content=\"cs_CZ\" \/>\n<meta property=\"og:type\" content=\"article\" \/>\n<meta property=\"og:title\" content=\"Hudebn\u00ed p\u0159\u00edsp\u011bvky\" \/>\n<meta property=\"og:url\" content=\"https:\/\/moodmedia.com\/cz\/kontaktujte-nas\/hudebni-prispevky\/\" \/>\n<meta property=\"og:site_name\" content=\"Mood Media \u010cesk\u00e1 Republika\" \/>\n<meta property=\"article:publisher\" content=\"https:\/\/www.facebook.com\/moodmediauk\/\" \/>\n<meta property=\"article:modified_time\" content=\"2025-06-03T12:47:35+00:00\" \/>\n<meta name=\"twitter:card\" content=\"summary_large_image\" \/>\n<meta name=\"twitter:site\" content=\"@MoodMedia_UK\" \/>\n<meta name=\"twitter:label1\" content=\"Odhadovan\u00e1 doba \u010dten\u00ed\" \/>\n\t<meta name=\"twitter:data1\" content=\"3 minuty\" \/>\n<script type=\"application\/ld+json\" class=\"yoast-schema-graph\">{\"@context\":\"https:\\\/\\\/schema.org\",\"@graph\":[{\"@type\":\"WebPage\",\"@id\":\"https:\\\/\\\/moodmedia.com\\\/cz\\\/kontaktujte-nas\\\/hudebni-prispevky\\\/\",\"url\":\"https:\\\/\\\/moodmedia.com\\\/cz\\\/kontaktujte-nas\\\/hudebni-prispevky\\\/\",\"name\":\"Hudebn\u00ed p\u0159\u00edsp\u011bvky | Mood Media \u010cesk\u00e1 Republika\",\"isPartOf\":{\"@id\":\"https:\\\/\\\/moodmedia.com\\\/cz\\\/#website\"},\"datePublished\":\"2021-06-22T15:53:18+00:00\",\"dateModified\":\"2025-06-03T12:47:35+00:00\",\"breadcrumb\":{\"@id\":\"https:\\\/\\\/moodmedia.com\\\/cz\\\/kontaktujte-nas\\\/hudebni-prispevky\\\/#breadcrumb\"},\"inLanguage\":\"cs\",\"potentialAction\":[{\"@type\":\"ReadAction\",\"target\":[\"https:\\\/\\\/moodmedia.com\\\/cz\\\/kontaktujte-nas\\\/hudebni-prispevky\\\/\"]}]},{\"@type\":\"BreadcrumbList\",\"@id\":\"https:\\\/\\\/moodmedia.com\\\/cz\\\/kontaktujte-nas\\\/hudebni-prispevky\\\/#breadcrumb\",\"itemListElement\":[{\"@type\":\"ListItem\",\"position\":1,\"name\":\"Home\",\"item\":\"https:\\\/\\\/moodmedia.com\\\/cz\\\/\"},{\"@type\":\"ListItem\",\"position\":2,\"name\":\"Kontaktujte n\u00e1s\",\"item\":\"https:\\\/\\\/moodmedia.com\\\/cz\\\/kontaktujte-nas\\\/\"},{\"@type\":\"ListItem\",\"position\":3,\"name\":\"Hudebn\u00ed p\u0159\u00edsp\u011bvky\"}]},{\"@type\":\"WebSite\",\"@id\":\"https:\\\/\\\/moodmedia.com\\\/cz\\\/#website\",\"url\":\"https:\\\/\\\/moodmedia.com\\\/cz\\\/\",\"name\":\"Mood Media International\",\"description\":\"Experience. By Design\",\"publisher\":{\"@id\":\"https:\\\/\\\/moodmedia.com\\\/cz\\\/#organization\"},\"potentialAction\":[{\"@type\":\"SearchAction\",\"target\":{\"@type\":\"EntryPoint\",\"urlTemplate\":\"https:\\\/\\\/moodmedia.com\\\/cz\\\/?s={search_term_string}\"},\"query-input\":{\"@type\":\"PropertyValueSpecification\",\"valueRequired\":true,\"valueName\":\"search_term_string\"}}],\"inLanguage\":\"cs\"},{\"@type\":\"Organization\",\"@id\":\"https:\\\/\\\/moodmedia.com\\\/cz\\\/#organization\",\"name\":\"Mood Media\",\"url\":\"https:\\\/\\\/moodmedia.com\\\/cz\\\/\",\"logo\":{\"@type\":\"ImageObject\",\"inLanguage\":\"cs\",\"@id\":\"https:\\\/\\\/moodmedia.com\\\/cz\\\/#\\\/schema\\\/logo\\\/image\\\/\",\"url\":\"https:\\\/\\\/moodmedia.com\\\/wp-content\\\/uploads\\\/2017\\\/10\\\/mood-media-logo-400.jpg\",\"contentUrl\":\"https:\\\/\\\/moodmedia.com\\\/wp-content\\\/uploads\\\/2017\\\/10\\\/mood-media-logo-400.jpg\",\"width\":400,\"height\":115,\"caption\":\"Mood Media\"},\"image\":{\"@id\":\"https:\\\/\\\/moodmedia.com\\\/cz\\\/#\\\/schema\\\/logo\\\/image\\\/\"},\"sameAs\":[\"https:\\\/\\\/www.facebook.com\\\/moodmediauk\\\/\",\"https:\\\/\\\/x.com\\\/MoodMedia_UK\",\"https:\\\/\\\/www.linkedin.com\\\/company\\\/mood-media-uk\\\/\"]}]}<\/script>\n<!-- \/ Yoast SEO Premium plugin. -->","yoast_head_json":{"title":"Hudebn\u00ed p\u0159\u00edsp\u011bvky | Mood Media \u010cesk\u00e1 Republika","robots":{"index":"index","follow":"follow","max-snippet":"max-snippet:-1","max-image-preview":"max-image-preview:large","max-video-preview":"max-video-preview:-1"},"og_locale":"cs_CZ","og_type":"article","og_title":"Hudebn\u00ed p\u0159\u00edsp\u011bvky","og_url":"https:\/\/moodmedia.com\/cz\/kontaktujte-nas\/hudebni-prispevky\/","og_site_name":"Mood Media \u010cesk\u00e1 Republika","article_publisher":"https:\/\/www.facebook.com\/moodmediauk\/","article_modified_time":"2025-06-03T12:47:35+00:00","twitter_card":"summary_large_image","twitter_site":"@MoodMedia_UK","twitter_misc":{"Odhadovan\u00e1 doba \u010dten\u00ed":"3 minuty"},"schema":{"@context":"https:\/\/schema.org","@graph":[{"@type":"WebPage","@id":"https:\/\/moodmedia.com\/cz\/kontaktujte-nas\/hudebni-prispevky\/","url":"https:\/\/moodmedia.com\/cz\/kontaktujte-nas\/hudebni-prispevky\/","name":"Hudebn\u00ed p\u0159\u00edsp\u011bvky | Mood Media \u010cesk\u00e1 Republika","isPartOf":{"@id":"https:\/\/moodmedia.com\/cz\/#website"},"datePublished":"2021-06-22T15:53:18+00:00","dateModified":"2025-06-03T12:47:35+00:00","breadcrumb":{"@id":"https:\/\/moodmedia.com\/cz\/kontaktujte-nas\/hudebni-prispevky\/#breadcrumb"},"inLanguage":"cs","potentialAction":[{"@type":"ReadAction","target":["https:\/\/moodmedia.com\/cz\/kontaktujte-nas\/hudebni-prispevky\/"]}]},{"@type":"BreadcrumbList","@id":"https:\/\/moodmedia.com\/cz\/kontaktujte-nas\/hudebni-prispevky\/#breadcrumb","itemListElement":[{"@type":"ListItem","position":1,"name":"Home","item":"https:\/\/moodmedia.com\/cz\/"},{"@type":"ListItem","position":2,"name":"Kontaktujte n\u00e1s","item":"https:\/\/moodmedia.com\/cz\/kontaktujte-nas\/"},{"@type":"ListItem","position":3,"name":"Hudebn\u00ed p\u0159\u00edsp\u011bvky"}]},{"@type":"WebSite","@id":"https:\/\/moodmedia.com\/cz\/#website","url":"https:\/\/moodmedia.com\/cz\/","name":"Mood Media International","description":"Experience. By Design","publisher":{"@id":"https:\/\/moodmedia.com\/cz\/#organization"},"potentialAction":[{"@type":"SearchAction","target":{"@type":"EntryPoint","urlTemplate":"https:\/\/moodmedia.com\/cz\/?s={search_term_string}"},"query-input":{"@type":"PropertyValueSpecification","valueRequired":true,"valueName":"search_term_string"}}],"inLanguage":"cs"},{"@type":"Organization","@id":"https:\/\/moodmedia.com\/cz\/#organization","name":"Mood Media","url":"https:\/\/moodmedia.com\/cz\/","logo":{"@type":"ImageObject","inLanguage":"cs","@id":"https:\/\/moodmedia.com\/cz\/#\/schema\/logo\/image\/","url":"https:\/\/moodmedia.com\/wp-content\/uploads\/2017\/10\/mood-media-logo-400.jpg","contentUrl":"https:\/\/moodmedia.com\/wp-content\/uploads\/2017\/10\/mood-media-logo-400.jpg","width":400,"height":115,"caption":"Mood Media"},"image":{"@id":"https:\/\/moodmedia.com\/cz\/#\/schema\/logo\/image\/"},"sameAs":["https:\/\/www.facebook.com\/moodmediauk\/","https:\/\/x.com\/MoodMedia_UK","https:\/\/www.linkedin.com\/company\/mood-media-uk\/"]}]}},"_links":{"self":[{"href":"https:\/\/moodmedia.com\/cz\/wp-json\/wp\/v2\/pages\/207528","targetHints":{"allow":["GET"]}}],"collection":[{"href":"https:\/\/moodmedia.com\/cz\/wp-json\/wp\/v2\/pages"}],"about":[{"href":"https:\/\/moodmedia.com\/cz\/wp-json\/wp\/v2\/types\/page"}],"author":[{"embeddable":true,"href":"https:\/\/moodmedia.com\/cz\/wp-json\/wp\/v2\/users\/2"}],"replies":[{"embeddable":true,"href":"https:\/\/moodmedia.com\/cz\/wp-json\/wp\/v2\/comments?post=207528"}],"version-history":[{"count":0,"href":"https:\/\/moodmedia.com\/cz\/wp-json\/wp\/v2\/pages\/207528\/revisions"}],"up":[{"embeddable":true,"href":"https:\/\/moodmedia.com\/cz\/wp-json\/wp\/v2\/pages\/251823"}],"wp:attachment":[{"href":"https:\/\/moodmedia.com\/cz\/wp-json\/wp\/v2\/media?parent=207528"}],"curies":[{"name":"wp","href":"https:\/\/api.w.org\/{rel}","templated":true}]}}