{"id":227643,"date":"2016-07-21T15:46:29","date_gmt":"2016-07-21T14:46:29","guid":{"rendered":"https:\/\/moodmedia.com\/spolecnost\/kariera\/"},"modified":"2024-03-13T11:11:53","modified_gmt":"2024-03-13T11:11:53","slug":"kariera","status":"publish","type":"page","link":"https:\/\/moodmedia.com\/cz\/spolecnost\/kariera\/","title":{"rendered":"Kari\u00e9ra"},"content":{"rendered":"<p>[et_pb_section fb_built=&#8220;1&#8243; _builder_version=&#8220;4.16&#8243; background_image=&#8220;https:\/\/moodmedia.com\/wp-content\/uploads\/2019\/06\/2019-careers.jpg&#8220; parallax=&#8220;on&#8220; parallax_method=&#8220;off&#8220; custom_margin=&#8220;0px||&#8220; global_colors_info=&#8220;{}&#8220;][et_pb_row _builder_version=&#8220;4.16&#8243; custom_margin=&#8220;0px||0px&#8220; custom_padding=&#8220;0px||&#8220; global_colors_info=&#8220;{}&#8220;][et_pb_column type=&#8220;4_4&#8243; _builder_version=&#8220;4.16&#8243; custom_padding=&#8220;|||&#8220; global_colors_info=&#8220;{}&#8220; custom_padding__hover=&#8220;|||&#8220;][et_pb_text admin_label=&#8220;Mood Careers&#8220; _builder_version=&#8220;4.16&#8243; header_font_size=&#8220;24px&#8220; background_layout=&#8220;dark&#8220; saved_tabs=&#8220;all&#8220; global_colors_info=&#8220;{}&#8220;]<\/p>\n<p class=\"intro2\">MOOD<span class=\"heavy moodred\">:<\/span><span class=\"light\">CAREERS<\/span><\/p>\n<div style=\"width:100%;float:left;padding-top:10px;\">\n<div style=\"width:20%;height:10px;background:#cd102f;float:left;clear:both;\"><\/div>\n<\/div>\n<p>[\/et_pb_text][\/et_pb_column][\/et_pb_row][et_pb_row column_structure=&#8220;1_2,1_2&#8243; _builder_version=&#8220;4.16&#8243; custom_margin=&#8220;0px||&#8220; custom_padding=&#8220;0px||&#8220; global_colors_info=&#8220;{}&#8220;][et_pb_column type=&#8220;1_2&#8243; _builder_version=&#8220;4.16&#8243; custom_padding=&#8220;|||&#8220; global_colors_info=&#8220;{}&#8220; custom_padding__hover=&#8220;|||&#8220;][et_pb_text _builder_version=&#8220;4.16&#8243; text_font=&#8220;||||||||&#8220; background_layout=&#8220;dark&#8220; global_colors_info=&#8220;{}&#8220;]<\/p>\n<h1 class=\"new-hero-ext bold\" style=\"text-transform:uppercase;\">Najd\u011bte si sv\u016fj fit. Najd\u011bte svou budoucnost.<\/h1>\n<p>[\/et_pb_text][et_pb_button button_url=&#8220;https:\/\/workforcenow.adp.com\/mascsr\/default\/mdf\/recruitment\/recruitment.html?cid=099af085-1373-479c-9b97-f7e3a4d2ea58&amp;ccId=19000101_000001&amp;lang=en_US&#8220; button_text=&#8220;Zobrazit pracovn\u00ed nab\u00eddky&#8220; button_alignment=&#8220;left&#8220; admin_label=&#8220;Button&#8220; module_class=&#8220;mbutton&#8220; _builder_version=&#8220;4.24.0&#8243; custom_button=&#8220;on&#8220; button_text_color=&#8220;#ffffff&#8220; button_bg_color=&#8220;#cd102f&#8220; button_border_color=&#8220;#cd102f&#8220; button_icon=&#8220;&#x3d;||divi||400&#8243; button_icon_color=&#8220;#cd102f&#8220; background_layout=&#8220;dark&#8220; button_text_color_hover=&#8220;#cd102f&#8220; button_border_color_hover=&#8220;#ffffff&#8220; button_letter_spacing_hover=&#8220;0&#8243; button_bg_color_hover=&#8220;#ffffff&#8220; saved_tabs=&#8220;all&#8220; global_colors_info=&#8220;{}&#8220; button_text_size__hover_enabled=&#8220;off&#8220; button_one_text_size__hover_enabled=&#8220;off&#8220; button_two_text_size__hover_enabled=&#8220;off&#8220; button_text_color__hover_enabled=&#8220;on&#8220; button_text_color__hover=&#8220;#cd102f&#8220; button_one_text_color__hover_enabled=&#8220;off&#8220; button_two_text_color__hover_enabled=&#8220;off&#8220; button_border_width__hover_enabled=&#8220;off&#8220; button_one_border_width__hover_enabled=&#8220;off&#8220; button_two_border_width__hover_enabled=&#8220;off&#8220; button_border_color__hover_enabled=&#8220;on&#8220; button_border_color__hover=&#8220;#ffffff&#8220; button_one_border_color__hover_enabled=&#8220;off&#8220; button_two_border_color__hover_enabled=&#8220;off&#8220; button_border_radius__hover_enabled=&#8220;off&#8220; button_one_border_radius__hover_enabled=&#8220;off&#8220; button_two_border_radius__hover_enabled=&#8220;off&#8220; button_letter_spacing__hover_enabled=&#8220;on&#8220; button_letter_spacing__hover=&#8220;0&#8243; button_one_letter_spacing__hover_enabled=&#8220;off&#8220; button_two_letter_spacing__hover_enabled=&#8220;off&#8220; button_bg_color__hover_enabled=&#8220;on&#8220; button_bg_color__hover=&#8220;#ffffff&#8220; button_one_bg_color__hover_enabled=&#8220;off&#8220; button_two_bg_color__hover_enabled=&#8220;off&#8220;][\/et_pb_button][\/et_pb_column][et_pb_column type=&#8220;1_2&#8243; _builder_version=&#8220;4.16&#8243; custom_padding=&#8220;|||&#8220; global_colors_info=&#8220;{}&#8220; custom_padding__hover=&#8220;|||&#8220;][et_pb_video src=&#8220;https:\/\/youtu.be\/UywmrZwzlDM&#8220; image_src=&#8220;\/\/i.ytimg.com\/vi\/UywmrZwzlDM\/hqdefault.jpg&#8220; _builder_version=&#8220;4.16&#8243; global_colors_info=&#8220;{}&#8220;][\/et_pb_video][\/et_pb_column][\/et_pb_row][\/et_pb_section][et_pb_section fb_built=&#8220;1&#8243; admin_label=&#8220;We Are&#8230;&#8220; _builder_version=&#8220;4.16&#8243; background_image=&#8220;https:\/\/moodmedia.com\/wp-content\/uploads\/2019\/06\/guitars.jpg&#8220; parallax=&#8220;on&#8220; parallax_method=&#8220;off&#8220; global_colors_info=&#8220;{}&#8220;][et_pb_row _builder_version=&#8220;4.16&#8243; global_colors_info=&#8220;{}&#8220;][et_pb_column type=&#8220;4_4&#8243; _builder_version=&#8220;4.16&#8243; custom_padding=&#8220;|||&#8220; global_colors_info=&#8220;{}&#8220; custom_padding__hover=&#8220;|||&#8220;][et_pb_text _builder_version=&#8220;4.16&#8243; global_colors_info=&#8220;{}&#8220;]<\/p>\n<p class=\"giant bold\">Jsme hudebn\u00ed experti, digit\u00e1ln\u00ed um\u011blci, profesion\u00e1ln\u00ed konzultanti v oblasti brandingu a mist\u0159i v oblasti slu\u017eeb klient\u016fm &#8211; v\u0161ichni se sna\u017e\u00edme p\u0159in\u00e9st nov\u00fd pohled na ka\u017edou z\u00e1kaznickou zku\u0161enost, kterou navrhujeme. D\u00edky na\u0161im \u00fasp\u011bch\u016fm, kter\u00e9 podporuje celosv\u011btov\u00e1 servisn\u00ed s\u00ed\u0165 certifikovan\u00fdch technik\u016f, se odli\u0161ujeme od ostatn\u00edch. Pr\u00e1v\u011b d\u00edky na\u0161emu z\u00e1palu se n\u00e1m da\u0159\u00ed.<\/p>\n<p>[\/et_pb_text][\/et_pb_column][\/et_pb_row][\/et_pb_section][et_pb_section fb_built=&#8220;1&#8243; _builder_version=&#8220;4.16&#8243; _module_preset=&#8220;default&#8220; global_colors_info=&#8220;{}&#8220;][et_pb_row column_structure=&#8220;1_3,1_3,1_3&#8243; _builder_version=&#8220;4.16&#8243; _module_preset=&#8220;default&#8220; global_colors_info=&#8220;{}&#8220;][et_pb_column type=&#8220;1_3&#8243; _builder_version=&#8220;4.16&#8243; _module_preset=&#8220;default&#8220; global_colors_info=&#8220;{}&#8220;][et_pb_text _builder_version=&#8220;4.16&#8243; _module_preset=&#8220;default&#8220; global_colors_info=&#8220;{}&#8220;]<\/p>\n<h2 class=\"bold\">NA\u0160E POSL\u00c1N\u00cd<\/h2>\n<div style=\"width:100%;float:left; padding:10px 0px 20px;\">\n<div style=\"width:20%;height:10px;background:#cd102f;\"><\/div>\n<\/div>\n<p class=\"intro2\">Pom\u00e1hat firm\u00e1m v\u0161ech tvar\u016f a velikost\u00ed usp\u011bt vytvo\u0159en\u00edm v\u011bt\u0161\u00edho emocion\u00e1ln\u00edho spojen\u00ed se z\u00e1kazn\u00edky prost\u0159ednictv\u00edm spr\u00e1vn\u00e9 kombinace vizu\u00e1ln\u00edch, zvukov\u00fdch, pachov\u00fdch, soci\u00e1ln\u00edch a syst\u00e9mov\u00fdch \u0159e\u0161en\u00ed.<\/p>\n<p>[\/et_pb_text][\/et_pb_column][et_pb_column type=&#8220;1_3&#8243; _builder_version=&#8220;4.16&#8243; _module_preset=&#8220;default&#8220; global_colors_info=&#8220;{}&#8220;][et_pb_text _builder_version=&#8220;4.16&#8243; _module_preset=&#8220;default&#8220; global_colors_info=&#8220;{}&#8220;]<\/p>\n<h2 class=\"bold\">NA\u0160E VIZE<\/h2>\n<div style=\"width:100%;float:left; padding:10px 0px 20px;\">\n<div style=\"width:20%;height:10px;background:#cd102f;\"><\/div>\n<\/div>\n<p class=\"intro2\">B\u00fdt nejlep\u0161\u00ed v pomoci podnik\u016fm usp\u011bt t\u00edm, \u017ee zlep\u0161\u00edme jejich z\u00e1kaznickou zku\u0161enost.<\/p>\n<p>[\/et_pb_text][\/et_pb_column][et_pb_column type=&#8220;1_3&#8243; _builder_version=&#8220;4.16&#8243; _module_preset=&#8220;default&#8220; global_colors_info=&#8220;{}&#8220;][et_pb_text _builder_version=&#8220;4.16&#8243; _module_preset=&#8220;default&#8220; global_colors_info=&#8220;{}&#8220;]<\/p>\n<h2 class=\"bold\">NA\u0160E T\u00ddMY<\/h2>\n<div style=\"width:100%;float:left; padding:10px 0px 20px;\">\n<div style=\"width:20%;height:10px;background:#cd102f;\"><\/div>\n<\/div>\n<ul style=\"float:left;\">\n<li>Finance<\/li>\n<li>Pr\u00e1vn\u00ed, licen\u010dn\u00ed a obchodn\u00ed z\u00e1le\u017eitosti<\/li>\n<li>Lidsk\u00e9 zdroje<\/li>\n<li>Odbyt<\/li>\n<li>Marketing<\/li>\n<li>Glob\u00e1ln\u00ed produkt<\/li>\n<li>Provozn\u00ed a klientsk\u00e1 podpora<\/li>\n<li>Glob\u00e1ln\u00ed technologie<\/li>\n<\/ul>\n<p>[\/et_pb_text][\/et_pb_column][\/et_pb_row][\/et_pb_section]<\/p>\n","protected":false},"excerpt":{"rendered":"<p>MOOD:CAREERS Najd\u011bte si sv\u016fj fit. Najd\u011bte svou budoucnost. Jsme hudebn\u00ed experti, digit\u00e1ln\u00ed um\u011blci, profesion\u00e1ln\u00ed konzultanti v oblasti brandingu a mist\u0159i v oblasti slu\u017eeb klient\u016fm &#8211; v\u0161ichni se sna\u017e\u00edme p\u0159in\u00e9st nov\u00fd pohled na ka\u017edou z\u00e1kaznickou zku\u0161enost, kterou navrhujeme. D\u00edky na\u0161im \u00fasp\u011bch\u016fm, kter\u00e9 podporuje celosv\u011btov\u00e1 servisn\u00ed s\u00ed\u0165 certifikovan\u00fdch technik\u016f, se odli\u0161ujeme od ostatn\u00edch. Pr\u00e1v\u011b d\u00edky na\u0161emu z\u00e1palu se n\u00e1m da\u0159\u00ed. NA\u0160E POSL\u00c1N\u00cd Pom\u00e1hat firm\u00e1m v\u0161ech tvar\u016f a velikost\u00ed usp\u011bt vytvo\u0159en\u00edm v\u011bt\u0161\u00edho emocion\u00e1ln\u00edho spojen\u00ed se z\u00e1kazn\u00edky prost\u0159ednictv\u00edm spr\u00e1vn\u00e9 kombinace vizu\u00e1ln\u00edch, zvukov\u00fdch, pachov\u00fdch, soci\u00e1ln\u00edch a syst\u00e9mov\u00fdch \u0159e\u0161en\u00ed. NA\u0160E VIZE B\u00fdt nejlep\u0161\u00ed v pomoci podnik\u016fm usp\u011bt t\u00edm, \u017ee zlep\u0161\u00edme jejich z\u00e1kaznickou zku\u0161enost. NA\u0160E T\u00ddMY Finance Pr\u00e1vn\u00ed, licen\u010dn\u00ed a obchodn\u00ed z\u00e1le\u017eitosti Lidsk\u00e9 zdroje Odbyt Marketing Glob\u00e1ln\u00ed produkt Provozn\u00ed a klientsk\u00e1 podpora Glob\u00e1ln\u00ed technologie<\/p>\n","protected":false},"author":1,"featured_media":0,"parent":226316,"menu_order":0,"comment_status":"closed","ping_status":"closed","template":"","meta":{"_et_pb_use_builder":"on","_et_pb_old_content":"","_et_gb_content_width":"","footnotes":""},"class_list":["post-227643","page","type-page","status-publish","hentry"],"yoast_head":"<!-- This site is optimized with the Yoast SEO Premium plugin v26.8 (Yoast SEO v27.4) - https:\/\/yoast.com\/product\/yoast-seo-premium-wordpress\/ -->\n<title>Kari\u00e9ra | Mood Media \u010cesk\u00e1 Republika<\/title>\n<meta name=\"description\" content=\"Jsme hudebn\u00ed experti, digit\u00e1ln\u00ed um\u011blci, profesion\u00e1ln\u00ed poradci v oblasti brandingu a mist\u0159i v oblasti slu\u017eeb klient\u016fm. Prohl\u00e9dn\u011bte si nejnov\u011bj\u0161\u00ed pracovn\u00ed nab\u00eddky Mood Media.\" \/>\n<meta name=\"robots\" content=\"index, follow, max-snippet:-1, max-image-preview:large, max-video-preview:-1\" \/>\n<meta property=\"og:locale\" content=\"cs_CZ\" \/>\n<meta property=\"og:type\" content=\"article\" \/>\n<meta property=\"og:title\" content=\"Kari\u00e9ra\" \/>\n<meta property=\"og:url\" content=\"https:\/\/moodmedia.com\/cz\/spolecnost\/kariera\/\" \/>\n<meta property=\"og:site_name\" content=\"Mood Media \u010cesk\u00e1 Republika\" \/>\n<meta property=\"article:publisher\" content=\"https:\/\/www.facebook.com\/moodmediauk\/\" \/>\n<meta property=\"article:modified_time\" content=\"2024-03-13T11:11:53+00:00\" \/>\n<meta name=\"twitter:card\" content=\"summary_large_image\" \/>\n<meta name=\"twitter:site\" content=\"@MoodMedia_UK\" \/>\n<meta name=\"twitter:label1\" content=\"Odhadovan\u00e1 doba \u010dten\u00ed\" \/>\n\t<meta name=\"twitter:data1\" content=\"4 minuty\" \/>\n<script type=\"application\/ld+json\" class=\"yoast-schema-graph\">{\"@context\":\"https:\\\/\\\/schema.org\",\"@graph\":[{\"@type\":\"WebPage\",\"@id\":\"https:\\\/\\\/moodmedia.com\\\/cz\\\/spolecnost\\\/kariera\\\/\",\"url\":\"https:\\\/\\\/moodmedia.com\\\/cz\\\/spolecnost\\\/kariera\\\/\",\"name\":\"Kari\u00e9ra | Mood Media \u010cesk\u00e1 Republika\",\"isPartOf\":{\"@id\":\"https:\\\/\\\/moodmedia.com\\\/cz\\\/#website\"},\"datePublished\":\"2016-07-21T14:46:29+00:00\",\"dateModified\":\"2024-03-13T11:11:53+00:00\",\"description\":\"Jsme hudebn\u00ed experti, digit\u00e1ln\u00ed um\u011blci, profesion\u00e1ln\u00ed poradci v oblasti brandingu a mist\u0159i v oblasti slu\u017eeb klient\u016fm. Prohl\u00e9dn\u011bte si nejnov\u011bj\u0161\u00ed pracovn\u00ed nab\u00eddky Mood Media.\",\"breadcrumb\":{\"@id\":\"https:\\\/\\\/moodmedia.com\\\/cz\\\/spolecnost\\\/kariera\\\/#breadcrumb\"},\"inLanguage\":\"cs\",\"potentialAction\":[{\"@type\":\"ReadAction\",\"target\":[\"https:\\\/\\\/moodmedia.com\\\/cz\\\/spolecnost\\\/kariera\\\/\"]}]},{\"@type\":\"BreadcrumbList\",\"@id\":\"https:\\\/\\\/moodmedia.com\\\/cz\\\/spolecnost\\\/kariera\\\/#breadcrumb\",\"itemListElement\":[{\"@type\":\"ListItem\",\"position\":1,\"name\":\"Home\",\"item\":\"https:\\\/\\\/moodmedia.com\\\/cz\\\/\"},{\"@type\":\"ListItem\",\"position\":2,\"name\":\"Spole\u010dnost\",\"item\":\"https:\\\/\\\/moodmedia.com\\\/cz\\\/spolecnost\\\/\"},{\"@type\":\"ListItem\",\"position\":3,\"name\":\"Kari\u00e9ra\"}]},{\"@type\":\"WebSite\",\"@id\":\"https:\\\/\\\/moodmedia.com\\\/cz\\\/#website\",\"url\":\"https:\\\/\\\/moodmedia.com\\\/cz\\\/\",\"name\":\"Mood Media International\",\"description\":\"Experience. By Design\",\"publisher\":{\"@id\":\"https:\\\/\\\/moodmedia.com\\\/cz\\\/#organization\"},\"potentialAction\":[{\"@type\":\"SearchAction\",\"target\":{\"@type\":\"EntryPoint\",\"urlTemplate\":\"https:\\\/\\\/moodmedia.com\\\/cz\\\/?s={search_term_string}\"},\"query-input\":{\"@type\":\"PropertyValueSpecification\",\"valueRequired\":true,\"valueName\":\"search_term_string\"}}],\"inLanguage\":\"cs\"},{\"@type\":\"Organization\",\"@id\":\"https:\\\/\\\/moodmedia.com\\\/cz\\\/#organization\",\"name\":\"Mood Media\",\"url\":\"https:\\\/\\\/moodmedia.com\\\/cz\\\/\",\"logo\":{\"@type\":\"ImageObject\",\"inLanguage\":\"cs\",\"@id\":\"https:\\\/\\\/moodmedia.com\\\/cz\\\/#\\\/schema\\\/logo\\\/image\\\/\",\"url\":\"https:\\\/\\\/moodmedia.com\\\/wp-content\\\/uploads\\\/2017\\\/10\\\/mood-media-logo-400.jpg\",\"contentUrl\":\"https:\\\/\\\/moodmedia.com\\\/wp-content\\\/uploads\\\/2017\\\/10\\\/mood-media-logo-400.jpg\",\"width\":400,\"height\":115,\"caption\":\"Mood Media\"},\"image\":{\"@id\":\"https:\\\/\\\/moodmedia.com\\\/cz\\\/#\\\/schema\\\/logo\\\/image\\\/\"},\"sameAs\":[\"https:\\\/\\\/www.facebook.com\\\/moodmediauk\\\/\",\"https:\\\/\\\/x.com\\\/MoodMedia_UK\",\"https:\\\/\\\/www.linkedin.com\\\/company\\\/mood-media-uk\\\/\"]}]}<\/script>\n<!-- \/ Yoast SEO Premium plugin. -->","yoast_head_json":{"title":"Kari\u00e9ra | Mood Media \u010cesk\u00e1 Republika","description":"Jsme hudebn\u00ed experti, digit\u00e1ln\u00ed um\u011blci, profesion\u00e1ln\u00ed poradci v oblasti brandingu a mist\u0159i v oblasti slu\u017eeb klient\u016fm. Prohl\u00e9dn\u011bte si nejnov\u011bj\u0161\u00ed pracovn\u00ed nab\u00eddky Mood Media.","robots":{"index":"index","follow":"follow","max-snippet":"max-snippet:-1","max-image-preview":"max-image-preview:large","max-video-preview":"max-video-preview:-1"},"og_locale":"cs_CZ","og_type":"article","og_title":"Kari\u00e9ra","og_url":"https:\/\/moodmedia.com\/cz\/spolecnost\/kariera\/","og_site_name":"Mood Media \u010cesk\u00e1 Republika","article_publisher":"https:\/\/www.facebook.com\/moodmediauk\/","article_modified_time":"2024-03-13T11:11:53+00:00","twitter_card":"summary_large_image","twitter_site":"@MoodMedia_UK","twitter_misc":{"Odhadovan\u00e1 doba \u010dten\u00ed":"4 minuty"},"schema":{"@context":"https:\/\/schema.org","@graph":[{"@type":"WebPage","@id":"https:\/\/moodmedia.com\/cz\/spolecnost\/kariera\/","url":"https:\/\/moodmedia.com\/cz\/spolecnost\/kariera\/","name":"Kari\u00e9ra | Mood Media \u010cesk\u00e1 Republika","isPartOf":{"@id":"https:\/\/moodmedia.com\/cz\/#website"},"datePublished":"2016-07-21T14:46:29+00:00","dateModified":"2024-03-13T11:11:53+00:00","description":"Jsme hudebn\u00ed experti, digit\u00e1ln\u00ed um\u011blci, profesion\u00e1ln\u00ed poradci v oblasti brandingu a mist\u0159i v oblasti slu\u017eeb klient\u016fm. Prohl\u00e9dn\u011bte si nejnov\u011bj\u0161\u00ed pracovn\u00ed nab\u00eddky Mood Media.","breadcrumb":{"@id":"https:\/\/moodmedia.com\/cz\/spolecnost\/kariera\/#breadcrumb"},"inLanguage":"cs","potentialAction":[{"@type":"ReadAction","target":["https:\/\/moodmedia.com\/cz\/spolecnost\/kariera\/"]}]},{"@type":"BreadcrumbList","@id":"https:\/\/moodmedia.com\/cz\/spolecnost\/kariera\/#breadcrumb","itemListElement":[{"@type":"ListItem","position":1,"name":"Home","item":"https:\/\/moodmedia.com\/cz\/"},{"@type":"ListItem","position":2,"name":"Spole\u010dnost","item":"https:\/\/moodmedia.com\/cz\/spolecnost\/"},{"@type":"ListItem","position":3,"name":"Kari\u00e9ra"}]},{"@type":"WebSite","@id":"https:\/\/moodmedia.com\/cz\/#website","url":"https:\/\/moodmedia.com\/cz\/","name":"Mood Media International","description":"Experience. By Design","publisher":{"@id":"https:\/\/moodmedia.com\/cz\/#organization"},"potentialAction":[{"@type":"SearchAction","target":{"@type":"EntryPoint","urlTemplate":"https:\/\/moodmedia.com\/cz\/?s={search_term_string}"},"query-input":{"@type":"PropertyValueSpecification","valueRequired":true,"valueName":"search_term_string"}}],"inLanguage":"cs"},{"@type":"Organization","@id":"https:\/\/moodmedia.com\/cz\/#organization","name":"Mood Media","url":"https:\/\/moodmedia.com\/cz\/","logo":{"@type":"ImageObject","inLanguage":"cs","@id":"https:\/\/moodmedia.com\/cz\/#\/schema\/logo\/image\/","url":"https:\/\/moodmedia.com\/wp-content\/uploads\/2017\/10\/mood-media-logo-400.jpg","contentUrl":"https:\/\/moodmedia.com\/wp-content\/uploads\/2017\/10\/mood-media-logo-400.jpg","width":400,"height":115,"caption":"Mood Media"},"image":{"@id":"https:\/\/moodmedia.com\/cz\/#\/schema\/logo\/image\/"},"sameAs":["https:\/\/www.facebook.com\/moodmediauk\/","https:\/\/x.com\/MoodMedia_UK","https:\/\/www.linkedin.com\/company\/mood-media-uk\/"]}]}},"_links":{"self":[{"href":"https:\/\/moodmedia.com\/cz\/wp-json\/wp\/v2\/pages\/227643","targetHints":{"allow":["GET"]}}],"collection":[{"href":"https:\/\/moodmedia.com\/cz\/wp-json\/wp\/v2\/pages"}],"about":[{"href":"https:\/\/moodmedia.com\/cz\/wp-json\/wp\/v2\/types\/page"}],"author":[{"embeddable":true,"href":"https:\/\/moodmedia.com\/cz\/wp-json\/wp\/v2\/users\/1"}],"replies":[{"embeddable":true,"href":"https:\/\/moodmedia.com\/cz\/wp-json\/wp\/v2\/comments?post=227643"}],"version-history":[{"count":0,"href":"https:\/\/moodmedia.com\/cz\/wp-json\/wp\/v2\/pages\/227643\/revisions"}],"up":[{"embeddable":true,"href":"https:\/\/moodmedia.com\/cz\/wp-json\/wp\/v2\/pages\/226316"}],"wp:attachment":[{"href":"https:\/\/moodmedia.com\/cz\/wp-json\/wp\/v2\/media?parent=227643"}],"curies":[{"name":"wp","href":"https:\/\/api.w.org\/{rel}","templated":true}]}}