{"id":249842,"date":"2021-09-16T10:17:54","date_gmt":"2021-09-16T09:17:54","guid":{"rendered":"https:\/\/moodmedia.com\/spolecnost\/zasady-pouzivani-souboru-cookie\/"},"modified":"2025-06-23T16:25:22","modified_gmt":"2025-06-23T15:25:22","slug":"zasady-pouzivani-souboru-cookie","status":"publish","type":"page","link":"https:\/\/moodmedia.com\/cz\/spolecnost\/zasady-pouzivani-souboru-cookie\/","title":{"rendered":"Z\u00e1sady pou\u017e\u00edv\u00e1n\u00ed soubor\u016f cookie"},"content":{"rendered":"<p>[et_pb_section fb_built=&#8220;1&#8243; admin_label=&#8220;section&#8220; _builder_version=&#8220;4.16&#8243; global_colors_info=&#8220;{}&#8220;][et_pb_row admin_label=&#8220;\u0159\u00e1dek&#8220; _builder_version=&#8220;4.16&#8243; background_size=&#8220;initial&#8220; background_position=&#8220;top_left&#8220; background_repeat=&#8220;repeat&#8220; global_colors_info=&#8220;{}&#8220;][et_pb_column type=&#8220;4_4&#8243; _builder_version=&#8220;4.16&#8243; custom_padding=&#8220;|||&#8220; global_colors_info=&#8220;{}&#8220; custom_padding__hover=&#8220;|||&#8220;][et_pb_text _builder_version=&#8220;4.27.0&#8243; hover_enabled=&#8220;0&#8243; global_colors_info=&#8220;{}&#8220; sticky_enabled=&#8220;0&#8243;]<\/p>\n<h1>Z\u00e1sady pou\u017e\u00edv\u00e1n\u00ed soubor\u016f cookie<\/h1>\n<p>Tyto z\u00e1sady (d\u00e1le jen \u201e <strong>Z\u00e1sady pou\u017e\u00edv\u00e1n\u00ed soubor\u016f cookie<\/strong> \u201c) v\u00e1s informuj\u00ed o na\u0161ich z\u00e1sad\u00e1ch t\u00fdkaj\u00edc\u00edch se zav\u00e1d\u011bn\u00ed soubor\u016f cookie a podobn\u00fdch syst\u00e9m\u016f p\u0159i n\u00e1v\u0161t\u011bv\u011b <a href=\"https:\/\/moodmedia.com\/\">moodmedia.com<\/a> (d\u00e1le jen \u201e <strong>Webov\u00e9 str\u00e1nky<\/strong> \u201c) a o mo\u017enostech, kter\u00e9 jste s t\u011bmito technologiemi spojili. Web pou\u017e\u00edv\u00e1 soubory cookie a podobn\u00e9 technologie ke zlep\u0161en\u00ed u\u017eivatelsk\u00e9 zku\u0161enosti a zaji\u0161t\u011bn\u00ed efektivn\u00edho fungov\u00e1n\u00ed.<\/p>\n<p>Tyto webov\u00e9 str\u00e1nky spole\u010dn\u011b provozuje spole\u010dnost Mood Media Corporation a jej\u00ed dce\u0159in\u00e9 a p\u0159idru\u017een\u00e9 spole\u010dnosti po cel\u00e9m sv\u011bt\u011b (d\u00e1le spole\u010dn\u011b jen &#8222;Mood Media&#8220;; ozna\u010dovan\u00e9 tak\u00e9 jako &#8222;my&#8220; nebo &#8222;n\u00e1s&#8220;). Dce\u0159in\u00e9 a p\u0159idru\u017een\u00e9 spole\u010dnosti spole\u010dnosti Mood Media jsou uvedeny v \u010d\u00e1sti &#8222;Subjekty spole\u010dnosti Mood Media&#8220; v <a href=\"https:\/\/moodmedia.com\/cz\/spolecnost\/zasady-ochrany-osobnich-udaju\/\">Z\u00e1sad\u00e1ch ochrany osobn\u00edch \u00fadaj\u016f<\/a>. <\/p>\n<p><strong>1. Co jsou soubory cookie?<\/strong><\/p>\n<p>Soubory cookie jsou mal\u00e9 textov\u00e9 soubory, kter\u00e9 do va\u0161eho po\u010d\u00edta\u010de nebo za\u0159\u00edzen\u00ed ukl\u00e1daj\u00ed nav\u0161t\u00edven\u00e9 webov\u00e9 str\u00e1nky. Jsou \u0161iroce pou\u017e\u00edv\u00e1ny k zaji\u0161t\u011bn\u00ed funk\u010dnosti nebo efektivn\u011bj\u0161\u00edho fungov\u00e1n\u00ed webov\u00fdch str\u00e1nek a tak\u00e9 k poskytov\u00e1n\u00ed informac\u00ed vlastn\u00edk\u016fm webov\u00fdch str\u00e1nek. <\/p>\n<p><strong>2. Jak pou\u017e\u00edv\u00e1me soubory cookie?<\/strong><\/p>\n<p>Soubory cookie pou\u017e\u00edv\u00e1me k \u0159ad\u011b \u00fakol\u016f. Pat\u0159\u00ed mezi n\u011b umo\u017en\u011bn\u00ed efektivn\u00edho proch\u00e1zen\u00ed mezi str\u00e1nkami, zaznamen\u00e1v\u00e1n\u00ed a ukl\u00e1d\u00e1n\u00ed va\u0161ich preferenc\u00ed a obecn\u00e9 zlep\u0161ov\u00e1n\u00ed va\u0161eho online z\u00e1\u017eitku. Mohou tak\u00e9 pomoci zajistit, aby reklamy, kter\u00e9 se v\u00e1m zobrazuj\u00ed online, byly pro v\u00e1s relevantn\u011bj\u0161\u00ed.<br \/>Pokud nav\u0161t\u00edv\u00edte na\u0161e webov\u00e9 str\u00e1nky, m\u016f\u017eeme tyto technologie nasadit, abychom v\u00e1m poskytli online slu\u017ebu vhodn\u011bj\u0161\u00ed pro za\u0159\u00edzen\u00ed, na kter\u00e9m je nav\u0161t\u011bvujete. Kdy\u017e nav\u0161t\u00edv\u00edte na\u0161e webov\u00e9 str\u00e1nky, shroma\u017e\u010fujeme informace o va\u0161em pou\u017e\u00edv\u00e1n\u00ed str\u00e1nek, nap\u0159\u00edklad informace o za\u0159\u00edzen\u00ed nebo prohl\u00ed\u017ee\u010di, kter\u00fd pou\u017e\u00edv\u00e1te k p\u0159\u00edstupu na str\u00e1nky, o zp\u016fsobu interakce s nimi a o IP adrese, ze kter\u00e9 se va\u0161e za\u0159\u00edzen\u00ed p\u0159ipojuje. Je mo\u017en\u00e9, \u017ee bez instalace t\u011bchto soubor\u016f cookie nebo podobn\u00fdch technologi\u00ed nebudete moci zah\u00e1jit nebo dokon\u010dit n\u011bkter\u00e9 \u010dinnosti v r\u00e1mci na\u0161ich zabezpe\u010den\u00fdch online slu\u017eeb.    <\/p>\n<p><strong>3. Jak\u00fd typ cookies pou\u017e\u00edv\u00e1me?<\/strong><\/p>\n<p>3.1 Soubory cookie prvn\u00ed strany a soubory cookie t\u0159et\u00edch stran<\/p>\n<p>Soubory cookie prvn\u00ed strany jsou soubory cookie nastaven\u00e9 webovou str\u00e1nkou, kterou nav\u0161t\u011bvujete. \u010c\u00edst je m\u016f\u017ee pouze tato webov\u00e1 str\u00e1nka. Krom\u011b toho mohou webov\u00e9 str\u00e1nky p\u0159\u00edpadn\u011b vyu\u017e\u00edvat extern\u00ed slu\u017eby, kter\u00e9 tak\u00e9 nastavuj\u00ed sv\u00e9 vlastn\u00ed soubory cookie, tzv. soubory cookie t\u0159et\u00edch stran. Slu\u017eby t\u0159et\u00edch stran jsou mimo kontrolu spole\u010dnosti Mood Media. Poskytovatel\u00e9 mohou kdykoli zm\u011bnit sv\u00e9 podm\u00ednky poskytov\u00e1n\u00ed slu\u017eeb, \u00fa\u010del a pou\u017e\u00edv\u00e1n\u00ed soubor\u016f cookie atd.    <\/p>\n<p>3.2 Soubory cookie relace vs. trval\u00e9 soubory cookie<\/p>\n<p>N\u011bkter\u00e9 ze soubor\u016f cookie jsou &#8222;soubory cookie relace&#8220;, kter\u00e9 z\u016fst\u00e1vaj\u00ed pouze po dobu trv\u00e1n\u00ed relace prohl\u00ed\u017ee\u010de a po ukon\u010den\u00ed webov\u00e9ho prohl\u00ed\u017ee\u010de se vyma\u017eou. Soubory cookie relace trvaj\u00ed pouze po dobu va\u0161\u00ed online relace. To znamen\u00e1, \u017ee po zav\u0159en\u00ed prohl\u00ed\u017ee\u010de z va\u0161eho po\u010d\u00edta\u010de nebo za\u0159\u00edzen\u00ed zmiz\u00ed. Proto se n\u011bkdy ozna\u010duj\u00ed tak\u00e9 jako do\u010dasn\u00e9 soubory cookie. Jin\u00e9 jsou &#8222;trval\u00e9 soubory cookie&#8220;, kter\u00e9 z\u016fst\u00e1vaj\u00ed ve va\u0161em za\u0159\u00edzen\u00ed nebo po\u010d\u00edta\u010di po ur\u010ditou dobu po ukon\u010den\u00ed webov\u00e9ho prohl\u00ed\u017ee\u010de. Tyto soubory cookie se n\u011bkdy naz\u00fdvaj\u00ed trval\u00e9 soubory cookie.     <\/p>\n<p>Konkr\u00e9tn\u011bji pou\u017e\u00edv\u00e1me n\u00ed\u017ee uveden\u00e9 soubory cookie pro n\u00e1sleduj\u00edc\u00ed \u00fa\u010dely:<\/p>\n<ul>\n<li>Nezbytn\u011b nutn\u00e9 soubory cookie<\/li>\n<li>Funk\u010dn\u00ed soubory cookie<\/li>\n<li>Analytick\u00e9\/v\u00fdkonnostn\u00ed soubory cookie<\/li>\n<li>Soubory cookie pro c\u00edlen\u00ed\/reklamu<\/li>\n<\/ul>\n<p><strong>P\u0159\u00edsn\u011b nutn\u00e9 soubory cookie<\/strong> jsou nezbytn\u00e9 pro provoz webov\u00fdch str\u00e1nek. Bez pou\u017eit\u00ed t\u011bchto soubor\u016f cookie mo\u017en\u00e1 nebudete moci vyu\u017e\u00edvat n\u011bkter\u00e9 funkce webov\u00fdch str\u00e1nek. Tyto soubory cookie jsou nezbytn\u00e9 pro fungov\u00e1n\u00ed webov\u00fdch str\u00e1nek a v na\u0161ich syst\u00e9mech je nelze vypnout. Tyto soubory cookie neukl\u00e1daj\u00ed \u017e\u00e1dn\u00e9 osobn\u00ed \u00fadaje.   <\/p>\n<p><strong>Funk\u010dn\u00ed soubory cookie<\/strong>: Tyto soubory cookie umo\u017e\u0148uj\u00ed webov\u00fdm str\u00e1nk\u00e1m poskytovat roz\u0161\u00ed\u0159en\u00e9 funkce a personalizaci. Funk\u010dn\u00ed soubory cookie se pou\u017e\u00edvaj\u00ed k zapamatov\u00e1n\u00ed preferenc\u00ed u\u017eivatele, aby bylo mo\u017en\u00e9 webov\u00e9 str\u00e1nky p\u0159izp\u016fsobit jeho pot\u0159eb\u00e1m. Pokud tyto soubory cookie nepovol\u00edte, nemus\u00ed n\u011bkter\u00e9 nebo v\u0161echny tyto slu\u017eby spr\u00e1vn\u011b fungovat.  <\/p>\n<p><strong>Analytick\u00e9\/v\u00fdkonnostn\u00ed soubory cookie<\/strong>: Tyto soubory cookie n\u00e1m umo\u017e\u0148uj\u00ed po\u010d\u00edtat n\u00e1v\u0161t\u011bvy a zdroje n\u00e1v\u0161t\u011bvnosti, abychom mohli m\u011b\u0159it a zlep\u0161ovat v\u00fdkon na\u0161ich webov\u00fdch str\u00e1nek. Pom\u00e1haj\u00ed n\u00e1m zjistit, kter\u00e9 str\u00e1nky jsou nejobl\u00edben\u011bj\u0161\u00ed a nejm\u00e9n\u011b obl\u00edben\u00e9, a zjistit, jak se n\u00e1v\u0161t\u011bvn\u00edci po webu pohybuj\u00ed. V\u0161echny informace, kter\u00e9 tyto soubory cookie shroma\u017e\u010fuj\u00ed, jsou souhrnn\u00e9, a tud\u00ed\u017e anonymn\u00ed. Pokud tyto soubory cookie nepovol\u00edte, nebudeme v\u011bd\u011bt, kdy jste na\u0161e webov\u00e9 str\u00e1nky nav\u0161t\u00edvili.   <\/p>\n<p><strong>C\u00edlen\u00ed\/reklama Soubory cookie<\/strong>: C\u00edlov\u00e9 nebo reklamn\u00ed soubory cookie se pou\u017e\u00edvaj\u00ed k c\u00edlen\u00ed reklamy na z\u00e1jmy u\u017eivatel\u016f na z\u00e1klad\u011b jejich p\u0159edchoz\u00ed aktivity na webu. Nemohou v\u0161ak ur\u010dit, kdo jste, proto\u017ee shrom\u00e1\u017ed\u011bn\u00e9 \u00fadaje nejsou nikdy spojeny s va\u0161\u00edm profilem. <\/p>\n<p>N\u00ed\u017ee je uveden seznam soubor\u016f cookie, kter\u00e9 na tomto webu pou\u017e\u00edv\u00e1me.<\/p>\n<p><script type=\"text\/javascript\" charset=\"UTF-8\" data-cookiescriptreport=\"report\" src=\"\/\/report.cookie-script.com\/r\/c404afde4de531b074caf2568b255dc7.js\"><\/script><\/p>\n<p><strong>4. Jak m\u016f\u017eete spravovat soubory cookie?<\/strong><\/p>\n<p>P\u0159i ka\u017ed\u00e9 n\u00e1v\u0161t\u011bv\u011b na\u0161ich webov\u00fdch str\u00e1nek budete vyzv\u00e1ni k p\u0159ijet\u00ed, odm\u00edtnut\u00ed nebo spr\u00e1v\u011b preferenc\u00ed soubor\u016f cookie.<br \/>Soubory cookie pou\u017e\u00edvan\u00e9 na na\u0161ich webov\u00fdch str\u00e1nk\u00e1ch lze povolit nebo zak\u00e1zat prost\u0159ednictv\u00edm na\u0161eho n\u00e1stroje pro souhlas nebo zak\u00e1z\u00e1n\u00edm soubor\u016f cookie prost\u0159ednictv\u00edm prohl\u00ed\u017ee\u010de, a to n\u00e1sleduj\u00edc\u00edm zp\u016fsobem:<\/p>\n<p>4.1. N\u00e1stroj pro souhlas<\/p>\n<p>N\u00e1stroj Cookie Consent lze vyu\u017e\u00edt k p\u0159izp\u016fsoben\u00ed va\u0161ich preferenc\u00ed pro soubory cookie. N\u00e1stroj zaznamen\u00e1, kdy\u017e souhlas\u00edte s na\u0161imi Z\u00e1sadami pou\u017e\u00edv\u00e1n\u00ed soubor\u016f cookie. Sv\u00e9 preference m\u016f\u017eete kdykoli zm\u011bnit a souhlas se soubory cookie odvolat tak, \u017ee p\u0159ejdete na ikonu soubor\u016f cookie, kter\u00e1 se zobrazuje v lev\u00e9m doln\u00edm rohu na\u0161ich webov\u00fdch str\u00e1nek, a kliknete na tla\u010d\u00edtko <em>Spravovat souhlas<\/em>. Nezbytn\u011b nutn\u00e9 soubory cookie nelze zak\u00e1zat ani nelze tento n\u00e1stroj pou\u017e\u00edt k blokov\u00e1n\u00ed soubor\u016f cookie na webov\u00fdch str\u00e1nk\u00e1ch t\u0159et\u00edch stran, na kter\u00e9 odkazuje n\u00e1\u0161 web.<\/p>\n<p>4.2. Pou\u017e\u00edv\u00e1n\u00ed va\u0161eho prohl\u00ed\u017ee\u010de<\/p>\n<p>V\u011bt\u0161ina prohl\u00ed\u017ee\u010d\u016f umo\u017e\u0148uje soubory cookie odm\u00edtnout, p\u0159ijmout a vymazat. Zp\u016fsoby, jak to prov\u00e9st, se v jednotliv\u00fdch prohl\u00ed\u017ee\u010d\u00edch a verz\u00edch li\u0161\u00ed. Aktu\u00e1ln\u00ed informace o blokov\u00e1n\u00ed a maz\u00e1n\u00ed soubor\u016f cookie v\u0161ak m\u016f\u017eete z\u00edskat prost\u0159ednictv\u00edm t\u011bchto odkaz\u016f:  <\/p>\n<ul>\n<li><a href=\"https:\/\/support.google.com\/chrome\/answer\/95647?hl=en\">Chrome<\/a><\/li>\n<li><a href=\"https:\/\/privacy.microsoft.com\/en-us\/windows-10-microsoft-edge-and-privacy\">Okraj<\/a><\/li>\n<li><a href=\"https:\/\/support.mozilla.org\/en-US\/kb\/cookies-information-websites-store-on-your-computer\">Firefox<\/a><\/li>\n<li><a href=\"https:\/\/support.microsoft.com\/en-gb\/help\/17442\/windows-internet-explorer-delete-manage-cookies\">internet Explorer<\/a><\/li>\n<li><a href=\"https:\/\/www.opera.com\/case-studies\/clean-browser-and-remove-trackers\">Opera<\/a><\/li>\n<li><a href=\"https:\/\/support.apple.com\/en-gb\/guide\/safari\/sfri11471\/mac\">Safari<\/a><\/li>\n<\/ul>\n<p>M\u011bjte v\u0161ak na pam\u011bti, \u017ee m\u016f\u017eete tak\u00e9 ztratit n\u011bkter\u00e9 ulo\u017een\u00e9 informace (nap\u0159. ulo\u017een\u00e9 p\u0159ihla\u0161ovac\u00ed \u00fadaje, p\u0159edvolby webov\u00fdch str\u00e1nek). Zablokov\u00e1n\u00ed v\u0161ech soubor\u016f cookie bude m\u00edt negativn\u00ed dopad na pou\u017eitelnost mnoha webov\u00fdch str\u00e1nek. Pokud soubory cookie zablokujete, je mo\u017en\u00e9, \u017ee nebudete moci vyu\u017e\u00edvat v\u0161echny technick\u00e9 funkce, kter\u00e9 na\u0161e webov\u00e9 str\u00e1nky nab\u00edzej\u00ed, a m\u016f\u017ee to negativn\u011b ovlivnit v\u00e1\u0161 u\u017eivatelsk\u00fd z\u00e1\u017eitek.  <\/p>\n<p>Dal\u0161\u00ed informace o tom, jak spravovat a odstra\u0148ovat soubory cookie, naleznete na <a href=\"https:\/\/www.allaboutcookies.org\/\">adrese <strong>https:\/\/www.allaboutcookies.org\/<\/strong><\/a> .<\/p>\n<p><strong>5. Ot\u00e1zky?<\/strong><\/p>\n<p>Pro v\u00edce informac\u00ed nev\u00e1hejte kontaktovat na\u0161eho pov\u011b\u0159ence pro ochranu osobn\u00edch \u00fadaj\u016f na adrese <a href=\"mailto:dpo@moodmedia.com\">dpo@moodmedia.com<\/a> .<\/p>\n<p><strong>6. \u00dapravy a dopl\u0148ky t\u011bchto Z\u00e1sad pou\u017e\u00edv\u00e1n\u00ed soubor\u016f cookie<\/strong><\/p>\n<p>Tyto z\u00e1sady pou\u017e\u00edv\u00e1n\u00ed soubor\u016f cookie m\u016f\u017eeme \u010das od \u010dasu aktualizovat, nap\u0159\u00edklad kv\u016fli zm\u011bn\u00e1m soubor\u016f cookie, kter\u00e9 pou\u017e\u00edv\u00e1me, nebo z jin\u00fdch provozn\u00edch, pr\u00e1vn\u00edch nebo regula\u010dn\u00edch d\u016fvod\u016f. Proto tyto Z\u00e1sady pou\u017e\u00edv\u00e1n\u00ed soubor\u016f cookie pravideln\u011b kontrolujte, abyste byli informov\u00e1ni o na\u0161em pou\u017e\u00edv\u00e1n\u00ed soubor\u016f cookie a souvisej\u00edc\u00edch technologi\u00ed. <\/p>\n<p>Datum v doln\u00ed \u010d\u00e1sti t\u011bchto Z\u00e1sad pou\u017e\u00edv\u00e1n\u00ed soubor\u016f cookie uv\u00e1d\u00ed, kdy byly naposledy aktualizov\u00e1ny.<\/p>\n<p><em>Tyto z\u00e1sady jsou \u00fa\u010dinn\u00e9 od 15. z\u00e1\u0159\u00ed 2021<\/em><\/p>\n<p>[\/et_pb_text][\/et_pb_column][\/et_pb_row][\/et_pb_section]<\/p>\n","protected":false},"excerpt":{"rendered":"<p>Z\u00e1sady pou\u017e\u00edv\u00e1n\u00ed soubor\u016f cookie Tyto z\u00e1sady (d\u00e1le jen \u201e Z\u00e1sady pou\u017e\u00edv\u00e1n\u00ed soubor\u016f cookie \u201c) v\u00e1s informuj\u00ed o na\u0161ich z\u00e1sad\u00e1ch t\u00fdkaj\u00edc\u00edch se zav\u00e1d\u011bn\u00ed soubor\u016f cookie a podobn\u00fdch syst\u00e9m\u016f p\u0159i n\u00e1v\u0161t\u011bv\u011b moodmedia.com (d\u00e1le jen \u201e Webov\u00e9 str\u00e1nky \u201c) a o mo\u017enostech, kter\u00e9 jste s t\u011bmito technologiemi spojili. Web pou\u017e\u00edv\u00e1 soubory cookie a podobn\u00e9 technologie ke zlep\u0161en\u00ed u\u017eivatelsk\u00e9 zku\u0161enosti a zaji\u0161t\u011bn\u00ed efektivn\u00edho fungov\u00e1n\u00ed. Tyto webov\u00e9 str\u00e1nky spole\u010dn\u011b provozuje spole\u010dnost Mood Media Corporation a jej\u00ed dce\u0159in\u00e9 a p\u0159idru\u017een\u00e9 spole\u010dnosti po cel\u00e9m sv\u011bt\u011b (d\u00e1le spole\u010dn\u011b jen &#8222;Mood Media&#8220;; ozna\u010dovan\u00e9 tak\u00e9 jako &#8222;my&#8220; nebo &#8222;n\u00e1s&#8220;). Dce\u0159in\u00e9 a p\u0159idru\u017een\u00e9 spole\u010dnosti spole\u010dnosti Mood Media jsou uvedeny v \u010d\u00e1sti &#8222;Subjekty spole\u010dnosti Mood Media&#8220; v Z\u00e1sad\u00e1ch ochrany osobn\u00edch \u00fadaj\u016f. 1. Co jsou soubory cookie? Soubory cookie jsou mal\u00e9 textov\u00e9 soubory, kter\u00e9 do va\u0161eho po\u010d\u00edta\u010de nebo za\u0159\u00edzen\u00ed ukl\u00e1daj\u00ed nav\u0161t\u00edven\u00e9 webov\u00e9 str\u00e1nky. Jsou \u0161iroce pou\u017e\u00edv\u00e1ny k zaji\u0161t\u011bn\u00ed funk\u010dnosti nebo efektivn\u011bj\u0161\u00edho fungov\u00e1n\u00ed webov\u00fdch str\u00e1nek a tak\u00e9 k poskytov\u00e1n\u00ed informac\u00ed vlastn\u00edk\u016fm webov\u00fdch str\u00e1nek. 2. Jak pou\u017e\u00edv\u00e1me soubory cookie? Soubory cookie pou\u017e\u00edv\u00e1me k \u0159ad\u011b \u00fakol\u016f. Pat\u0159\u00ed mezi n\u011b umo\u017en\u011bn\u00ed efektivn\u00edho proch\u00e1zen\u00ed mezi str\u00e1nkami, zaznamen\u00e1v\u00e1n\u00ed a ukl\u00e1d\u00e1n\u00ed va\u0161ich preferenc\u00ed a obecn\u00e9 zlep\u0161ov\u00e1n\u00ed va\u0161eho online z\u00e1\u017eitku. Mohou tak\u00e9 pomoci zajistit, aby reklamy, kter\u00e9 se v\u00e1m zobrazuj\u00ed online, byly pro v\u00e1s relevantn\u011bj\u0161\u00ed.Pokud nav\u0161t\u00edv\u00edte na\u0161e webov\u00e9 str\u00e1nky, m\u016f\u017eeme tyto [&hellip;]<\/p>\n","protected":false},"author":9,"featured_media":0,"parent":226316,"menu_order":0,"comment_status":"closed","ping_status":"closed","template":"","meta":{"_et_pb_use_builder":"on","_et_pb_old_content":"","_et_gb_content_width":"","footnotes":""},"class_list":["post-249842","page","type-page","status-publish","hentry"],"yoast_head":"<!-- This site is optimized with the Yoast SEO Premium plugin v26.8 (Yoast SEO v27.3) - https:\/\/yoast.com\/product\/yoast-seo-premium-wordpress\/ -->\n<title>Z\u00e1sady pou\u017e\u00edv\u00e1n\u00ed soubor\u016f cookie | Mood Media \u010cesk\u00e1 Republika<\/title>\n<meta name=\"description\" content=\"Va\u0161e soukrom\u00ed je pro spole\u010dnost Mood Media velmi d\u016fle\u017eit\u00e9. Na\u0161e z\u00e1sady pou\u017e\u00edv\u00e1n\u00ed soubor\u016f cookie naleznete zde.\" \/>\n<meta name=\"robots\" content=\"noindex, follow\" \/>\n<meta property=\"og:locale\" content=\"cs_CZ\" \/>\n<meta property=\"og:type\" content=\"article\" \/>\n<meta property=\"og:title\" content=\"Z\u00e1sady pou\u017e\u00edv\u00e1n\u00ed soubor\u016f cookie\" \/>\n<meta property=\"og:url\" content=\"https:\/\/moodmedia.com\/cz\/spolecnost\/zasady-pouzivani-souboru-cookie\/\" \/>\n<meta property=\"og:site_name\" content=\"Mood Media \u010cesk\u00e1 Republika\" \/>\n<meta property=\"article:publisher\" content=\"https:\/\/www.facebook.com\/moodmediauk\/\" \/>\n<meta property=\"article:modified_time\" content=\"2025-06-23T15:25:22+00:00\" \/>\n<meta name=\"twitter:card\" content=\"summary_large_image\" \/>\n<meta name=\"twitter:site\" content=\"@MoodMedia_UK\" \/>\n<meta name=\"twitter:label1\" content=\"Odhadovan\u00e1 doba \u010dten\u00ed\" \/>\n\t<meta name=\"twitter:data1\" content=\"8 minut\" \/>\n<script type=\"application\/ld+json\" class=\"yoast-schema-graph\">{\"@context\":\"https:\\\/\\\/schema.org\",\"@graph\":[{\"@type\":\"WebPage\",\"@id\":\"https:\\\/\\\/moodmedia.com\\\/cz\\\/spolecnost\\\/zasady-pouzivani-souboru-cookie\\\/\",\"url\":\"https:\\\/\\\/moodmedia.com\\\/cz\\\/spolecnost\\\/zasady-pouzivani-souboru-cookie\\\/\",\"name\":\"Z\u00e1sady pou\u017e\u00edv\u00e1n\u00ed soubor\u016f cookie | Mood Media \u010cesk\u00e1 Republika\",\"isPartOf\":{\"@id\":\"https:\\\/\\\/moodmedia.com\\\/cz\\\/#website\"},\"datePublished\":\"2021-09-16T09:17:54+00:00\",\"dateModified\":\"2025-06-23T15:25:22+00:00\",\"description\":\"Va\u0161e soukrom\u00ed je pro spole\u010dnost Mood Media velmi d\u016fle\u017eit\u00e9. Na\u0161e z\u00e1sady pou\u017e\u00edv\u00e1n\u00ed soubor\u016f cookie naleznete zde.\",\"breadcrumb\":{\"@id\":\"https:\\\/\\\/moodmedia.com\\\/cz\\\/spolecnost\\\/zasady-pouzivani-souboru-cookie\\\/#breadcrumb\"},\"inLanguage\":\"cs\",\"potentialAction\":[{\"@type\":\"ReadAction\",\"target\":[\"https:\\\/\\\/moodmedia.com\\\/cz\\\/spolecnost\\\/zasady-pouzivani-souboru-cookie\\\/\"]}]},{\"@type\":\"BreadcrumbList\",\"@id\":\"https:\\\/\\\/moodmedia.com\\\/cz\\\/spolecnost\\\/zasady-pouzivani-souboru-cookie\\\/#breadcrumb\",\"itemListElement\":[{\"@type\":\"ListItem\",\"position\":1,\"name\":\"Home\",\"item\":\"https:\\\/\\\/moodmedia.com\\\/cz\\\/\"},{\"@type\":\"ListItem\",\"position\":2,\"name\":\"Spole\u010dnost\",\"item\":\"https:\\\/\\\/moodmedia.com\\\/cz\\\/spolecnost\\\/\"},{\"@type\":\"ListItem\",\"position\":3,\"name\":\"Z\u00e1sady pou\u017e\u00edv\u00e1n\u00ed soubor\u016f cookie\"}]},{\"@type\":\"WebSite\",\"@id\":\"https:\\\/\\\/moodmedia.com\\\/cz\\\/#website\",\"url\":\"https:\\\/\\\/moodmedia.com\\\/cz\\\/\",\"name\":\"Mood Media International\",\"description\":\"Experience. By Design\",\"publisher\":{\"@id\":\"https:\\\/\\\/moodmedia.com\\\/cz\\\/#organization\"},\"potentialAction\":[{\"@type\":\"SearchAction\",\"target\":{\"@type\":\"EntryPoint\",\"urlTemplate\":\"https:\\\/\\\/moodmedia.com\\\/cz\\\/?s={search_term_string}\"},\"query-input\":{\"@type\":\"PropertyValueSpecification\",\"valueRequired\":true,\"valueName\":\"search_term_string\"}}],\"inLanguage\":\"cs\"},{\"@type\":\"Organization\",\"@id\":\"https:\\\/\\\/moodmedia.com\\\/cz\\\/#organization\",\"name\":\"Mood Media\",\"url\":\"https:\\\/\\\/moodmedia.com\\\/cz\\\/\",\"logo\":{\"@type\":\"ImageObject\",\"inLanguage\":\"cs\",\"@id\":\"https:\\\/\\\/moodmedia.com\\\/cz\\\/#\\\/schema\\\/logo\\\/image\\\/\",\"url\":\"https:\\\/\\\/moodmedia.com\\\/wp-content\\\/uploads\\\/2017\\\/10\\\/mood-media-logo-400.jpg\",\"contentUrl\":\"https:\\\/\\\/moodmedia.com\\\/wp-content\\\/uploads\\\/2017\\\/10\\\/mood-media-logo-400.jpg\",\"width\":400,\"height\":115,\"caption\":\"Mood Media\"},\"image\":{\"@id\":\"https:\\\/\\\/moodmedia.com\\\/cz\\\/#\\\/schema\\\/logo\\\/image\\\/\"},\"sameAs\":[\"https:\\\/\\\/www.facebook.com\\\/moodmediauk\\\/\",\"https:\\\/\\\/x.com\\\/MoodMedia_UK\",\"https:\\\/\\\/www.linkedin.com\\\/company\\\/mood-media-uk\\\/\"]}]}<\/script>\n<!-- \/ Yoast SEO Premium plugin. -->","yoast_head_json":{"title":"Z\u00e1sady pou\u017e\u00edv\u00e1n\u00ed soubor\u016f cookie | Mood Media \u010cesk\u00e1 Republika","description":"Va\u0161e soukrom\u00ed je pro spole\u010dnost Mood Media velmi d\u016fle\u017eit\u00e9. Na\u0161e z\u00e1sady pou\u017e\u00edv\u00e1n\u00ed soubor\u016f cookie naleznete zde.","robots":{"index":"noindex","follow":"follow"},"og_locale":"cs_CZ","og_type":"article","og_title":"Z\u00e1sady pou\u017e\u00edv\u00e1n\u00ed soubor\u016f cookie","og_url":"https:\/\/moodmedia.com\/cz\/spolecnost\/zasady-pouzivani-souboru-cookie\/","og_site_name":"Mood Media \u010cesk\u00e1 Republika","article_publisher":"https:\/\/www.facebook.com\/moodmediauk\/","article_modified_time":"2025-06-23T15:25:22+00:00","twitter_card":"summary_large_image","twitter_site":"@MoodMedia_UK","twitter_misc":{"Odhadovan\u00e1 doba \u010dten\u00ed":"8 minut"},"schema":{"@context":"https:\/\/schema.org","@graph":[{"@type":"WebPage","@id":"https:\/\/moodmedia.com\/cz\/spolecnost\/zasady-pouzivani-souboru-cookie\/","url":"https:\/\/moodmedia.com\/cz\/spolecnost\/zasady-pouzivani-souboru-cookie\/","name":"Z\u00e1sady pou\u017e\u00edv\u00e1n\u00ed soubor\u016f cookie | Mood Media \u010cesk\u00e1 Republika","isPartOf":{"@id":"https:\/\/moodmedia.com\/cz\/#website"},"datePublished":"2021-09-16T09:17:54+00:00","dateModified":"2025-06-23T15:25:22+00:00","description":"Va\u0161e soukrom\u00ed je pro spole\u010dnost Mood Media velmi d\u016fle\u017eit\u00e9. Na\u0161e z\u00e1sady pou\u017e\u00edv\u00e1n\u00ed soubor\u016f cookie naleznete zde.","breadcrumb":{"@id":"https:\/\/moodmedia.com\/cz\/spolecnost\/zasady-pouzivani-souboru-cookie\/#breadcrumb"},"inLanguage":"cs","potentialAction":[{"@type":"ReadAction","target":["https:\/\/moodmedia.com\/cz\/spolecnost\/zasady-pouzivani-souboru-cookie\/"]}]},{"@type":"BreadcrumbList","@id":"https:\/\/moodmedia.com\/cz\/spolecnost\/zasady-pouzivani-souboru-cookie\/#breadcrumb","itemListElement":[{"@type":"ListItem","position":1,"name":"Home","item":"https:\/\/moodmedia.com\/cz\/"},{"@type":"ListItem","position":2,"name":"Spole\u010dnost","item":"https:\/\/moodmedia.com\/cz\/spolecnost\/"},{"@type":"ListItem","position":3,"name":"Z\u00e1sady pou\u017e\u00edv\u00e1n\u00ed soubor\u016f cookie"}]},{"@type":"WebSite","@id":"https:\/\/moodmedia.com\/cz\/#website","url":"https:\/\/moodmedia.com\/cz\/","name":"Mood Media International","description":"Experience. By Design","publisher":{"@id":"https:\/\/moodmedia.com\/cz\/#organization"},"potentialAction":[{"@type":"SearchAction","target":{"@type":"EntryPoint","urlTemplate":"https:\/\/moodmedia.com\/cz\/?s={search_term_string}"},"query-input":{"@type":"PropertyValueSpecification","valueRequired":true,"valueName":"search_term_string"}}],"inLanguage":"cs"},{"@type":"Organization","@id":"https:\/\/moodmedia.com\/cz\/#organization","name":"Mood Media","url":"https:\/\/moodmedia.com\/cz\/","logo":{"@type":"ImageObject","inLanguage":"cs","@id":"https:\/\/moodmedia.com\/cz\/#\/schema\/logo\/image\/","url":"https:\/\/moodmedia.com\/wp-content\/uploads\/2017\/10\/mood-media-logo-400.jpg","contentUrl":"https:\/\/moodmedia.com\/wp-content\/uploads\/2017\/10\/mood-media-logo-400.jpg","width":400,"height":115,"caption":"Mood Media"},"image":{"@id":"https:\/\/moodmedia.com\/cz\/#\/schema\/logo\/image\/"},"sameAs":["https:\/\/www.facebook.com\/moodmediauk\/","https:\/\/x.com\/MoodMedia_UK","https:\/\/www.linkedin.com\/company\/mood-media-uk\/"]}]}},"_links":{"self":[{"href":"https:\/\/moodmedia.com\/cz\/wp-json\/wp\/v2\/pages\/249842","targetHints":{"allow":["GET"]}}],"collection":[{"href":"https:\/\/moodmedia.com\/cz\/wp-json\/wp\/v2\/pages"}],"about":[{"href":"https:\/\/moodmedia.com\/cz\/wp-json\/wp\/v2\/types\/page"}],"author":[{"embeddable":true,"href":"https:\/\/moodmedia.com\/cz\/wp-json\/wp\/v2\/users\/9"}],"replies":[{"embeddable":true,"href":"https:\/\/moodmedia.com\/cz\/wp-json\/wp\/v2\/comments?post=249842"}],"version-history":[{"count":0,"href":"https:\/\/moodmedia.com\/cz\/wp-json\/wp\/v2\/pages\/249842\/revisions"}],"up":[{"embeddable":true,"href":"https:\/\/moodmedia.com\/cz\/wp-json\/wp\/v2\/pages\/226316"}],"wp:attachment":[{"href":"https:\/\/moodmedia.com\/cz\/wp-json\/wp\/v2\/media?parent=249842"}],"curies":[{"name":"wp","href":"https:\/\/api.w.org\/{rel}","templated":true}]}}