{"id":251823,"date":"2018-05-31T13:14:23","date_gmt":"2018-05-31T12:14:23","guid":{"rendered":"https:\/\/moodmedia.com\/kontaktujte-nas\/"},"modified":"2022-07-22T10:55:23","modified_gmt":"2022-07-22T09:55:23","slug":"kontaktujte-nas","status":"publish","type":"page","link":"https:\/\/moodmedia.com\/cz\/kontaktujte-nas\/","title":{"rendered":"Kontaktujte n\u00e1s"},"content":{"rendered":"<p>[et_pb_section fb_built=&#8220;1&#8243; _builder_version=&#8220;4.15&#8243; background_color=&#8220;#ffffff&#8220; custom_margin=&#8220;0px|0px|0px|0px&#8220; custom_padding=&#8220;0px|0px|0px|0px&#8220; global_colors_info=&#8220;{}&#8220;][et_pb_row column_structure=&#8220;1_2,1_2&#8243; use_custom_gutter=&#8220;on&#8220; gutter_width=&#8220;1&#8243; make_equal=&#8220;on&#8220; module_class=&#8220; et_pb_row_fullwidth&#8220; _builder_version=&#8220;4.15.1&#8243; width=&#8220;100%&#8220; width_tablet=&#8220;100%&#8220; width_phone=&#8220;&#8220; width_last_edited=&#8220;on|desktop&#8220; max_width=&#8220;100%&#8220; max_width_tablet=&#8220;100%&#8220; max_width_phone=&#8220;&#8220; max_width_last_edited=&#8220;on|desktop&#8220; custom_margin=&#8220;0px||0px|&#8220; custom_padding=&#8220;0px||0px|&#8220; make_fullwidth=&#8220;on&#8220; global_colors_info=&#8220;{}&#8220;][et_pb_column type=&#8220;1_2&#8243; admin_label=&#8220;Odbyt&#8220; _builder_version=&#8220;4.15.1&#8243; _dynamic_attributes=&#8220;link_option_url&#8220; background_image=&#8220;https:\/\/moodmedia.com\/wp-content\/uploads\/2018\/05\/coremusic2018.jpg&#8220; parallax=&#8220;on&#8220; custom_padding=&#8220;50px||150px|&#8220; link_option_url=&#8220;@ET-DC@eyJkeW5hbWljIjp0cnVlLCJjb250ZW50IjoicG9zdF9saW5rX3VybF9wYWdlIiwic2V0dGluZ3MiOnsicG9zdF9pZCI6IjIxOTYifX0=@&#8220; global_colors_info=&#8220;{}&#8220; custom_padding__hover=&#8220;|||&#8220;][et_pb_image src=&#8220;https:\/\/moodmedia.com\/wp-content\/uploads\/2016\/06\/information-button.png&#8220; align=&#8220;center&#8220; align_tablet=&#8220;center&#8220; align_phone=&#8220;&#8220; align_last_edited=&#8220;on|desktop&#8220; admin_label=&#8220;I Icon&#8220; _builder_version=&#8220;4.15.1&#8243; max_width=&#8220;35%&#8220; module_alignment=&#8220;center&#8220; hover_enabled=&#8220;0&#8243; always_center_on_mobile=&#8220;on&#8220; global_colors_info=&#8220;{}&#8220; sticky_enabled=&#8220;0&#8243;][\/et_pb_image][et_pb_text _builder_version=&#8220;4.15&#8243; header_2_font_size=&#8220;42px&#8220; text_orientation=&#8220;center&#8220; background_layout=&#8220;dark&#8220; custom_padding=&#8220;50px|||&#8220; global_colors_info=&#8220;{}&#8220;]<\/p>\n<h2 class=\"bold\">PRODEJ<\/h2>\n<p>Dal\u0161\u00ed informace o na\u0161ich \u0159e\u0161en\u00edch z\u00edsk\u00e1te od na\u0161eho prodejn\u00edho t\u00fdmu.<\/p>\n<p>[\/et_pb_text][\/et_pb_column][et_pb_column type=&#8220;1_2&#8243; admin_label=&#8220;Podpora&#8220; _builder_version=&#8220;4.15.1&#8243; _dynamic_attributes=&#8220;link_option_url&#8220; background_image=&#8220;https:\/\/moodmedia.com\/wp-content\/uploads\/2018\/05\/qsr-6.jpg&#8220; parallax=&#8220;on&#8220; custom_padding=&#8220;50px||150px|&#8220; link_option_url=&#8220;@ET-DC@eyJkeW5hbWljIjp0cnVlLCJjb250ZW50IjoicG9zdF9saW5rX3VybF9wYWdlIiwic2V0dGluZ3MiOnsicG9zdF9pZCI6IjQzODIzIn19@&#8220; global_colors_info=&#8220;{}&#8220; custom_padding__hover=&#8220;|||&#8220;][et_pb_image src=&#8220;https:\/\/moodmedia.com\/wp-content\/uploads\/2016\/06\/help.png&#8220; align=&#8220;center&#8220; align_tablet=&#8220;center&#8220; align_phone=&#8220;&#8220; align_last_edited=&#8220;on|desktop&#8220; admin_label=&#8220;? Icon&#8220; _builder_version=&#8220;4.15.1&#8243; max_width=&#8220;35%&#8220; module_alignment=&#8220;center&#8220; hover_enabled=&#8220;0&#8243; always_center_on_mobile=&#8220;on&#8220; global_colors_info=&#8220;{}&#8220; sticky_enabled=&#8220;0&#8243;][\/et_pb_image][et_pb_text _builder_version=&#8220;4.15&#8243; header_2_font_size=&#8220;42px&#8220; text_orientation=&#8220;center&#8220; background_layout=&#8220;dark&#8220; custom_padding=&#8220;50px||50px|&#8220; global_colors_info=&#8220;{}&#8220;]<\/p>\n<h2 class=\"bold\">PODPORA<\/h2>\n<p>St\u00e1vaj\u00edc\u00ed klient? Kliknut\u00edm z\u00edsk\u00e1te pomoc, zaplat\u00edte \u00fa\u010det nebo aktualizujete sv\u016fj \u00fa\u010det.<\/p>\n<p>[\/et_pb_text][\/et_pb_column][\/et_pb_row][\/et_pb_section]<\/p>\n","protected":false},"excerpt":{"rendered":"<p>PRODEJ Dal\u0161\u00ed informace o na\u0161ich \u0159e\u0161en\u00edch z\u00edsk\u00e1te od na\u0161eho prodejn\u00edho t\u00fdmu.PODPORA St\u00e1vaj\u00edc\u00ed klient? Kliknut\u00edm z\u00edsk\u00e1te pomoc, zaplat\u00edte \u00fa\u010det nebo aktualizujete sv\u016fj \u00fa\u010det.<\/p>\n","protected":false},"author":1,"featured_media":0,"parent":0,"menu_order":0,"comment_status":"closed","ping_status":"closed","template":"","meta":{"_et_pb_use_builder":"on","_et_pb_old_content":"","_et_gb_content_width":"","footnotes":""},"class_list":["post-251823","page","type-page","status-publish","hentry"],"yoast_head":"<!-- This site is optimized with the Yoast SEO Premium plugin v26.8 (Yoast SEO v27.4) - https:\/\/yoast.com\/product\/yoast-seo-premium-wordpress\/ -->\n<title>Kontakt | Mood Media \u010cesk\u00e1 Republika<\/title>\n<meta name=\"description\" content=\"Kontaktujte spole\u010dnost Mood Media a zjist\u011bte v\u00edce informac\u00ed o na\u0161ich \u0159e\u0161en\u00edch nebo se obra\u0165te na t\u00fdm z\u00e1kaznick\u00e9 podpory, pokud jste st\u00e1vaj\u00edc\u00edm klientem.\" \/>\n<meta name=\"robots\" content=\"index, follow, max-snippet:-1, max-image-preview:large, max-video-preview:-1\" \/>\n<meta property=\"og:locale\" content=\"cs_CZ\" \/>\n<meta property=\"og:type\" content=\"article\" \/>\n<meta property=\"og:title\" content=\"Kontaktujte n\u00e1s\" \/>\n<meta property=\"og:url\" content=\"https:\/\/moodmedia.com\/cz\/kontaktujte-nas\/\" \/>\n<meta property=\"og:site_name\" content=\"Mood Media \u010cesk\u00e1 Republika\" \/>\n<meta property=\"article:publisher\" content=\"https:\/\/www.facebook.com\/moodmediauk\/\" \/>\n<meta property=\"article:modified_time\" content=\"2022-07-22T09:55:23+00:00\" \/>\n<meta name=\"twitter:card\" content=\"summary_large_image\" \/>\n<meta name=\"twitter:site\" content=\"@MoodMedia_UK\" \/>\n<meta name=\"twitter:label1\" content=\"Odhadovan\u00e1 doba \u010dten\u00ed\" \/>\n\t<meta name=\"twitter:data1\" content=\"2 minuty\" \/>\n<script type=\"application\/ld+json\" class=\"yoast-schema-graph\">{\"@context\":\"https:\\\/\\\/schema.org\",\"@graph\":[{\"@type\":\"WebPage\",\"@id\":\"https:\\\/\\\/moodmedia.com\\\/cz\\\/kontaktujte-nas\\\/\",\"url\":\"https:\\\/\\\/moodmedia.com\\\/cz\\\/kontaktujte-nas\\\/\",\"name\":\"Kontakt | Mood Media \u010cesk\u00e1 Republika\",\"isPartOf\":{\"@id\":\"https:\\\/\\\/moodmedia.com\\\/cz\\\/#website\"},\"datePublished\":\"2018-05-31T12:14:23+00:00\",\"dateModified\":\"2022-07-22T09:55:23+00:00\",\"description\":\"Kontaktujte spole\u010dnost Mood Media a zjist\u011bte v\u00edce informac\u00ed o na\u0161ich \u0159e\u0161en\u00edch nebo se obra\u0165te na t\u00fdm z\u00e1kaznick\u00e9 podpory, pokud jste st\u00e1vaj\u00edc\u00edm klientem.\",\"breadcrumb\":{\"@id\":\"https:\\\/\\\/moodmedia.com\\\/cz\\\/kontaktujte-nas\\\/#breadcrumb\"},\"inLanguage\":\"cs\",\"potentialAction\":[{\"@type\":\"ReadAction\",\"target\":[\"https:\\\/\\\/moodmedia.com\\\/cz\\\/kontaktujte-nas\\\/\"]}]},{\"@type\":\"BreadcrumbList\",\"@id\":\"https:\\\/\\\/moodmedia.com\\\/cz\\\/kontaktujte-nas\\\/#breadcrumb\",\"itemListElement\":[{\"@type\":\"ListItem\",\"position\":1,\"name\":\"Home\",\"item\":\"https:\\\/\\\/moodmedia.com\\\/cz\\\/\"},{\"@type\":\"ListItem\",\"position\":2,\"name\":\"Kontaktujte n\u00e1s\"}]},{\"@type\":\"WebSite\",\"@id\":\"https:\\\/\\\/moodmedia.com\\\/cz\\\/#website\",\"url\":\"https:\\\/\\\/moodmedia.com\\\/cz\\\/\",\"name\":\"Mood Media International\",\"description\":\"Experience. By Design\",\"publisher\":{\"@id\":\"https:\\\/\\\/moodmedia.com\\\/cz\\\/#organization\"},\"potentialAction\":[{\"@type\":\"SearchAction\",\"target\":{\"@type\":\"EntryPoint\",\"urlTemplate\":\"https:\\\/\\\/moodmedia.com\\\/cz\\\/?s={search_term_string}\"},\"query-input\":{\"@type\":\"PropertyValueSpecification\",\"valueRequired\":true,\"valueName\":\"search_term_string\"}}],\"inLanguage\":\"cs\"},{\"@type\":\"Organization\",\"@id\":\"https:\\\/\\\/moodmedia.com\\\/cz\\\/#organization\",\"name\":\"Mood Media\",\"url\":\"https:\\\/\\\/moodmedia.com\\\/cz\\\/\",\"logo\":{\"@type\":\"ImageObject\",\"inLanguage\":\"cs\",\"@id\":\"https:\\\/\\\/moodmedia.com\\\/cz\\\/#\\\/schema\\\/logo\\\/image\\\/\",\"url\":\"https:\\\/\\\/moodmedia.com\\\/wp-content\\\/uploads\\\/2017\\\/10\\\/mood-media-logo-400.jpg\",\"contentUrl\":\"https:\\\/\\\/moodmedia.com\\\/wp-content\\\/uploads\\\/2017\\\/10\\\/mood-media-logo-400.jpg\",\"width\":400,\"height\":115,\"caption\":\"Mood Media\"},\"image\":{\"@id\":\"https:\\\/\\\/moodmedia.com\\\/cz\\\/#\\\/schema\\\/logo\\\/image\\\/\"},\"sameAs\":[\"https:\\\/\\\/www.facebook.com\\\/moodmediauk\\\/\",\"https:\\\/\\\/x.com\\\/MoodMedia_UK\",\"https:\\\/\\\/www.linkedin.com\\\/company\\\/mood-media-uk\\\/\"]}]}<\/script>\n<!-- \/ Yoast SEO Premium plugin. -->","yoast_head_json":{"title":"Kontakt | Mood Media \u010cesk\u00e1 Republika","description":"Kontaktujte spole\u010dnost Mood Media a zjist\u011bte v\u00edce informac\u00ed o na\u0161ich \u0159e\u0161en\u00edch nebo se obra\u0165te na t\u00fdm z\u00e1kaznick\u00e9 podpory, pokud jste st\u00e1vaj\u00edc\u00edm klientem.","robots":{"index":"index","follow":"follow","max-snippet":"max-snippet:-1","max-image-preview":"max-image-preview:large","max-video-preview":"max-video-preview:-1"},"og_locale":"cs_CZ","og_type":"article","og_title":"Kontaktujte n\u00e1s","og_url":"https:\/\/moodmedia.com\/cz\/kontaktujte-nas\/","og_site_name":"Mood Media \u010cesk\u00e1 Republika","article_publisher":"https:\/\/www.facebook.com\/moodmediauk\/","article_modified_time":"2022-07-22T09:55:23+00:00","twitter_card":"summary_large_image","twitter_site":"@MoodMedia_UK","twitter_misc":{"Odhadovan\u00e1 doba \u010dten\u00ed":"2 minuty"},"schema":{"@context":"https:\/\/schema.org","@graph":[{"@type":"WebPage","@id":"https:\/\/moodmedia.com\/cz\/kontaktujte-nas\/","url":"https:\/\/moodmedia.com\/cz\/kontaktujte-nas\/","name":"Kontakt | Mood Media \u010cesk\u00e1 Republika","isPartOf":{"@id":"https:\/\/moodmedia.com\/cz\/#website"},"datePublished":"2018-05-31T12:14:23+00:00","dateModified":"2022-07-22T09:55:23+00:00","description":"Kontaktujte spole\u010dnost Mood Media a zjist\u011bte v\u00edce informac\u00ed o na\u0161ich \u0159e\u0161en\u00edch nebo se obra\u0165te na t\u00fdm z\u00e1kaznick\u00e9 podpory, pokud jste st\u00e1vaj\u00edc\u00edm klientem.","breadcrumb":{"@id":"https:\/\/moodmedia.com\/cz\/kontaktujte-nas\/#breadcrumb"},"inLanguage":"cs","potentialAction":[{"@type":"ReadAction","target":["https:\/\/moodmedia.com\/cz\/kontaktujte-nas\/"]}]},{"@type":"BreadcrumbList","@id":"https:\/\/moodmedia.com\/cz\/kontaktujte-nas\/#breadcrumb","itemListElement":[{"@type":"ListItem","position":1,"name":"Home","item":"https:\/\/moodmedia.com\/cz\/"},{"@type":"ListItem","position":2,"name":"Kontaktujte n\u00e1s"}]},{"@type":"WebSite","@id":"https:\/\/moodmedia.com\/cz\/#website","url":"https:\/\/moodmedia.com\/cz\/","name":"Mood Media International","description":"Experience. By Design","publisher":{"@id":"https:\/\/moodmedia.com\/cz\/#organization"},"potentialAction":[{"@type":"SearchAction","target":{"@type":"EntryPoint","urlTemplate":"https:\/\/moodmedia.com\/cz\/?s={search_term_string}"},"query-input":{"@type":"PropertyValueSpecification","valueRequired":true,"valueName":"search_term_string"}}],"inLanguage":"cs"},{"@type":"Organization","@id":"https:\/\/moodmedia.com\/cz\/#organization","name":"Mood Media","url":"https:\/\/moodmedia.com\/cz\/","logo":{"@type":"ImageObject","inLanguage":"cs","@id":"https:\/\/moodmedia.com\/cz\/#\/schema\/logo\/image\/","url":"https:\/\/moodmedia.com\/wp-content\/uploads\/2017\/10\/mood-media-logo-400.jpg","contentUrl":"https:\/\/moodmedia.com\/wp-content\/uploads\/2017\/10\/mood-media-logo-400.jpg","width":400,"height":115,"caption":"Mood Media"},"image":{"@id":"https:\/\/moodmedia.com\/cz\/#\/schema\/logo\/image\/"},"sameAs":["https:\/\/www.facebook.com\/moodmediauk\/","https:\/\/x.com\/MoodMedia_UK","https:\/\/www.linkedin.com\/company\/mood-media-uk\/"]}]}},"_links":{"self":[{"href":"https:\/\/moodmedia.com\/cz\/wp-json\/wp\/v2\/pages\/251823","targetHints":{"allow":["GET"]}}],"collection":[{"href":"https:\/\/moodmedia.com\/cz\/wp-json\/wp\/v2\/pages"}],"about":[{"href":"https:\/\/moodmedia.com\/cz\/wp-json\/wp\/v2\/types\/page"}],"author":[{"embeddable":true,"href":"https:\/\/moodmedia.com\/cz\/wp-json\/wp\/v2\/users\/1"}],"replies":[{"embeddable":true,"href":"https:\/\/moodmedia.com\/cz\/wp-json\/wp\/v2\/comments?post=251823"}],"version-history":[{"count":0,"href":"https:\/\/moodmedia.com\/cz\/wp-json\/wp\/v2\/pages\/251823\/revisions"}],"wp:attachment":[{"href":"https:\/\/moodmedia.com\/cz\/wp-json\/wp\/v2\/media?parent=251823"}],"curies":[{"name":"wp","href":"https:\/\/api.w.org\/{rel}","templated":true}]}}