{"id":360211,"date":"2016-06-22T19:49:30","date_gmt":"2016-06-22T18:49:30","guid":{"rendered":"https:\/\/moodmedia.com\/spolecnost\/zpravy\/"},"modified":"2023-03-20T12:23:23","modified_gmt":"2023-03-20T12:23:23","slug":"zpravy","status":"publish","type":"page","link":"https:\/\/moodmedia.com\/cz\/spolecnost\/zpravy\/","title":{"rendered":"Zpr\u00e1vy"},"content":{"rendered":"<p>[et_pb_section fb_built=&#8220;1&#8243; custom_padding_last_edited=&#8220;on|desktop&#8220; _builder_version=&#8220;3.22.3&#8243; background_color=&#8220;#eeeeee&#8220; custom_padding_tablet=&#8220;50px|0|50px|0&#8243; custom_padding_phone=&#8220;&#8220; transparent_background=&#8220;off&#8220; padding_mobile=&#8220;off&#8220; make_fullwidth=&#8220;off&#8220; use_custom_width=&#8220;off&#8220; width_unit=&#8220;on&#8220;][et_pb_row column_structure=&#8220;2_3,1_3&#8243; _builder_version=&#8220;3.25&#8243; background_size=&#8220;initial&#8220; background_position=&#8220;top_left&#8220; background_repeat=&#8220;repeat&#8220;][et_pb_column type=&#8220;2_3&#8243; _builder_version=&#8220;3.25&#8243; custom_padding=&#8220;|||&#8220; hover_enabled=&#8220;0&#8243; custom_padding__hover=&#8220;|||&#8220; sticky_enabled=&#8220;0&#8243;][et_pb_blog include_categories=&#8220;47&#8243; show_thumbnail=&#8220;off&#8220; show_author=&#8220;off&#8220; show_categories=&#8220;off&#8220; _builder_version=&#8220;3.22.7&#8243; hover_enabled=&#8220;0&#8243; sticky_enabled=&#8220;0&#8243;][\/et_pb_blog][\/et_pb_column][et_pb_column type=&#8220;1_3&#8243; _builder_version=&#8220;3.25&#8243; custom_padding=&#8220;|||&#8220; custom_padding__hover=&#8220;|||&#8220;][et_pb_sidebar orientation=&#8220;right&#8220; area=&#8220;et_pb_widget_area_2&#8243; _builder_version=&#8220;3.0.74&#8243; hover_enabled=&#8220;0&#8243; remove_border=&#8220;off&#8220; sticky_enabled=&#8220;0&#8243;][\/et_pb_sidebar][\/et_pb_column][\/et_pb_row][\/et_pb_section]<\/p>\n","protected":false},"excerpt":{"rendered":"","protected":false},"author":1,"featured_media":0,"parent":226316,"menu_order":0,"comment_status":"closed","ping_status":"closed","template":"","meta":{"_et_pb_use_builder":"on","_et_pb_old_content":"","_et_gb_content_width":"","footnotes":""},"class_list":["post-360211","page","type-page","status-publish","hentry"],"yoast_head":"<!-- This site is optimized with the Yoast SEO Premium plugin v26.8 (Yoast SEO v27.4) - https:\/\/yoast.com\/product\/yoast-seo-premium-wordpress\/ -->\n<title>Zpr\u00e1vy \u2013 n\u00e1zev Mood Media \u010cesk\u00e1 Republika<\/title>\n<meta name=\"description\" content=\"Objevte nejnov\u011bj\u0161\u00ed zpr\u00e1vy ze sv\u011bta Mood Media. Zjist\u011bte v\u00edce o nejnov\u011bj\u0161\u00edch inovac\u00edch medi\u00e1ln\u00edch technologi\u00ed v prodejn\u00e1ch a o tom, jak pom\u00e1h\u00e1me nejchyt\u0159ej\u0161\u00edm zna\u010dk\u00e1m na sv\u011bt\u011b zlep\u0161it jejich z\u00e1kaznickou zku\u0161enost pomoc\u00ed \u0159e\u0161en\u00ed Sight, Sound, Scent, Social a Systems.\" \/>\n<meta name=\"robots\" content=\"index, follow, max-snippet:-1, max-image-preview:large, max-video-preview:-1\" \/>\n<meta property=\"og:locale\" content=\"cs_CZ\" \/>\n<meta property=\"og:type\" content=\"article\" \/>\n<meta property=\"og:title\" content=\"Zpr\u00e1vy\" \/>\n<meta property=\"og:url\" content=\"https:\/\/moodmedia.com\/cz\/spolecnost\/zpravy\/\" \/>\n<meta property=\"og:site_name\" content=\"Mood Media \u010cesk\u00e1 Republika\" \/>\n<meta property=\"article:publisher\" content=\"https:\/\/www.facebook.com\/moodmediauk\/\" \/>\n<meta property=\"article:modified_time\" content=\"2023-03-20T12:23:23+00:00\" \/>\n<meta name=\"twitter:card\" content=\"summary_large_image\" \/>\n<meta name=\"twitter:site\" content=\"@MoodMedia_UK\" \/>\n<meta name=\"twitter:label1\" content=\"Odhadovan\u00e1 doba \u010dten\u00ed\" \/>\n\t<meta name=\"twitter:data1\" content=\"1 minuta\" \/>\n<script type=\"application\/ld+json\" class=\"yoast-schema-graph\">{\"@context\":\"https:\\\/\\\/schema.org\",\"@graph\":[{\"@type\":\"WebPage\",\"@id\":\"https:\\\/\\\/moodmedia.com\\\/cz\\\/spolecnost\\\/zpravy\\\/\",\"url\":\"https:\\\/\\\/moodmedia.com\\\/cz\\\/spolecnost\\\/zpravy\\\/\",\"name\":\"Zpr\u00e1vy \u2013 n\u00e1zev Mood Media \u010cesk\u00e1 Republika\",\"isPartOf\":{\"@id\":\"https:\\\/\\\/moodmedia.com\\\/cz\\\/#website\"},\"datePublished\":\"2016-06-22T18:49:30+00:00\",\"dateModified\":\"2023-03-20T12:23:23+00:00\",\"description\":\"Objevte nejnov\u011bj\u0161\u00ed zpr\u00e1vy ze sv\u011bta Mood Media. Zjist\u011bte v\u00edce o nejnov\u011bj\u0161\u00edch inovac\u00edch medi\u00e1ln\u00edch technologi\u00ed v prodejn\u00e1ch a o tom, jak pom\u00e1h\u00e1me nejchyt\u0159ej\u0161\u00edm zna\u010dk\u00e1m na sv\u011bt\u011b zlep\u0161it jejich z\u00e1kaznickou zku\u0161enost pomoc\u00ed \u0159e\u0161en\u00ed Sight, Sound, Scent, Social a Systems.\",\"breadcrumb\":{\"@id\":\"https:\\\/\\\/moodmedia.com\\\/cz\\\/spolecnost\\\/zpravy\\\/#breadcrumb\"},\"inLanguage\":\"cs\",\"potentialAction\":[{\"@type\":\"ReadAction\",\"target\":[\"https:\\\/\\\/moodmedia.com\\\/cz\\\/spolecnost\\\/zpravy\\\/\"]}]},{\"@type\":\"BreadcrumbList\",\"@id\":\"https:\\\/\\\/moodmedia.com\\\/cz\\\/spolecnost\\\/zpravy\\\/#breadcrumb\",\"itemListElement\":[{\"@type\":\"ListItem\",\"position\":1,\"name\":\"Home\",\"item\":\"https:\\\/\\\/moodmedia.com\\\/cz\\\/\"},{\"@type\":\"ListItem\",\"position\":2,\"name\":\"Spole\u010dnost\",\"item\":\"https:\\\/\\\/moodmedia.com\\\/cz\\\/spolecnost\\\/\"},{\"@type\":\"ListItem\",\"position\":3,\"name\":\"Zpr\u00e1vy\"}]},{\"@type\":\"WebSite\",\"@id\":\"https:\\\/\\\/moodmedia.com\\\/cz\\\/#website\",\"url\":\"https:\\\/\\\/moodmedia.com\\\/cz\\\/\",\"name\":\"Mood Media International\",\"description\":\"Experience. By Design\",\"publisher\":{\"@id\":\"https:\\\/\\\/moodmedia.com\\\/cz\\\/#organization\"},\"potentialAction\":[{\"@type\":\"SearchAction\",\"target\":{\"@type\":\"EntryPoint\",\"urlTemplate\":\"https:\\\/\\\/moodmedia.com\\\/cz\\\/?s={search_term_string}\"},\"query-input\":{\"@type\":\"PropertyValueSpecification\",\"valueRequired\":true,\"valueName\":\"search_term_string\"}}],\"inLanguage\":\"cs\"},{\"@type\":\"Organization\",\"@id\":\"https:\\\/\\\/moodmedia.com\\\/cz\\\/#organization\",\"name\":\"Mood Media\",\"url\":\"https:\\\/\\\/moodmedia.com\\\/cz\\\/\",\"logo\":{\"@type\":\"ImageObject\",\"inLanguage\":\"cs\",\"@id\":\"https:\\\/\\\/moodmedia.com\\\/cz\\\/#\\\/schema\\\/logo\\\/image\\\/\",\"url\":\"https:\\\/\\\/moodmedia.com\\\/wp-content\\\/uploads\\\/2017\\\/10\\\/mood-media-logo-400.jpg\",\"contentUrl\":\"https:\\\/\\\/moodmedia.com\\\/wp-content\\\/uploads\\\/2017\\\/10\\\/mood-media-logo-400.jpg\",\"width\":400,\"height\":115,\"caption\":\"Mood Media\"},\"image\":{\"@id\":\"https:\\\/\\\/moodmedia.com\\\/cz\\\/#\\\/schema\\\/logo\\\/image\\\/\"},\"sameAs\":[\"https:\\\/\\\/www.facebook.com\\\/moodmediauk\\\/\",\"https:\\\/\\\/x.com\\\/MoodMedia_UK\",\"https:\\\/\\\/www.linkedin.com\\\/company\\\/mood-media-uk\\\/\"]}]}<\/script>\n<!-- \/ Yoast SEO Premium plugin. -->","yoast_head_json":{"title":"Zpr\u00e1vy \u2013 n\u00e1zev Mood Media \u010cesk\u00e1 Republika","description":"Objevte nejnov\u011bj\u0161\u00ed zpr\u00e1vy ze sv\u011bta Mood Media. Zjist\u011bte v\u00edce o nejnov\u011bj\u0161\u00edch inovac\u00edch medi\u00e1ln\u00edch technologi\u00ed v prodejn\u00e1ch a o tom, jak pom\u00e1h\u00e1me nejchyt\u0159ej\u0161\u00edm zna\u010dk\u00e1m na sv\u011bt\u011b zlep\u0161it jejich z\u00e1kaznickou zku\u0161enost pomoc\u00ed \u0159e\u0161en\u00ed Sight, Sound, Scent, Social a Systems.","robots":{"index":"index","follow":"follow","max-snippet":"max-snippet:-1","max-image-preview":"max-image-preview:large","max-video-preview":"max-video-preview:-1"},"og_locale":"cs_CZ","og_type":"article","og_title":"Zpr\u00e1vy","og_url":"https:\/\/moodmedia.com\/cz\/spolecnost\/zpravy\/","og_site_name":"Mood Media \u010cesk\u00e1 Republika","article_publisher":"https:\/\/www.facebook.com\/moodmediauk\/","article_modified_time":"2023-03-20T12:23:23+00:00","twitter_card":"summary_large_image","twitter_site":"@MoodMedia_UK","twitter_misc":{"Odhadovan\u00e1 doba \u010dten\u00ed":"1 minuta"},"schema":{"@context":"https:\/\/schema.org","@graph":[{"@type":"WebPage","@id":"https:\/\/moodmedia.com\/cz\/spolecnost\/zpravy\/","url":"https:\/\/moodmedia.com\/cz\/spolecnost\/zpravy\/","name":"Zpr\u00e1vy \u2013 n\u00e1zev Mood Media \u010cesk\u00e1 Republika","isPartOf":{"@id":"https:\/\/moodmedia.com\/cz\/#website"},"datePublished":"2016-06-22T18:49:30+00:00","dateModified":"2023-03-20T12:23:23+00:00","description":"Objevte nejnov\u011bj\u0161\u00ed zpr\u00e1vy ze sv\u011bta Mood Media. Zjist\u011bte v\u00edce o nejnov\u011bj\u0161\u00edch inovac\u00edch medi\u00e1ln\u00edch technologi\u00ed v prodejn\u00e1ch a o tom, jak pom\u00e1h\u00e1me nejchyt\u0159ej\u0161\u00edm zna\u010dk\u00e1m na sv\u011bt\u011b zlep\u0161it jejich z\u00e1kaznickou zku\u0161enost pomoc\u00ed \u0159e\u0161en\u00ed Sight, Sound, Scent, Social a Systems.","breadcrumb":{"@id":"https:\/\/moodmedia.com\/cz\/spolecnost\/zpravy\/#breadcrumb"},"inLanguage":"cs","potentialAction":[{"@type":"ReadAction","target":["https:\/\/moodmedia.com\/cz\/spolecnost\/zpravy\/"]}]},{"@type":"BreadcrumbList","@id":"https:\/\/moodmedia.com\/cz\/spolecnost\/zpravy\/#breadcrumb","itemListElement":[{"@type":"ListItem","position":1,"name":"Home","item":"https:\/\/moodmedia.com\/cz\/"},{"@type":"ListItem","position":2,"name":"Spole\u010dnost","item":"https:\/\/moodmedia.com\/cz\/spolecnost\/"},{"@type":"ListItem","position":3,"name":"Zpr\u00e1vy"}]},{"@type":"WebSite","@id":"https:\/\/moodmedia.com\/cz\/#website","url":"https:\/\/moodmedia.com\/cz\/","name":"Mood Media International","description":"Experience. By Design","publisher":{"@id":"https:\/\/moodmedia.com\/cz\/#organization"},"potentialAction":[{"@type":"SearchAction","target":{"@type":"EntryPoint","urlTemplate":"https:\/\/moodmedia.com\/cz\/?s={search_term_string}"},"query-input":{"@type":"PropertyValueSpecification","valueRequired":true,"valueName":"search_term_string"}}],"inLanguage":"cs"},{"@type":"Organization","@id":"https:\/\/moodmedia.com\/cz\/#organization","name":"Mood Media","url":"https:\/\/moodmedia.com\/cz\/","logo":{"@type":"ImageObject","inLanguage":"cs","@id":"https:\/\/moodmedia.com\/cz\/#\/schema\/logo\/image\/","url":"https:\/\/moodmedia.com\/wp-content\/uploads\/2017\/10\/mood-media-logo-400.jpg","contentUrl":"https:\/\/moodmedia.com\/wp-content\/uploads\/2017\/10\/mood-media-logo-400.jpg","width":400,"height":115,"caption":"Mood Media"},"image":{"@id":"https:\/\/moodmedia.com\/cz\/#\/schema\/logo\/image\/"},"sameAs":["https:\/\/www.facebook.com\/moodmediauk\/","https:\/\/x.com\/MoodMedia_UK","https:\/\/www.linkedin.com\/company\/mood-media-uk\/"]}]}},"_links":{"self":[{"href":"https:\/\/moodmedia.com\/cz\/wp-json\/wp\/v2\/pages\/360211","targetHints":{"allow":["GET"]}}],"collection":[{"href":"https:\/\/moodmedia.com\/cz\/wp-json\/wp\/v2\/pages"}],"about":[{"href":"https:\/\/moodmedia.com\/cz\/wp-json\/wp\/v2\/types\/page"}],"author":[{"embeddable":true,"href":"https:\/\/moodmedia.com\/cz\/wp-json\/wp\/v2\/users\/1"}],"replies":[{"embeddable":true,"href":"https:\/\/moodmedia.com\/cz\/wp-json\/wp\/v2\/comments?post=360211"}],"version-history":[{"count":0,"href":"https:\/\/moodmedia.com\/cz\/wp-json\/wp\/v2\/pages\/360211\/revisions"}],"up":[{"embeddable":true,"href":"https:\/\/moodmedia.com\/cz\/wp-json\/wp\/v2\/pages\/226316"}],"wp:attachment":[{"href":"https:\/\/moodmedia.com\/cz\/wp-json\/wp\/v2\/media?parent=360211"}],"curies":[{"name":"wp","href":"https:\/\/api.w.org\/{rel}","templated":true}]}}