{"id":48997,"date":"2016-07-21T15:46:29","date_gmt":"2016-07-21T14:46:29","guid":{"rendered":"https:\/\/moodmedia.com\/karriere\/"},"modified":"2024-03-13T11:11:53","modified_gmt":"2024-03-13T11:11:53","slug":"karriere","status":"publish","type":"page","link":"https:\/\/moodmedia.com\/de\/unternehmen\/karriere\/","title":{"rendered":"Karriere"},"content":{"rendered":"<p>[et_pb_section fb_built=&#8220;1&#8243; _builder_version=&#8220;4.16&#8243; background_image=&#8220;https:\/\/moodmedia.com\/wp-content\/uploads\/2019\/06\/2019-careers.jpg&#8220; parallax=&#8220;on&#8220; parallax_method=&#8220;off&#8220; custom_margin=&#8220;0px||&#8220; global_colors_info=&#8220;{}&#8220;][et_pb_row _builder_version=&#8220;4.16&#8243; custom_margin=&#8220;0px||0px&#8220; custom_padding=&#8220;0px||&#8220; global_colors_info=&#8220;{}&#8220;][et_pb_column type=&#8220;4_4&#8243; _builder_version=&#8220;4.16&#8243; custom_padding=&#8220;|||&#8220; global_colors_info=&#8220;{}&#8220; custom_padding__hover=&#8220;|||&#8220;][et_pb_text admin_label=&#8220;Mood Careers&#8220; _builder_version=&#8220;4.16&#8243; header_font_size=&#8220;24px&#8220; background_layout=&#8220;dark&#8220; saved_tabs=&#8220;all&#8220; global_colors_info=&#8220;{}&#8220;]<\/p>\n<p class=\"intro2\">MOOD<span class=\"heavy moodred\">:<\/span><span class=\"light\">KARRIERE<\/span><\/p>\n<div style=\"width:100%;float:left;padding-top:10px;\">\n<div style=\"width:20%;height:10px;background:#cd102f;float:left;clear:both;\"><\/div>\n<\/div>\n<p>[\/et_pb_text][\/et_pb_column][\/et_pb_row][et_pb_row column_structure=&#8220;1_2,1_2&#8243; _builder_version=&#8220;4.16&#8243; custom_margin=&#8220;0px||&#8220; custom_padding=&#8220;0px||&#8220; global_colors_info=&#8220;{}&#8220;][et_pb_column type=&#8220;1_2&#8243; _builder_version=&#8220;4.16&#8243; custom_padding=&#8220;|||&#8220; global_colors_info=&#8220;{}&#8220; custom_padding__hover=&#8220;|||&#8220;][et_pb_text _builder_version=&#8220;4.16&#8243; text_font=&#8220;||||||||&#8220; background_layout=&#8220;dark&#8220; global_colors_info=&#8220;{}&#8220;]<\/p>\n<h1 class=\"new-hero-ext bold\" style=\"text-transform:uppercase;\">Finden Sie Ihren Job. Finden Sie Ihre Zukunft.<\/h1>\n<p>[\/et_pb_text][et_pb_button button_url=&#8220;https:\/\/workforcenow.adp.com\/mascsr\/default\/mdf\/recruitment\/recruitment.html?cid=099af085-1373-479c-9b97-f7e3a4d2ea58&amp;ccId=19000101_000001&amp;lang=en_US&#8220; button_text=&#8220;Jobs ansehen&#8220; button_alignment=&#8220;left&#8220; admin_label=&#8220;Button&#8220; module_class=&#8220;mbutton&#8220; _builder_version=&#8220;4.24.0&#8243; custom_button=&#8220;on&#8220; button_text_color=&#8220;#ffffff&#8220; button_bg_color=&#8220;#cd102f&#8220; button_border_color=&#8220;#cd102f&#8220; button_icon=&#8220;&#x3d;||divi||400&#8243; button_icon_color=&#8220;#cd102f&#8220; background_layout=&#8220;dark&#8220; button_text_color_hover=&#8220;#cd102f&#8220; button_border_color_hover=&#8220;#ffffff&#8220; button_letter_spacing_hover=&#8220;0&#8243; button_bg_color_hover=&#8220;#ffffff&#8220; saved_tabs=&#8220;all&#8220; global_colors_info=&#8220;{}&#8220; button_text_size__hover_enabled=&#8220;off&#8220; button_one_text_size__hover_enabled=&#8220;off&#8220; button_two_text_size__hover_enabled=&#8220;off&#8220; button_text_color__hover_enabled=&#8220;on&#8220; button_text_color__hover=&#8220;#cd102f&#8220; button_one_text_color__hover_enabled=&#8220;off&#8220; button_two_text_color__hover_enabled=&#8220;off&#8220; button_border_width__hover_enabled=&#8220;off&#8220; button_one_border_width__hover_enabled=&#8220;off&#8220; button_two_border_width__hover_enabled=&#8220;off&#8220; button_border_color__hover_enabled=&#8220;on&#8220; button_border_color__hover=&#8220;#ffffff&#8220; button_one_border_color__hover_enabled=&#8220;off&#8220; button_two_border_color__hover_enabled=&#8220;off&#8220; button_border_radius__hover_enabled=&#8220;off&#8220; button_one_border_radius__hover_enabled=&#8220;off&#8220; button_two_border_radius__hover_enabled=&#8220;off&#8220; button_letter_spacing__hover_enabled=&#8220;on&#8220; button_letter_spacing__hover=&#8220;0&#8243; button_one_letter_spacing__hover_enabled=&#8220;off&#8220; button_two_letter_spacing__hover_enabled=&#8220;off&#8220; button_bg_color__hover_enabled=&#8220;on&#8220; button_bg_color__hover=&#8220;#ffffff&#8220; button_one_bg_color__hover_enabled=&#8220;off&#8220; button_two_bg_color__hover_enabled=&#8220;off&#8220;][\/et_pb_button][\/et_pb_column][et_pb_column type=&#8220;1_2&#8243; _builder_version=&#8220;4.16&#8243; custom_padding=&#8220;|||&#8220; global_colors_info=&#8220;{}&#8220; custom_padding__hover=&#8220;|||&#8220;][et_pb_video src=&#8220;https:\/\/youtu.be\/UywmrZwzlDM&#8220; image_src=&#8220;\/\/i.ytimg.com\/vi\/UywmrZwzlDM\/hqdefault.jpg&#8220; _builder_version=&#8220;4.16&#8243; global_colors_info=&#8220;{}&#8220;][\/et_pb_video][\/et_pb_column][\/et_pb_row][\/et_pb_section][et_pb_section fb_built=&#8220;1&#8243; admin_label=&#8220;We Are&#8230;&#8220; _builder_version=&#8220;4.16&#8243; background_image=&#8220;https:\/\/moodmedia.com\/wp-content\/uploads\/2019\/06\/guitars.jpg&#8220; parallax=&#8220;on&#8220; parallax_method=&#8220;off&#8220; global_colors_info=&#8220;{}&#8220;][et_pb_row _builder_version=&#8220;4.16&#8243; global_colors_info=&#8220;{}&#8220;][et_pb_column type=&#8220;4_4&#8243; _builder_version=&#8220;4.16&#8243; custom_padding=&#8220;|||&#8220; global_colors_info=&#8220;{}&#8220; custom_padding__hover=&#8220;|||&#8220;][et_pb_text _builder_version=&#8220;4.16&#8243; global_colors_info=&#8220;{}&#8220;]<\/p>\n<p class=\"giant bold\">Wir sind Musikexperten, Digitalk\u00fcnstler, professionelle Branding-Berater und Kunden-Service-Champions &#8211; alle getrieben, um eine frische Perspektive in jedes von uns gestaltete Kundenerlebnis zu bringen. Unterst\u00fctzt durch ein globales Servicenetzwerk von zertifizierten Technikern und ein bew\u00e4hrtes Erfolgsmodell, das uns auszeichnet. Unsere Leidenschaft ist der Grund f\u00fcr unseren Erfolg.<\/p>\n<p>[\/et_pb_text][\/et_pb_column][\/et_pb_row][\/et_pb_section][et_pb_section fb_built=&#8220;1&#8243; _builder_version=&#8220;4.16&#8243; _module_preset=&#8220;default&#8220; global_colors_info=&#8220;{}&#8220;][et_pb_row column_structure=&#8220;1_3,1_3,1_3&#8243; _builder_version=&#8220;4.16&#8243; _module_preset=&#8220;default&#8220; global_colors_info=&#8220;{}&#8220;][et_pb_column type=&#8220;1_3&#8243; _builder_version=&#8220;4.16&#8243; _module_preset=&#8220;default&#8220; global_colors_info=&#8220;{}&#8220;][et_pb_text _builder_version=&#8220;4.16&#8243; _module_preset=&#8220;default&#8220; global_colors_info=&#8220;{}&#8220;]<\/p>\n<h2 class=\"bold\">UNSERE MISSION<\/h2>\n<div style=\"width:100%;float:left; padding:10px 0px 20px;\">\n<div style=\"width:20%;height:10px;background:#cd102f;\"><\/div>\n<\/div>\n<p class=\"intro2\">Unternehmen jeder Form und Gr\u00f6\u00dfe zum Erfolg zu verhelfen, indem sie durch die richtige Kombination von Bild-, Klang-, Duft-, Social- &amp; Systeml\u00f6sungen eine gr\u00f6\u00dfere emotionale Bindung zu ihren Kunden aufbauen.<\/p>\n<p>[\/et_pb_text][\/et_pb_column][et_pb_column type=&#8220;1_3&#8243; _builder_version=&#8220;4.16&#8243; _module_preset=&#8220;default&#8220; global_colors_info=&#8220;{}&#8220;][et_pb_text _builder_version=&#8220;4.16&#8243; _module_preset=&#8220;default&#8220; global_colors_info=&#8220;{}&#8220;]<\/p>\n<h2 class=\"bold\">UNSERE VISION<\/h2>\n<div style=\"width:100%;float:left; padding:10px 0px 20px;\">\n<div style=\"width:20%;height:10px;background:#cd102f;\"><\/div>\n<\/div>\n<p class=\"intro2\">Die Besten darin zu sein, Unternehmen zum Erfolg zu verhelfen, indem sie ihre Kundenerlebnisse verbessern<\/p>\n<p>[\/et_pb_text][\/et_pb_column][et_pb_column type=&#8220;1_3&#8243; _builder_version=&#8220;4.16&#8243; _module_preset=&#8220;default&#8220; global_colors_info=&#8220;{}&#8220;][et_pb_text _builder_version=&#8220;4.16&#8243; _module_preset=&#8220;default&#8220; global_colors_info=&#8220;{}&#8220;]<\/p>\n<h2 class=\"bold\">UNSERE ABTEILUNGEN<\/h2>\n<div style=\"width:100%;float:left; padding:10px 0px 20px;\">\n<div style=\"width:20%;height:10px;background:#cd102f;\"><\/div>\n<\/div>\n<ul style=\"float:left;\">\n<li>Finanzen<\/li>\n<li>Recht, Lizenzierung &amp; kaufm\u00e4nnische Angelegenheiten<\/li>\n<li>Personalwesen<\/li>\n<li>Sonderangebote<\/li>\n<li>Marketing<\/li>\n<li>Globales Produkt<\/li>\n<li>Betrieb &amp; Kundenbetreuung<\/li>\n<li>Globale Technologie<\/li>\n<\/ul>\n<p>[\/et_pb_text][\/et_pb_column][\/et_pb_row][\/et_pb_section]<\/p>\n","protected":false},"excerpt":{"rendered":"<p>MOOD:KARRIERE Finden Sie Ihren Job. Finden Sie Ihre Zukunft. Wir sind Musikexperten, Digitalk\u00fcnstler, professionelle Branding-Berater und Kunden-Service-Champions &#8211; alle getrieben, um eine frische Perspektive in jedes von uns gestaltete Kundenerlebnis zu bringen. Unterst\u00fctzt durch ein globales Servicenetzwerk von zertifizierten Technikern und ein bew\u00e4hrtes Erfolgsmodell, das uns auszeichnet. Unsere Leidenschaft ist der Grund f\u00fcr unseren Erfolg. UNSERE MISSION Unternehmen jeder Form und Gr\u00f6\u00dfe zum Erfolg zu verhelfen, indem sie durch die richtige Kombination von Bild-, Klang-, Duft-, Social- &amp; Systeml\u00f6sungen eine gr\u00f6\u00dfere emotionale Bindung zu ihren Kunden aufbauen. UNSERE VISION Die Besten darin zu sein, Unternehmen zum Erfolg zu verhelfen, indem sie ihre Kundenerlebnisse verbessern UNSERE ABTEILUNGEN Finanzen Recht, Lizenzierung &amp; kaufm\u00e4nnische Angelegenheiten Personalwesen Sonderangebote Marketing Globales Produkt Betrieb &amp; Kundenbetreuung Globale Technologie<\/p>\n","protected":false},"author":1,"featured_media":0,"parent":49014,"menu_order":0,"comment_status":"closed","ping_status":"closed","template":"","meta":{"_et_pb_use_builder":"on","_et_pb_old_content":"","_et_gb_content_width":"","footnotes":""},"class_list":["post-48997","page","type-page","status-publish","hentry"],"yoast_head":"<!-- This site is optimized with the Yoast SEO Premium plugin v26.8 (Yoast SEO v27.3) - https:\/\/yoast.com\/product\/yoast-seo-premium-wordpress\/ -->\n<title>Karriere | Mood Media Deutschland<\/title>\n<meta name=\"description\" content=\"Wir sind Musikexperten, digitale K\u00fcnstler, professionelle Branding-Berater und Kundenbetreuer. St\u00f6bern Sie in den neuesten Stellenangeboten von Mood Media.\" \/>\n<meta name=\"robots\" content=\"index, follow, max-snippet:-1, max-image-preview:large, max-video-preview:-1\" \/>\n<meta property=\"og:locale\" content=\"de_DE\" \/>\n<meta property=\"og:type\" content=\"article\" \/>\n<meta property=\"og:title\" content=\"Karriere\" \/>\n<meta property=\"og:url\" content=\"https:\/\/moodmedia.com\/de\/unternehmen\/karriere\/\" \/>\n<meta property=\"og:site_name\" content=\"Mood Media Deutschland\" \/>\n<meta property=\"article:publisher\" content=\"https:\/\/www.facebook.com\/moodmediauk\/\" \/>\n<meta property=\"article:modified_time\" content=\"2024-03-13T11:11:53+00:00\" \/>\n<meta name=\"twitter:card\" content=\"summary_large_image\" \/>\n<meta name=\"twitter:site\" content=\"@MoodMedia_UK\" \/>\n<meta name=\"twitter:label1\" content=\"Gesch\u00e4tzte Lesezeit\" \/>\n\t<meta name=\"twitter:data1\" content=\"4\u00a0Minuten\" \/>\n<script type=\"application\/ld+json\" class=\"yoast-schema-graph\">{\"@context\":\"https:\\\/\\\/schema.org\",\"@graph\":[{\"@type\":\"WebPage\",\"@id\":\"https:\\\/\\\/moodmedia.com\\\/de\\\/unternehmen\\\/karriere\\\/\",\"url\":\"https:\\\/\\\/moodmedia.com\\\/de\\\/unternehmen\\\/karriere\\\/\",\"name\":\"Karriere | Mood Media Deutschland\",\"isPartOf\":{\"@id\":\"https:\\\/\\\/moodmedia.com\\\/de\\\/#website\"},\"datePublished\":\"2016-07-21T14:46:29+00:00\",\"dateModified\":\"2024-03-13T11:11:53+00:00\",\"description\":\"Wir sind Musikexperten, digitale K\u00fcnstler, professionelle Branding-Berater und Kundenbetreuer. St\u00f6bern Sie in den neuesten Stellenangeboten von Mood Media.\",\"breadcrumb\":{\"@id\":\"https:\\\/\\\/moodmedia.com\\\/de\\\/unternehmen\\\/karriere\\\/#breadcrumb\"},\"inLanguage\":\"de\",\"potentialAction\":[{\"@type\":\"ReadAction\",\"target\":[\"https:\\\/\\\/moodmedia.com\\\/de\\\/unternehmen\\\/karriere\\\/\"]}]},{\"@type\":\"BreadcrumbList\",\"@id\":\"https:\\\/\\\/moodmedia.com\\\/de\\\/unternehmen\\\/karriere\\\/#breadcrumb\",\"itemListElement\":[{\"@type\":\"ListItem\",\"position\":1,\"name\":\"Home\",\"item\":\"https:\\\/\\\/moodmedia.com\\\/de\\\/\"},{\"@type\":\"ListItem\",\"position\":2,\"name\":\"Unternehmen\",\"item\":\"https:\\\/\\\/moodmedia.com\\\/de\\\/unternehmen\\\/\"},{\"@type\":\"ListItem\",\"position\":3,\"name\":\"Karriere\"}]},{\"@type\":\"WebSite\",\"@id\":\"https:\\\/\\\/moodmedia.com\\\/de\\\/#website\",\"url\":\"https:\\\/\\\/moodmedia.com\\\/de\\\/\",\"name\":\"Mood Media International\",\"description\":\"Experience. By Design\",\"publisher\":{\"@id\":\"https:\\\/\\\/moodmedia.com\\\/de\\\/#organization\"},\"potentialAction\":[{\"@type\":\"SearchAction\",\"target\":{\"@type\":\"EntryPoint\",\"urlTemplate\":\"https:\\\/\\\/moodmedia.com\\\/de\\\/?s={search_term_string}\"},\"query-input\":{\"@type\":\"PropertyValueSpecification\",\"valueRequired\":true,\"valueName\":\"search_term_string\"}}],\"inLanguage\":\"de\"},{\"@type\":\"Organization\",\"@id\":\"https:\\\/\\\/moodmedia.com\\\/de\\\/#organization\",\"name\":\"Mood Media\",\"url\":\"https:\\\/\\\/moodmedia.com\\\/de\\\/\",\"logo\":{\"@type\":\"ImageObject\",\"inLanguage\":\"de\",\"@id\":\"https:\\\/\\\/moodmedia.com\\\/de\\\/#\\\/schema\\\/logo\\\/image\\\/\",\"url\":\"https:\\\/\\\/moodmedia.com\\\/wp-content\\\/uploads\\\/2017\\\/10\\\/mood-media-logo-400.jpg\",\"contentUrl\":\"https:\\\/\\\/moodmedia.com\\\/wp-content\\\/uploads\\\/2017\\\/10\\\/mood-media-logo-400.jpg\",\"width\":400,\"height\":115,\"caption\":\"Mood Media\"},\"image\":{\"@id\":\"https:\\\/\\\/moodmedia.com\\\/de\\\/#\\\/schema\\\/logo\\\/image\\\/\"},\"sameAs\":[\"https:\\\/\\\/www.facebook.com\\\/moodmediauk\\\/\",\"https:\\\/\\\/x.com\\\/MoodMedia_UK\",\"https:\\\/\\\/www.linkedin.com\\\/company\\\/mood-media-uk\\\/\"]}]}<\/script>\n<!-- \/ Yoast SEO Premium plugin. -->","yoast_head_json":{"title":"Karriere | Mood Media Deutschland","description":"Wir sind Musikexperten, digitale K\u00fcnstler, professionelle Branding-Berater und Kundenbetreuer. St\u00f6bern Sie in den neuesten Stellenangeboten von Mood Media.","robots":{"index":"index","follow":"follow","max-snippet":"max-snippet:-1","max-image-preview":"max-image-preview:large","max-video-preview":"max-video-preview:-1"},"og_locale":"de_DE","og_type":"article","og_title":"Karriere","og_url":"https:\/\/moodmedia.com\/de\/unternehmen\/karriere\/","og_site_name":"Mood Media Deutschland","article_publisher":"https:\/\/www.facebook.com\/moodmediauk\/","article_modified_time":"2024-03-13T11:11:53+00:00","twitter_card":"summary_large_image","twitter_site":"@MoodMedia_UK","twitter_misc":{"Gesch\u00e4tzte Lesezeit":"4\u00a0Minuten"},"schema":{"@context":"https:\/\/schema.org","@graph":[{"@type":"WebPage","@id":"https:\/\/moodmedia.com\/de\/unternehmen\/karriere\/","url":"https:\/\/moodmedia.com\/de\/unternehmen\/karriere\/","name":"Karriere | Mood Media Deutschland","isPartOf":{"@id":"https:\/\/moodmedia.com\/de\/#website"},"datePublished":"2016-07-21T14:46:29+00:00","dateModified":"2024-03-13T11:11:53+00:00","description":"Wir sind Musikexperten, digitale K\u00fcnstler, professionelle Branding-Berater und Kundenbetreuer. St\u00f6bern Sie in den neuesten Stellenangeboten von Mood Media.","breadcrumb":{"@id":"https:\/\/moodmedia.com\/de\/unternehmen\/karriere\/#breadcrumb"},"inLanguage":"de","potentialAction":[{"@type":"ReadAction","target":["https:\/\/moodmedia.com\/de\/unternehmen\/karriere\/"]}]},{"@type":"BreadcrumbList","@id":"https:\/\/moodmedia.com\/de\/unternehmen\/karriere\/#breadcrumb","itemListElement":[{"@type":"ListItem","position":1,"name":"Home","item":"https:\/\/moodmedia.com\/de\/"},{"@type":"ListItem","position":2,"name":"Unternehmen","item":"https:\/\/moodmedia.com\/de\/unternehmen\/"},{"@type":"ListItem","position":3,"name":"Karriere"}]},{"@type":"WebSite","@id":"https:\/\/moodmedia.com\/de\/#website","url":"https:\/\/moodmedia.com\/de\/","name":"Mood Media International","description":"Experience. By Design","publisher":{"@id":"https:\/\/moodmedia.com\/de\/#organization"},"potentialAction":[{"@type":"SearchAction","target":{"@type":"EntryPoint","urlTemplate":"https:\/\/moodmedia.com\/de\/?s={search_term_string}"},"query-input":{"@type":"PropertyValueSpecification","valueRequired":true,"valueName":"search_term_string"}}],"inLanguage":"de"},{"@type":"Organization","@id":"https:\/\/moodmedia.com\/de\/#organization","name":"Mood Media","url":"https:\/\/moodmedia.com\/de\/","logo":{"@type":"ImageObject","inLanguage":"de","@id":"https:\/\/moodmedia.com\/de\/#\/schema\/logo\/image\/","url":"https:\/\/moodmedia.com\/wp-content\/uploads\/2017\/10\/mood-media-logo-400.jpg","contentUrl":"https:\/\/moodmedia.com\/wp-content\/uploads\/2017\/10\/mood-media-logo-400.jpg","width":400,"height":115,"caption":"Mood Media"},"image":{"@id":"https:\/\/moodmedia.com\/de\/#\/schema\/logo\/image\/"},"sameAs":["https:\/\/www.facebook.com\/moodmediauk\/","https:\/\/x.com\/MoodMedia_UK","https:\/\/www.linkedin.com\/company\/mood-media-uk\/"]}]}},"_links":{"self":[{"href":"https:\/\/moodmedia.com\/de\/wp-json\/wp\/v2\/pages\/48997","targetHints":{"allow":["GET"]}}],"collection":[{"href":"https:\/\/moodmedia.com\/de\/wp-json\/wp\/v2\/pages"}],"about":[{"href":"https:\/\/moodmedia.com\/de\/wp-json\/wp\/v2\/types\/page"}],"author":[{"embeddable":true,"href":"https:\/\/moodmedia.com\/de\/wp-json\/wp\/v2\/users\/1"}],"replies":[{"embeddable":true,"href":"https:\/\/moodmedia.com\/de\/wp-json\/wp\/v2\/comments?post=48997"}],"version-history":[{"count":0,"href":"https:\/\/moodmedia.com\/de\/wp-json\/wp\/v2\/pages\/48997\/revisions"}],"up":[{"embeddable":true,"href":"https:\/\/moodmedia.com\/de\/wp-json\/wp\/v2\/pages\/49014"}],"wp:attachment":[{"href":"https:\/\/moodmedia.com\/de\/wp-json\/wp\/v2\/media?parent=48997"}],"curies":[{"name":"wp","href":"https:\/\/api.w.org\/{rel}","templated":true}]}}