{"id":88228,"date":"2021-09-16T10:17:54","date_gmt":"2021-09-16T09:17:54","guid":{"rendered":"https:\/\/moodmedia.com\/unternehmen\/cookie-erklaerung\/"},"modified":"2025-06-23T15:04:14","modified_gmt":"2025-06-23T14:04:14","slug":"cookie-erklaerung","status":"publish","type":"page","link":"https:\/\/moodmedia.com\/de\/unternehmen\/cookie-erklaerung\/","title":{"rendered":"Cookie-Erkl\u00e4rung"},"content":{"rendered":"<p>[et_pb_section fb_built=&#8220;1&#8243; admin_label=&#8220;section&#8220; _builder_version=&#8220;4.16&#8243; global_colors_info=&#8220;{}&#8220;][et_pb_row admin_label=&#8220;row&#8220; _builder_version=&#8220;4.16&#8243; background_size=&#8220;initial&#8220; background_position=&#8220;top_left&#8220; background_repeat=&#8220;repeat&#8220; global_colors_info=&#8220;{}&#8220;][et_pb_column type=&#8220;4_4&#8243; _builder_version=&#8220;4.16&#8243; custom_padding=&#8220;|||&#8220; global_colors_info=&#8220;{}&#8220; custom_padding__hover=&#8220;|||&#8220;][et_pb_text _builder_version=&#8220;4.27.0&#8243; hover_enabled=&#8220;0&#8243; global_colors_info=&#8220;{}&#8220; sticky_enabled=&#8220;0&#8243;]<\/p>\n<h1>Cookie-Erkl\u00e4rung<\/h1>\n<p>Diese Erkl\u00e4rung (die &#8222;<strong>Cookie-Erkl\u00e4rung<\/strong>&#8222;) informiert Sie \u00fcber unsere Richtlinien in Bezug auf den Einsatz von Cookies und \u00e4hnlichen Systemen, wenn Sie <a href=\"https:\/\/moodmedia.com\/\">moodmedia.com<\/a> (im Folgenden als &#8222;<strong>Webseite<\/strong>&#8220; bezeichnet) besuchen, sowie \u00fcber die Wahlm\u00f6glichkeiten, die Sie im Zusammenhang mit diesen Technologien haben. Die Webseite verwendet Cookies und \u00e4hnliche Technologien, um die Benutzerfreundlichkeit zu verbessern und das reibungslose Funktionieren der Webseite zu gew\u00e4hrleisten.<\/p>\n<p>Die Website wird gemeinsam betrieben von Mood Media Corporation und ihren Tochtergesellschaften und verbundenen Unternehmen auf der ganzen Welt (zusammen &#8222;Mood Media&#8220;; auch als &#8222;wir&#8220; oder &#8222;uns&#8220; bezeichnet). Mood MediaDie Tochtergesellschaften und verbundenen Unternehmen der Corporation sind im Abschnitt &#8222;Mood Media Unternehmen&#8220; der <a href=\"https:\/\/moodmedia.com\/de\/unternehmen\/datenschutzerklarung\/\">Datenschutzrichtlinie<\/a> aufgef\u00fchrt. <\/p>\n<p><strong>1. Was sind Cookies?<\/strong><\/p>\n<p>Cookies sind kleine Textdateien, die von Websites, die Sie besuchen, auf Ihrem Computer oder Ger\u00e4t gespeichert werden. Sie werden h\u00e4ufig verwendet, um Websites funktionsf\u00e4hig zu machen oder effizienter zu gestalten und um den Eigent\u00fcmern der Website Informationen zur Verf\u00fcgung zu stellen. <\/p>\n<p><strong>2. Wie verwenden wir Cookies?<\/strong><\/p>\n<p>Wir verwenden Cookies f\u00fcr eine Reihe von Aufgaben. Sie erm\u00f6glichen es Ihnen, effektiv zwischen den Seiten zu wechseln, Ihre Pr\u00e4ferenzen aufzuzeichnen und zu speichern und allgemein Ihr Online-Erlebnis zu verbessern. Sie k\u00f6nnen auch dazu beitragen, dass die Werbung, die Sie online sehen, f\u00fcr Sie relevanter ist.<br \/>Wenn Sie unsere Website besuchen, k\u00f6nnen wir diese Technologien einsetzen, um einen Online-Service anzubieten, der besser auf das Ger\u00e4t abgestimmt ist, mit dem Sie unsere Website besuchen. Wenn Sie unsere Website besuchen, sammeln wir Informationen \u00fcber Ihre Nutzung der Website, wie z.B. Informationen \u00fcber das Ger\u00e4t oder den Browser, mit dem Sie auf die Website zugreifen, die Art und Weise, wie Sie mit der Website interagieren, und die IP-Adresse, von der aus Ihr Ger\u00e4t eine Verbindung herstellt. Es kann sein, dass Sie einige Aktivit\u00e4ten innerhalb unserer sicheren Online-Dienste nicht initiieren oder abschlie\u00dfen k\u00f6nnen, wenn diese Cookies oder \u00e4hnliche Technologien nicht installiert sind.    <\/p>\n<p><strong>3. Welche Art von Cookies verwenden wir?<\/strong><\/p>\n<p>3.1 Erstanbieter-Cookies und Drittanbieter-Cookies<\/p>\n<p>Cookies von Erstanbietern sind Cookies, die von der Website, die Sie besuchen, gesetzt werden. Nur diese Website kann sie lesen. Dar\u00fcber hinaus kann eine Website m\u00f6glicherweise externe Dienste nutzen, die ebenfalls ihre eigenen Cookies setzen, die so genannten Drittanbieter-Cookies. Dienste von Drittanbietern befinden sich au\u00dferhalb der Kontrolle von Mood Media. Die Anbieter k\u00f6nnen jederzeit ihre Nutzungsbedingungen, den Zweck und die Verwendung von Cookies usw. \u00e4ndern.    <\/p>\n<p>3.2 Sitzungscookies vs. dauerhafte Cookies<\/p>\n<p>Einige der Cookies sind &#8222;Sitzungscookies&#8220;, die nur f\u00fcr die Dauer Ihrer Browsersitzung bleiben und gel\u00f6scht werden, wenn Sie Ihren Webbrowser beenden. Sitzungs-Cookies bleiben nur so lange bestehen wie Ihre Online-Sitzung. Das bedeutet, dass sie von Ihrem Computer oder Ger\u00e4t verschwinden, wenn Sie Ihren Browser schlie\u00dfen. Sie werden daher manchmal auch als tempor\u00e4re Cookies bezeichnet. Andere sind &#8222;dauerhafte Cookies&#8220;, die f\u00fcr eine gewisse Zeit auf Ihrem Ger\u00e4t oder Computer verbleiben, nachdem Sie Ihren Webbrowser geschlossen haben. Diese Cookies werden manchmal auch als permanente Cookies bezeichnet.     <\/p>\n<p>Im Einzelnen verwenden wir die unten genannten Cookies f\u00fcr die folgenden Zwecke:<\/p>\n<ul>\n<li>Streng notwendige Cookies<\/li>\n<li>Funktionelle Cookies<\/li>\n<li>Analytische\/Leistungs-Cookies<\/li>\n<li>Werbe-Cookies<\/li>\n<\/ul>\n<p><strong>Strictly Necessary Cookies<\/strong> sind f\u00fcr den Betrieb der Website unerl\u00e4sslich. Ohne die Verwendung dieser Cookies k\u00f6nnen Sie m\u00f6glicherweise einige Funktionen der Website nicht nutzen. Diese Cookies sind f\u00fcr das Funktionieren der Website erforderlich und k\u00f6nnen in unseren Systemen nicht abgeschaltet werden. Diese Cookies speichern keine pers\u00f6nlich identifizierbaren Informationen.   <\/p>\n<p><strong>Funktionale Cookies<\/strong>: Diese Cookies erm\u00f6glichen es der Website, verbesserte Funktionalit\u00e4t und Personalisierung zu bieten. Funktionale Cookies werden verwendet, um sich an die Pr\u00e4ferenzen des Benutzers zu erinnern, damit die Website f\u00fcr ihn angepasst werden kann. Wenn Sie diese Cookies nicht zulassen, kann es sein, dass einige oder alle dieser Dienste nicht richtig funktionieren.  <\/p>\n<p><strong>Analytische\/Leistungs-Cookies<\/strong>: Diese Cookies erm\u00f6glichen es uns, Besuche und Verkehrsquellen zu z\u00e4hlen, so dass wir die Leistung unserer Website messen und verbessern k\u00f6nnen. Sie helfen uns zu wissen, welche Seiten am beliebtesten und am unbeliebtesten sind und wie sich die Besucher auf der Website bewegen. Alle Informationen, die diese Cookies sammeln, sind aggregiert und daher anonym. Wenn Sie diese Cookies nicht zulassen, werden wir nicht wissen, wann Sie unsere Website besucht haben.   <\/p>\n<p><strong>Targeting\/Werbung Cookies<\/strong>: Targeting- oder Werbe-Cookies werden verwendet, um Werbung auf die Interessen der Nutzer abzustimmen, basierend auf fr\u00fcheren Web-Browsing-Aktivit\u00e4ten. Sie k\u00f6nnen jedoch nicht feststellen, wer Sie sind, da die gesammelten Daten niemals mit Ihrem Profil verkn\u00fcpft werden. <\/p>\n<p>Nachstehend finden Sie eine Liste der Cookies, die wir auf dieser Webseite verwenden.<\/p>\n<p><script type=\"text\/javascript\" charset=\"UTF-8\" data-cookiescriptreport=\"report\" src=\"\/\/report.cookie-script.com\/r\/c404afde4de531b074caf2568b255dc7.js\"><\/script><\/p>\n<p><strong>4. Wie k\u00f6nnen Sie Cookies verwalten?<\/strong><\/p>\n<p>Jedes Mal, wenn Sie unsere Website besuchen, werden Sie aufgefordert, Cookies zu akzeptieren, abzulehnen oder die Einstellungen zu verwalten.<br \/>Die auf unserer Website verwendeten Cookies k\u00f6nnen \u00fcber unser Zustimmungstool oder durch Deaktivierung der Cookies \u00fcber Ihren Browser wie folgt aktiviert oder deaktiviert werden:<\/p>\n<p>4.1. Werkzeug f\u00fcr die Zustimmung<\/p>\n<p>Mit der Cookie-Zustimmungsfunktion k\u00f6nnen Sie Ihre Cookie-Einstellungen anpassen. Das Tool zeichnet auf, wenn Sie unserer Cookie-Erkl\u00e4rung zugestimmt haben. Sie k\u00f6nnen Ihre Pr\u00e4ferenzen \u00e4ndern und Ihre Cookie-Zustimmung jederzeit widerrufen, indem Sie auf das Cookie-Symbol in der linken unteren Ecke unserer Website gehen und auf <em>Zustimmung verwalten<\/em> klicken. Streng notwendige Cookies k\u00f6nnen nicht deaktiviert werden, und das Tool kann auch nicht verwendet werden, um Cookies auf Webseiten von Dritten zu blockieren, die von unserer Webseite aus verlinkt sind.<\/p>\n<p>4.2. Verwendung Ihres Browsers<\/p>\n<p>Bei den meisten Browsern k\u00f6nnen Sie Cookies ablehnen, annehmen und l\u00f6schen. Die Methoden daf\u00fcr variieren von Browser zu Browser und von Version zu Version. Sie k\u00f6nnen jedoch \u00fcber diese Links aktuelle Informationen \u00fcber das Blockieren und L\u00f6schen von Cookies erhalten:  <\/p>\n<ul>\n<li><a href=\"https:\/\/support.google.com\/chrome\/answer\/95647?hl=en\">Chrome<\/a><\/li>\n<li><a href=\"https:\/\/privacy.microsoft.com\/en-us\/windows-10-microsoft-edge-and-privacy\">Edge<\/a><\/li>\n<li><a href=\"https:\/\/support.mozilla.org\/en-US\/kb\/cookies-information-websites-store-on-your-computer\">Firefox<\/a><\/li>\n<li><a href=\"https:\/\/support.microsoft.com\/en-gb\/help\/17442\/windows-internet-explorer-delete-manage-cookies\">Internet Explorer<\/a><\/li>\n<li><a href=\"https:\/\/www.opera.com\/case-studies\/clean-browser-and-remove-trackers\">Opera<\/a><\/li>\n<li><a href=\"https:\/\/support.apple.com\/en-gb\/guide\/safari\/sfri11471\/mac\">Safari<\/a><\/li>\n<\/ul>\n<p>Beachten Sie jedoch, dass Sie auch einige gespeicherte Informationen verlieren k\u00f6nnen (z.B. gespeicherte Anmeldedaten, Website-Einstellungen). Das Blockieren aller Cookies hat negative Auswirkungen auf die Benutzerfreundlichkeit vieler Websites. Wenn Sie die Cookies blockieren, k\u00f6nnen Sie m\u00f6glicherweise nicht alle technischen Funktionen nutzen, die unsere Website zu bieten hat, und es kann sich negativ auf Ihre Benutzererfahrung auswirken.  <\/p>\n<p>Weitere Informationen \u00fcber die Verwaltung und L\u00f6schung von Cookies finden Sie unter <a href=\"https:\/\/www.allaboutcookies.org\/\"><strong> https:\/\/www.allaboutcookies.org\/<\/strong><\/a>.<\/p>\n<p><strong>5. Fragen?<\/strong><\/p>\n<p>F\u00fcr weitere Informationen wenden Sie sich bitte an unseren Datenschutzbeauftragten unter <a href=\"mailto:dpo@moodmedia.com\">dpo@moodmedia.com<\/a>.<\/p>\n<p><strong>6. \u00c4nderungen und Erg\u00e4nzungen zu dieser Cookie-Erkl\u00e4rung<\/strong><\/p>\n<p>Wir k\u00f6nnen diese Cookie-Richtlinie von Zeit zu Zeit aktualisieren, um z.B. \u00c4nderungen an den von uns verwendeten Cookies oder aus anderen betrieblichen, rechtlichen oder regulatorischen Gr\u00fcnden zu ber\u00fccksichtigen. Bitte lesen Sie daher diese Cookie-Richtlinie regelm\u00e4\u00dfig, um sich \u00fcber unsere Verwendung von Cookies und verwandten Technologien zu informieren. <\/p>\n<p>Das Datum am Ende dieser Cookie-Erkl\u00e4rung zeigt an, wann sie zuletzt aktualisiert wurde.<\/p>\n<p><em>Diese Erkl\u00e4rung ist ab dem 15. September 2021 g\u00fcltig.<\/em><\/p>\n<p>[\/et_pb_text][\/et_pb_column][\/et_pb_row][\/et_pb_section]<\/p>\n","protected":false},"excerpt":{"rendered":"<p>Cookie-Erkl\u00e4rung Diese Erkl\u00e4rung (die &#8222;Cookie-Erkl\u00e4rung&#8220;) informiert Sie \u00fcber unsere Richtlinien in Bezug auf den Einsatz von Cookies und \u00e4hnlichen Systemen, wenn Sie moodmedia.com (im Folgenden als &#8222;Webseite&#8220; bezeichnet) besuchen, sowie \u00fcber die Wahlm\u00f6glichkeiten, die Sie im Zusammenhang mit diesen Technologien haben. Die Webseite verwendet Cookies und \u00e4hnliche Technologien, um die Benutzerfreundlichkeit zu verbessern und das reibungslose Funktionieren der Webseite zu gew\u00e4hrleisten. Die Website wird gemeinsam betrieben von Mood Media Corporation und ihren Tochtergesellschaften und verbundenen Unternehmen auf der ganzen Welt (zusammen &#8222;Mood Media&#8220;; auch als &#8222;wir&#8220; oder &#8222;uns&#8220; bezeichnet). Mood MediaDie Tochtergesellschaften und verbundenen Unternehmen der Corporation sind im Abschnitt &#8222;Mood Media Unternehmen&#8220; der Datenschutzrichtlinie aufgef\u00fchrt. 1. Was sind Cookies? Cookies sind kleine Textdateien, die von Websites, die Sie besuchen, auf Ihrem Computer oder Ger\u00e4t gespeichert werden. Sie werden h\u00e4ufig verwendet, um Websites funktionsf\u00e4hig zu machen oder effizienter zu gestalten und um den Eigent\u00fcmern der Website Informationen zur Verf\u00fcgung zu stellen. 2. Wie verwenden wir Cookies? Wir verwenden Cookies f\u00fcr eine Reihe von Aufgaben. Sie erm\u00f6glichen es Ihnen, effektiv zwischen den Seiten zu wechseln, Ihre Pr\u00e4ferenzen aufzuzeichnen und zu speichern und allgemein Ihr Online-Erlebnis zu verbessern. Sie k\u00f6nnen auch dazu beitragen, dass die Werbung, die Sie online sehen, f\u00fcr Sie [&hellip;]<\/p>\n","protected":false},"author":9,"featured_media":0,"parent":49014,"menu_order":0,"comment_status":"closed","ping_status":"closed","template":"","meta":{"_et_pb_use_builder":"on","_et_pb_old_content":"","_et_gb_content_width":"","footnotes":""},"class_list":["post-88228","page","type-page","status-publish","hentry"],"yoast_head":"<!-- This site is optimized with the Yoast SEO Premium plugin v26.8 (Yoast SEO v27.4) - https:\/\/yoast.com\/product\/yoast-seo-premium-wordpress\/ -->\n<title>Cookie-Erkl\u00e4rung | Mood Media Deutschland<\/title>\n<meta name=\"description\" content=\"Ihre Privatsph\u00e4re ist sehr wichtig f\u00fcr Mood Media. Unsere Cookie-Richtlinie finden Sie hier.\" \/>\n<meta name=\"robots\" content=\"noindex, follow\" \/>\n<meta property=\"og:locale\" content=\"de_DE\" \/>\n<meta property=\"og:type\" content=\"article\" \/>\n<meta property=\"og:title\" content=\"Cookie-Erkl\u00e4rung\" \/>\n<meta property=\"og:url\" content=\"https:\/\/moodmedia.com\/de\/unternehmen\/cookie-erklaerung\/\" \/>\n<meta property=\"og:site_name\" content=\"Mood Media Deutschland\" \/>\n<meta property=\"article:publisher\" content=\"https:\/\/www.facebook.com\/moodmediauk\/\" \/>\n<meta property=\"article:modified_time\" content=\"2025-06-23T14:04:14+00:00\" \/>\n<meta name=\"twitter:card\" content=\"summary_large_image\" \/>\n<meta name=\"twitter:site\" content=\"@MoodMedia_UK\" \/>\n<meta name=\"twitter:label1\" content=\"Gesch\u00e4tzte Lesezeit\" \/>\n\t<meta name=\"twitter:data1\" content=\"6\u00a0Minuten\" \/>\n<script type=\"application\/ld+json\" class=\"yoast-schema-graph\">{\"@context\":\"https:\\\/\\\/schema.org\",\"@graph\":[{\"@type\":\"WebPage\",\"@id\":\"https:\\\/\\\/moodmedia.com\\\/de\\\/unternehmen\\\/cookie-erklaerung\\\/\",\"url\":\"https:\\\/\\\/moodmedia.com\\\/de\\\/unternehmen\\\/cookie-erklaerung\\\/\",\"name\":\"Cookie-Erkl\u00e4rung | Mood Media Deutschland\",\"isPartOf\":{\"@id\":\"https:\\\/\\\/moodmedia.com\\\/de\\\/#website\"},\"datePublished\":\"2021-09-16T09:17:54+00:00\",\"dateModified\":\"2025-06-23T14:04:14+00:00\",\"description\":\"Ihre Privatsph\u00e4re ist sehr wichtig f\u00fcr Mood Media. Unsere Cookie-Richtlinie finden Sie hier.\",\"breadcrumb\":{\"@id\":\"https:\\\/\\\/moodmedia.com\\\/de\\\/unternehmen\\\/cookie-erklaerung\\\/#breadcrumb\"},\"inLanguage\":\"de\",\"potentialAction\":[{\"@type\":\"ReadAction\",\"target\":[\"https:\\\/\\\/moodmedia.com\\\/de\\\/unternehmen\\\/cookie-erklaerung\\\/\"]}]},{\"@type\":\"BreadcrumbList\",\"@id\":\"https:\\\/\\\/moodmedia.com\\\/de\\\/unternehmen\\\/cookie-erklaerung\\\/#breadcrumb\",\"itemListElement\":[{\"@type\":\"ListItem\",\"position\":1,\"name\":\"Home\",\"item\":\"https:\\\/\\\/moodmedia.com\\\/de\\\/\"},{\"@type\":\"ListItem\",\"position\":2,\"name\":\"Unternehmen\",\"item\":\"https:\\\/\\\/moodmedia.com\\\/de\\\/unternehmen\\\/\"},{\"@type\":\"ListItem\",\"position\":3,\"name\":\"Cookie-Erkl\u00e4rung\"}]},{\"@type\":\"WebSite\",\"@id\":\"https:\\\/\\\/moodmedia.com\\\/de\\\/#website\",\"url\":\"https:\\\/\\\/moodmedia.com\\\/de\\\/\",\"name\":\"Mood Media International\",\"description\":\"Experience. By Design\",\"publisher\":{\"@id\":\"https:\\\/\\\/moodmedia.com\\\/de\\\/#organization\"},\"potentialAction\":[{\"@type\":\"SearchAction\",\"target\":{\"@type\":\"EntryPoint\",\"urlTemplate\":\"https:\\\/\\\/moodmedia.com\\\/de\\\/?s={search_term_string}\"},\"query-input\":{\"@type\":\"PropertyValueSpecification\",\"valueRequired\":true,\"valueName\":\"search_term_string\"}}],\"inLanguage\":\"de\"},{\"@type\":\"Organization\",\"@id\":\"https:\\\/\\\/moodmedia.com\\\/de\\\/#organization\",\"name\":\"Mood Media\",\"url\":\"https:\\\/\\\/moodmedia.com\\\/de\\\/\",\"logo\":{\"@type\":\"ImageObject\",\"inLanguage\":\"de\",\"@id\":\"https:\\\/\\\/moodmedia.com\\\/de\\\/#\\\/schema\\\/logo\\\/image\\\/\",\"url\":\"https:\\\/\\\/moodmedia.com\\\/wp-content\\\/uploads\\\/2017\\\/10\\\/mood-media-logo-400.jpg\",\"contentUrl\":\"https:\\\/\\\/moodmedia.com\\\/wp-content\\\/uploads\\\/2017\\\/10\\\/mood-media-logo-400.jpg\",\"width\":400,\"height\":115,\"caption\":\"Mood Media\"},\"image\":{\"@id\":\"https:\\\/\\\/moodmedia.com\\\/de\\\/#\\\/schema\\\/logo\\\/image\\\/\"},\"sameAs\":[\"https:\\\/\\\/www.facebook.com\\\/moodmediauk\\\/\",\"https:\\\/\\\/x.com\\\/MoodMedia_UK\",\"https:\\\/\\\/www.linkedin.com\\\/company\\\/mood-media-uk\\\/\"]}]}<\/script>\n<!-- \/ Yoast SEO Premium plugin. -->","yoast_head_json":{"title":"Cookie-Erkl\u00e4rung | Mood Media Deutschland","description":"Ihre Privatsph\u00e4re ist sehr wichtig f\u00fcr Mood Media. Unsere Cookie-Richtlinie finden Sie hier.","robots":{"index":"noindex","follow":"follow"},"og_locale":"de_DE","og_type":"article","og_title":"Cookie-Erkl\u00e4rung","og_url":"https:\/\/moodmedia.com\/de\/unternehmen\/cookie-erklaerung\/","og_site_name":"Mood Media Deutschland","article_publisher":"https:\/\/www.facebook.com\/moodmediauk\/","article_modified_time":"2025-06-23T14:04:14+00:00","twitter_card":"summary_large_image","twitter_site":"@MoodMedia_UK","twitter_misc":{"Gesch\u00e4tzte Lesezeit":"6\u00a0Minuten"},"schema":{"@context":"https:\/\/schema.org","@graph":[{"@type":"WebPage","@id":"https:\/\/moodmedia.com\/de\/unternehmen\/cookie-erklaerung\/","url":"https:\/\/moodmedia.com\/de\/unternehmen\/cookie-erklaerung\/","name":"Cookie-Erkl\u00e4rung | Mood Media Deutschland","isPartOf":{"@id":"https:\/\/moodmedia.com\/de\/#website"},"datePublished":"2021-09-16T09:17:54+00:00","dateModified":"2025-06-23T14:04:14+00:00","description":"Ihre Privatsph\u00e4re ist sehr wichtig f\u00fcr Mood Media. Unsere Cookie-Richtlinie finden Sie hier.","breadcrumb":{"@id":"https:\/\/moodmedia.com\/de\/unternehmen\/cookie-erklaerung\/#breadcrumb"},"inLanguage":"de","potentialAction":[{"@type":"ReadAction","target":["https:\/\/moodmedia.com\/de\/unternehmen\/cookie-erklaerung\/"]}]},{"@type":"BreadcrumbList","@id":"https:\/\/moodmedia.com\/de\/unternehmen\/cookie-erklaerung\/#breadcrumb","itemListElement":[{"@type":"ListItem","position":1,"name":"Home","item":"https:\/\/moodmedia.com\/de\/"},{"@type":"ListItem","position":2,"name":"Unternehmen","item":"https:\/\/moodmedia.com\/de\/unternehmen\/"},{"@type":"ListItem","position":3,"name":"Cookie-Erkl\u00e4rung"}]},{"@type":"WebSite","@id":"https:\/\/moodmedia.com\/de\/#website","url":"https:\/\/moodmedia.com\/de\/","name":"Mood Media International","description":"Experience. By Design","publisher":{"@id":"https:\/\/moodmedia.com\/de\/#organization"},"potentialAction":[{"@type":"SearchAction","target":{"@type":"EntryPoint","urlTemplate":"https:\/\/moodmedia.com\/de\/?s={search_term_string}"},"query-input":{"@type":"PropertyValueSpecification","valueRequired":true,"valueName":"search_term_string"}}],"inLanguage":"de"},{"@type":"Organization","@id":"https:\/\/moodmedia.com\/de\/#organization","name":"Mood Media","url":"https:\/\/moodmedia.com\/de\/","logo":{"@type":"ImageObject","inLanguage":"de","@id":"https:\/\/moodmedia.com\/de\/#\/schema\/logo\/image\/","url":"https:\/\/moodmedia.com\/wp-content\/uploads\/2017\/10\/mood-media-logo-400.jpg","contentUrl":"https:\/\/moodmedia.com\/wp-content\/uploads\/2017\/10\/mood-media-logo-400.jpg","width":400,"height":115,"caption":"Mood Media"},"image":{"@id":"https:\/\/moodmedia.com\/de\/#\/schema\/logo\/image\/"},"sameAs":["https:\/\/www.facebook.com\/moodmediauk\/","https:\/\/x.com\/MoodMedia_UK","https:\/\/www.linkedin.com\/company\/mood-media-uk\/"]}]}},"_links":{"self":[{"href":"https:\/\/moodmedia.com\/de\/wp-json\/wp\/v2\/pages\/88228","targetHints":{"allow":["GET"]}}],"collection":[{"href":"https:\/\/moodmedia.com\/de\/wp-json\/wp\/v2\/pages"}],"about":[{"href":"https:\/\/moodmedia.com\/de\/wp-json\/wp\/v2\/types\/page"}],"author":[{"embeddable":true,"href":"https:\/\/moodmedia.com\/de\/wp-json\/wp\/v2\/users\/9"}],"replies":[{"embeddable":true,"href":"https:\/\/moodmedia.com\/de\/wp-json\/wp\/v2\/comments?post=88228"}],"version-history":[{"count":0,"href":"https:\/\/moodmedia.com\/de\/wp-json\/wp\/v2\/pages\/88228\/revisions"}],"up":[{"embeddable":true,"href":"https:\/\/moodmedia.com\/de\/wp-json\/wp\/v2\/pages\/49014"}],"wp:attachment":[{"href":"https:\/\/moodmedia.com\/de\/wp-json\/wp\/v2\/media?parent=88228"}],"curies":[{"name":"wp","href":"https:\/\/api.w.org\/{rel}","templated":true}]}}