{"id":2372805,"date":"2023-04-14T20:18:59","date_gmt":"2023-04-14T19:18:59","guid":{"rendered":"https:\/\/moodmedia.com\/franchiser\/"},"modified":"2023-04-14T20:18:59","modified_gmt":"2023-04-14T19:18:59","slug":"franchiser","status":"publish","type":"page","link":"https:\/\/moodmedia.com\/en\/franchiser\/","title":{"rendered":"Franchiser"},"content":{"rendered":"","protected":false},"excerpt":{"rendered":"<p>Skapa en enhetlig och exceptionell kundupplevelse i hela din verksamhet med hj\u00e4lp av marknadsf\u00f6ringsl\u00f6sningar f\u00f6r franchisef\u00f6retag fr\u00e5n Mood Media. Vi levererar innovativa upplevelsem\u00e4ssiga mediel\u00f6sningar till v\u00e4rldens ledande franchisevarum\u00e4rken.<\/p>\n","protected":false},"author":2,"featured_media":0,"parent":0,"menu_order":0,"comment_status":"closed","ping_status":"closed","template":"","meta":{"_et_pb_use_builder":"","_et_pb_old_content":"","_et_gb_content_width":"","footnotes":""},"class_list":["post-2372805","page","type-page","status-publish","hentry"],"yoast_head":"<!-- This site is optimized with the Yoast SEO Premium plugin v26.8 (Yoast SEO v27.2) - https:\/\/yoast.com\/product\/yoast-seo-premium-wordpress\/ -->\n<title>Franchiser | Mood Media International<\/title>\n<meta name=\"description\" content=\"Skapa en enhetlig och exceptionell kundupplevelse i hela din verksamhet med hj\u00e4lp av marknadsf\u00f6ringsl\u00f6sningar f\u00f6r franchisef\u00f6retag fr\u00e5n Mood Media. Vi levererar innovativa upplevelsem\u00e4ssiga mediel\u00f6sningar till v\u00e4rldens ledande franchisevarum\u00e4rken.\" \/>\n<meta name=\"robots\" content=\"index, follow, max-snippet:-1, max-image-preview:large, max-video-preview:-1\" \/>\n<meta property=\"og:locale\" content=\"en_US\" \/>\n<meta property=\"og:type\" content=\"article\" \/>\n<meta property=\"og:title\" content=\"Franchiser\" \/>\n<meta property=\"og:description\" content=\"Skapa en enhetlig och exceptionell kundupplevelse i hela din verksamhet med hj\u00e4lp av marknadsf\u00f6ringsl\u00f6sningar f\u00f6r franchisef\u00f6retag fr\u00e5n Mood Media. Vi levererar innovativa upplevelsem\u00e4ssiga mediel\u00f6sningar till v\u00e4rldens ledande franchisevarum\u00e4rken.\" \/>\n<meta property=\"og:url\" content=\"https:\/\/moodmedia.com\/en\/franchiser\/\" \/>\n<meta property=\"og:site_name\" content=\"Mood Media International\" \/>\n<meta property=\"article:publisher\" content=\"https:\/\/www.facebook.com\/moodmediauk\/\" \/>\n<meta name=\"twitter:card\" content=\"summary_large_image\" \/>\n<meta name=\"twitter:site\" content=\"@MoodMedia_UK\" \/>\n<script type=\"application\/ld+json\" class=\"yoast-schema-graph\">{\"@context\":\"https:\/\/schema.org\",\"@graph\":[{\"@type\":\"WebPage\",\"@id\":\"https:\/\/moodmedia.com\/en\/franchiser\/\",\"url\":\"https:\/\/moodmedia.com\/en\/franchiser\/\",\"name\":\"Franchiser | Mood Media International\",\"isPartOf\":{\"@id\":\"https:\/\/moodmedia.com\/en\/#website\"},\"datePublished\":\"2023-04-14T19:18:59+00:00\",\"description\":\"Skapa en enhetlig och exceptionell kundupplevelse i hela din verksamhet med hj\u00e4lp av marknadsf\u00f6ringsl\u00f6sningar f\u00f6r franchisef\u00f6retag fr\u00e5n Mood Media. Vi levererar innovativa upplevelsem\u00e4ssiga mediel\u00f6sningar till v\u00e4rldens ledande franchisevarum\u00e4rken.\",\"breadcrumb\":{\"@id\":\"https:\/\/moodmedia.com\/en\/franchiser\/#breadcrumb\"},\"inLanguage\":\"en-ZA\",\"potentialAction\":[{\"@type\":\"ReadAction\",\"target\":[\"https:\/\/moodmedia.com\/en\/franchiser\/\"]}]},{\"@type\":\"BreadcrumbList\",\"@id\":\"https:\/\/moodmedia.com\/en\/franchiser\/#breadcrumb\",\"itemListElement\":[{\"@type\":\"ListItem\",\"position\":1,\"name\":\"Home\",\"item\":\"https:\/\/moodmedia.com\/en\/\"},{\"@type\":\"ListItem\",\"position\":2,\"name\":\"Franchiser\"}]},{\"@type\":\"WebSite\",\"@id\":\"https:\/\/moodmedia.com\/en\/#website\",\"url\":\"https:\/\/moodmedia.com\/en\/\",\"name\":\"Mood Media International\",\"description\":\"Connecting people and brands to shape perceptions, influence behaviours and prove business results.\",\"publisher\":{\"@id\":\"https:\/\/moodmedia.com\/en\/#organization\"},\"potentialAction\":[{\"@type\":\"SearchAction\",\"target\":{\"@type\":\"EntryPoint\",\"urlTemplate\":\"https:\/\/moodmedia.com\/en\/?s={search_term_string}\"},\"query-input\":{\"@type\":\"PropertyValueSpecification\",\"valueRequired\":true,\"valueName\":\"search_term_string\"}}],\"inLanguage\":\"en-ZA\"},{\"@type\":\"Organization\",\"@id\":\"https:\/\/moodmedia.com\/en\/#organization\",\"name\":\"Mood Media\",\"url\":\"https:\/\/moodmedia.com\/en\/\",\"logo\":{\"@type\":\"ImageObject\",\"inLanguage\":\"en-ZA\",\"@id\":\"https:\/\/moodmedia.com\/en\/#\/schema\/logo\/image\/\",\"url\":\"https:\/\/moodmedia.com\/wp-content\/uploads\/2017\/10\/mood-media-logo-400.jpg\",\"contentUrl\":\"https:\/\/moodmedia.com\/wp-content\/uploads\/2017\/10\/mood-media-logo-400.jpg\",\"width\":400,\"height\":115,\"caption\":\"Mood Media\"},\"image\":{\"@id\":\"https:\/\/moodmedia.com\/en\/#\/schema\/logo\/image\/\"},\"sameAs\":[\"https:\/\/www.facebook.com\/moodmediauk\/\",\"https:\/\/x.com\/MoodMedia_UK\",\"https:\/\/www.linkedin.com\/company\/mood-media-uk\/\"]}]}<\/script>\n<!-- \/ Yoast SEO Premium plugin. -->","yoast_head_json":{"title":"Franchiser | Mood Media International","description":"Skapa en enhetlig och exceptionell kundupplevelse i hela din verksamhet med hj\u00e4lp av marknadsf\u00f6ringsl\u00f6sningar f\u00f6r franchisef\u00f6retag fr\u00e5n Mood Media. Vi levererar innovativa upplevelsem\u00e4ssiga mediel\u00f6sningar till v\u00e4rldens ledande franchisevarum\u00e4rken.","robots":{"index":"index","follow":"follow","max-snippet":"max-snippet:-1","max-image-preview":"max-image-preview:large","max-video-preview":"max-video-preview:-1"},"og_locale":"en_US","og_type":"article","og_title":"Franchiser","og_description":"Skapa en enhetlig och exceptionell kundupplevelse i hela din verksamhet med hj\u00e4lp av marknadsf\u00f6ringsl\u00f6sningar f\u00f6r franchisef\u00f6retag fr\u00e5n Mood Media. Vi levererar innovativa upplevelsem\u00e4ssiga mediel\u00f6sningar till v\u00e4rldens ledande franchisevarum\u00e4rken.","og_url":"https:\/\/moodmedia.com\/en\/franchiser\/","og_site_name":"Mood Media International","article_publisher":"https:\/\/www.facebook.com\/moodmediauk\/","twitter_card":"summary_large_image","twitter_site":"@MoodMedia_UK","schema":{"@context":"https:\/\/schema.org","@graph":[{"@type":"WebPage","@id":"https:\/\/moodmedia.com\/en\/franchiser\/","url":"https:\/\/moodmedia.com\/en\/franchiser\/","name":"Franchiser | Mood Media International","isPartOf":{"@id":"https:\/\/moodmedia.com\/en\/#website"},"datePublished":"2023-04-14T19:18:59+00:00","description":"Skapa en enhetlig och exceptionell kundupplevelse i hela din verksamhet med hj\u00e4lp av marknadsf\u00f6ringsl\u00f6sningar f\u00f6r franchisef\u00f6retag fr\u00e5n Mood Media. Vi levererar innovativa upplevelsem\u00e4ssiga mediel\u00f6sningar till v\u00e4rldens ledande franchisevarum\u00e4rken.","breadcrumb":{"@id":"https:\/\/moodmedia.com\/en\/franchiser\/#breadcrumb"},"inLanguage":"en-ZA","potentialAction":[{"@type":"ReadAction","target":["https:\/\/moodmedia.com\/en\/franchiser\/"]}]},{"@type":"BreadcrumbList","@id":"https:\/\/moodmedia.com\/en\/franchiser\/#breadcrumb","itemListElement":[{"@type":"ListItem","position":1,"name":"Home","item":"https:\/\/moodmedia.com\/en\/"},{"@type":"ListItem","position":2,"name":"Franchiser"}]},{"@type":"WebSite","@id":"https:\/\/moodmedia.com\/en\/#website","url":"https:\/\/moodmedia.com\/en\/","name":"Mood Media International","description":"Connecting people and brands to shape perceptions, influence behaviours and prove business results.","publisher":{"@id":"https:\/\/moodmedia.com\/en\/#organization"},"potentialAction":[{"@type":"SearchAction","target":{"@type":"EntryPoint","urlTemplate":"https:\/\/moodmedia.com\/en\/?s={search_term_string}"},"query-input":{"@type":"PropertyValueSpecification","valueRequired":true,"valueName":"search_term_string"}}],"inLanguage":"en-ZA"},{"@type":"Organization","@id":"https:\/\/moodmedia.com\/en\/#organization","name":"Mood Media","url":"https:\/\/moodmedia.com\/en\/","logo":{"@type":"ImageObject","inLanguage":"en-ZA","@id":"https:\/\/moodmedia.com\/en\/#\/schema\/logo\/image\/","url":"https:\/\/moodmedia.com\/wp-content\/uploads\/2017\/10\/mood-media-logo-400.jpg","contentUrl":"https:\/\/moodmedia.com\/wp-content\/uploads\/2017\/10\/mood-media-logo-400.jpg","width":400,"height":115,"caption":"Mood Media"},"image":{"@id":"https:\/\/moodmedia.com\/en\/#\/schema\/logo\/image\/"},"sameAs":["https:\/\/www.facebook.com\/moodmediauk\/","https:\/\/x.com\/MoodMedia_UK","https:\/\/www.linkedin.com\/company\/mood-media-uk\/"]}]}},"_links":{"self":[{"href":"https:\/\/moodmedia.com\/en\/wp-json\/wp\/v2\/pages\/2372805","targetHints":{"allow":["GET"]}}],"collection":[{"href":"https:\/\/moodmedia.com\/en\/wp-json\/wp\/v2\/pages"}],"about":[{"href":"https:\/\/moodmedia.com\/en\/wp-json\/wp\/v2\/types\/page"}],"author":[{"embeddable":true,"href":"https:\/\/moodmedia.com\/en\/wp-json\/wp\/v2\/users\/2"}],"replies":[{"embeddable":true,"href":"https:\/\/moodmedia.com\/en\/wp-json\/wp\/v2\/comments?post=2372805"}],"version-history":[{"count":0,"href":"https:\/\/moodmedia.com\/en\/wp-json\/wp\/v2\/pages\/2372805\/revisions"}],"wp:attachment":[{"href":"https:\/\/moodmedia.com\/en\/wp-json\/wp\/v2\/media?parent=2372805"}],"curies":[{"name":"wp","href":"https:\/\/api.w.org\/{rel}","templated":true}]}}