{"id":2436724,"date":"2026-01-19T17:10:44","date_gmt":"2026-01-19T17:10:44","guid":{"rendered":"https:\/\/moodmedia.com\/etudes-de-cas\/intertoys\/"},"modified":"2026-01-19T17:10:44","modified_gmt":"2026-01-19T17:10:44","slug":"intertoys","status":"publish","type":"page","link":"https:\/\/moodmedia.com\/en\/etudes-de-cas\/intertoys\/","title":{"rendered":"Intertoys"},"content":{"rendered":"","protected":false},"excerpt":{"rendered":"<p>Explorez l&#8217;exp\u00e9rience de vente au d\u00e9tail de Phygital et d\u00e9couvrez comment elle associe les achats num\u00e9riques et physiques pour un parcours client sans faille.<\/p>\n","protected":false},"author":2,"featured_media":0,"parent":120081,"menu_order":0,"comment_status":"closed","ping_status":"closed","template":"","meta":{"_et_pb_use_builder":"on","_et_pb_old_content":"","_et_gb_content_width":"","footnotes":""},"class_list":["post-2436724","page","type-page","status-publish","hentry"],"yoast_head":"<!-- This site is optimized with the Yoast SEO Premium plugin v26.8 (Yoast SEO v27.3) - https:\/\/yoast.com\/product\/yoast-seo-premium-wordpress\/ -->\n<title>\u00c9tude de cas Phygital Retail : Intertoys &amp; MOOD MEDIA<\/title>\n<meta name=\"description\" content=\"Explorez l&#039;exp\u00e9rience de vente au d\u00e9tail de Phygital et d\u00e9couvrez comment elle associe les achats num\u00e9riques et physiques pour un parcours client sans faille.\" \/>\n<meta name=\"robots\" content=\"index, follow, max-snippet:-1, max-image-preview:large, max-video-preview:-1\" \/>\n<meta property=\"og:locale\" content=\"en_US\" \/>\n<meta property=\"og:type\" content=\"article\" \/>\n<meta property=\"og:title\" content=\"Intertoys\" \/>\n<meta property=\"og:description\" content=\"Explorez l&#039;exp\u00e9rience de vente au d\u00e9tail de Phygital et d\u00e9couvrez comment elle associe les achats num\u00e9riques et physiques pour un parcours client sans faille.\" \/>\n<meta property=\"og:url\" content=\"https:\/\/moodmedia.com\/en\/etudes-de-cas\/intertoys\/\" \/>\n<meta property=\"og:site_name\" content=\"Mood Media International\" \/>\n<meta property=\"article:publisher\" content=\"https:\/\/www.facebook.com\/moodmediauk\/\" \/>\n<meta name=\"twitter:card\" content=\"summary_large_image\" \/>\n<meta name=\"twitter:site\" content=\"@MoodMedia_UK\" \/>\n<script type=\"application\/ld+json\" class=\"yoast-schema-graph\">{\"@context\":\"https:\\\/\\\/schema.org\",\"@graph\":[{\"@type\":\"WebPage\",\"@id\":\"https:\\\/\\\/moodmedia.com\\\/en\\\/etudes-de-cas\\\/intertoys\\\/\",\"url\":\"https:\\\/\\\/moodmedia.com\\\/en\\\/etudes-de-cas\\\/intertoys\\\/\",\"name\":\"\u00c9tude de cas Phygital Retail : Intertoys & MOOD MEDIA\",\"isPartOf\":{\"@id\":\"https:\\\/\\\/moodmedia.com\\\/en\\\/#website\"},\"datePublished\":\"2026-01-19T17:10:44+00:00\",\"description\":\"Explorez l'exp\u00e9rience de vente au d\u00e9tail de Phygital et d\u00e9couvrez comment elle associe les achats num\u00e9riques et physiques pour un parcours client sans faille.\",\"breadcrumb\":{\"@id\":\"https:\\\/\\\/moodmedia.com\\\/en\\\/etudes-de-cas\\\/intertoys\\\/#breadcrumb\"},\"inLanguage\":\"en-ZA\",\"potentialAction\":[{\"@type\":\"ReadAction\",\"target\":[\"https:\\\/\\\/moodmedia.com\\\/en\\\/etudes-de-cas\\\/intertoys\\\/\"]}]},{\"@type\":\"BreadcrumbList\",\"@id\":\"https:\\\/\\\/moodmedia.com\\\/en\\\/etudes-de-cas\\\/intertoys\\\/#breadcrumb\",\"itemListElement\":[{\"@type\":\"ListItem\",\"position\":1,\"name\":\"Home\",\"item\":\"https:\\\/\\\/moodmedia.com\\\/en\\\/\"},{\"@type\":\"ListItem\",\"position\":2,\"name\":\"\u00c9tudes de cas\",\"item\":\"https:\\\/\\\/moodmedia.com\\\/en\\\/etudes-de-cas\\\/\"},{\"@type\":\"ListItem\",\"position\":3,\"name\":\"Intertoys\"}]},{\"@type\":\"WebSite\",\"@id\":\"https:\\\/\\\/moodmedia.com\\\/en\\\/#website\",\"url\":\"https:\\\/\\\/moodmedia.com\\\/en\\\/\",\"name\":\"Mood Media International\",\"description\":\"Connecting people and brands to shape perceptions, influence behaviours and prove business results.\",\"publisher\":{\"@id\":\"https:\\\/\\\/moodmedia.com\\\/en\\\/#organization\"},\"potentialAction\":[{\"@type\":\"SearchAction\",\"target\":{\"@type\":\"EntryPoint\",\"urlTemplate\":\"https:\\\/\\\/moodmedia.com\\\/en\\\/?s={search_term_string}\"},\"query-input\":{\"@type\":\"PropertyValueSpecification\",\"valueRequired\":true,\"valueName\":\"search_term_string\"}}],\"inLanguage\":\"en-ZA\"},{\"@type\":\"Organization\",\"@id\":\"https:\\\/\\\/moodmedia.com\\\/en\\\/#organization\",\"name\":\"Mood Media\",\"url\":\"https:\\\/\\\/moodmedia.com\\\/en\\\/\",\"logo\":{\"@type\":\"ImageObject\",\"inLanguage\":\"en-ZA\",\"@id\":\"https:\\\/\\\/moodmedia.com\\\/en\\\/#\\\/schema\\\/logo\\\/image\\\/\",\"url\":\"https:\\\/\\\/moodmedia.com\\\/wp-content\\\/uploads\\\/2017\\\/10\\\/mood-media-logo-400.jpg\",\"contentUrl\":\"https:\\\/\\\/moodmedia.com\\\/wp-content\\\/uploads\\\/2017\\\/10\\\/mood-media-logo-400.jpg\",\"width\":400,\"height\":115,\"caption\":\"Mood Media\"},\"image\":{\"@id\":\"https:\\\/\\\/moodmedia.com\\\/en\\\/#\\\/schema\\\/logo\\\/image\\\/\"},\"sameAs\":[\"https:\\\/\\\/www.facebook.com\\\/moodmediauk\\\/\",\"https:\\\/\\\/x.com\\\/MoodMedia_UK\",\"https:\\\/\\\/www.linkedin.com\\\/company\\\/mood-media-uk\\\/\"]}]}<\/script>\n<!-- \/ Yoast SEO Premium plugin. -->","yoast_head_json":{"title":"\u00c9tude de cas Phygital Retail : Intertoys & MOOD MEDIA","description":"Explorez l'exp\u00e9rience de vente au d\u00e9tail de Phygital et d\u00e9couvrez comment elle associe les achats num\u00e9riques et physiques pour un parcours client sans faille.","robots":{"index":"index","follow":"follow","max-snippet":"max-snippet:-1","max-image-preview":"max-image-preview:large","max-video-preview":"max-video-preview:-1"},"og_locale":"en_US","og_type":"article","og_title":"Intertoys","og_description":"Explorez l'exp\u00e9rience de vente au d\u00e9tail de Phygital et d\u00e9couvrez comment elle associe les achats num\u00e9riques et physiques pour un parcours client sans faille.","og_url":"https:\/\/moodmedia.com\/en\/etudes-de-cas\/intertoys\/","og_site_name":"Mood Media International","article_publisher":"https:\/\/www.facebook.com\/moodmediauk\/","twitter_card":"summary_large_image","twitter_site":"@MoodMedia_UK","schema":{"@context":"https:\/\/schema.org","@graph":[{"@type":"WebPage","@id":"https:\/\/moodmedia.com\/en\/etudes-de-cas\/intertoys\/","url":"https:\/\/moodmedia.com\/en\/etudes-de-cas\/intertoys\/","name":"\u00c9tude de cas Phygital Retail : Intertoys & MOOD MEDIA","isPartOf":{"@id":"https:\/\/moodmedia.com\/en\/#website"},"datePublished":"2026-01-19T17:10:44+00:00","description":"Explorez l'exp\u00e9rience de vente au d\u00e9tail de Phygital et d\u00e9couvrez comment elle associe les achats num\u00e9riques et physiques pour un parcours client sans faille.","breadcrumb":{"@id":"https:\/\/moodmedia.com\/en\/etudes-de-cas\/intertoys\/#breadcrumb"},"inLanguage":"en-ZA","potentialAction":[{"@type":"ReadAction","target":["https:\/\/moodmedia.com\/en\/etudes-de-cas\/intertoys\/"]}]},{"@type":"BreadcrumbList","@id":"https:\/\/moodmedia.com\/en\/etudes-de-cas\/intertoys\/#breadcrumb","itemListElement":[{"@type":"ListItem","position":1,"name":"Home","item":"https:\/\/moodmedia.com\/en\/"},{"@type":"ListItem","position":2,"name":"\u00c9tudes de cas","item":"https:\/\/moodmedia.com\/en\/etudes-de-cas\/"},{"@type":"ListItem","position":3,"name":"Intertoys"}]},{"@type":"WebSite","@id":"https:\/\/moodmedia.com\/en\/#website","url":"https:\/\/moodmedia.com\/en\/","name":"Mood Media International","description":"Connecting people and brands to shape perceptions, influence behaviours and prove business results.","publisher":{"@id":"https:\/\/moodmedia.com\/en\/#organization"},"potentialAction":[{"@type":"SearchAction","target":{"@type":"EntryPoint","urlTemplate":"https:\/\/moodmedia.com\/en\/?s={search_term_string}"},"query-input":{"@type":"PropertyValueSpecification","valueRequired":true,"valueName":"search_term_string"}}],"inLanguage":"en-ZA"},{"@type":"Organization","@id":"https:\/\/moodmedia.com\/en\/#organization","name":"Mood Media","url":"https:\/\/moodmedia.com\/en\/","logo":{"@type":"ImageObject","inLanguage":"en-ZA","@id":"https:\/\/moodmedia.com\/en\/#\/schema\/logo\/image\/","url":"https:\/\/moodmedia.com\/wp-content\/uploads\/2017\/10\/mood-media-logo-400.jpg","contentUrl":"https:\/\/moodmedia.com\/wp-content\/uploads\/2017\/10\/mood-media-logo-400.jpg","width":400,"height":115,"caption":"Mood Media"},"image":{"@id":"https:\/\/moodmedia.com\/en\/#\/schema\/logo\/image\/"},"sameAs":["https:\/\/www.facebook.com\/moodmediauk\/","https:\/\/x.com\/MoodMedia_UK","https:\/\/www.linkedin.com\/company\/mood-media-uk\/"]}]}},"_links":{"self":[{"href":"https:\/\/moodmedia.com\/en\/wp-json\/wp\/v2\/pages\/2436724","targetHints":{"allow":["GET"]}}],"collection":[{"href":"https:\/\/moodmedia.com\/en\/wp-json\/wp\/v2\/pages"}],"about":[{"href":"https:\/\/moodmedia.com\/en\/wp-json\/wp\/v2\/types\/page"}],"author":[{"embeddable":true,"href":"https:\/\/moodmedia.com\/en\/wp-json\/wp\/v2\/users\/2"}],"replies":[{"embeddable":true,"href":"https:\/\/moodmedia.com\/en\/wp-json\/wp\/v2\/comments?post=2436724"}],"version-history":[{"count":0,"href":"https:\/\/moodmedia.com\/en\/wp-json\/wp\/v2\/pages\/2436724\/revisions"}],"up":[{"embeddable":true,"href":"https:\/\/moodmedia.com\/en\/wp-json\/wp\/v2\/pages\/120081"}],"wp:attachment":[{"href":"https:\/\/moodmedia.com\/en\/wp-json\/wp\/v2\/media?parent=2436724"}],"curies":[{"name":"wp","href":"https:\/\/api.w.org\/{rel}","templated":true}]}}