{"id":58524,"date":"2021-06-22T16:53:18","date_gmt":"2021-06-22T15:53:18","guid":{"rendered":"https:\/\/moodmedia.com\/presentaciones-de-musica\/"},"modified":"2025-06-03T13:47:35","modified_gmt":"2025-06-03T12:47:35","slug":"presentaciones-de-musica","status":"publish","type":"page","link":"https:\/\/moodmedia.com\/es\/contacto\/presentaciones-de-musica\/","title":{"rendered":"Presentaciones de m\u00fasica"},"content":{"rendered":"<p>[et_pb_section fb_built=\u00bb1&#8243; _builder_version=\u00bb4.19.4&#8243; _module_preset=\u00bbdefault\u00bb background_color=\u00bb#d6d6d6&#8243; background_image=\u00bbhttps:\/\/moodmedia.com\/wp-content\/uploads\/2025\/06\/music-submissions-hero.webp\u00bb background_blend=\u00bbmultiply\u00bb global_colors_info=\u00bb{}\u00bb theme_builder_area=\u00bbpost_content\u00bb][et_pb_row column_structure=\u00bb3_5,2_5&#8243; _builder_version=\u00bb4.17.4&#8243; _module_preset=\u00bbdefault\u00bb global_colors_info=\u00bb{}\u00bb theme_builder_area=\u00bbpost_content\u00bb][et_pb_column type=\u00bb3_5&#8243; _builder_version=\u00bb4.17.4&#8243; _module_preset=\u00bbdefault\u00bb global_colors_info=\u00bb{}\u00bb theme_builder_area=\u00bbpost_content\u00bb][et_pb_text _builder_version=\u00bb4.19.4&#8243; _module_preset=\u00bbdefault\u00bb text_orientation=\u00bbcenter\u00bb background_layout=\u00bbdark\u00bb global_colors_info=\u00bb{}\u00bb theme_builder_area=\u00bbpost_content\u00bb]<\/p>\n<h1 class=\"bold new-hero\">ENV\u00cdA TU M\u00daSICA<\/h1>\n<p>[\/et_pb_text][et_pb_text _builder_version=\u00bb4.19.4&#8243; background_color=\u00bb#FFFFFF\u00bb background_size=\u00bbinitial\u00bb background_position=\u00bbtop_left\u00bb background_repeat=\u00bbrepeat\u00bb module_alignment=\u00bbcenter\u00bb custom_padding=\u00bb30px|30px|30px|30px|false|false\u00bb border_radii=\u00bbon|10px|10px|10px|10px\u00bb use_border_color=\u00bboff\u00bb border_color=\u00bb#ffffff\u00bb border_style=\u00bbsolid\u00bb global_colors_info=\u00bb{}\u00bb theme_builder_area=\u00bbpost_content\u00bb]<\/p>\n<p class=\"intro2\"><b>Por favor, lee estas instrucciones en su totalidad, ya que contienen importantes directrices de presentaci\u00f3n.<\/b><\/p>\n<p class=\"intro2\">Si no sigues estos pasos, tu presentaci\u00f3n no ser\u00e1 considerada. Si tienes preguntas sobre los derechos existentes, ponte en contacto con <a href=\"mailto:royalties@moodmedia.com\" target=\"_blank\" rel=\"noopener noreferrer\">royalties@moodmedia.com<\/a>. <\/p>\n<p>[\/et_pb_text][\/et_pb_column][et_pb_column type=\u00bb2_5&#8243; _builder_version=\u00bb4.17.4&#8243; _module_preset=\u00bbdefault\u00bb global_colors_info=\u00bb{}\u00bb theme_builder_area=\u00bbpost_content\u00bb][\/et_pb_column][\/et_pb_row][\/et_pb_section][et_pb_section fb_built=\u00bb1&#8243; _builder_version=\u00bb4.16&#8243; global_colors_info=\u00bb{}\u00bb theme_builder_area=\u00bbpost_content\u00bb][et_pb_row column_structure=\u00bb1_2,1_2&#8243; _builder_version=\u00bb4.16&#8243; background_size=\u00bbinitial\u00bb background_position=\u00bbtop_left\u00bb background_repeat=\u00bbrepeat\u00bb global_colors_info=\u00bb{}\u00bb theme_builder_area=\u00bbpost_content\u00bb][et_pb_column type=\u00bb1_2&#8243; _builder_version=\u00bb4.16&#8243; custom_padding=\u00bb|||\u00bb global_colors_info=\u00bb{}\u00bb custom_padding__hover=\u00bb|||\u00bb theme_builder_area=\u00bbpost_content\u00bb][et_pb_text _builder_version=\u00bb4.19.4&#8243; background_size=\u00bbinitial\u00bb background_position=\u00bbtop_left\u00bb background_repeat=\u00bbrepeat\u00bb use_border_color=\u00bboff\u00bb border_color=\u00bb#ffffff\u00bb border_style=\u00bbsolid\u00bb global_colors_info=\u00bb{}\u00bb theme_builder_area=\u00bbpost_content\u00bb]<\/p>\n<p class=\"intro2\">Gracias por tu inter\u00e9s en enviar tu m\u00fasica a Mood Media. Por favor, completa los siguientes pasos relativos a la presentaci\u00f3n de tu contenido musical:<\/p>\n<h3 class=\"moodred\"><b>Directrices de presentaci\u00f3n:<\/b><\/h3>\n<p>1. Env\u00eda un enlace a un jukebox digital online a <a href=\"mailto:musicsubmissions@moodmedia.com\">musicsubmissions@moodmedia.com<\/a>, preferiblemente uno como <a href=\"https:\/\/www.soundcloud.com\/\">www.Soundcloud.com<\/a> o <a href=\"https:\/\/www.beatport.com\/\">www.beatport.com<\/a>, para que nuestros dise\u00f1adores puedan previsualizar tus cortes.<\/p>\n<p>2. <strong>Cuando env\u00edes tu m\u00fasica, debes incluir el nombre de tu discogr\u00e1fica, estilo\/g\u00e9nero musical y \u201cSin licencia con Mood Media\u201d en el asunto del correo electr\u00f3nico a <a href=\"mailto:musicsubmissions@moodmedia.com\">musicsubmissions@moodmedia.com<\/a> para asegurarte de que tus env\u00edos llegan a la parte o partes adecuadas. <\/strong> <\/p>\n<p>Ejemplo:<\/p>\n<p>ASUNTO: Breeze Tree Records &#8211; Folk\/Pop &#8211; Sin licencia con Mood Media[\/et_pb_text][\/et_pb_column][et_pb_column type=\u00bb1_2&#8243; _builder_version=\u00bb4.16&#8243; custom_padding=\u00bb|||\u00bb global_colors_info=\u00bb{}\u00bb custom_padding__hover=\u00bb|||\u00bb theme_builder_area=\u00bbpost_content\u00bb][et_pb_text _builder_version=\u00bb4.19.4&#8243; background_size=\u00bbinitial\u00bb background_position=\u00bbtop_left\u00bb background_repeat=\u00bbrepeat\u00bb use_border_color=\u00bboff\u00bb border_color=\u00bb#ffffff\u00bb border_style=\u00bbsolid\u00bb global_colors_info=\u00bb{}\u00bb theme_builder_area=\u00bbpost_content\u00bb]3. Tu m\u00fasica debe distribuirse a Mood Media a trav\u00e9s de un distribuidor directo DDEX para que est\u00e9 disponible para la programaci\u00f3n. Por favor, indica el nombre de tu distribuidor en tu env\u00edo. Si a\u00fan no tienes un servicio de distribuci\u00f3n digital, considera una de las siguientes opciones:  <\/p>\n<p><a href=\"https:\/\/www.tunecore.com\" target=\"_blank\" rel=\"noopener\">TuneCore<\/a><br \/>\n<a href=\"https:\/\/cdbaby.com\" target=\"_blank\" rel=\"noopener\">CD Baby<\/a><br \/>\n<a href=\"https:\/\/distrokid.com\/\" target=\"_blank\" rel=\"noopener\">DistroKid<\/a><\/p>\n<p><strong>**Por favor, deja tiempo para que nuestros supervisores de m\u00fasica revisen tu contenido.**<\/strong><br \/>\n4. Una vez que tu m\u00fasica haya sido ingerida en nuestro sistema desde un feed y sea seleccionada para la programaci\u00f3n, nuestro equipo de licencias se pondr\u00e1 en contacto contigo para asegurar los acuerdos.<\/p>\n<p class=\"intro2\">Gracias por dedicar tu tiempo a enviar tu m\u00fasica para que sea tenida en cuenta en nuestra programaci\u00f3n musical de Mood Media. Estamos deseando escuchar tu m\u00fasica.<\/p>\n<p>[\/et_pb_text][\/et_pb_column][\/et_pb_row][\/et_pb_section]<\/p>\n","protected":false},"excerpt":{"rendered":"<p>ENV\u00cdA TU M\u00daSICAPor favor, lee estas instrucciones en su totalidad, ya que contienen importantes directrices de presentaci\u00f3n. Si no sigues estos pasos, tu presentaci\u00f3n no ser\u00e1 considerada. Si tienes preguntas sobre los derechos existentes, ponte en contacto con royalties@moodmedia.com. Gracias por tu inter\u00e9s en enviar tu m\u00fasica a Mood Media. Por favor, completa los siguientes pasos relativos a la presentaci\u00f3n de tu contenido musical: Directrices de presentaci\u00f3n: 1. Env\u00eda un enlace a un jukebox digital online a musicsubmissions@moodmedia.com, preferiblemente uno como www.Soundcloud.com o www.beatport.com, para que nuestros dise\u00f1adores puedan previsualizar tus cortes. 2. Cuando env\u00edes tu m\u00fasica, debes incluir el nombre de tu discogr\u00e1fica, estilo\/g\u00e9nero musical y \u201cSin licencia con Mood Media\u201d en el asunto del correo electr\u00f3nico a musicsubmissions@moodmedia.com para asegurarte de que tus env\u00edos llegan a la parte o partes adecuadas. Ejemplo: ASUNTO: Breeze Tree Records &#8211; Folk\/Pop &#8211; Sin licencia con Mood Media3. Tu m\u00fasica debe distribuirse a Mood Media a trav\u00e9s de un distribuidor directo DDEX para que est\u00e9 disponible para la programaci\u00f3n. Por favor, indica el nombre de tu distribuidor en tu env\u00edo. Si a\u00fan no tienes un servicio de distribuci\u00f3n digital, considera una de las siguientes opciones: TuneCore CD Baby DistroKid **Por favor, deja [&hellip;]<\/p>\n","protected":false},"author":2,"featured_media":0,"parent":58558,"menu_order":0,"comment_status":"closed","ping_status":"closed","template":"","meta":{"_et_pb_use_builder":"on","_et_pb_old_content":"","_et_gb_content_width":"","footnotes":""},"class_list":["post-58524","page","type-page","status-publish","hentry"],"yoast_head":"<!-- This site is optimized with the Yoast SEO Premium plugin v26.8 (Yoast SEO v27.4) - https:\/\/yoast.com\/product\/yoast-seo-premium-wordpress\/ -->\n<title>Presentaciones de m\u00fasica | Mood Media Espa\u00f1a<\/title>\n<meta name=\"robots\" content=\"index, follow, max-snippet:-1, max-image-preview:large, max-video-preview:-1\" \/>\n<meta property=\"og:locale\" content=\"es_ES\" \/>\n<meta property=\"og:type\" content=\"article\" \/>\n<meta property=\"og:title\" content=\"Presentaciones de m\u00fasica\" \/>\n<meta property=\"og:url\" content=\"https:\/\/moodmedia.com\/es\/contacto\/presentaciones-de-musica\/\" \/>\n<meta property=\"og:site_name\" content=\"Mood Media Espa\u00f1a\" \/>\n<meta property=\"article:publisher\" content=\"https:\/\/www.facebook.com\/moodmediauk\/\" \/>\n<meta property=\"article:modified_time\" content=\"2025-06-03T12:47:35+00:00\" \/>\n<meta name=\"twitter:card\" content=\"summary_large_image\" \/>\n<meta name=\"twitter:site\" content=\"@MoodMedia_UK\" \/>\n<meta name=\"twitter:label1\" content=\"Tiempo de lectura\" \/>\n\t<meta name=\"twitter:data1\" content=\"3 minutos\" \/>\n<script type=\"application\/ld+json\" class=\"yoast-schema-graph\">{\"@context\":\"https:\\\/\\\/schema.org\",\"@graph\":[{\"@type\":\"WebPage\",\"@id\":\"https:\\\/\\\/moodmedia.com\\\/es\\\/contacto\\\/presentaciones-de-musica\\\/\",\"url\":\"https:\\\/\\\/moodmedia.com\\\/es\\\/contacto\\\/presentaciones-de-musica\\\/\",\"name\":\"Presentaciones de m\u00fasica | Mood Media Espa\u00f1a\",\"isPartOf\":{\"@id\":\"https:\\\/\\\/moodmedia.com\\\/es\\\/#website\"},\"datePublished\":\"2021-06-22T15:53:18+00:00\",\"dateModified\":\"2025-06-03T12:47:35+00:00\",\"breadcrumb\":{\"@id\":\"https:\\\/\\\/moodmedia.com\\\/es\\\/contacto\\\/presentaciones-de-musica\\\/#breadcrumb\"},\"inLanguage\":\"es\",\"potentialAction\":[{\"@type\":\"ReadAction\",\"target\":[\"https:\\\/\\\/moodmedia.com\\\/es\\\/contacto\\\/presentaciones-de-musica\\\/\"]}]},{\"@type\":\"BreadcrumbList\",\"@id\":\"https:\\\/\\\/moodmedia.com\\\/es\\\/contacto\\\/presentaciones-de-musica\\\/#breadcrumb\",\"itemListElement\":[{\"@type\":\"ListItem\",\"position\":1,\"name\":\"Home\",\"item\":\"https:\\\/\\\/moodmedia.com\\\/es\\\/\"},{\"@type\":\"ListItem\",\"position\":2,\"name\":\"Ponte en contacto con nosotros\",\"item\":\"https:\\\/\\\/moodmedia.com\\\/es\\\/contacto\\\/\"},{\"@type\":\"ListItem\",\"position\":3,\"name\":\"Presentaciones de m\u00fasica\"}]},{\"@type\":\"WebSite\",\"@id\":\"https:\\\/\\\/moodmedia.com\\\/es\\\/#website\",\"url\":\"https:\\\/\\\/moodmedia.com\\\/es\\\/\",\"name\":\"Mood Media International\",\"description\":\"Experience. By Design\",\"publisher\":{\"@id\":\"https:\\\/\\\/moodmedia.com\\\/es\\\/#organization\"},\"potentialAction\":[{\"@type\":\"SearchAction\",\"target\":{\"@type\":\"EntryPoint\",\"urlTemplate\":\"https:\\\/\\\/moodmedia.com\\\/es\\\/?s={search_term_string}\"},\"query-input\":{\"@type\":\"PropertyValueSpecification\",\"valueRequired\":true,\"valueName\":\"search_term_string\"}}],\"inLanguage\":\"es\"},{\"@type\":\"Organization\",\"@id\":\"https:\\\/\\\/moodmedia.com\\\/es\\\/#organization\",\"name\":\"Mood Media\",\"url\":\"https:\\\/\\\/moodmedia.com\\\/es\\\/\",\"logo\":{\"@type\":\"ImageObject\",\"inLanguage\":\"es\",\"@id\":\"https:\\\/\\\/moodmedia.com\\\/es\\\/#\\\/schema\\\/logo\\\/image\\\/\",\"url\":\"https:\\\/\\\/moodmedia.com\\\/wp-content\\\/uploads\\\/2017\\\/10\\\/mood-media-logo-400.jpg\",\"contentUrl\":\"https:\\\/\\\/moodmedia.com\\\/wp-content\\\/uploads\\\/2017\\\/10\\\/mood-media-logo-400.jpg\",\"width\":400,\"height\":115,\"caption\":\"Mood Media\"},\"image\":{\"@id\":\"https:\\\/\\\/moodmedia.com\\\/es\\\/#\\\/schema\\\/logo\\\/image\\\/\"},\"sameAs\":[\"https:\\\/\\\/www.facebook.com\\\/moodmediauk\\\/\",\"https:\\\/\\\/x.com\\\/MoodMedia_UK\",\"https:\\\/\\\/www.linkedin.com\\\/company\\\/mood-media-uk\\\/\"]}]}<\/script>\n<!-- \/ Yoast SEO Premium plugin. -->","yoast_head_json":{"title":"Presentaciones de m\u00fasica | Mood Media Espa\u00f1a","robots":{"index":"index","follow":"follow","max-snippet":"max-snippet:-1","max-image-preview":"max-image-preview:large","max-video-preview":"max-video-preview:-1"},"og_locale":"es_ES","og_type":"article","og_title":"Presentaciones de m\u00fasica","og_url":"https:\/\/moodmedia.com\/es\/contacto\/presentaciones-de-musica\/","og_site_name":"Mood Media Espa\u00f1a","article_publisher":"https:\/\/www.facebook.com\/moodmediauk\/","article_modified_time":"2025-06-03T12:47:35+00:00","twitter_card":"summary_large_image","twitter_site":"@MoodMedia_UK","twitter_misc":{"Tiempo de lectura":"3 minutos"},"schema":{"@context":"https:\/\/schema.org","@graph":[{"@type":"WebPage","@id":"https:\/\/moodmedia.com\/es\/contacto\/presentaciones-de-musica\/","url":"https:\/\/moodmedia.com\/es\/contacto\/presentaciones-de-musica\/","name":"Presentaciones de m\u00fasica | Mood Media Espa\u00f1a","isPartOf":{"@id":"https:\/\/moodmedia.com\/es\/#website"},"datePublished":"2021-06-22T15:53:18+00:00","dateModified":"2025-06-03T12:47:35+00:00","breadcrumb":{"@id":"https:\/\/moodmedia.com\/es\/contacto\/presentaciones-de-musica\/#breadcrumb"},"inLanguage":"es","potentialAction":[{"@type":"ReadAction","target":["https:\/\/moodmedia.com\/es\/contacto\/presentaciones-de-musica\/"]}]},{"@type":"BreadcrumbList","@id":"https:\/\/moodmedia.com\/es\/contacto\/presentaciones-de-musica\/#breadcrumb","itemListElement":[{"@type":"ListItem","position":1,"name":"Home","item":"https:\/\/moodmedia.com\/es\/"},{"@type":"ListItem","position":2,"name":"Ponte en contacto con nosotros","item":"https:\/\/moodmedia.com\/es\/contacto\/"},{"@type":"ListItem","position":3,"name":"Presentaciones de m\u00fasica"}]},{"@type":"WebSite","@id":"https:\/\/moodmedia.com\/es\/#website","url":"https:\/\/moodmedia.com\/es\/","name":"Mood Media International","description":"Experience. By Design","publisher":{"@id":"https:\/\/moodmedia.com\/es\/#organization"},"potentialAction":[{"@type":"SearchAction","target":{"@type":"EntryPoint","urlTemplate":"https:\/\/moodmedia.com\/es\/?s={search_term_string}"},"query-input":{"@type":"PropertyValueSpecification","valueRequired":true,"valueName":"search_term_string"}}],"inLanguage":"es"},{"@type":"Organization","@id":"https:\/\/moodmedia.com\/es\/#organization","name":"Mood Media","url":"https:\/\/moodmedia.com\/es\/","logo":{"@type":"ImageObject","inLanguage":"es","@id":"https:\/\/moodmedia.com\/es\/#\/schema\/logo\/image\/","url":"https:\/\/moodmedia.com\/wp-content\/uploads\/2017\/10\/mood-media-logo-400.jpg","contentUrl":"https:\/\/moodmedia.com\/wp-content\/uploads\/2017\/10\/mood-media-logo-400.jpg","width":400,"height":115,"caption":"Mood Media"},"image":{"@id":"https:\/\/moodmedia.com\/es\/#\/schema\/logo\/image\/"},"sameAs":["https:\/\/www.facebook.com\/moodmediauk\/","https:\/\/x.com\/MoodMedia_UK","https:\/\/www.linkedin.com\/company\/mood-media-uk\/"]}]}},"_links":{"self":[{"href":"https:\/\/moodmedia.com\/es\/wp-json\/wp\/v2\/pages\/58524","targetHints":{"allow":["GET"]}}],"collection":[{"href":"https:\/\/moodmedia.com\/es\/wp-json\/wp\/v2\/pages"}],"about":[{"href":"https:\/\/moodmedia.com\/es\/wp-json\/wp\/v2\/types\/page"}],"author":[{"embeddable":true,"href":"https:\/\/moodmedia.com\/es\/wp-json\/wp\/v2\/users\/2"}],"replies":[{"embeddable":true,"href":"https:\/\/moodmedia.com\/es\/wp-json\/wp\/v2\/comments?post=58524"}],"version-history":[{"count":0,"href":"https:\/\/moodmedia.com\/es\/wp-json\/wp\/v2\/pages\/58524\/revisions"}],"up":[{"embeddable":true,"href":"https:\/\/moodmedia.com\/es\/wp-json\/wp\/v2\/pages\/58558"}],"wp:attachment":[{"href":"https:\/\/moodmedia.com\/es\/wp-json\/wp\/v2\/media?parent=58524"}],"curies":[{"name":"wp","href":"https:\/\/api.w.org\/{rel}","templated":true}]}}