{"id":58558,"date":"2018-05-31T13:14:23","date_gmt":"2018-05-31T12:14:23","guid":{"rendered":"https:\/\/moodmedia.com\/contacta-con-nosotros\/"},"modified":"2023-10-31T12:07:07","modified_gmt":"2023-10-31T12:07:07","slug":"contacto","status":"publish","type":"page","link":"https:\/\/moodmedia.com\/es\/contacto\/","title":{"rendered":"Ponte en contacto con nosotros"},"content":{"rendered":"<p>[et_pb_section fb_built=\u00bb1&#8243; _builder_version=\u00bb4.15&#8243; background_color=\u00bb#ffffff\u00bb custom_margin=\u00bb0px|0px|0px|0px\u00bb custom_padding=\u00bb0px|0px|0px|0px\u00bb global_colors_info=\u00bb{}\u00bb][et_pb_row column_structure=\u00bb1_2,1_2&#8243; use_custom_gutter=\u00bbon\u00bb gutter_width=\u00bb1&#8243; make_equal=\u00bbon\u00bb module_class=\u00bb et_pb_row_fullwidth\u00bb _builder_version=\u00bb4.15.1&#8243; width=\u00bb100%\u00bb width_tablet=\u00bb100%\u00bb width_phone=\u00bb\u00bb width_last_edited=\u00bbon|desktop\u00bb max_width=\u00bb100%\u00bb max_width_tablet=\u00bb100%\u00bb max_width_phone=\u00bb\u00bb max_width_last_edited=\u00bbon|desktop\u00bb custom_margin=\u00bb0px||0px|\u00bb custom_padding=\u00bb0px||0px|\u00bb make_fullwidth=\u00bbon\u00bb global_colors_info=\u00bb{}\u00bb][et_pb_column type=\u00bb1_2&#8243; admin_label=\u00bbVentas\u00bb _builder_version=\u00bb4.15.1&#8243; _dynamic_attributes=\u00bblink_option_url\u00bb background_image=\u00bbhttps:\/\/moodmedia.com\/wp-content\/uploads\/2018\/05\/coremusic2018.jpg\u00bb parallax=\u00bbon\u00bb custom_padding=\u00bb50px||150px|\u00bb link_option_url=\u00bb@ET-DC@eyJkeW5hbWljIjp0cnVlLCJjb250ZW50IjoicG9zdF9saW5rX3VybF9wYWdlIiwic2V0dGluZ3MiOnsicG9zdF9pZCI6IjIxOTYifX0=@\u00bb global_colors_info=\u00bb{}\u00bb custom_padding__hover=\u00bb|||\u00bb][et_pb_image src=\u00bbhttps:\/\/moodmedia.com\/wp-content\/uploads\/2016\/06\/information-button.png\u00bb align=\u00bbcenter\u00bb align_tablet=\u00bbcenter\u00bb align_phone=\u00bb\u00bb align_last_edited=\u00bbon|desktop\u00bb admin_label=\u00bbI Icon\u00bb _builder_version=\u00bb4.15.1&#8243; max_width=\u00bb35%\u00bb module_alignment=\u00bbcenter\u00bb hover_enabled=\u00bb0&#8243; always_center_on_mobile=\u00bbon\u00bb global_colors_info=\u00bb{}\u00bb sticky_enabled=\u00bb0&#8243;][\/et_pb_image][et_pb_text _builder_version=\u00bb4.15&#8243; header_2_font_size=\u00bb42px\u00bb text_orientation=\u00bbcenter\u00bb background_layout=\u00bbdark\u00bb custom_padding=\u00bb50px|||\u00bb global_colors_info=\u00bb{}\u00bb]<\/p>\n<h2 class=\"bold\">VENTAS<\/h2>\n<p>Ponte en contacto con nuestro equipo de ventas para obtener m\u00e1s informaci\u00f3n sobre nuestras soluciones.<\/p>\n<p>[\/et_pb_text][\/et_pb_column][et_pb_column type=\u00bb1_2&#8243; admin_label=\u00bbSoporte\u00bb _builder_version=\u00bb4.15.1&#8243; _dynamic_attributes=\u00bblink_option_url\u00bb background_image=\u00bbhttps:\/\/moodmedia.com\/wp-content\/uploads\/2018\/05\/qsr-6.jpg\u00bb parallax=\u00bbon\u00bb custom_padding=\u00bb50px||150px|\u00bb link_option_url=\u00bb@ET-DC@eyJkeW5hbWljIjp0cnVlLCJjb250ZW50IjoicG9zdF9saW5rX3VybF9wYWdlIiwic2V0dGluZ3MiOnsicG9zdF9pZCI6IjQzODIzIn19@\u00bb global_colors_info=\u00bb{}\u00bb custom_padding__hover=\u00bb|||\u00bb][et_pb_image src=\u00bbhttps:\/\/moodmedia.com\/wp-content\/uploads\/2016\/06\/help.png\u00bb align=\u00bbcenter\u00bb align_tablet=\u00bbcenter\u00bb align_phone=\u00bb\u00bb align_last_edited=\u00bbon|desktop\u00bb admin_label=\u00bb? Icon\u00bb _builder_version=\u00bb4.15.1&#8243; max_width=\u00bb35%\u00bb module_alignment=\u00bbcenter\u00bb hover_enabled=\u00bb0&#8243; always_center_on_mobile=\u00bbon\u00bb global_colors_info=\u00bb{}\u00bb sticky_enabled=\u00bb0&#8243;][\/et_pb_image][et_pb_text _builder_version=\u00bb4.15&#8243; header_2_font_size=\u00bb42px\u00bb text_orientation=\u00bbcenter\u00bb background_layout=\u00bbdark\u00bb custom_padding=\u00bb50px||50px|\u00bb global_colors_info=\u00bb{}\u00bb]<\/p>\n<h2 class=\"bold\">APOYO<\/h2>\n<p>\u00bfCliente actual? Haz clic para obtener ayuda, pagar tu factura o actualizar tu cuenta.<\/p>\n<p>[\/et_pb_text][\/et_pb_column][\/et_pb_row][\/et_pb_section]<\/p>\n","protected":false},"excerpt":{"rendered":"<p>VENTAS Ponte en contacto con nuestro equipo de ventas para obtener m\u00e1s informaci\u00f3n sobre nuestras soluciones.APOYO \u00bfCliente actual? Haz clic para obtener ayuda, pagar tu factura o actualizar tu cuenta.<\/p>\n","protected":false},"author":1,"featured_media":0,"parent":0,"menu_order":0,"comment_status":"closed","ping_status":"closed","template":"","meta":{"_et_pb_use_builder":"on","_et_pb_old_content":"","_et_gb_content_width":"","footnotes":""},"class_list":["post-58558","page","type-page","status-publish","hentry"],"yoast_head":"<!-- This site is optimized with the Yoast SEO Premium plugin v26.8 (Yoast SEO v27.4) - https:\/\/yoast.com\/product\/yoast-seo-premium-wordpress\/ -->\n<title>Contacto | Mood Media Espa\u00f1a<\/title>\n<meta name=\"description\" content=\"Contacta con Mood Media para obtener m\u00e1s informaci\u00f3n sobre nuestras soluciones o ponte en contacto con el equipo de atenci\u00f3n al cliente si ya eres cliente.\" \/>\n<meta name=\"robots\" content=\"index, follow, max-snippet:-1, max-image-preview:large, max-video-preview:-1\" \/>\n<meta property=\"og:locale\" content=\"es_ES\" \/>\n<meta property=\"og:type\" content=\"article\" \/>\n<meta property=\"og:title\" content=\"Ponte en contacto con nosotros\" \/>\n<meta property=\"og:url\" content=\"https:\/\/moodmedia.com\/es\/contacto\/\" \/>\n<meta property=\"og:site_name\" content=\"Mood Media Espa\u00f1a\" \/>\n<meta property=\"article:publisher\" content=\"https:\/\/www.facebook.com\/moodmediauk\/\" \/>\n<meta property=\"article:modified_time\" content=\"2023-10-31T12:07:07+00:00\" \/>\n<meta name=\"twitter:card\" content=\"summary_large_image\" \/>\n<meta name=\"twitter:site\" content=\"@MoodMedia_UK\" \/>\n<meta name=\"twitter:label1\" content=\"Tiempo de lectura\" \/>\n\t<meta name=\"twitter:data1\" content=\"2 minutos\" \/>\n<script type=\"application\/ld+json\" class=\"yoast-schema-graph\">{\"@context\":\"https:\\\/\\\/schema.org\",\"@graph\":[{\"@type\":\"WebPage\",\"@id\":\"https:\\\/\\\/moodmedia.com\\\/es\\\/contacto\\\/\",\"url\":\"https:\\\/\\\/moodmedia.com\\\/es\\\/contacto\\\/\",\"name\":\"Contacto | Mood Media Espa\u00f1a\",\"isPartOf\":{\"@id\":\"https:\\\/\\\/moodmedia.com\\\/es\\\/#website\"},\"datePublished\":\"2018-05-31T12:14:23+00:00\",\"dateModified\":\"2023-10-31T12:07:07+00:00\",\"description\":\"Contacta con Mood Media para obtener m\u00e1s informaci\u00f3n sobre nuestras soluciones o ponte en contacto con el equipo de atenci\u00f3n al cliente si ya eres cliente.\",\"breadcrumb\":{\"@id\":\"https:\\\/\\\/moodmedia.com\\\/es\\\/contacto\\\/#breadcrumb\"},\"inLanguage\":\"es\",\"potentialAction\":[{\"@type\":\"ReadAction\",\"target\":[\"https:\\\/\\\/moodmedia.com\\\/es\\\/contacto\\\/\"]}]},{\"@type\":\"BreadcrumbList\",\"@id\":\"https:\\\/\\\/moodmedia.com\\\/es\\\/contacto\\\/#breadcrumb\",\"itemListElement\":[{\"@type\":\"ListItem\",\"position\":1,\"name\":\"Home\",\"item\":\"https:\\\/\\\/moodmedia.com\\\/es\\\/\"},{\"@type\":\"ListItem\",\"position\":2,\"name\":\"Ponte en contacto con nosotros\"}]},{\"@type\":\"WebSite\",\"@id\":\"https:\\\/\\\/moodmedia.com\\\/es\\\/#website\",\"url\":\"https:\\\/\\\/moodmedia.com\\\/es\\\/\",\"name\":\"Mood Media International\",\"description\":\"Experience. By Design\",\"publisher\":{\"@id\":\"https:\\\/\\\/moodmedia.com\\\/es\\\/#organization\"},\"potentialAction\":[{\"@type\":\"SearchAction\",\"target\":{\"@type\":\"EntryPoint\",\"urlTemplate\":\"https:\\\/\\\/moodmedia.com\\\/es\\\/?s={search_term_string}\"},\"query-input\":{\"@type\":\"PropertyValueSpecification\",\"valueRequired\":true,\"valueName\":\"search_term_string\"}}],\"inLanguage\":\"es\"},{\"@type\":\"Organization\",\"@id\":\"https:\\\/\\\/moodmedia.com\\\/es\\\/#organization\",\"name\":\"Mood Media\",\"url\":\"https:\\\/\\\/moodmedia.com\\\/es\\\/\",\"logo\":{\"@type\":\"ImageObject\",\"inLanguage\":\"es\",\"@id\":\"https:\\\/\\\/moodmedia.com\\\/es\\\/#\\\/schema\\\/logo\\\/image\\\/\",\"url\":\"https:\\\/\\\/moodmedia.com\\\/wp-content\\\/uploads\\\/2017\\\/10\\\/mood-media-logo-400.jpg\",\"contentUrl\":\"https:\\\/\\\/moodmedia.com\\\/wp-content\\\/uploads\\\/2017\\\/10\\\/mood-media-logo-400.jpg\",\"width\":400,\"height\":115,\"caption\":\"Mood Media\"},\"image\":{\"@id\":\"https:\\\/\\\/moodmedia.com\\\/es\\\/#\\\/schema\\\/logo\\\/image\\\/\"},\"sameAs\":[\"https:\\\/\\\/www.facebook.com\\\/moodmediauk\\\/\",\"https:\\\/\\\/x.com\\\/MoodMedia_UK\",\"https:\\\/\\\/www.linkedin.com\\\/company\\\/mood-media-uk\\\/\"]}]}<\/script>\n<!-- \/ Yoast SEO Premium plugin. -->","yoast_head_json":{"title":"Contacto | Mood Media Espa\u00f1a","description":"Contacta con Mood Media para obtener m\u00e1s informaci\u00f3n sobre nuestras soluciones o ponte en contacto con el equipo de atenci\u00f3n al cliente si ya eres cliente.","robots":{"index":"index","follow":"follow","max-snippet":"max-snippet:-1","max-image-preview":"max-image-preview:large","max-video-preview":"max-video-preview:-1"},"og_locale":"es_ES","og_type":"article","og_title":"Ponte en contacto con nosotros","og_url":"https:\/\/moodmedia.com\/es\/contacto\/","og_site_name":"Mood Media Espa\u00f1a","article_publisher":"https:\/\/www.facebook.com\/moodmediauk\/","article_modified_time":"2023-10-31T12:07:07+00:00","twitter_card":"summary_large_image","twitter_site":"@MoodMedia_UK","twitter_misc":{"Tiempo de lectura":"2 minutos"},"schema":{"@context":"https:\/\/schema.org","@graph":[{"@type":"WebPage","@id":"https:\/\/moodmedia.com\/es\/contacto\/","url":"https:\/\/moodmedia.com\/es\/contacto\/","name":"Contacto | Mood Media Espa\u00f1a","isPartOf":{"@id":"https:\/\/moodmedia.com\/es\/#website"},"datePublished":"2018-05-31T12:14:23+00:00","dateModified":"2023-10-31T12:07:07+00:00","description":"Contacta con Mood Media para obtener m\u00e1s informaci\u00f3n sobre nuestras soluciones o ponte en contacto con el equipo de atenci\u00f3n al cliente si ya eres cliente.","breadcrumb":{"@id":"https:\/\/moodmedia.com\/es\/contacto\/#breadcrumb"},"inLanguage":"es","potentialAction":[{"@type":"ReadAction","target":["https:\/\/moodmedia.com\/es\/contacto\/"]}]},{"@type":"BreadcrumbList","@id":"https:\/\/moodmedia.com\/es\/contacto\/#breadcrumb","itemListElement":[{"@type":"ListItem","position":1,"name":"Home","item":"https:\/\/moodmedia.com\/es\/"},{"@type":"ListItem","position":2,"name":"Ponte en contacto con nosotros"}]},{"@type":"WebSite","@id":"https:\/\/moodmedia.com\/es\/#website","url":"https:\/\/moodmedia.com\/es\/","name":"Mood Media International","description":"Experience. By Design","publisher":{"@id":"https:\/\/moodmedia.com\/es\/#organization"},"potentialAction":[{"@type":"SearchAction","target":{"@type":"EntryPoint","urlTemplate":"https:\/\/moodmedia.com\/es\/?s={search_term_string}"},"query-input":{"@type":"PropertyValueSpecification","valueRequired":true,"valueName":"search_term_string"}}],"inLanguage":"es"},{"@type":"Organization","@id":"https:\/\/moodmedia.com\/es\/#organization","name":"Mood Media","url":"https:\/\/moodmedia.com\/es\/","logo":{"@type":"ImageObject","inLanguage":"es","@id":"https:\/\/moodmedia.com\/es\/#\/schema\/logo\/image\/","url":"https:\/\/moodmedia.com\/wp-content\/uploads\/2017\/10\/mood-media-logo-400.jpg","contentUrl":"https:\/\/moodmedia.com\/wp-content\/uploads\/2017\/10\/mood-media-logo-400.jpg","width":400,"height":115,"caption":"Mood Media"},"image":{"@id":"https:\/\/moodmedia.com\/es\/#\/schema\/logo\/image\/"},"sameAs":["https:\/\/www.facebook.com\/moodmediauk\/","https:\/\/x.com\/MoodMedia_UK","https:\/\/www.linkedin.com\/company\/mood-media-uk\/"]}]}},"_links":{"self":[{"href":"https:\/\/moodmedia.com\/es\/wp-json\/wp\/v2\/pages\/58558","targetHints":{"allow":["GET"]}}],"collection":[{"href":"https:\/\/moodmedia.com\/es\/wp-json\/wp\/v2\/pages"}],"about":[{"href":"https:\/\/moodmedia.com\/es\/wp-json\/wp\/v2\/types\/page"}],"author":[{"embeddable":true,"href":"https:\/\/moodmedia.com\/es\/wp-json\/wp\/v2\/users\/1"}],"replies":[{"embeddable":true,"href":"https:\/\/moodmedia.com\/es\/wp-json\/wp\/v2\/comments?post=58558"}],"version-history":[{"count":0,"href":"https:\/\/moodmedia.com\/es\/wp-json\/wp\/v2\/pages\/58558\/revisions"}],"wp:attachment":[{"href":"https:\/\/moodmedia.com\/es\/wp-json\/wp\/v2\/media?parent=58558"}],"curies":[{"name":"wp","href":"https:\/\/api.w.org\/{rel}","templated":true}]}}