{"id":66595,"date":"2016-06-22T19:49:30","date_gmt":"2016-06-22T18:49:30","guid":{"rendered":"https:\/\/moodmedia.com\/empresa\/noticias\/"},"modified":"2022-02-09T17:41:07","modified_gmt":"2022-02-09T17:41:07","slug":"noticias","status":"publish","type":"page","link":"https:\/\/moodmedia.com\/es\/empresa\/noticias\/","title":{"rendered":"Noticias"},"content":{"rendered":"<p>[et_pb_section fb_built=\u00bb1&#8243; custom_padding_last_edited=\u00bbon|desktop\u00bb _builder_version=\u00bb3.22.3&#8243; background_color=\u00bb#eeeeee\u00bb custom_padding_tablet=\u00bb50px|0|50px|0&#8243; custom_padding_phone=\u00bb\u00bb transparent_background=\u00bboff\u00bb padding_mobile=\u00bboff\u00bb make_fullwidth=\u00bboff\u00bb use_custom_width=\u00bboff\u00bb width_unit=\u00bbon\u00bb][et_pb_row column_structure=\u00bb2_3,1_3&#8243; _builder_version=\u00bb3.25&#8243; background_size=\u00bbinitial\u00bb background_position=\u00bbtop_left\u00bb background_repeat=\u00bbrepeat\u00bb][et_pb_column type=\u00bb2_3&#8243; _builder_version=\u00bb3.25&#8243; custom_padding=\u00bb|||\u00bb hover_enabled=\u00bb0&#8243; custom_padding__hover=\u00bb|||\u00bb sticky_enabled=\u00bb0&#8243;][et_pb_blog include_categories=\u00bb47&#8243; show_thumbnail=\u00bboff\u00bb show_author=\u00bboff\u00bb show_categories=\u00bboff\u00bb _builder_version=\u00bb3.22.7&#8243; hover_enabled=\u00bb0&#8243; sticky_enabled=\u00bb0&#8243;][\/et_pb_blog][\/et_pb_column][et_pb_column type=\u00bb1_3&#8243; _builder_version=\u00bb3.25&#8243; custom_padding=\u00bb|||\u00bb custom_padding__hover=\u00bb|||\u00bb][et_pb_sidebar orientation=\u00bbright\u00bb area=\u00bbet_pb_widget_area_2&#8243; _builder_version=\u00bb3.0.74&#8243; hover_enabled=\u00bb0&#8243; remove_border=\u00bboff\u00bb sticky_enabled=\u00bb0&#8243;][\/et_pb_sidebar][\/et_pb_column][\/et_pb_row][\/et_pb_section]<\/p>\n","protected":false},"excerpt":{"rendered":"","protected":false},"author":1,"featured_media":0,"parent":65884,"menu_order":0,"comment_status":"closed","ping_status":"closed","template":"","meta":{"_et_pb_use_builder":"on","_et_pb_old_content":"","_et_gb_content_width":"","footnotes":""},"class_list":["post-66595","page","type-page","status-publish","hentry"],"yoast_head":"<!-- This site is optimized with the Yoast SEO Premium plugin v26.8 (Yoast SEO v27.4) - https:\/\/yoast.com\/product\/yoast-seo-premium-wordpress\/ -->\n<title>Mood Media Espa\u00f1a- Mood Media Espa\u00f1a<\/title>\n<meta name=\"description\" content=\"Descubre las \u00faltimas novedades en el mundo de Mood Media. Conoce las \u00faltimas innovaciones de la tecnolog\u00eda de los medios para el punto de venta y c\u00f3mo ayudamos a las marcas m\u00e1s inteligentes del mundo a elevar la experiencia de sus clientes a trav\u00e9s del poder de las soluciones visuales, sonoras, olfativas, sociales y de sistemas.\" \/>\n<meta name=\"robots\" content=\"index, follow, max-snippet:-1, max-image-preview:large, max-video-preview:-1\" \/>\n<meta property=\"og:locale\" content=\"es_ES\" \/>\n<meta property=\"og:type\" content=\"article\" \/>\n<meta property=\"og:title\" content=\"Noticias\" \/>\n<meta property=\"og:url\" content=\"https:\/\/moodmedia.com\/es\/empresa\/noticias\/\" \/>\n<meta property=\"og:site_name\" content=\"Mood Media Espa\u00f1a\" \/>\n<meta property=\"article:publisher\" content=\"https:\/\/www.facebook.com\/moodmediauk\/\" \/>\n<meta property=\"article:modified_time\" content=\"2022-02-09T17:41:07+00:00\" \/>\n<meta name=\"twitter:card\" content=\"summary_large_image\" \/>\n<meta name=\"twitter:site\" content=\"@MoodMedia_UK\" \/>\n<meta name=\"twitter:label1\" content=\"Tiempo de lectura\" \/>\n\t<meta name=\"twitter:data1\" content=\"1 minuto\" \/>\n<script type=\"application\/ld+json\" class=\"yoast-schema-graph\">{\"@context\":\"https:\\\/\\\/schema.org\",\"@graph\":[{\"@type\":\"WebPage\",\"@id\":\"https:\\\/\\\/moodmedia.com\\\/es\\\/empresa\\\/noticias\\\/\",\"url\":\"https:\\\/\\\/moodmedia.com\\\/es\\\/empresa\\\/noticias\\\/\",\"name\":\"Mood Media Espa\u00f1a- Mood Media Espa\u00f1a\",\"isPartOf\":{\"@id\":\"https:\\\/\\\/moodmedia.com\\\/es\\\/#website\"},\"datePublished\":\"2016-06-22T18:49:30+00:00\",\"dateModified\":\"2022-02-09T17:41:07+00:00\",\"description\":\"Descubre las \u00faltimas novedades en el mundo de Mood Media. Conoce las \u00faltimas innovaciones de la tecnolog\u00eda de los medios para el punto de venta y c\u00f3mo ayudamos a las marcas m\u00e1s inteligentes del mundo a elevar la experiencia de sus clientes a trav\u00e9s del poder de las soluciones visuales, sonoras, olfativas, sociales y de sistemas.\",\"breadcrumb\":{\"@id\":\"https:\\\/\\\/moodmedia.com\\\/es\\\/empresa\\\/noticias\\\/#breadcrumb\"},\"inLanguage\":\"es\",\"potentialAction\":[{\"@type\":\"ReadAction\",\"target\":[\"https:\\\/\\\/moodmedia.com\\\/es\\\/empresa\\\/noticias\\\/\"]}]},{\"@type\":\"BreadcrumbList\",\"@id\":\"https:\\\/\\\/moodmedia.com\\\/es\\\/empresa\\\/noticias\\\/#breadcrumb\",\"itemListElement\":[{\"@type\":\"ListItem\",\"position\":1,\"name\":\"Home\",\"item\":\"https:\\\/\\\/moodmedia.com\\\/es\\\/\"},{\"@type\":\"ListItem\",\"position\":2,\"name\":\"La Empresa\",\"item\":\"https:\\\/\\\/moodmedia.com\\\/es\\\/empresa\\\/\"},{\"@type\":\"ListItem\",\"position\":3,\"name\":\"Noticias\"}]},{\"@type\":\"WebSite\",\"@id\":\"https:\\\/\\\/moodmedia.com\\\/es\\\/#website\",\"url\":\"https:\\\/\\\/moodmedia.com\\\/es\\\/\",\"name\":\"Mood Media International\",\"description\":\"Experience. By Design\",\"publisher\":{\"@id\":\"https:\\\/\\\/moodmedia.com\\\/es\\\/#organization\"},\"potentialAction\":[{\"@type\":\"SearchAction\",\"target\":{\"@type\":\"EntryPoint\",\"urlTemplate\":\"https:\\\/\\\/moodmedia.com\\\/es\\\/?s={search_term_string}\"},\"query-input\":{\"@type\":\"PropertyValueSpecification\",\"valueRequired\":true,\"valueName\":\"search_term_string\"}}],\"inLanguage\":\"es\"},{\"@type\":\"Organization\",\"@id\":\"https:\\\/\\\/moodmedia.com\\\/es\\\/#organization\",\"name\":\"Mood Media\",\"url\":\"https:\\\/\\\/moodmedia.com\\\/es\\\/\",\"logo\":{\"@type\":\"ImageObject\",\"inLanguage\":\"es\",\"@id\":\"https:\\\/\\\/moodmedia.com\\\/es\\\/#\\\/schema\\\/logo\\\/image\\\/\",\"url\":\"https:\\\/\\\/moodmedia.com\\\/wp-content\\\/uploads\\\/2017\\\/10\\\/mood-media-logo-400.jpg\",\"contentUrl\":\"https:\\\/\\\/moodmedia.com\\\/wp-content\\\/uploads\\\/2017\\\/10\\\/mood-media-logo-400.jpg\",\"width\":400,\"height\":115,\"caption\":\"Mood Media\"},\"image\":{\"@id\":\"https:\\\/\\\/moodmedia.com\\\/es\\\/#\\\/schema\\\/logo\\\/image\\\/\"},\"sameAs\":[\"https:\\\/\\\/www.facebook.com\\\/moodmediauk\\\/\",\"https:\\\/\\\/x.com\\\/MoodMedia_UK\",\"https:\\\/\\\/www.linkedin.com\\\/company\\\/mood-media-uk\\\/\"]}]}<\/script>\n<!-- \/ Yoast SEO Premium plugin. -->","yoast_head_json":{"title":"Mood Media Espa\u00f1a- Mood Media Espa\u00f1a","description":"Descubre las \u00faltimas novedades en el mundo de Mood Media. Conoce las \u00faltimas innovaciones de la tecnolog\u00eda de los medios para el punto de venta y c\u00f3mo ayudamos a las marcas m\u00e1s inteligentes del mundo a elevar la experiencia de sus clientes a trav\u00e9s del poder de las soluciones visuales, sonoras, olfativas, sociales y de sistemas.","robots":{"index":"index","follow":"follow","max-snippet":"max-snippet:-1","max-image-preview":"max-image-preview:large","max-video-preview":"max-video-preview:-1"},"og_locale":"es_ES","og_type":"article","og_title":"Noticias","og_url":"https:\/\/moodmedia.com\/es\/empresa\/noticias\/","og_site_name":"Mood Media Espa\u00f1a","article_publisher":"https:\/\/www.facebook.com\/moodmediauk\/","article_modified_time":"2022-02-09T17:41:07+00:00","twitter_card":"summary_large_image","twitter_site":"@MoodMedia_UK","twitter_misc":{"Tiempo de lectura":"1 minuto"},"schema":{"@context":"https:\/\/schema.org","@graph":[{"@type":"WebPage","@id":"https:\/\/moodmedia.com\/es\/empresa\/noticias\/","url":"https:\/\/moodmedia.com\/es\/empresa\/noticias\/","name":"Mood Media Espa\u00f1a- Mood Media Espa\u00f1a","isPartOf":{"@id":"https:\/\/moodmedia.com\/es\/#website"},"datePublished":"2016-06-22T18:49:30+00:00","dateModified":"2022-02-09T17:41:07+00:00","description":"Descubre las \u00faltimas novedades en el mundo de Mood Media. Conoce las \u00faltimas innovaciones de la tecnolog\u00eda de los medios para el punto de venta y c\u00f3mo ayudamos a las marcas m\u00e1s inteligentes del mundo a elevar la experiencia de sus clientes a trav\u00e9s del poder de las soluciones visuales, sonoras, olfativas, sociales y de sistemas.","breadcrumb":{"@id":"https:\/\/moodmedia.com\/es\/empresa\/noticias\/#breadcrumb"},"inLanguage":"es","potentialAction":[{"@type":"ReadAction","target":["https:\/\/moodmedia.com\/es\/empresa\/noticias\/"]}]},{"@type":"BreadcrumbList","@id":"https:\/\/moodmedia.com\/es\/empresa\/noticias\/#breadcrumb","itemListElement":[{"@type":"ListItem","position":1,"name":"Home","item":"https:\/\/moodmedia.com\/es\/"},{"@type":"ListItem","position":2,"name":"La Empresa","item":"https:\/\/moodmedia.com\/es\/empresa\/"},{"@type":"ListItem","position":3,"name":"Noticias"}]},{"@type":"WebSite","@id":"https:\/\/moodmedia.com\/es\/#website","url":"https:\/\/moodmedia.com\/es\/","name":"Mood Media International","description":"Experience. By Design","publisher":{"@id":"https:\/\/moodmedia.com\/es\/#organization"},"potentialAction":[{"@type":"SearchAction","target":{"@type":"EntryPoint","urlTemplate":"https:\/\/moodmedia.com\/es\/?s={search_term_string}"},"query-input":{"@type":"PropertyValueSpecification","valueRequired":true,"valueName":"search_term_string"}}],"inLanguage":"es"},{"@type":"Organization","@id":"https:\/\/moodmedia.com\/es\/#organization","name":"Mood Media","url":"https:\/\/moodmedia.com\/es\/","logo":{"@type":"ImageObject","inLanguage":"es","@id":"https:\/\/moodmedia.com\/es\/#\/schema\/logo\/image\/","url":"https:\/\/moodmedia.com\/wp-content\/uploads\/2017\/10\/mood-media-logo-400.jpg","contentUrl":"https:\/\/moodmedia.com\/wp-content\/uploads\/2017\/10\/mood-media-logo-400.jpg","width":400,"height":115,"caption":"Mood Media"},"image":{"@id":"https:\/\/moodmedia.com\/es\/#\/schema\/logo\/image\/"},"sameAs":["https:\/\/www.facebook.com\/moodmediauk\/","https:\/\/x.com\/MoodMedia_UK","https:\/\/www.linkedin.com\/company\/mood-media-uk\/"]}]}},"_links":{"self":[{"href":"https:\/\/moodmedia.com\/es\/wp-json\/wp\/v2\/pages\/66595","targetHints":{"allow":["GET"]}}],"collection":[{"href":"https:\/\/moodmedia.com\/es\/wp-json\/wp\/v2\/pages"}],"about":[{"href":"https:\/\/moodmedia.com\/es\/wp-json\/wp\/v2\/types\/page"}],"author":[{"embeddable":true,"href":"https:\/\/moodmedia.com\/es\/wp-json\/wp\/v2\/users\/1"}],"replies":[{"embeddable":true,"href":"https:\/\/moodmedia.com\/es\/wp-json\/wp\/v2\/comments?post=66595"}],"version-history":[{"count":0,"href":"https:\/\/moodmedia.com\/es\/wp-json\/wp\/v2\/pages\/66595\/revisions"}],"up":[{"embeddable":true,"href":"https:\/\/moodmedia.com\/es\/wp-json\/wp\/v2\/pages\/65884"}],"wp:attachment":[{"href":"https:\/\/moodmedia.com\/es\/wp-json\/wp\/v2\/media?parent=66595"}],"curies":[{"name":"wp","href":"https:\/\/api.w.org\/{rel}","templated":true}]}}