{"id":76998,"date":"2016-07-21T15:46:29","date_gmt":"2016-07-21T14:46:29","guid":{"rendered":"https:\/\/moodmedia.com\/empresa\/carreras\/"},"modified":"2024-03-13T11:12:00","modified_gmt":"2024-03-13T11:12:00","slug":"carreras","status":"publish","type":"page","link":"https:\/\/moodmedia.com\/es\/empresa\/carreras\/","title":{"rendered":"Carreras"},"content":{"rendered":"<p>[et_pb_section fb_built=\u00bb1&#8243; _builder_version=\u00bb4.16&#8243; background_image=\u00bbhttps:\/\/moodmedia.com\/wp-content\/uploads\/2019\/06\/2019-careers.jpg\u00bb parallax=\u00bbon\u00bb parallax_method=\u00bboff\u00bb custom_margin=\u00bb0px||\u00bb global_colors_info=\u00bb{}\u00bb][et_pb_row _builder_version=\u00bb4.16&#8243; custom_margin=\u00bb0px||0px\u00bb custom_padding=\u00bb0px||\u00bb global_colors_info=\u00bb{}\u00bb][et_pb_column type=\u00bb4_4&#8243; _builder_version=\u00bb4.16&#8243; custom_padding=\u00bb|||\u00bb global_colors_info=\u00bb{}\u00bb custom_padding__hover=\u00bb|||\u00bb][et_pb_text admin_label=\u00bbMood Careers\u00bb _builder_version=\u00bb4.16&#8243; header_font_size=\u00bb24px\u00bb background_layout=\u00bbdark\u00bb saved_tabs=\u00bball\u00bb global_colors_info=\u00bb{}\u00bb]<\/p>\n<p class=\"intro2\">Mood<span class=\"heavy moodred\">:<\/span><span class=\"light\">CARRERAS<\/span><\/p>\n<div style=\"width:100%;float:left;padding-top:10px;\">\n<div style=\"width:20%;height:10px;background:#cd102f;float:left;clear:both;\"><\/div>\n<\/div>\n<p>[\/et_pb_text][\/et_pb_column][\/et_pb_row][et_pb_row column_structure=\u00bb1_2,1_2&#8243; _builder_version=\u00bb4.16&#8243; custom_margin=\u00bb0px||\u00bb custom_padding=\u00bb0px||\u00bb global_colors_info=\u00bb{}\u00bb][et_pb_column type=\u00bb1_2&#8243; _builder_version=\u00bb4.16&#8243; custom_padding=\u00bb|||\u00bb global_colors_info=\u00bb{}\u00bb custom_padding__hover=\u00bb|||\u00bb][et_pb_text _builder_version=\u00bb4.16&#8243; text_font=\u00bb||||||||\u00bb background_layout=\u00bbdark\u00bb global_colors_info=\u00bb{}\u00bb]<\/p>\n<h1 class=\"new-hero-ext bold\" style=\"text-transform:uppercase;\">Encuentra tu forma de ser. Encuentra tu futuro.<\/h1>\n<p>[\/et_pb_text][et_pb_button button_url=\u00bbhttps:\/\/workforcenow.adp.com\/mascsr\/default\/mdf\/recruitment\/recruitment.html?cid=099af085-1373-479c-9b97-f7e3a4d2ea58&amp;ccId=19000101_000001&amp;lang=en_US\u00bb button_text=\u00bbVer empleos\u00bb button_alignment=\u00bbleft\u00bb admin_label=\u00bbButton\u00bb module_class=\u00bbmbutton\u00bb _builder_version=\u00bb4.24.0&#8243; custom_button=\u00bbon\u00bb button_text_color=\u00bb#ffffff\u00bb button_bg_color=\u00bb#cd102f\u00bb button_border_color=\u00bb#cd102f\u00bb button_icon=\u00bb&#x3d;||divi||400&#8243; button_icon_color=\u00bb#cd102f\u00bb background_layout=\u00bbdark\u00bb button_text_color_hover=\u00bb#cd102f\u00bb button_border_color_hover=\u00bb#ffffff\u00bb button_letter_spacing_hover=\u00bb0&#8243; button_bg_color_hover=\u00bb#ffffff\u00bb saved_tabs=\u00bball\u00bb global_colors_info=\u00bb{}\u00bb button_text_size__hover_enabled=\u00bboff\u00bb button_one_text_size__hover_enabled=\u00bboff\u00bb button_two_text_size__hover_enabled=\u00bboff\u00bb button_text_color__hover_enabled=\u00bbon\u00bb button_text_color__hover=\u00bb#cd102f\u00bb button_one_text_color__hover_enabled=\u00bboff\u00bb button_two_text_color__hover_enabled=\u00bboff\u00bb button_border_width__hover_enabled=\u00bboff\u00bb button_one_border_width__hover_enabled=\u00bboff\u00bb button_two_border_width__hover_enabled=\u00bboff\u00bb button_border_color__hover_enabled=\u00bbon\u00bb button_border_color__hover=\u00bb#ffffff\u00bb button_one_border_color__hover_enabled=\u00bboff\u00bb button_two_border_color__hover_enabled=\u00bboff\u00bb button_border_radius__hover_enabled=\u00bboff\u00bb button_one_border_radius__hover_enabled=\u00bboff\u00bb button_two_border_radius__hover_enabled=\u00bboff\u00bb button_letter_spacing__hover_enabled=\u00bbon\u00bb button_letter_spacing__hover=\u00bb0&#8243; button_one_letter_spacing__hover_enabled=\u00bboff\u00bb button_two_letter_spacing__hover_enabled=\u00bboff\u00bb button_bg_color__hover_enabled=\u00bbon\u00bb button_bg_color__hover=\u00bb#ffffff\u00bb button_one_bg_color__hover_enabled=\u00bboff\u00bb button_two_bg_color__hover_enabled=\u00bboff\u00bb][\/et_pb_button][\/et_pb_column][et_pb_column type=\u00bb1_2&#8243; _builder_version=\u00bb4.16&#8243; custom_padding=\u00bb|||\u00bb global_colors_info=\u00bb{}\u00bb custom_padding__hover=\u00bb|||\u00bb][et_pb_video src=\u00bbhttps:\/\/youtu.be\/UywmrZwzlDM\u00bb image_src=\u00bb\/\/i.ytimg.com\/vi\/UywmrZwzlDM\/hqdefault.jpg\u00bb _builder_version=\u00bb4.16&#8243; global_colors_info=\u00bb{}\u00bb][\/et_pb_video][\/et_pb_column][\/et_pb_row][\/et_pb_section][et_pb_section fb_built=\u00bb1&#8243; admin_label=\u00bbWe Are&#8230;\u00bb _builder_version=\u00bb4.16&#8243; background_image=\u00bbhttps:\/\/moodmedia.com\/wp-content\/uploads\/2019\/06\/guitars.jpg\u00bb parallax=\u00bbon\u00bb parallax_method=\u00bboff\u00bb global_colors_info=\u00bb{}\u00bb][et_pb_row _builder_version=\u00bb4.16&#8243; global_colors_info=\u00bb{}\u00bb][et_pb_column type=\u00bb4_4&#8243; _builder_version=\u00bb4.16&#8243; custom_padding=\u00bb|||\u00bb global_colors_info=\u00bb{}\u00bb custom_padding__hover=\u00bb|||\u00bb][et_pb_text _builder_version=\u00bb4.16&#8243; global_colors_info=\u00bb{}\u00bb]<\/p>\n<p class=\"giant bold\">Somos expertos en m\u00fasica, artistas digitales, consultores profesionales de marca y defensores del servicio al cliente, todo ello con el objetivo de aportar una nueva perspectiva a cada experiencia de cliente que dise\u00f1amos. Lo que nos hace destacar es nuestro legado de exito comprobado, respaldado, adem\u00e1s de una red mundial de t\u00e9cnicos de servicio certificados. Nuestra pasi\u00f3n es la raz\u00f3n de nuestro \u00e9xito.<\/p>\n<p>[\/et_pb_text][\/et_pb_column][\/et_pb_row][\/et_pb_section][et_pb_section fb_built=\u00bb1&#8243; _builder_version=\u00bb4.16&#8243; _module_preset=\u00bbdefault\u00bb global_colors_info=\u00bb{}\u00bb][et_pb_row column_structure=\u00bb1_3,1_3,1_3&#8243; _builder_version=\u00bb4.16&#8243; _module_preset=\u00bbdefault\u00bb global_colors_info=\u00bb{}\u00bb][et_pb_column type=\u00bb1_3&#8243; _builder_version=\u00bb4.16&#8243; _module_preset=\u00bbdefault\u00bb global_colors_info=\u00bb{}\u00bb][et_pb_text _builder_version=\u00bb4.16&#8243; _module_preset=\u00bbdefault\u00bb global_colors_info=\u00bb{}\u00bb]<\/p>\n<h2 class=\"bold\">NUESTRA MISI\u00d3N<\/h2>\n<div style=\"width:100%;float:left; padding:10px 0px 20px;\">\n<div style=\"width:20%;height:10px;background:#cd102f;\"><\/div>\n<\/div>\n<p class=\"intro2\">Ayudar a las empresas de todas las formas y tama\u00f1os a tener \u00e9xito creando mayores conexiones emocionales con sus clientes mediante la combinaci\u00f3n adecuada de soluciones visuales, sonoras, olfativas, sociales y de sistemas.<\/p>\n<p>[\/et_pb_text][\/et_pb_column][et_pb_column type=\u00bb1_3&#8243; _builder_version=\u00bb4.16&#8243; _module_preset=\u00bbdefault\u00bb global_colors_info=\u00bb{}\u00bb][et_pb_text _builder_version=\u00bb4.16&#8243; _module_preset=\u00bbdefault\u00bb global_colors_info=\u00bb{}\u00bb]<\/p>\n<h2 class=\"bold\">NUESTRA VISI\u00d3N<\/h2>\n<div style=\"width:100%;float:left; padding:10px 0px 20px;\">\n<div style=\"width:20%;height:10px;background:#cd102f;\"><\/div>\n<\/div>\n<p class=\"intro2\">Ser los mejores en ayudar a las empresas a tener \u00e9xito elevando su Experiencia de Cliente<\/p>\n<p>[\/et_pb_text][\/et_pb_column][et_pb_column type=\u00bb1_3&#8243; _builder_version=\u00bb4.16&#8243; _module_preset=\u00bbdefault\u00bb global_colors_info=\u00bb{}\u00bb][et_pb_text _builder_version=\u00bb4.16&#8243; _module_preset=\u00bbdefault\u00bb global_colors_info=\u00bb{}\u00bb]<\/p>\n<h2 class=\"bold\">NUESTROS EQUIPOS<\/h2>\n<div style=\"width:100%;float:left; padding:10px 0px 20px;\">\n<div style=\"width:20%;height:10px;background:#cd102f;\"><\/div>\n<\/div>\n<ul style=\"float:left;\">\n<li>Sector financiero<\/li>\n<li>Asuntos jur\u00eddicos, de licencias y comerciales<\/li>\n<li>Recursos Humanos<\/li>\n<li>Ventas<\/li>\n<li>Marketing<\/li>\n<li>Producto global<\/li>\n<li>Operaciones y apoyo al cliente<\/li>\n<li>Tecnolog\u00eda global<\/li>\n<\/ul>\n<p>[\/et_pb_text][\/et_pb_column][\/et_pb_row][\/et_pb_section]<\/p>\n","protected":false},"excerpt":{"rendered":"<p>Mood:CARRERAS Encuentra tu forma de ser. Encuentra tu futuro.Somos expertos en m\u00fasica, artistas digitales, consultores profesionales de marca y defensores del servicio al cliente, todo ello con el objetivo de aportar una nueva perspectiva a cada experiencia de cliente que dise\u00f1amos. Lo que nos hace destacar es nuestro legado de exito comprobado, respaldado, adem\u00e1s de una red mundial de t\u00e9cnicos de servicio certificados. Nuestra pasi\u00f3n es la raz\u00f3n de nuestro \u00e9xito.NUESTRA MISI\u00d3N Ayudar a las empresas de todas las formas y tama\u00f1os a tener \u00e9xito creando mayores conexiones emocionales con sus clientes mediante la combinaci\u00f3n adecuada de soluciones visuales, sonoras, olfativas, sociales y de sistemas.NUESTRA VISI\u00d3N Ser los mejores en ayudar a las empresas a tener \u00e9xito elevando su Experiencia de ClienteNUESTROS EQUIPOS Sector financiero Asuntos jur\u00eddicos, de licencias y comerciales Recursos Humanos Ventas Marketing Producto global Operaciones y apoyo al cliente Tecnolog\u00eda global<\/p>\n","protected":false},"author":1,"featured_media":0,"parent":65884,"menu_order":0,"comment_status":"closed","ping_status":"closed","template":"","meta":{"_et_pb_use_builder":"on","_et_pb_old_content":"","_et_gb_content_width":"","footnotes":""},"class_list":["post-76998","page","type-page","status-publish","hentry"],"yoast_head":"<!-- This site is optimized with the Yoast SEO Premium plugin v26.8 (Yoast SEO v27.3) - https:\/\/yoast.com\/product\/yoast-seo-premium-wordpress\/ -->\n<title>Carreras | Mood Media Espa\u00f1a<\/title>\n<meta name=\"description\" content=\"Somos expertos en m\u00fasica, artistas digitales, consultores profesionales de marca y campeones del servicio al cliente. Consulta las \u00faltimas ofertas de empleo de Mood Media.\" \/>\n<meta name=\"robots\" content=\"index, follow, max-snippet:-1, max-image-preview:large, max-video-preview:-1\" \/>\n<meta property=\"og:locale\" content=\"es_ES\" \/>\n<meta property=\"og:type\" content=\"article\" \/>\n<meta property=\"og:title\" content=\"Carreras\" \/>\n<meta property=\"og:url\" content=\"https:\/\/moodmedia.com\/es\/empresa\/carreras\/\" \/>\n<meta property=\"og:site_name\" content=\"Mood Media Espa\u00f1a\" \/>\n<meta property=\"article:publisher\" content=\"https:\/\/www.facebook.com\/moodmediauk\/\" \/>\n<meta property=\"article:modified_time\" content=\"2024-03-13T11:12:00+00:00\" \/>\n<meta name=\"twitter:card\" content=\"summary_large_image\" \/>\n<meta name=\"twitter:site\" content=\"@MoodMedia_UK\" \/>\n<meta name=\"twitter:label1\" content=\"Tiempo de lectura\" \/>\n\t<meta name=\"twitter:data1\" content=\"4 minutos\" \/>\n<script type=\"application\/ld+json\" class=\"yoast-schema-graph\">{\"@context\":\"https:\\\/\\\/schema.org\",\"@graph\":[{\"@type\":\"WebPage\",\"@id\":\"https:\\\/\\\/moodmedia.com\\\/es\\\/empresa\\\/carreras\\\/\",\"url\":\"https:\\\/\\\/moodmedia.com\\\/es\\\/empresa\\\/carreras\\\/\",\"name\":\"Carreras | Mood Media Espa\u00f1a\",\"isPartOf\":{\"@id\":\"https:\\\/\\\/moodmedia.com\\\/es\\\/#website\"},\"datePublished\":\"2016-07-21T14:46:29+00:00\",\"dateModified\":\"2024-03-13T11:12:00+00:00\",\"description\":\"Somos expertos en m\u00fasica, artistas digitales, consultores profesionales de marca y campeones del servicio al cliente. Consulta las \u00faltimas ofertas de empleo de Mood Media.\",\"breadcrumb\":{\"@id\":\"https:\\\/\\\/moodmedia.com\\\/es\\\/empresa\\\/carreras\\\/#breadcrumb\"},\"inLanguage\":\"es\",\"potentialAction\":[{\"@type\":\"ReadAction\",\"target\":[\"https:\\\/\\\/moodmedia.com\\\/es\\\/empresa\\\/carreras\\\/\"]}]},{\"@type\":\"BreadcrumbList\",\"@id\":\"https:\\\/\\\/moodmedia.com\\\/es\\\/empresa\\\/carreras\\\/#breadcrumb\",\"itemListElement\":[{\"@type\":\"ListItem\",\"position\":1,\"name\":\"Home\",\"item\":\"https:\\\/\\\/moodmedia.com\\\/es\\\/\"},{\"@type\":\"ListItem\",\"position\":2,\"name\":\"La Empresa\",\"item\":\"https:\\\/\\\/moodmedia.com\\\/es\\\/empresa\\\/\"},{\"@type\":\"ListItem\",\"position\":3,\"name\":\"Carreras\"}]},{\"@type\":\"WebSite\",\"@id\":\"https:\\\/\\\/moodmedia.com\\\/es\\\/#website\",\"url\":\"https:\\\/\\\/moodmedia.com\\\/es\\\/\",\"name\":\"Mood Media International\",\"description\":\"Experience. By Design\",\"publisher\":{\"@id\":\"https:\\\/\\\/moodmedia.com\\\/es\\\/#organization\"},\"potentialAction\":[{\"@type\":\"SearchAction\",\"target\":{\"@type\":\"EntryPoint\",\"urlTemplate\":\"https:\\\/\\\/moodmedia.com\\\/es\\\/?s={search_term_string}\"},\"query-input\":{\"@type\":\"PropertyValueSpecification\",\"valueRequired\":true,\"valueName\":\"search_term_string\"}}],\"inLanguage\":\"es\"},{\"@type\":\"Organization\",\"@id\":\"https:\\\/\\\/moodmedia.com\\\/es\\\/#organization\",\"name\":\"Mood Media\",\"url\":\"https:\\\/\\\/moodmedia.com\\\/es\\\/\",\"logo\":{\"@type\":\"ImageObject\",\"inLanguage\":\"es\",\"@id\":\"https:\\\/\\\/moodmedia.com\\\/es\\\/#\\\/schema\\\/logo\\\/image\\\/\",\"url\":\"https:\\\/\\\/moodmedia.com\\\/wp-content\\\/uploads\\\/2017\\\/10\\\/mood-media-logo-400.jpg\",\"contentUrl\":\"https:\\\/\\\/moodmedia.com\\\/wp-content\\\/uploads\\\/2017\\\/10\\\/mood-media-logo-400.jpg\",\"width\":400,\"height\":115,\"caption\":\"Mood Media\"},\"image\":{\"@id\":\"https:\\\/\\\/moodmedia.com\\\/es\\\/#\\\/schema\\\/logo\\\/image\\\/\"},\"sameAs\":[\"https:\\\/\\\/www.facebook.com\\\/moodmediauk\\\/\",\"https:\\\/\\\/x.com\\\/MoodMedia_UK\",\"https:\\\/\\\/www.linkedin.com\\\/company\\\/mood-media-uk\\\/\"]}]}<\/script>\n<!-- \/ Yoast SEO Premium plugin. -->","yoast_head_json":{"title":"Carreras | Mood Media Espa\u00f1a","description":"Somos expertos en m\u00fasica, artistas digitales, consultores profesionales de marca y campeones del servicio al cliente. Consulta las \u00faltimas ofertas de empleo de Mood Media.","robots":{"index":"index","follow":"follow","max-snippet":"max-snippet:-1","max-image-preview":"max-image-preview:large","max-video-preview":"max-video-preview:-1"},"og_locale":"es_ES","og_type":"article","og_title":"Carreras","og_url":"https:\/\/moodmedia.com\/es\/empresa\/carreras\/","og_site_name":"Mood Media Espa\u00f1a","article_publisher":"https:\/\/www.facebook.com\/moodmediauk\/","article_modified_time":"2024-03-13T11:12:00+00:00","twitter_card":"summary_large_image","twitter_site":"@MoodMedia_UK","twitter_misc":{"Tiempo de lectura":"4 minutos"},"schema":{"@context":"https:\/\/schema.org","@graph":[{"@type":"WebPage","@id":"https:\/\/moodmedia.com\/es\/empresa\/carreras\/","url":"https:\/\/moodmedia.com\/es\/empresa\/carreras\/","name":"Carreras | Mood Media Espa\u00f1a","isPartOf":{"@id":"https:\/\/moodmedia.com\/es\/#website"},"datePublished":"2016-07-21T14:46:29+00:00","dateModified":"2024-03-13T11:12:00+00:00","description":"Somos expertos en m\u00fasica, artistas digitales, consultores profesionales de marca y campeones del servicio al cliente. Consulta las \u00faltimas ofertas de empleo de Mood Media.","breadcrumb":{"@id":"https:\/\/moodmedia.com\/es\/empresa\/carreras\/#breadcrumb"},"inLanguage":"es","potentialAction":[{"@type":"ReadAction","target":["https:\/\/moodmedia.com\/es\/empresa\/carreras\/"]}]},{"@type":"BreadcrumbList","@id":"https:\/\/moodmedia.com\/es\/empresa\/carreras\/#breadcrumb","itemListElement":[{"@type":"ListItem","position":1,"name":"Home","item":"https:\/\/moodmedia.com\/es\/"},{"@type":"ListItem","position":2,"name":"La Empresa","item":"https:\/\/moodmedia.com\/es\/empresa\/"},{"@type":"ListItem","position":3,"name":"Carreras"}]},{"@type":"WebSite","@id":"https:\/\/moodmedia.com\/es\/#website","url":"https:\/\/moodmedia.com\/es\/","name":"Mood Media International","description":"Experience. By Design","publisher":{"@id":"https:\/\/moodmedia.com\/es\/#organization"},"potentialAction":[{"@type":"SearchAction","target":{"@type":"EntryPoint","urlTemplate":"https:\/\/moodmedia.com\/es\/?s={search_term_string}"},"query-input":{"@type":"PropertyValueSpecification","valueRequired":true,"valueName":"search_term_string"}}],"inLanguage":"es"},{"@type":"Organization","@id":"https:\/\/moodmedia.com\/es\/#organization","name":"Mood Media","url":"https:\/\/moodmedia.com\/es\/","logo":{"@type":"ImageObject","inLanguage":"es","@id":"https:\/\/moodmedia.com\/es\/#\/schema\/logo\/image\/","url":"https:\/\/moodmedia.com\/wp-content\/uploads\/2017\/10\/mood-media-logo-400.jpg","contentUrl":"https:\/\/moodmedia.com\/wp-content\/uploads\/2017\/10\/mood-media-logo-400.jpg","width":400,"height":115,"caption":"Mood Media"},"image":{"@id":"https:\/\/moodmedia.com\/es\/#\/schema\/logo\/image\/"},"sameAs":["https:\/\/www.facebook.com\/moodmediauk\/","https:\/\/x.com\/MoodMedia_UK","https:\/\/www.linkedin.com\/company\/mood-media-uk\/"]}]}},"_links":{"self":[{"href":"https:\/\/moodmedia.com\/es\/wp-json\/wp\/v2\/pages\/76998","targetHints":{"allow":["GET"]}}],"collection":[{"href":"https:\/\/moodmedia.com\/es\/wp-json\/wp\/v2\/pages"}],"about":[{"href":"https:\/\/moodmedia.com\/es\/wp-json\/wp\/v2\/types\/page"}],"author":[{"embeddable":true,"href":"https:\/\/moodmedia.com\/es\/wp-json\/wp\/v2\/users\/1"}],"replies":[{"embeddable":true,"href":"https:\/\/moodmedia.com\/es\/wp-json\/wp\/v2\/comments?post=76998"}],"version-history":[{"count":0,"href":"https:\/\/moodmedia.com\/es\/wp-json\/wp\/v2\/pages\/76998\/revisions"}],"up":[{"embeddable":true,"href":"https:\/\/moodmedia.com\/es\/wp-json\/wp\/v2\/pages\/65884"}],"wp:attachment":[{"href":"https:\/\/moodmedia.com\/es\/wp-json\/wp\/v2\/media?parent=76998"}],"curies":[{"name":"wp","href":"https:\/\/api.w.org\/{rel}","templated":true}]}}