{"id":89193,"date":"2021-09-16T10:17:54","date_gmt":"2021-09-16T09:17:54","guid":{"rendered":"https:\/\/moodmedia.com\/empresa\/politica-de-cookies\/"},"modified":"2025-06-23T15:06:45","modified_gmt":"2025-06-23T14:06:45","slug":"politica-de-cookies","status":"publish","type":"page","link":"https:\/\/moodmedia.com\/es\/empresa\/politica-de-cookies\/","title":{"rendered":"Pol\u00edtica de cookies"},"content":{"rendered":"<p>[et_pb_section fb_built=\u00bb1&#8243; admin_label=\u00bbsection\u00bb _builder_version=\u00bb4.16&#8243; global_colors_info=\u00bb{}\u00bb][et_pb_row admin_label=\u00bbrow\u00bb _builder_version=\u00bb4.16&#8243; background_size=\u00bbinitial\u00bb background_position=\u00bbtop_left\u00bb background_repeat=\u00bbrepeat\u00bb global_colors_info=\u00bb{}\u00bb][et_pb_column type=\u00bb4_4&#8243; _builder_version=\u00bb4.16&#8243; custom_padding=\u00bb|||\u00bb global_colors_info=\u00bb{}\u00bb custom_padding__hover=\u00bb|||\u00bb][et_pb_text _builder_version=\u00bb4.27.0&#8243; hover_enabled=\u00bb0&#8243; global_colors_info=\u00bb{}\u00bb sticky_enabled=\u00bb0&#8243;]<\/p>\n<h1>Pol\u00edtica de cookies<\/h1>\n<p>La presente pol\u00edtica (la<strong>\u00abPol\u00edtica de Cookies<\/strong>\u00ab) te informa de nuestras pol\u00edticas relativas a la utilizaci\u00f3n de cookies y sistemas similares cuando visitas <a href=\"https:\/\/moodmedia.com\/\">moodmedia.com<\/a> (en adelante, el<strong>\u00abSitio Web<\/strong>\u00ab), y de las opciones que tienes asociadas a dichas tecnolog\u00edas. El sitio web utiliza cookies y tecnolog\u00edas similares para mejorar la experiencia del usuario y garantizar su funcionamiento.<\/p>\n<p>El sitio web es operado conjuntamente por Mood Media Corporation y sus subsidiarias y filiales en todo el mundo (colectivamente, \u00abMood Media\u00bb; denominados tambi\u00e9n \u00abnosotros\u00bb o \u00abnos\u00bb). Mood MediaLas subsidiarias y filiales de la Corporaci\u00f3n se enumeran en la secci\u00f3n \u00abMood Media Entidades\u00bb de la <a href=\"https:\/\/moodmedia.com\/es\/empresa\/politica-de-privacidad\/\">Pol\u00edtica de Privacidad<\/a>. <\/p>\n<p><strong>1. \u00bfQu\u00e9 son las cookies?<\/strong><\/p>\n<p>Las cookies son peque\u00f1os archivos de texto que los sitios web que visitas colocan en tu ordenador o dispositivo. Se utilizan ampliamente para hacer que los sitios web funcionen, o funcionen de forma m\u00e1s eficiente, as\u00ed como para proporcionar informaci\u00f3n a los propietarios del sitio web. <\/p>\n<p><strong>2. \u00bfC\u00f3mo utilizamos las cookies?<\/strong><\/p>\n<p>Utilizamos cookies para diversas tareas. Entre ellas, permitirte navegar entre p\u00e1ginas de forma eficaz, registrar y almacenar tus preferencias y, en general, mejorar tu experiencia online. Tambi\u00e9n pueden ayudar a garantizar que los anuncios que ves en l\u00ednea sean m\u00e1s relevantes para ti.<br \/>Si visitas nuestro sitio web, podemos desplegar estas tecnolog\u00edas para proporcionar un servicio en l\u00ednea m\u00e1s adecuado al dispositivo con el que nos visitas. Cuando visitas nuestro sitio web, recopilamos informaci\u00f3n sobre tu uso del sitio, como informaci\u00f3n sobre el dispositivo o navegador que utilizas para acceder al sitio, la forma en que interact\u00faas con \u00e9l y la direcci\u00f3n IP desde la que se conecta tu dispositivo. Es posible que no puedas iniciar o completar algunas actividades dentro de nuestros servicios seguros en l\u00ednea a menos que estas cookies o tecnolog\u00edas similares est\u00e9n instaladas.    <\/p>\n<p><strong>3. \u00bfQu\u00e9 tipo de cookies utilizamos?<\/strong><\/p>\n<p>3.1 Cookies de origen y cookies de terceros<\/p>\n<p>Las cookies de origen son cookies establecidas por el sitio web que est\u00e1s visitando. S\u00f3lo ese sitio web puede leerlas. Adem\u00e1s, un sitio web puede potencialmente utilizar servicios externos, que tambi\u00e9n establecen sus propias cookies, conocidas como cookies de terceros. Los servicios de terceros est\u00e1n fuera del control de Mood Media. Los proveedores pueden, en cualquier momento, cambiar sus condiciones de servicio, finalidad y uso de las cookies, etc.    <\/p>\n<p>3.2 Cookies de sesi\u00f3n vs. cookies persistentes<\/p>\n<p>Algunas de las cookies son \u00abcookies de sesi\u00f3n\u00bb, que s\u00f3lo permanecen durante la sesi\u00f3n de tu navegador y se eliminan cuando sales de \u00e9l. Las cookies de sesi\u00f3n s\u00f3lo duran lo que dura tu sesi\u00f3n online. Esto significa que desaparecer\u00e1n de tu ordenador o dispositivo cuando cierres el navegador. Por ello, a veces tambi\u00e9n se denominan \u00abcookies temporales\u00bb. Otras son \u00abcookies persistentes\u00bb, que permanecen en tu dispositivo u ordenador durante un periodo de tiempo despu\u00e9s de que hayas salido de tu navegador web. Estas cookies a veces se denominan cookies permanentes.     <\/p>\n<p>M\u00e1s concretamente, utilizamos las cookies mencionadas a continuaci\u00f3n para los siguientes fines:<\/p>\n<ul>\n<li>Cookies estrictamente necesarias<\/li>\n<li>Cookies funcionales<\/li>\n<li>Cookies anal\u00edticas\/de rendimiento<\/li>\n<li>Cookies de segmentaci\u00f3n\/anuncio<\/li>\n<\/ul>\n<p><strong>Las cookies estrictamente necesarias<\/strong> son esenciales para el funcionamiento del sitio web. Sin el uso de estas cookies, es posible que no puedas utilizar algunas de las funciones del sitio web. Estas cookies son necesarias para que el sitio web funcione y no pueden desactivarse en nuestros sistemas. Estas cookies no almacenan ninguna informaci\u00f3n personal identificable.   <\/p>\n<p><strong>Cookies funcionales<\/strong>: Estas cookies permiten al sitio web ofrecer una mayor funcionalidad y personalizaci\u00f3n. Las cookies de funcionalidad se utilizan para recordar las preferencias del usuario, de modo que el sitio web pueda personalizarse para \u00e9l. Si no permites estas cookies, es posible que algunos o todos estos servicios no funcionen correctamente.  <\/p>\n<p><strong>Cookies anal\u00edticas\/de rendimiento<\/strong>: Estas cookies nos permiten contar las visitas y las fuentes de tr\u00e1fico, para que podamos medir y mejorar el rendimiento de nuestro sitio web. Nos ayudan a saber qu\u00e9 p\u00e1ginas son las m\u00e1s y las menos populares y a ver c\u00f3mo se mueven los visitantes por el sitio web. Toda la informaci\u00f3n que recogen estas cookies es agregada y, por tanto, an\u00f3nima. Si no permites estas cookies, no sabremos cu\u00e1ndo has visitado nuestro sitio web.   <\/p>\n<p><strong>Cookies de orientaci\u00f3n\/anuncio<\/strong>: Las cookies de orientaci\u00f3n o publicidad se utilizan para orientar los anuncios a los intereses de los usuarios, bas\u00e1ndose en la actividad previa de navegaci\u00f3n por la web. Sin embargo, no pueden determinar qui\u00e9n eres, ya que los datos recogidos nunca est\u00e1n vinculados a tu perfil. <\/p>\n<p>A continuaci\u00f3n encontrar\u00e1s una lista de las cookies que utilizamos en este sitio web.<\/p>\n<p><script type=\"text\/javascript\" charset=\"UTF-8\" data-cookiescriptreport=\"report\" src=\"\/\/report.cookie-script.com\/r\/c404afde4de531b074caf2568b255dc7.js\"><\/script><\/p>\n<p><strong>4. \u00bfC\u00f3mo se pueden gestionar las cookies?<\/strong><\/p>\n<p>Cada vez que visites nuestro sitio web, se te pedir\u00e1 que aceptes, rechaces o gestiones las preferencias de las cookies.<br \/>Las cookies utilizadas en nuestro sitio web pueden activarse o desactivarse a trav\u00e9s de nuestra herramienta de consentimiento o desactivando las cookies a trav\u00e9s de tu navegador, como se indica a continuaci\u00f3n:<\/p>\n<p>4.1. Herramienta de consentimiento<\/p>\n<p>La herramienta de consentimiento de cookies se puede utilizar para personalizar tus preferencias de cookies. La herramienta registrar\u00e1 cuando hayas consentido nuestra Pol\u00edtica de Cookies. Puedes cambiar tus preferencias y retirar tu consentimiento de cookies en cualquier momento navegando hasta el icono de cookies que aparece en la esquina inferior izquierda de nuestro sitio web y haciendo clic en <em>Gestionar consentimiento<\/em>. Las cookies estrictamente necesarias no se pueden desactivar, ni tampoco se puede utilizar la herramienta para bloquear las cookies de los sitios web de terceros enlazados desde nuestro sitio web.<\/p>\n<p>4.2. Utilizar el navegador<\/p>\n<p>La mayor\u00eda de los navegadores te permiten rechazar, aceptar y eliminar cookies. Los m\u00e9todos para hacerlo var\u00edan de un navegador a otro, y de una versi\u00f3n a otra. No obstante, puedes obtener informaci\u00f3n actualizada sobre el bloqueo y la eliminaci\u00f3n de cookies a trav\u00e9s de estos enlaces:  <\/p>\n<ul>\n<li><a href=\"https:\/\/support.google.com\/chrome\/answer\/95647?hl=en\">Chrome<\/a><\/li>\n<li><a href=\"https:\/\/privacy.microsoft.com\/en-us\/windows-10-microsoft-edge-and-privacy\">Edge<\/a><\/li>\n<li><a href=\"https:\/\/support.mozilla.org\/en-US\/kb\/cookies-information-websites-store-on-your-computer\">Firefox<\/a><\/li>\n<li><a href=\"https:\/\/support.microsoft.com\/en-gb\/help\/17442\/windows-internet-explorer-delete-manage-cookies\">Internet Explorer<\/a><\/li>\n<li><a href=\"https:\/\/www.opera.com\/case-studies\/clean-browser-and-remove-trackers\">Opera<\/a><\/li>\n<li><a href=\"https:\/\/support.apple.com\/en-gb\/guide\/safari\/sfri11471\/mac\">Safari<\/a><\/li>\n<\/ul>\n<p>Sin embargo, ten en cuenta que tambi\u00e9n puedes perder alguna informaci\u00f3n guardada (por ejemplo, datos de acceso guardados, preferencias del sitio web). Bloquear todas las cookies tendr\u00e1 un impacto negativo en la usabilidad de muchos sitios web. Si bloqueas las cookies, es posible que no puedas disfrutar de todas las funciones t\u00e9cnicas que ofrece nuestro sitio web y puede afectar negativamente a tu experiencia de usuario.  <\/p>\n<p>Para m\u00e1s informaci\u00f3n sobre c\u00f3mo gestionar y eliminar las cookies, visita <a href=\"https:\/\/www.allaboutcookies.org\/\"><strong>https:\/\/www.allaboutcookies.org\/<\/strong><\/a>.<\/p>\n<p><strong>5. \u00bfPreguntas?<\/strong><\/p>\n<p>Para m\u00e1s informaci\u00f3n, no dudes en ponerte en contacto con nuestro responsable de privacidad en <a href=\"mailto:dpo@moodmedia.com\">dpo@moodmedia.com<\/a>.<\/p>\n<p><strong>6. Modificaciones y adiciones a esta Pol\u00edtica de Cookies<\/strong><\/p>\n<p>Podemos actualizar esta Pol\u00edtica de Cookies de vez en cuando para reflejar, por ejemplo, cambios en las cookies que utilizamos o por otras razones operativas, legales o reglamentarias. Por lo tanto, revisa esta Pol\u00edtica de Cookies con regularidad para mantenerte informado sobre nuestro uso de cookies y tecnolog\u00edas relacionadas. <\/p>\n<p>La fecha que aparece al final de esta Pol\u00edtica de Cookies indica cu\u00e1ndo se actualiz\u00f3 por \u00faltima vez.<\/p>\n<p><em>Esta pol\u00edtica es efectiva a partir del 15 de septiembre de 2021<\/em><\/p>\n<p>[\/et_pb_text][\/et_pb_column][\/et_pb_row][\/et_pb_section]<\/p>\n","protected":false},"excerpt":{"rendered":"<p>Pol\u00edtica de cookies La presente pol\u00edtica (la\u00bbPol\u00edtica de Cookies\u00bb) te informa de nuestras pol\u00edticas relativas a la utilizaci\u00f3n de cookies y sistemas similares cuando visitas moodmedia.com (en adelante, el\u00bbSitio Web\u00bb), y de las opciones que tienes asociadas a dichas tecnolog\u00edas. El sitio web utiliza cookies y tecnolog\u00edas similares para mejorar la experiencia del usuario y garantizar su funcionamiento. El sitio web es operado conjuntamente por Mood Media Corporation y sus subsidiarias y filiales en todo el mundo (colectivamente, \u00abMood Media\u00bb; denominados tambi\u00e9n \u00abnosotros\u00bb o \u00abnos\u00bb). Mood MediaLas subsidiarias y filiales de la Corporaci\u00f3n se enumeran en la secci\u00f3n \u00abMood Media Entidades\u00bb de la Pol\u00edtica de Privacidad. 1. \u00bfQu\u00e9 son las cookies? Las cookies son peque\u00f1os archivos de texto que los sitios web que visitas colocan en tu ordenador o dispositivo. Se utilizan ampliamente para hacer que los sitios web funcionen, o funcionen de forma m\u00e1s eficiente, as\u00ed como para proporcionar informaci\u00f3n a los propietarios del sitio web. 2. \u00bfC\u00f3mo utilizamos las cookies? Utilizamos cookies para diversas tareas. Entre ellas, permitirte navegar entre p\u00e1ginas de forma eficaz, registrar y almacenar tus preferencias y, en general, mejorar tu experiencia online. Tambi\u00e9n pueden ayudar a garantizar que los anuncios que ves en l\u00ednea [&hellip;]<\/p>\n","protected":false},"author":9,"featured_media":0,"parent":65884,"menu_order":0,"comment_status":"closed","ping_status":"closed","template":"","meta":{"_et_pb_use_builder":"on","_et_pb_old_content":"","_et_gb_content_width":"","footnotes":""},"class_list":["post-89193","page","type-page","status-publish","hentry"],"yoast_head":"<!-- This site is optimized with the Yoast SEO Premium plugin v26.8 (Yoast SEO v27.2) - https:\/\/yoast.com\/product\/yoast-seo-premium-wordpress\/ -->\n<title>Pol\u00edtica de cookies | Mood Media Espa\u00f1a<\/title>\n<meta name=\"description\" content=\"Tu privacidad es muy importante para Mood Media. Consulta aqu\u00ed nuestra pol\u00edtica de cookies.\" \/>\n<meta name=\"robots\" content=\"noindex, follow\" \/>\n<meta property=\"og:locale\" content=\"es_ES\" \/>\n<meta property=\"og:type\" content=\"article\" \/>\n<meta property=\"og:title\" content=\"Pol\u00edtica de cookies\" \/>\n<meta property=\"og:url\" content=\"https:\/\/moodmedia.com\/es\/empresa\/politica-de-cookies\/\" \/>\n<meta property=\"og:site_name\" content=\"Mood Media Espa\u00f1a\" \/>\n<meta property=\"article:publisher\" content=\"https:\/\/www.facebook.com\/moodmediauk\/\" \/>\n<meta property=\"article:modified_time\" content=\"2025-06-23T14:06:45+00:00\" \/>\n<meta name=\"twitter:card\" content=\"summary_large_image\" \/>\n<meta name=\"twitter:site\" content=\"@MoodMedia_UK\" \/>\n<meta name=\"twitter:label1\" content=\"Tiempo de lectura\" \/>\n\t<meta name=\"twitter:data1\" content=\"7 minutos\" \/>\n<script type=\"application\/ld+json\" class=\"yoast-schema-graph\">{\"@context\":\"https:\/\/schema.org\",\"@graph\":[{\"@type\":\"WebPage\",\"@id\":\"https:\/\/moodmedia.com\/es\/empresa\/politica-de-cookies\/\",\"url\":\"https:\/\/moodmedia.com\/es\/empresa\/politica-de-cookies\/\",\"name\":\"Pol\u00edtica de cookies | Mood Media Espa\u00f1a\",\"isPartOf\":{\"@id\":\"https:\/\/moodmedia.com\/es\/#website\"},\"datePublished\":\"2021-09-16T09:17:54+00:00\",\"dateModified\":\"2025-06-23T14:06:45+00:00\",\"description\":\"Tu privacidad es muy importante para Mood Media. Consulta aqu\u00ed nuestra pol\u00edtica de cookies.\",\"breadcrumb\":{\"@id\":\"https:\/\/moodmedia.com\/es\/empresa\/politica-de-cookies\/#breadcrumb\"},\"inLanguage\":\"es\",\"potentialAction\":[{\"@type\":\"ReadAction\",\"target\":[\"https:\/\/moodmedia.com\/es\/empresa\/politica-de-cookies\/\"]}]},{\"@type\":\"BreadcrumbList\",\"@id\":\"https:\/\/moodmedia.com\/es\/empresa\/politica-de-cookies\/#breadcrumb\",\"itemListElement\":[{\"@type\":\"ListItem\",\"position\":1,\"name\":\"Home\",\"item\":\"https:\/\/moodmedia.com\/es\/\"},{\"@type\":\"ListItem\",\"position\":2,\"name\":\"La Empresa\",\"item\":\"https:\/\/moodmedia.com\/es\/empresa\/\"},{\"@type\":\"ListItem\",\"position\":3,\"name\":\"Pol\u00edtica de cookies\"}]},{\"@type\":\"WebSite\",\"@id\":\"https:\/\/moodmedia.com\/es\/#website\",\"url\":\"https:\/\/moodmedia.com\/es\/\",\"name\":\"Mood Media International\",\"description\":\"Experience. By Design\",\"publisher\":{\"@id\":\"https:\/\/moodmedia.com\/es\/#organization\"},\"potentialAction\":[{\"@type\":\"SearchAction\",\"target\":{\"@type\":\"EntryPoint\",\"urlTemplate\":\"https:\/\/moodmedia.com\/es\/?s={search_term_string}\"},\"query-input\":{\"@type\":\"PropertyValueSpecification\",\"valueRequired\":true,\"valueName\":\"search_term_string\"}}],\"inLanguage\":\"es\"},{\"@type\":\"Organization\",\"@id\":\"https:\/\/moodmedia.com\/es\/#organization\",\"name\":\"Mood Media\",\"url\":\"https:\/\/moodmedia.com\/es\/\",\"logo\":{\"@type\":\"ImageObject\",\"inLanguage\":\"es\",\"@id\":\"https:\/\/moodmedia.com\/es\/#\/schema\/logo\/image\/\",\"url\":\"https:\/\/moodmedia.com\/wp-content\/uploads\/2017\/10\/mood-media-logo-400.jpg\",\"contentUrl\":\"https:\/\/moodmedia.com\/wp-content\/uploads\/2017\/10\/mood-media-logo-400.jpg\",\"width\":400,\"height\":115,\"caption\":\"Mood Media\"},\"image\":{\"@id\":\"https:\/\/moodmedia.com\/es\/#\/schema\/logo\/image\/\"},\"sameAs\":[\"https:\/\/www.facebook.com\/moodmediauk\/\",\"https:\/\/x.com\/MoodMedia_UK\",\"https:\/\/www.linkedin.com\/company\/mood-media-uk\/\"]}]}<\/script>\n<!-- \/ Yoast SEO Premium plugin. -->","yoast_head_json":{"title":"Pol\u00edtica de cookies | Mood Media Espa\u00f1a","description":"Tu privacidad es muy importante para Mood Media. Consulta aqu\u00ed nuestra pol\u00edtica de cookies.","robots":{"index":"noindex","follow":"follow"},"og_locale":"es_ES","og_type":"article","og_title":"Pol\u00edtica de cookies","og_url":"https:\/\/moodmedia.com\/es\/empresa\/politica-de-cookies\/","og_site_name":"Mood Media Espa\u00f1a","article_publisher":"https:\/\/www.facebook.com\/moodmediauk\/","article_modified_time":"2025-06-23T14:06:45+00:00","twitter_card":"summary_large_image","twitter_site":"@MoodMedia_UK","twitter_misc":{"Tiempo de lectura":"7 minutos"},"schema":{"@context":"https:\/\/schema.org","@graph":[{"@type":"WebPage","@id":"https:\/\/moodmedia.com\/es\/empresa\/politica-de-cookies\/","url":"https:\/\/moodmedia.com\/es\/empresa\/politica-de-cookies\/","name":"Pol\u00edtica de cookies | Mood Media Espa\u00f1a","isPartOf":{"@id":"https:\/\/moodmedia.com\/es\/#website"},"datePublished":"2021-09-16T09:17:54+00:00","dateModified":"2025-06-23T14:06:45+00:00","description":"Tu privacidad es muy importante para Mood Media. Consulta aqu\u00ed nuestra pol\u00edtica de cookies.","breadcrumb":{"@id":"https:\/\/moodmedia.com\/es\/empresa\/politica-de-cookies\/#breadcrumb"},"inLanguage":"es","potentialAction":[{"@type":"ReadAction","target":["https:\/\/moodmedia.com\/es\/empresa\/politica-de-cookies\/"]}]},{"@type":"BreadcrumbList","@id":"https:\/\/moodmedia.com\/es\/empresa\/politica-de-cookies\/#breadcrumb","itemListElement":[{"@type":"ListItem","position":1,"name":"Home","item":"https:\/\/moodmedia.com\/es\/"},{"@type":"ListItem","position":2,"name":"La Empresa","item":"https:\/\/moodmedia.com\/es\/empresa\/"},{"@type":"ListItem","position":3,"name":"Pol\u00edtica de cookies"}]},{"@type":"WebSite","@id":"https:\/\/moodmedia.com\/es\/#website","url":"https:\/\/moodmedia.com\/es\/","name":"Mood Media International","description":"Experience. By Design","publisher":{"@id":"https:\/\/moodmedia.com\/es\/#organization"},"potentialAction":[{"@type":"SearchAction","target":{"@type":"EntryPoint","urlTemplate":"https:\/\/moodmedia.com\/es\/?s={search_term_string}"},"query-input":{"@type":"PropertyValueSpecification","valueRequired":true,"valueName":"search_term_string"}}],"inLanguage":"es"},{"@type":"Organization","@id":"https:\/\/moodmedia.com\/es\/#organization","name":"Mood Media","url":"https:\/\/moodmedia.com\/es\/","logo":{"@type":"ImageObject","inLanguage":"es","@id":"https:\/\/moodmedia.com\/es\/#\/schema\/logo\/image\/","url":"https:\/\/moodmedia.com\/wp-content\/uploads\/2017\/10\/mood-media-logo-400.jpg","contentUrl":"https:\/\/moodmedia.com\/wp-content\/uploads\/2017\/10\/mood-media-logo-400.jpg","width":400,"height":115,"caption":"Mood Media"},"image":{"@id":"https:\/\/moodmedia.com\/es\/#\/schema\/logo\/image\/"},"sameAs":["https:\/\/www.facebook.com\/moodmediauk\/","https:\/\/x.com\/MoodMedia_UK","https:\/\/www.linkedin.com\/company\/mood-media-uk\/"]}]}},"_links":{"self":[{"href":"https:\/\/moodmedia.com\/es\/wp-json\/wp\/v2\/pages\/89193","targetHints":{"allow":["GET"]}}],"collection":[{"href":"https:\/\/moodmedia.com\/es\/wp-json\/wp\/v2\/pages"}],"about":[{"href":"https:\/\/moodmedia.com\/es\/wp-json\/wp\/v2\/types\/page"}],"author":[{"embeddable":true,"href":"https:\/\/moodmedia.com\/es\/wp-json\/wp\/v2\/users\/9"}],"replies":[{"embeddable":true,"href":"https:\/\/moodmedia.com\/es\/wp-json\/wp\/v2\/comments?post=89193"}],"version-history":[{"count":0,"href":"https:\/\/moodmedia.com\/es\/wp-json\/wp\/v2\/pages\/89193\/revisions"}],"up":[{"embeddable":true,"href":"https:\/\/moodmedia.com\/es\/wp-json\/wp\/v2\/pages\/65884"}],"wp:attachment":[{"href":"https:\/\/moodmedia.com\/es\/wp-json\/wp\/v2\/media?parent=89193"}],"curies":[{"name":"wp","href":"https:\/\/api.w.org\/{rel}","templated":true}]}}