{"id":107693,"date":"2021-09-16T10:17:54","date_gmt":"2021-09-16T09:17:54","guid":{"rendered":"https:\/\/moodmedia.com\/entreprise\/politique-en-matiere-de-cookies\/"},"modified":"2025-06-23T16:26:57","modified_gmt":"2025-06-23T15:26:57","slug":"politique-en-matiere-de-cookies","status":"publish","type":"page","link":"https:\/\/moodmedia.com\/fr\/entreprise\/politique-en-matiere-de-cookies\/","title":{"rendered":"Politique en mati\u00e8re de cookies"},"content":{"rendered":"<p>[et_pb_section fb_built=\u00a0\u00bb1&Prime; admin_label=\u00a0\u00bbsection\u00a0\u00bb _builder_version=\u00a0\u00bb4.16&Prime; global_colors_info=\u00a0\u00bb{}\u00a0\u00bb][et_pb_row admin_label=\u00a0\u00bbligne\u00a0\u00bb _builder_version=\u00a0\u00bb4.16&Prime; background_size=\u00a0\u00bbinitial\u00a0\u00bb background_position=\u00a0\u00bbtop_left\u00a0\u00bb background_repeat=\u00a0\u00bbrepeat\u00a0\u00bb global_colors_info=\u00a0\u00bb{}\u00a0\u00bb][et_pb_column type=\u00a0\u00bb4_4&Prime; _builder_version=\u00a0\u00bb4.16&Prime; custom_padding=\u00a0\u00bb|||\u00a0\u00bb global_colors_info=\u00a0\u00bb{}\u00a0\u00bb custom_padding__hover=\u00a0\u00bb|||\u00a0\u00bb][et_pb_text _builder_version=\u00a0\u00bb4.27.0&Prime; hover_enabled=\u00a0\u00bb0&Prime; global_colors_info=\u00a0\u00bb{}\u00a0\u00bb sticky_enabled=\u00a0\u00bb0&Prime;]<\/p>\n<h1>Politique en mati\u00e8re de cookies<\/h1>\n<p>La pr\u00e9sente politique (la<strong>\u00ab\u00a0Politique en mati\u00e8re de cookies<\/strong>\u00ab\u00a0) vous informe de nos politiques concernant le d\u00e9ploiement de cookies et de syst\u00e8mes similaires lorsque vous visitez <a href=\"https:\/\/moodmedia.com\/\">moodmedia.com<\/a> (ci-apr\u00e8s d\u00e9nomm\u00e9 le<strong>\u00ab\u00a0Site web<\/strong>\u00ab\u00a0), et des choix que vous avez associ\u00e9s \u00e0 ces technologies. Le site web utilise des cookies et des technologies similaires pour am\u00e9liorer l&rsquo;exp\u00e9rience de l&rsquo;utilisateur et garantir son bon fonctionnement.<\/p>\n<p>Le site web est exploit\u00e9 conjointement par Mood Media Corporation et ses filiales et soci\u00e9t\u00e9s affili\u00e9es dans le monde entier (collectivement, \u00ab\u00a0Mood Media\u00a0\u00bb ; \u00e9galement d\u00e9sign\u00e9s par les termes \u00a0\u00bb nous \u00a0\u00bb ou \u00a0\u00bb notre \u00ab\u00a0). Mood MediaLes filiales et soci\u00e9t\u00e9s affili\u00e9es de la Soci\u00e9t\u00e9 sont \u00e9num\u00e9r\u00e9es dans la section \u00a0\u00bb Entit\u00e9s \u00a0\u00bb de la politique de confidentialit\u00e9.Mood Media Entit\u00e9s\u00a0\u00bb de la <a href=\"https:\/\/moodmedia.com\/fr\/entreprise\/politique-de-confidentialite\/\">politique de confidentialit\u00e9<\/a>. <\/p>\n<p><strong>1. Qu&rsquo;est-ce qu&rsquo;un cookie ?<\/strong><\/p>\n<p>Les cookies sont de petits fichiers texte plac\u00e9s sur votre ordinateur ou votre appareil par les sites web que vous visitez. Ils sont largement utilis\u00e9s pour faire fonctionner les sites web, ou les faire fonctionner plus efficacement, ainsi que pour fournir des informations aux propri\u00e9taires du site web. <\/p>\n<p><strong>2. Comment utilisons-nous les cookies ?<\/strong><\/p>\n<p>Nous utilisons des cookies pour toute une s\u00e9rie de t\u00e2ches. Ils vous permettent notamment de naviguer efficacement entre les pages, d&rsquo;enregistrer et de conserver vos pr\u00e9f\u00e9rences et, d&rsquo;une mani\u00e8re g\u00e9n\u00e9rale, d&rsquo;am\u00e9liorer votre exp\u00e9rience en ligne. Ils peuvent \u00e9galement contribuer \u00e0 faire en sorte que les publicit\u00e9s que vous voyez en ligne soient plus pertinentes pour vous.<br \/>Si vous visitez notre site web, nous pouvons d\u00e9ployer ces technologies pour fournir un service en ligne plus adapt\u00e9 \u00e0 l&rsquo;appareil sur lequel vous visitez. Lorsque vous visitez notre site web, nous recueillons des informations sur votre utilisation du site, telles que des informations sur l&rsquo;appareil ou le navigateur que vous utilisez pour acc\u00e9der au site, la fa\u00e7on dont vous interagissez avec lui et l&rsquo;adresse IP \u00e0 partir de laquelle votre appareil se connecte. Il se peut que vous ne puissiez pas initier ou r\u00e9aliser certaines activit\u00e9s au sein de nos services en ligne s\u00e9curis\u00e9s si ces cookies ou des technologies similaires ne sont pas install\u00e9s.    <\/p>\n<p><strong>3. Quels types de cookies utilisons-nous ?<\/strong><\/p>\n<p>3.1 Cookies de premi\u00e8re partie et cookies de tierce partie<\/p>\n<p>Les cookies de premi\u00e8re partie sont des cookies mis en place par le site web que vous visitez. Seul ce site peut les lire. En outre, un site web peut potentiellement utiliser des services externes qui d\u00e9finissent \u00e9galement leurs propres cookies, appel\u00e9s cookies de tiers. Les services tiers \u00e9chappent au contr\u00f4le de Mood Media. Les fournisseurs peuvent, \u00e0 tout moment, modifier leurs conditions de service, l&rsquo;objectif et l&rsquo;utilisation des cookies, etc.    <\/p>\n<p>3.2 Cookies de session et cookies persistants<\/p>\n<p>Certains de ces cookies sont des \u00ab\u00a0cookies de session\u00a0\u00bb, qui ne restent en place que pendant la dur\u00e9e de votre session de navigation et sont supprim\u00e9s lorsque vous quittez votre navigateur web. Les cookies de session ne durent que le temps de votre session en ligne. Cela signifie qu&rsquo;ils disparaissent de votre ordinateur ou de votre appareil lorsque vous fermez votre navigateur. C&rsquo;est pourquoi ils sont aussi parfois appel\u00e9s \u00ab\u00a0cookies temporaires\u00a0\u00bb. D&rsquo;autres sont des \u00ab\u00a0cookies persistants\u00a0\u00bb, qui restent sur votre appareil ou votre ordinateur pendant un certain temps apr\u00e8s que vous avez quitt\u00e9 votre navigateur web. Ces cookies sont parfois appel\u00e9s cookies permanents.     <\/p>\n<p>Plus pr\u00e9cis\u00e9ment, nous utilisons les cookies mentionn\u00e9s ci-dessous aux fins suivantes :<\/p>\n<ul>\n<li>Cookies strictement n\u00e9cessaires<\/li>\n<li>Cookies fonctionnels<\/li>\n<li>Cookies analytiques\/de performance<\/li>\n<li>Cookies de ciblage\/publicit\u00e9<\/li>\n<\/ul>\n<p>Les <strong>cookies strictement n\u00e9cessaires<\/strong> sont essentiels au fonctionnement du site web. Sans l&rsquo;utilisation de ces cookies, il se peut que vous ne puissiez pas utiliser certaines fonctions du site web. Ces cookies sont n\u00e9cessaires au fonctionnement du site web et ne peuvent pas \u00eatre d\u00e9sactiv\u00e9s dans nos syst\u00e8mes. Ces cookies ne stockent aucune information permettant de vous identifier personnellement.   <\/p>\n<p><strong>Cookies fonctionnels<\/strong>: Ces cookies permettent au site web d&rsquo;offrir une fonctionnalit\u00e9 et une personnalisation accrues. Les cookies de fonctionnalit\u00e9 sont utilis\u00e9s pour m\u00e9moriser les pr\u00e9f\u00e9rences des utilisateurs afin de personnaliser le site web. Si vous n&rsquo;autorisez pas ces cookies, tout ou partie de ces services risquent de ne pas fonctionner correctement.  <\/p>\n<p><strong>Cookies analytiques\/de performance<\/strong>: Ces cookies nous permettent de compter les visites et les sources de trafic, afin de mesurer et d&rsquo;am\u00e9liorer les performances de notre site web. Ils nous permettent de savoir quelles sont les pages les plus et les moins populaires et de voir comment les visiteurs se d\u00e9placent sur le site web. Toutes les informations collect\u00e9es par ces cookies sont agr\u00e9g\u00e9es et donc anonymes. Si vous n&rsquo;autorisez pas ces cookies, nous ne saurons pas quand vous avez visit\u00e9 notre site web.   <\/p>\n<p><strong>Cookies de ciblage\/publicit\u00e9<\/strong>: Les cookies de ciblage ou de publicit\u00e9 sont utilis\u00e9s pour cibler les publicit\u00e9s en fonction des int\u00e9r\u00eats des utilisateurs, sur la base de leur activit\u00e9 de navigation ant\u00e9rieure sur le web. Ils ne peuvent cependant pas d\u00e9terminer qui vous \u00eates, car les donn\u00e9es collect\u00e9es ne sont jamais li\u00e9es \u00e0 votre profil. <\/p>\n<p>Vous trouverez ci-dessous une liste des cookies que nous utilisons sur ce site web.<\/p>\n<p><script type=\"text\/javascript\" charset=\"UTF-8\" data-cookiescriptreport=\"report\" src=\"\/\/report.cookie-script.com\/r\/c404afde4de531b074caf2568b255dc7.js\"><\/script><\/p>\n<p><strong>4. Comment g\u00e9rer les cookies ?<\/strong><\/p>\n<p>Chaque fois que vous visitez notre site web, vous serez invit\u00e9 \u00e0 accepter, refuser ou g\u00e9rer les pr\u00e9f\u00e9rences en mati\u00e8re de cookies.<br \/>Les cookies utilis\u00e9s sur notre site web peuvent \u00eatre activ\u00e9s ou d\u00e9sactiv\u00e9s gr\u00e2ce \u00e0 notre outil de consentement ou en d\u00e9sactivant les cookies par le biais de votre navigateur, comme suit :<\/p>\n<p>4.1. Outil de consentement<\/p>\n<p>L&rsquo;outil de consentement aux cookies peut \u00eatre utilis\u00e9 pour personnaliser vos pr\u00e9f\u00e9rences en mati\u00e8re de cookies. L&rsquo;outil enregistre le moment o\u00f9 vous avez consenti \u00e0 notre politique en mati\u00e8re de cookies. Vous pouvez modifier vos pr\u00e9f\u00e9rences et retirer votre consentement en mati\u00e8re de cookies \u00e0 tout moment en acc\u00e9dant \u00e0 l&rsquo;ic\u00f4ne des cookies qui appara\u00eet dans le coin inf\u00e9rieur gauche de notre site web et en cliquant sur <em>G\u00e9rer le consentement.<\/em> Les cookies strictement n\u00e9cessaires ne peuvent pas \u00eatre d\u00e9sactiv\u00e9s, et l&rsquo;outil ne peut pas non plus \u00eatre utilis\u00e9 pour bloquer les cookies sur les sites web de tiers li\u00e9s \u00e0 notre site web.<\/p>\n<p>4.2. Utilisation du navigateur<\/p>\n<p>La plupart des navigateurs vous permettent de refuser, d&rsquo;accepter et de supprimer les cookies. Les m\u00e9thodes pour ce faire varient d&rsquo;un navigateur \u00e0 l&rsquo;autre et d&rsquo;une version \u00e0 l&rsquo;autre. Vous pouvez toutefois obtenir des informations actualis\u00e9es sur le blocage et la suppression des cookies via ces liens :  <\/p>\n<ul>\n<li><a href=\"https:\/\/support.google.com\/chrome\/answer\/95647?hl=en\">Chrome<\/a><\/li>\n<li><a href=\"https:\/\/privacy.microsoft.com\/en-us\/windows-10-microsoft-edge-and-privacy\">Bord<\/a><\/li>\n<li><a href=\"https:\/\/support.mozilla.org\/en-US\/kb\/cookies-information-websites-store-on-your-computer\">Firefox<\/a><\/li>\n<li><a href=\"https:\/\/support.microsoft.com\/en-gb\/help\/17442\/windows-internet-explorer-delete-manage-cookies\">Internet Explorer<\/a><\/li>\n<li><a href=\"https:\/\/www.opera.com\/case-studies\/clean-browser-and-remove-trackers\">Op\u00e9ra<\/a><\/li>\n<li><a href=\"https:\/\/support.apple.com\/en-gb\/guide\/safari\/sfri11471\/mac\">Safari<\/a><\/li>\n<\/ul>\n<p>Sachez toutefois que vous risquez \u00e9galement de perdre certaines informations sauvegard\u00e9es (par exemple, vos donn\u00e9es de connexion ou vos pr\u00e9f\u00e9rences en mati\u00e8re de sites web). Le blocage de tous les cookies aura un impact n\u00e9gatif sur la facilit\u00e9 d&rsquo;utilisation de nombreux sites web. Si vous bloquez les cookies, il est possible que vous ne puissiez pas profiter de toutes les fonctions techniques offertes par notre site web et que votre exp\u00e9rience d&rsquo;utilisateur en soit affect\u00e9e.  <\/p>\n<p>Pour de plus amples informations sur la gestion et la suppression des cookies, veuillez consulter le site <a href=\"https:\/\/www.allaboutcookies.org\/\"><strong> https:\/\/www.allaboutcookies.org\/<\/strong><\/a>.<\/p>\n<p><strong>5. Des questions ?<\/strong><\/p>\n<p>Pour plus d&rsquo;informations, n&rsquo;h\u00e9sitez pas \u00e0 contacter notre responsable de la protection de la vie priv\u00e9e \u00e0 l&rsquo;adresse <a href=\"mailto:dpo@moodmedia.com\">dpo@moodmedia.com<\/a>.<\/p>\n<p><strong>6. Modifications et ajouts \u00e0 la pr\u00e9sente politique en mati\u00e8re de cookies<\/strong><\/p>\n<p>Nous pouvons mettre \u00e0 jour la pr\u00e9sente politique en mati\u00e8re de cookies de temps \u00e0 autre afin de refl\u00e9ter, par exemple, les changements apport\u00e9s aux cookies que nous utilisons ou pour d&rsquo;autres raisons op\u00e9rationnelles, juridiques ou r\u00e9glementaires. Nous vous invitons donc \u00e0 consulter r\u00e9guli\u00e8rement la pr\u00e9sente politique en mati\u00e8re de cookies afin de rester inform\u00e9 de notre utilisation des cookies et des technologies connexes. <\/p>\n<p>La date figurant au bas de la pr\u00e9sente politique en mati\u00e8re de cookies indique la date de sa derni\u00e8re mise \u00e0 jour.<\/p>\n<p><em>Cette politique entre en vigueur le 15 septembre 2021.<\/em><\/p>\n<p>[\/et_pb_text][\/et_pb_column][\/et_pb_row][\/et_pb_section]<\/p>\n","protected":false},"excerpt":{"rendered":"<p>Politique en mati\u00e8re de cookies La pr\u00e9sente politique (la\u00a0\u00bbPolitique en mati\u00e8re de cookies\u00a0\u00bb) vous informe de nos politiques concernant le d\u00e9ploiement de cookies et de syst\u00e8mes similaires lorsque vous visitez moodmedia.com (ci-apr\u00e8s d\u00e9nomm\u00e9 le\u00a0\u00bbSite web\u00a0\u00bb), et des choix que vous avez associ\u00e9s \u00e0 ces technologies. Le site web utilise des cookies et des technologies similaires pour am\u00e9liorer l&rsquo;exp\u00e9rience de l&rsquo;utilisateur et garantir son bon fonctionnement. Le site web est exploit\u00e9 conjointement par Mood Media Corporation et ses filiales et soci\u00e9t\u00e9s affili\u00e9es dans le monde entier (collectivement, \u00ab\u00a0Mood Media\u00a0\u00bb ; \u00e9galement d\u00e9sign\u00e9s par les termes \u00a0\u00bb nous \u00a0\u00bb ou \u00a0\u00bb notre \u00ab\u00a0). Mood MediaLes filiales et soci\u00e9t\u00e9s affili\u00e9es de la Soci\u00e9t\u00e9 sont \u00e9num\u00e9r\u00e9es dans la section \u00a0\u00bb Entit\u00e9s \u00a0\u00bb de la politique de confidentialit\u00e9.Mood Media Entit\u00e9s\u00a0\u00bb de la politique de confidentialit\u00e9. 1. Qu&rsquo;est-ce qu&rsquo;un cookie ? Les cookies sont de petits fichiers texte plac\u00e9s sur votre ordinateur ou votre appareil par les sites web que vous visitez. Ils sont largement utilis\u00e9s pour faire fonctionner les sites web, ou les faire fonctionner plus efficacement, ainsi que pour fournir des informations aux propri\u00e9taires du site web. 2. Comment utilisons-nous les cookies ? Nous utilisons des cookies pour toute une s\u00e9rie de t\u00e2ches. Ils [&hellip;]<\/p>\n","protected":false},"author":9,"featured_media":0,"parent":101754,"menu_order":0,"comment_status":"closed","ping_status":"closed","template":"","meta":{"_et_pb_use_builder":"on","_et_pb_old_content":"","_et_gb_content_width":"","footnotes":""},"class_list":["post-107693","page","type-page","status-publish","hentry"],"yoast_head":"<!-- This site is optimized with the Yoast SEO Premium plugin v26.8 (Yoast SEO v27.3) - https:\/\/yoast.com\/product\/yoast-seo-premium-wordpress\/ -->\n<title>Politique en mati\u00e8re de cookies | Mood Media France<\/title>\n<meta name=\"description\" content=\"Votre vie priv\u00e9e est tr\u00e8s importante pour Mood Media. Vous trouverez ici notre politique en mati\u00e8re de cookies.\" \/>\n<meta name=\"robots\" content=\"noindex, follow\" \/>\n<meta property=\"og:locale\" content=\"fr_FR\" \/>\n<meta property=\"og:type\" content=\"article\" \/>\n<meta property=\"og:title\" content=\"Politique en mati\u00e8re de cookies\" \/>\n<meta property=\"og:url\" content=\"https:\/\/moodmedia.com\/fr\/entreprise\/politique-en-matiere-de-cookies\/\" \/>\n<meta property=\"og:site_name\" content=\"Mood Media France\" \/>\n<meta property=\"article:publisher\" content=\"https:\/\/www.facebook.com\/moodmediauk\/\" \/>\n<meta property=\"article:modified_time\" content=\"2025-06-23T15:26:57+00:00\" \/>\n<meta name=\"twitter:card\" content=\"summary_large_image\" \/>\n<meta name=\"twitter:site\" content=\"@MoodMedia_UK\" \/>\n<meta name=\"twitter:label1\" content=\"Dur\u00e9e de lecture estim\u00e9e\" \/>\n\t<meta name=\"twitter:data1\" content=\"7 minutes\" \/>\n<script type=\"application\/ld+json\" class=\"yoast-schema-graph\">{\"@context\":\"https:\\\/\\\/schema.org\",\"@graph\":[{\"@type\":\"WebPage\",\"@id\":\"https:\\\/\\\/moodmedia.com\\\/fr\\\/entreprise\\\/politique-en-matiere-de-cookies\\\/\",\"url\":\"https:\\\/\\\/moodmedia.com\\\/fr\\\/entreprise\\\/politique-en-matiere-de-cookies\\\/\",\"name\":\"Politique en mati\u00e8re de cookies | Mood Media France\",\"isPartOf\":{\"@id\":\"https:\\\/\\\/moodmedia.com\\\/fr\\\/#website\"},\"datePublished\":\"2021-09-16T09:17:54+00:00\",\"dateModified\":\"2025-06-23T15:26:57+00:00\",\"description\":\"Votre vie priv\u00e9e est tr\u00e8s importante pour Mood Media. Vous trouverez ici notre politique en mati\u00e8re de cookies.\",\"breadcrumb\":{\"@id\":\"https:\\\/\\\/moodmedia.com\\\/fr\\\/entreprise\\\/politique-en-matiere-de-cookies\\\/#breadcrumb\"},\"inLanguage\":\"fr-FR\",\"potentialAction\":[{\"@type\":\"ReadAction\",\"target\":[\"https:\\\/\\\/moodmedia.com\\\/fr\\\/entreprise\\\/politique-en-matiere-de-cookies\\\/\"]}]},{\"@type\":\"BreadcrumbList\",\"@id\":\"https:\\\/\\\/moodmedia.com\\\/fr\\\/entreprise\\\/politique-en-matiere-de-cookies\\\/#breadcrumb\",\"itemListElement\":[{\"@type\":\"ListItem\",\"position\":1,\"name\":\"Home\",\"item\":\"https:\\\/\\\/moodmedia.com\\\/fr\\\/\"},{\"@type\":\"ListItem\",\"position\":2,\"name\":\"Entreprise\",\"item\":\"https:\\\/\\\/moodmedia.com\\\/fr\\\/entreprise\\\/\"},{\"@type\":\"ListItem\",\"position\":3,\"name\":\"Politique en mati\u00e8re de cookies\"}]},{\"@type\":\"WebSite\",\"@id\":\"https:\\\/\\\/moodmedia.com\\\/fr\\\/#website\",\"url\":\"https:\\\/\\\/moodmedia.com\\\/fr\\\/\",\"name\":\"Mood Media International\",\"description\":\"Experience. By Design\",\"publisher\":{\"@id\":\"https:\\\/\\\/moodmedia.com\\\/fr\\\/#organization\"},\"potentialAction\":[{\"@type\":\"SearchAction\",\"target\":{\"@type\":\"EntryPoint\",\"urlTemplate\":\"https:\\\/\\\/moodmedia.com\\\/fr\\\/?s={search_term_string}\"},\"query-input\":{\"@type\":\"PropertyValueSpecification\",\"valueRequired\":true,\"valueName\":\"search_term_string\"}}],\"inLanguage\":\"fr-FR\"},{\"@type\":\"Organization\",\"@id\":\"https:\\\/\\\/moodmedia.com\\\/fr\\\/#organization\",\"name\":\"Mood Media\",\"url\":\"https:\\\/\\\/moodmedia.com\\\/fr\\\/\",\"logo\":{\"@type\":\"ImageObject\",\"inLanguage\":\"fr-FR\",\"@id\":\"https:\\\/\\\/moodmedia.com\\\/fr\\\/#\\\/schema\\\/logo\\\/image\\\/\",\"url\":\"https:\\\/\\\/moodmedia.com\\\/wp-content\\\/uploads\\\/2017\\\/10\\\/mood-media-logo-400.jpg\",\"contentUrl\":\"https:\\\/\\\/moodmedia.com\\\/wp-content\\\/uploads\\\/2017\\\/10\\\/mood-media-logo-400.jpg\",\"width\":400,\"height\":115,\"caption\":\"Mood Media\"},\"image\":{\"@id\":\"https:\\\/\\\/moodmedia.com\\\/fr\\\/#\\\/schema\\\/logo\\\/image\\\/\"},\"sameAs\":[\"https:\\\/\\\/www.facebook.com\\\/moodmediauk\\\/\",\"https:\\\/\\\/x.com\\\/MoodMedia_UK\",\"https:\\\/\\\/www.linkedin.com\\\/company\\\/mood-media-uk\\\/\"]}]}<\/script>\n<!-- \/ Yoast SEO Premium plugin. -->","yoast_head_json":{"title":"Politique en mati\u00e8re de cookies | Mood Media France","description":"Votre vie priv\u00e9e est tr\u00e8s importante pour Mood Media. Vous trouverez ici notre politique en mati\u00e8re de cookies.","robots":{"index":"noindex","follow":"follow"},"og_locale":"fr_FR","og_type":"article","og_title":"Politique en mati\u00e8re de cookies","og_url":"https:\/\/moodmedia.com\/fr\/entreprise\/politique-en-matiere-de-cookies\/","og_site_name":"Mood Media France","article_publisher":"https:\/\/www.facebook.com\/moodmediauk\/","article_modified_time":"2025-06-23T15:26:57+00:00","twitter_card":"summary_large_image","twitter_site":"@MoodMedia_UK","twitter_misc":{"Dur\u00e9e de lecture estim\u00e9e":"7 minutes"},"schema":{"@context":"https:\/\/schema.org","@graph":[{"@type":"WebPage","@id":"https:\/\/moodmedia.com\/fr\/entreprise\/politique-en-matiere-de-cookies\/","url":"https:\/\/moodmedia.com\/fr\/entreprise\/politique-en-matiere-de-cookies\/","name":"Politique en mati\u00e8re de cookies | Mood Media France","isPartOf":{"@id":"https:\/\/moodmedia.com\/fr\/#website"},"datePublished":"2021-09-16T09:17:54+00:00","dateModified":"2025-06-23T15:26:57+00:00","description":"Votre vie priv\u00e9e est tr\u00e8s importante pour Mood Media. Vous trouverez ici notre politique en mati\u00e8re de cookies.","breadcrumb":{"@id":"https:\/\/moodmedia.com\/fr\/entreprise\/politique-en-matiere-de-cookies\/#breadcrumb"},"inLanguage":"fr-FR","potentialAction":[{"@type":"ReadAction","target":["https:\/\/moodmedia.com\/fr\/entreprise\/politique-en-matiere-de-cookies\/"]}]},{"@type":"BreadcrumbList","@id":"https:\/\/moodmedia.com\/fr\/entreprise\/politique-en-matiere-de-cookies\/#breadcrumb","itemListElement":[{"@type":"ListItem","position":1,"name":"Home","item":"https:\/\/moodmedia.com\/fr\/"},{"@type":"ListItem","position":2,"name":"Entreprise","item":"https:\/\/moodmedia.com\/fr\/entreprise\/"},{"@type":"ListItem","position":3,"name":"Politique en mati\u00e8re de cookies"}]},{"@type":"WebSite","@id":"https:\/\/moodmedia.com\/fr\/#website","url":"https:\/\/moodmedia.com\/fr\/","name":"Mood Media International","description":"Experience. By Design","publisher":{"@id":"https:\/\/moodmedia.com\/fr\/#organization"},"potentialAction":[{"@type":"SearchAction","target":{"@type":"EntryPoint","urlTemplate":"https:\/\/moodmedia.com\/fr\/?s={search_term_string}"},"query-input":{"@type":"PropertyValueSpecification","valueRequired":true,"valueName":"search_term_string"}}],"inLanguage":"fr-FR"},{"@type":"Organization","@id":"https:\/\/moodmedia.com\/fr\/#organization","name":"Mood Media","url":"https:\/\/moodmedia.com\/fr\/","logo":{"@type":"ImageObject","inLanguage":"fr-FR","@id":"https:\/\/moodmedia.com\/fr\/#\/schema\/logo\/image\/","url":"https:\/\/moodmedia.com\/wp-content\/uploads\/2017\/10\/mood-media-logo-400.jpg","contentUrl":"https:\/\/moodmedia.com\/wp-content\/uploads\/2017\/10\/mood-media-logo-400.jpg","width":400,"height":115,"caption":"Mood Media"},"image":{"@id":"https:\/\/moodmedia.com\/fr\/#\/schema\/logo\/image\/"},"sameAs":["https:\/\/www.facebook.com\/moodmediauk\/","https:\/\/x.com\/MoodMedia_UK","https:\/\/www.linkedin.com\/company\/mood-media-uk\/"]}]}},"_links":{"self":[{"href":"https:\/\/moodmedia.com\/fr\/wp-json\/wp\/v2\/pages\/107693","targetHints":{"allow":["GET"]}}],"collection":[{"href":"https:\/\/moodmedia.com\/fr\/wp-json\/wp\/v2\/pages"}],"about":[{"href":"https:\/\/moodmedia.com\/fr\/wp-json\/wp\/v2\/types\/page"}],"author":[{"embeddable":true,"href":"https:\/\/moodmedia.com\/fr\/wp-json\/wp\/v2\/users\/9"}],"replies":[{"embeddable":true,"href":"https:\/\/moodmedia.com\/fr\/wp-json\/wp\/v2\/comments?post=107693"}],"version-history":[{"count":0,"href":"https:\/\/moodmedia.com\/fr\/wp-json\/wp\/v2\/pages\/107693\/revisions"}],"up":[{"embeddable":true,"href":"https:\/\/moodmedia.com\/fr\/wp-json\/wp\/v2\/pages\/101754"}],"wp:attachment":[{"href":"https:\/\/moodmedia.com\/fr\/wp-json\/wp\/v2\/media?parent=107693"}],"curies":[{"name":"wp","href":"https:\/\/api.w.org\/{rel}","templated":true}]}}