{"id":207555,"date":"2021-06-22T16:53:18","date_gmt":"2021-06-22T15:53:18","guid":{"rendered":"https:\/\/moodmedia.com\/zenei-bekuldesek\/"},"modified":"2025-06-03T13:47:34","modified_gmt":"2025-06-03T12:47:34","slug":"zenei-bekuldesek","status":"publish","type":"page","link":"https:\/\/moodmedia.com\/hu\/lepjen-kapcsolatba-velunk\/zenei-bekuldesek\/","title":{"rendered":"Zenei bek\u00fcld\u00e9sek"},"content":{"rendered":"<p>[et_pb_section fb_built=&#8221;1&#8243; _builder_version=&#8221;4.19.4&#8243; _module_preset=&#8221;default&#8221; background_color=&#8221;#d6d6d6&#8243; background_image=&#8221;https:\/\/moodmedia.com\/wp-content\/uploads\/2025\/06\/music-submissions-hero.webp&#8221; background_blend=&#8221;multiply&#8221; global_colors_info=&#8221;{}&#8221; theme_builder_area=&#8221;post_content&#8221;][et_pb_row column_structure=&#8221;3_5,2_5&#8243; _builder_version=&#8221;4.17.4&#8243; _module_preset=&#8221;default&#8221; global_colors_info=&#8221;{}&#8221; theme_builder_area=&#8221;post_content&#8221;][et_pb_column type=&#8221;3_5&#8243; _builder_version=&#8221;4.17.4&#8243; _module_preset=&#8221;default&#8221; global_colors_info=&#8221;{}&#8221; theme_builder_area=&#8221;post_content&#8221;][et_pb_text _builder_version=&#8221;4.19.4&#8243; _module_preset=&#8221;default&#8221; text_orientation=&#8221;center&#8221; background_layout=&#8221;dark&#8221; global_colors_info=&#8221;{}&#8221; theme_builder_area=&#8221;post_content&#8221;]<\/p>\n<h1 class=\"bold new-hero\">K\u00dcLDJE EL ZEN\u00c9J\u00c9T<\/h1>\n<p>[\/et_pb_text][et_pb_text _builder_version=&#8221;4.19.4&#8243; background_color=&#8221;#FFFFFF&#8221; background_size=&#8221;initial&#8221; background_position=&#8221;top_left&#8221; background_repeat=&#8221;repeat&#8221; module_alignment=&#8221;center&#8221; custom_padding=&#8221;30px|30px|30px|30px|false|false&#8221; border_radii=&#8221;on|10px|10px|10px|10px&#8221; use_border_color=&#8221;off&#8221; border_color=&#8221;#ffffff&#8221; border_style=&#8221;solid&#8221; global_colors_info=&#8221;{}&#8221; theme_builder_area=&#8221;post_content&#8221;]<\/p>\n<p class=\"intro2\"><b>**K\u00e9rj\u00fck, olvassa el ezt az utas\u00edt\u00e1st teljes eg\u00e9sz\u00e9ben, mivel fontos bek\u00fcld\u00e9si ir\u00e1nyelveket tartalmaznak.**<\/b><\/p>\n<p class=\"intro2\">Ha nem k\u00f6veti ezeket a l\u00e9p\u00e9seket, beadv\u00e1ny\u00e1t nem vessz\u00fck figyelembe. A megl\u00e9v\u0151 jogd\u00edjakkal kapcsolatos k\u00e9rd\u00e9seivel forduljon a <a href=\"mailto:royalties@moodmedia.com\" target=\"_blank\" rel=\"noopener noreferrer\">royalties@moodmedia.com c\u00edmhez<\/a> . <\/p>\n<p>[\/et_pb_text][\/et_pb_column][et_pb_column type=&#8221;2_5&#8243; _builder_version=&#8221;4.17.4&#8243; _module_preset=&#8221;default&#8221; global_colors_info=&#8221;{}&#8221; theme_builder_area=&#8221;post_content&#8221;][\/et_pb_column][\/et_pb_row][\/et_pb_section][et_pb_section fb_built=&#8221;1&#8243; _builder_version=&#8221;4.16&#8243; global_colors_info=&#8221;{}&#8221; theme_builder_area=&#8221;post_content&#8221;][et_pb_row column_structure=&#8221;1_2,1_2&#8243; _builder_version=&#8221;4.16&#8243; background_size=&#8221;initial&#8221; background_position=&#8221;top_left&#8221; background_repeat=&#8221;repeat&#8221; global_colors_info=&#8221;{}&#8221; theme_builder_area=&#8221;post_content&#8221;][et_pb_column type=&#8221;1_2&#8243; _builder_version=&#8221;4.16&#8243; custom_padding=&#8221;|||&#8221; global_colors_info=&#8221;{}&#8221; custom_padding__hover=&#8221;|||&#8221; theme_builder_area=&#8221;post_content&#8221;][et_pb_text _builder_version=&#8221;4.19.4&#8243; background_size=&#8221;initial&#8221; background_position=&#8221;top_left&#8221; background_repeat=&#8221;repeat&#8221; use_border_color=&#8221;off&#8221; border_color=&#8221;#ffffff&#8221; border_style=&#8221;solid&#8221; global_colors_info=&#8221;{}&#8221; theme_builder_area=&#8221;post_content&#8221;]<\/p>\n<p class=\"intro2\">K\u00f6sz\u00f6nj\u00fck, hogy \u00e9rdekl\u0151dik a zen\u00e9je bek\u00fcld\u00e9se ir\u00e1nt a Mood Media. K\u00e9rj\u00fck, t\u00f6ltse ki az al\u00e1bbi l\u00e9p\u00e9seket a zenei tartalom bek\u00fcld\u00e9s\u00e9vel kapcsolatban: <\/p>\n<h3 class=\"moodred\"><b>Bek\u00fcld\u00e9si ir\u00e1nyelvek:<\/b><\/h3>\n<p>1. K\u00fcldj\u00f6n el egy linket egy online digit\u00e1lis jukeboxra a <a href=\"mailto:musicsubmissions@moodmedia.com\">musicsubmissions@moodmedia.com c\u00edmre<\/a> , lehet\u0151leg egy olyanra, mint a <a href=\"https:\/\/www.soundcloud.com\/\">www.Soundcloud.com<\/a> vagy a <a href=\"https:\/\/www.beatport.com\/\">www.beatport.com<\/a> , hogy tervez\u0151ink megtekinthess\u00e9k a sz\u00e1mokat.<\/p>\n<p>2. <strong>A zen\u00e9k bek\u00fcld\u00e9sekor <a href=\"mailto:musicsubmissions@moodmedia.com\">a musicsubmissions@moodmedia.com c\u00edmre k\u00fcld\u00f6tt e-mail<\/a> t\u00e1rgysor\u00e1ban fel kell t\u00fcntetni a kiad\u00f3 nev\u00e9t, a zenei st\u00edlust\/m\u0171fajt \u00e9s a \u201eUnlicensed with Mood Media\u201d sz\u00f6veget, hogy a bek\u00fcld\u00e9sek a megfelel\u0151 f\u00e9lhez\/felekhez jussanak el. <\/strong> <\/p>\n<p>P\u00e9lda:<\/p>\n<p>T\u00c9MA: Breeze Tree Records &#8211; Folk\/Pop &#8211; enged\u00e9ly n\u00e9lk\u00fcl a k\u00f6vetkez\u0151vel Mood Media[\/et_pb_text][\/et_pb_column][et_pb_column type=&#8221;1_2&#8243; _builder_version=&#8221;4.16&#8243; custom_padding=&#8221;|||&#8221; global_colors_info=&#8221;{}&#8221; custom_padding__hover=&#8221;|||&#8221; theme_builder_area=&#8221;post_content&#8221;][et_pb_text _builder_version=&#8221;4.19.4&#8243; background_size=&#8221;initial&#8221; background_position=&#8221;top_left&#8221; background_repeat=&#8221;repeat&#8221; use_border_color=&#8221;off&#8221; border_color=&#8221;#ffffff&#8221; border_style=&#8221;solid&#8221; global_colors_info=&#8221;{}&#8221; theme_builder_area=&#8221;post_content&#8221;]3. A zen\u00e9t a k\u00f6vetkez\u0151knek kell terjeszteni Mood Media k\u00f6zvetlen DDEX-csatlakoz\u00e1son kereszt\u00fcl kell eljuttatni, hogy programoz\u00e1sra rendelkez\u00e9sre \u00e1lljon. K\u00e9rj\u00fck, hogy a bek\u00fcld\u00e9skor adja meg a terjeszt\u0151 nev\u00e9t. Ha m\u00e9g nem rendelkezik digit\u00e1lis terjeszt\u00e9si szolg\u00e1ltat\u00e1ssal, fontolja meg az al\u00e1bbi lehet\u0151s\u00e9gek egyik\u00e9t:  <\/p>\n<p><a href=\"https:\/\/www.tunecore.com\" target=\"_blank\" rel=\"noopener\">TuneCore<\/a><br \/>\n<a href=\"https:\/\/cdbaby.com\" target=\"_blank\" rel=\"noopener\">CD Baby<\/a><br \/>\n<a href=\"https:\/\/distrokid.com\/\" target=\"_blank\" rel=\"noopener\">DistroKid<\/a><\/p>\n<p><strong>**K\u00e9r\u00fcnk, hagyjon id\u0151t zenei fel\u00fcgyel\u0151inknek a tartalom \u00e1tn\u00e9z\u00e9s\u00e9re.**<\/strong><br \/>\n4. Amint a zen\u00e9je beker\u00fclt a rendszer\u00fcnkbe egy feedr\u0151l, \u00e9s kiv\u00e1laszt\u00e1sra ker\u00fclt a programoz\u00e1shoz, a licencel\u0151 csapatunk felveszi \u00d6nnel a kapcsolatot a meg\u00e1llapod\u00e1sok biztos\u00edt\u00e1sa \u00e9rdek\u00e9ben.<\/p>\n<p class=\"intro2\">K\u00f6sz\u00f6nj\u00fck, hogy id\u0151t szak\u00edtottak arra, hogy bek\u00fcldj\u00e9k a zen\u00e9j\u00fcket a mi Mood Media zenei programunkban. Szeretettel v\u00e1rjuk zen\u00e9iteket.<\/p>\n<p>[\/et_pb_text][\/et_pb_column][\/et_pb_row][\/et_pb_section]<\/p>\n","protected":false},"excerpt":{"rendered":"<p>K\u00dcLDJE EL ZEN\u00c9J\u00c9T**K\u00e9rj\u00fck, olvassa el ezt az utas\u00edt\u00e1st teljes eg\u00e9sz\u00e9ben, mivel fontos bek\u00fcld\u00e9si ir\u00e1nyelveket tartalmaznak.** Ha nem k\u00f6veti ezeket a l\u00e9p\u00e9seket, beadv\u00e1ny\u00e1t nem vessz\u00fck figyelembe. A megl\u00e9v\u0151 jogd\u00edjakkal kapcsolatos k\u00e9rd\u00e9seivel forduljon a royalties@moodmedia.com c\u00edmhez . K\u00f6sz\u00f6nj\u00fck, hogy \u00e9rdekl\u0151dik a zen\u00e9je bek\u00fcld\u00e9se ir\u00e1nt a Mood Media. K\u00e9rj\u00fck, t\u00f6ltse ki az al\u00e1bbi l\u00e9p\u00e9seket a zenei tartalom bek\u00fcld\u00e9s\u00e9vel kapcsolatban: Bek\u00fcld\u00e9si ir\u00e1nyelvek: 1. K\u00fcldj\u00f6n el egy linket egy online digit\u00e1lis jukeboxra a musicsubmissions@moodmedia.com c\u00edmre , lehet\u0151leg egy olyanra, mint a www.Soundcloud.com vagy a www.beatport.com , hogy tervez\u0151ink megtekinthess\u00e9k a sz\u00e1mokat. 2. A zen\u00e9k bek\u00fcld\u00e9sekor a musicsubmissions@moodmedia.com c\u00edmre k\u00fcld\u00f6tt e-mail t\u00e1rgysor\u00e1ban fel kell t\u00fcntetni a kiad\u00f3 nev\u00e9t, a zenei st\u00edlust\/m\u0171fajt \u00e9s a \u201eUnlicensed with Mood Media\u201d sz\u00f6veget, hogy a bek\u00fcld\u00e9sek a megfelel\u0151 f\u00e9lhez\/felekhez jussanak el. P\u00e9lda: T\u00c9MA: Breeze Tree Records &#8211; Folk\/Pop &#8211; enged\u00e9ly n\u00e9lk\u00fcl a k\u00f6vetkez\u0151vel Mood Media3. A zen\u00e9t a k\u00f6vetkez\u0151knek kell terjeszteni Mood Media k\u00f6zvetlen DDEX-csatlakoz\u00e1son kereszt\u00fcl kell eljuttatni, hogy programoz\u00e1sra rendelkez\u00e9sre \u00e1lljon. K\u00e9rj\u00fck, hogy a bek\u00fcld\u00e9skor adja meg a terjeszt\u0151 nev\u00e9t. Ha m\u00e9g nem rendelkezik digit\u00e1lis terjeszt\u00e9si szolg\u00e1ltat\u00e1ssal, fontolja meg az al\u00e1bbi lehet\u0151s\u00e9gek egyik\u00e9t: TuneCore CD Baby DistroKid **K\u00e9r\u00fcnk, hagyjon id\u0151t zenei fel\u00fcgyel\u0151inknek a tartalom \u00e1tn\u00e9z\u00e9s\u00e9re.** 4. Amint a zen\u00e9je beker\u00fclt a rendszer\u00fcnkbe egy feedr\u0151l, \u00e9s kiv\u00e1laszt\u00e1sra ker\u00fclt a programoz\u00e1shoz, a [&hellip;]<\/p>\n","protected":false},"author":2,"featured_media":0,"parent":251847,"menu_order":0,"comment_status":"closed","ping_status":"closed","template":"","meta":{"_et_pb_use_builder":"on","_et_pb_old_content":"","_et_gb_content_width":"","footnotes":""},"class_list":["post-207555","page","type-page","status-publish","hentry"],"yoast_head":"<!-- This site is optimized with the Yoast SEO Premium plugin v26.8 (Yoast SEO v27.4) - https:\/\/yoast.com\/product\/yoast-seo-premium-wordpress\/ -->\n<title>Zenei bek\u00fcld\u00e9sek | Mood Media Magyarorsz\u00e1g<\/title>\n<meta name=\"robots\" content=\"index, follow, max-snippet:-1, max-image-preview:large, max-video-preview:-1\" \/>\n<meta property=\"og:locale\" content=\"hu_HU\" \/>\n<meta property=\"og:type\" content=\"article\" \/>\n<meta property=\"og:title\" content=\"Zenei bek\u00fcld\u00e9sek\" \/>\n<meta property=\"og:url\" content=\"https:\/\/moodmedia.com\/hu\/lepjen-kapcsolatba-velunk\/zenei-bekuldesek\/\" \/>\n<meta property=\"og:site_name\" content=\"Mood Media Magyarorsz\u00e1g\" \/>\n<meta property=\"article:publisher\" content=\"https:\/\/www.facebook.com\/moodmediauk\/\" \/>\n<meta property=\"article:modified_time\" content=\"2025-06-03T12:47:34+00:00\" \/>\n<meta name=\"twitter:card\" content=\"summary_large_image\" \/>\n<meta name=\"twitter:site\" content=\"@MoodMedia_UK\" \/>\n<meta name=\"twitter:label1\" content=\"Becs\u00fclt olvas\u00e1si id\u0151\" \/>\n\t<meta name=\"twitter:data1\" content=\"4 perc\" \/>\n<script type=\"application\/ld+json\" class=\"yoast-schema-graph\">{\"@context\":\"https:\\\/\\\/schema.org\",\"@graph\":[{\"@type\":\"WebPage\",\"@id\":\"https:\\\/\\\/moodmedia.com\\\/hu\\\/lepjen-kapcsolatba-velunk\\\/zenei-bekuldesek\\\/\",\"url\":\"https:\\\/\\\/moodmedia.com\\\/hu\\\/lepjen-kapcsolatba-velunk\\\/zenei-bekuldesek\\\/\",\"name\":\"Zenei bek\u00fcld\u00e9sek | Mood Media Magyarorsz\u00e1g\",\"isPartOf\":{\"@id\":\"https:\\\/\\\/moodmedia.com\\\/hu\\\/#website\"},\"datePublished\":\"2021-06-22T15:53:18+00:00\",\"dateModified\":\"2025-06-03T12:47:34+00:00\",\"breadcrumb\":{\"@id\":\"https:\\\/\\\/moodmedia.com\\\/hu\\\/lepjen-kapcsolatba-velunk\\\/zenei-bekuldesek\\\/#breadcrumb\"},\"inLanguage\":\"hu\",\"potentialAction\":[{\"@type\":\"ReadAction\",\"target\":[\"https:\\\/\\\/moodmedia.com\\\/hu\\\/lepjen-kapcsolatba-velunk\\\/zenei-bekuldesek\\\/\"]}]},{\"@type\":\"BreadcrumbList\",\"@id\":\"https:\\\/\\\/moodmedia.com\\\/hu\\\/lepjen-kapcsolatba-velunk\\\/zenei-bekuldesek\\\/#breadcrumb\",\"itemListElement\":[{\"@type\":\"ListItem\",\"position\":1,\"name\":\"Home\",\"item\":\"https:\\\/\\\/moodmedia.com\\\/hu\\\/\"},{\"@type\":\"ListItem\",\"position\":2,\"name\":\"L\u00e9pj kapcsolatba vel\u00fcnk\",\"item\":\"https:\\\/\\\/moodmedia.com\\\/hu\\\/contact-us\\\/\"},{\"@type\":\"ListItem\",\"position\":3,\"name\":\"Zenei bek\u00fcld\u00e9sek\"}]},{\"@type\":\"WebSite\",\"@id\":\"https:\\\/\\\/moodmedia.com\\\/hu\\\/#website\",\"url\":\"https:\\\/\\\/moodmedia.com\\\/hu\\\/\",\"name\":\"Mood Media International\",\"description\":\"Experience. By Design\",\"publisher\":{\"@id\":\"https:\\\/\\\/moodmedia.com\\\/hu\\\/#organization\"},\"potentialAction\":[{\"@type\":\"SearchAction\",\"target\":{\"@type\":\"EntryPoint\",\"urlTemplate\":\"https:\\\/\\\/moodmedia.com\\\/hu\\\/?s={search_term_string}\"},\"query-input\":{\"@type\":\"PropertyValueSpecification\",\"valueRequired\":true,\"valueName\":\"search_term_string\"}}],\"inLanguage\":\"hu\"},{\"@type\":\"Organization\",\"@id\":\"https:\\\/\\\/moodmedia.com\\\/hu\\\/#organization\",\"name\":\"Mood Media\",\"url\":\"https:\\\/\\\/moodmedia.com\\\/hu\\\/\",\"logo\":{\"@type\":\"ImageObject\",\"inLanguage\":\"hu\",\"@id\":\"https:\\\/\\\/moodmedia.com\\\/hu\\\/#\\\/schema\\\/logo\\\/image\\\/\",\"url\":\"https:\\\/\\\/moodmedia.com\\\/wp-content\\\/uploads\\\/2017\\\/10\\\/mood-media-logo-400.jpg\",\"contentUrl\":\"https:\\\/\\\/moodmedia.com\\\/wp-content\\\/uploads\\\/2017\\\/10\\\/mood-media-logo-400.jpg\",\"width\":400,\"height\":115,\"caption\":\"Mood Media\"},\"image\":{\"@id\":\"https:\\\/\\\/moodmedia.com\\\/hu\\\/#\\\/schema\\\/logo\\\/image\\\/\"},\"sameAs\":[\"https:\\\/\\\/www.facebook.com\\\/moodmediauk\\\/\",\"https:\\\/\\\/x.com\\\/MoodMedia_UK\",\"https:\\\/\\\/www.linkedin.com\\\/company\\\/mood-media-uk\\\/\"]}]}<\/script>\n<!-- \/ Yoast SEO Premium plugin. -->","yoast_head_json":{"title":"Zenei bek\u00fcld\u00e9sek | Mood Media Magyarorsz\u00e1g","robots":{"index":"index","follow":"follow","max-snippet":"max-snippet:-1","max-image-preview":"max-image-preview:large","max-video-preview":"max-video-preview:-1"},"og_locale":"hu_HU","og_type":"article","og_title":"Zenei bek\u00fcld\u00e9sek","og_url":"https:\/\/moodmedia.com\/hu\/lepjen-kapcsolatba-velunk\/zenei-bekuldesek\/","og_site_name":"Mood Media Magyarorsz\u00e1g","article_publisher":"https:\/\/www.facebook.com\/moodmediauk\/","article_modified_time":"2025-06-03T12:47:34+00:00","twitter_card":"summary_large_image","twitter_site":"@MoodMedia_UK","twitter_misc":{"Becs\u00fclt olvas\u00e1si id\u0151":"4 perc"},"schema":{"@context":"https:\/\/schema.org","@graph":[{"@type":"WebPage","@id":"https:\/\/moodmedia.com\/hu\/lepjen-kapcsolatba-velunk\/zenei-bekuldesek\/","url":"https:\/\/moodmedia.com\/hu\/lepjen-kapcsolatba-velunk\/zenei-bekuldesek\/","name":"Zenei bek\u00fcld\u00e9sek | Mood Media Magyarorsz\u00e1g","isPartOf":{"@id":"https:\/\/moodmedia.com\/hu\/#website"},"datePublished":"2021-06-22T15:53:18+00:00","dateModified":"2025-06-03T12:47:34+00:00","breadcrumb":{"@id":"https:\/\/moodmedia.com\/hu\/lepjen-kapcsolatba-velunk\/zenei-bekuldesek\/#breadcrumb"},"inLanguage":"hu","potentialAction":[{"@type":"ReadAction","target":["https:\/\/moodmedia.com\/hu\/lepjen-kapcsolatba-velunk\/zenei-bekuldesek\/"]}]},{"@type":"BreadcrumbList","@id":"https:\/\/moodmedia.com\/hu\/lepjen-kapcsolatba-velunk\/zenei-bekuldesek\/#breadcrumb","itemListElement":[{"@type":"ListItem","position":1,"name":"Home","item":"https:\/\/moodmedia.com\/hu\/"},{"@type":"ListItem","position":2,"name":"L\u00e9pj kapcsolatba vel\u00fcnk","item":"https:\/\/moodmedia.com\/hu\/contact-us\/"},{"@type":"ListItem","position":3,"name":"Zenei bek\u00fcld\u00e9sek"}]},{"@type":"WebSite","@id":"https:\/\/moodmedia.com\/hu\/#website","url":"https:\/\/moodmedia.com\/hu\/","name":"Mood Media International","description":"Experience. By Design","publisher":{"@id":"https:\/\/moodmedia.com\/hu\/#organization"},"potentialAction":[{"@type":"SearchAction","target":{"@type":"EntryPoint","urlTemplate":"https:\/\/moodmedia.com\/hu\/?s={search_term_string}"},"query-input":{"@type":"PropertyValueSpecification","valueRequired":true,"valueName":"search_term_string"}}],"inLanguage":"hu"},{"@type":"Organization","@id":"https:\/\/moodmedia.com\/hu\/#organization","name":"Mood Media","url":"https:\/\/moodmedia.com\/hu\/","logo":{"@type":"ImageObject","inLanguage":"hu","@id":"https:\/\/moodmedia.com\/hu\/#\/schema\/logo\/image\/","url":"https:\/\/moodmedia.com\/wp-content\/uploads\/2017\/10\/mood-media-logo-400.jpg","contentUrl":"https:\/\/moodmedia.com\/wp-content\/uploads\/2017\/10\/mood-media-logo-400.jpg","width":400,"height":115,"caption":"Mood Media"},"image":{"@id":"https:\/\/moodmedia.com\/hu\/#\/schema\/logo\/image\/"},"sameAs":["https:\/\/www.facebook.com\/moodmediauk\/","https:\/\/x.com\/MoodMedia_UK","https:\/\/www.linkedin.com\/company\/mood-media-uk\/"]}]}},"_links":{"self":[{"href":"https:\/\/moodmedia.com\/hu\/wp-json\/wp\/v2\/pages\/207555","targetHints":{"allow":["GET"]}}],"collection":[{"href":"https:\/\/moodmedia.com\/hu\/wp-json\/wp\/v2\/pages"}],"about":[{"href":"https:\/\/moodmedia.com\/hu\/wp-json\/wp\/v2\/types\/page"}],"author":[{"embeddable":true,"href":"https:\/\/moodmedia.com\/hu\/wp-json\/wp\/v2\/users\/2"}],"replies":[{"embeddable":true,"href":"https:\/\/moodmedia.com\/hu\/wp-json\/wp\/v2\/comments?post=207555"}],"version-history":[{"count":0,"href":"https:\/\/moodmedia.com\/hu\/wp-json\/wp\/v2\/pages\/207555\/revisions"}],"up":[{"embeddable":true,"href":"https:\/\/moodmedia.com\/hu\/wp-json\/wp\/v2\/pages\/251847"}],"wp:attachment":[{"href":"https:\/\/moodmedia.com\/hu\/wp-json\/wp\/v2\/media?parent=207555"}],"curies":[{"name":"wp","href":"https:\/\/api.w.org\/{rel}","templated":true}]}}