{"id":230991,"date":"2016-07-21T15:46:29","date_gmt":"2016-07-21T14:46:29","guid":{"rendered":"https:\/\/moodmedia.com\/vallalat\/karrierek\/"},"modified":"2024-03-13T11:14:13","modified_gmt":"2024-03-13T11:14:13","slug":"karrierek","status":"publish","type":"page","link":"https:\/\/moodmedia.com\/hu\/vallalat\/karrierek\/","title":{"rendered":"Karrierek"},"content":{"rendered":"<p>[et_pb_section fb_built=&#8221;1&#8243; _builder_version=&#8221;4.16&#8243; background_image=&#8221;https:\/\/moodmedia.com\/wp-content\/uploads\/2019\/06\/2019-careers.jpg&#8221; parallax=&#8221;on&#8221; parallax_method=&#8221;off&#8221; custom_margin=&#8221;0px||&#8221; global_colors_info=&#8221;{}&#8221;][et_pb_row _builder_version=&#8221;4.16&#8243; custom_margin=&#8221;0px||0px&#8221; custom_padding=&#8221;0px||&#8221; global_colors_info=&#8221;{}&#8221;][et_pb_column type=&#8221;4_4&#8243; _builder_version=&#8221;4.16&#8243; custom_padding=&#8221;|||&#8221; global_colors_info=&#8221;{}&#8221; custom_padding__hover=&#8221;|||&#8221;][et_pb_text admin_label=&#8221;Mood Careers&#8221; _builder_version=&#8221;4.16&#8243; header_font_size=&#8221;24px&#8221; background_layout=&#8221;dark&#8221; saved_tabs=&#8221;all&#8221; global_colors_info=&#8221;{}&#8221;]<\/p>\n<p class=\"intro2\">MOOD<span class=\"heavy moodred\">:<\/span><span class=\"light\">KARRIER<\/span><\/p>\n<div style=\"width:100%;float:left;padding-top:10px;\">\n<div style=\"width:20%;height:10px;background:#cd102f;float:left;clear:both;\"><\/div>\n<\/div>\n<p>[\/et_pb_text][\/et_pb_column][\/et_pb_row][et_pb_row column_structure=&#8221;1_2,1_2&#8243; _builder_version=&#8221;4.16&#8243; custom_margin=&#8221;0px||&#8221; custom_padding=&#8221;0px||&#8221; global_colors_info=&#8221;{}&#8221;][et_pb_column type=&#8221;1_2&#8243; _builder_version=&#8221;4.16&#8243; custom_padding=&#8221;|||&#8221; global_colors_info=&#8221;{}&#8221; custom_padding__hover=&#8221;|||&#8221;][et_pb_text _builder_version=&#8221;4.16&#8243; text_font=&#8221;||||||||&#8221; background_layout=&#8221;dark&#8221; global_colors_info=&#8221;{}&#8221;]<\/p>\n<h1 class=\"new-hero-ext bold\" style=\"text-transform:uppercase;\">Tal\u00e1ld meg a megfelel\u0151t. Tal\u00e1ld meg a j\u00f6v\u0151det.<\/h1>\n<p>[\/et_pb_text][et_pb_button button_url=&#8221;https:\/\/workforcenow.adp.com\/mascsr\/default\/mdf\/recruitment\/recruitment.html?cid=099af085-1373-479c-9b97-f7e3a4d2ea58&amp;ccId=19000101_000001&amp;lang=en_US&#8221; button_text=&#8221;Munkahelyek megtekint\u00e9se&#8221; button_alignment=&#8221;left&#8221; admin_label=&#8221;Button&#8221; module_class=&#8221;mbutton&#8221; _builder_version=&#8221;4.24.0&#8243; custom_button=&#8221;on&#8221; button_text_color=&#8221;#ffffff&#8221; button_bg_color=&#8221;#cd102f&#8221; button_border_color=&#8221;#cd102f&#8221; button_icon=&#8221;&#x3d;||divi||400&#8243; button_icon_color=&#8221;#cd102f&#8221; background_layout=&#8221;dark&#8221; button_text_color_hover=&#8221;#cd102f&#8221; button_border_color_hover=&#8221;#ffffff&#8221; button_letter_spacing_hover=&#8221;0&#8243; button_bg_color_hover=&#8221;#ffffff&#8221; saved_tabs=&#8221;all&#8221; global_colors_info=&#8221;{}&#8221; button_text_size__hover_enabled=&#8221;off&#8221; button_one_text_size__hover_enabled=&#8221;off&#8221; button_two_text_size__hover_enabled=&#8221;off&#8221; button_text_color__hover_enabled=&#8221;on&#8221; button_text_color__hover=&#8221;#cd102f&#8221; button_one_text_color__hover_enabled=&#8221;off&#8221; button_two_text_color__hover_enabled=&#8221;off&#8221; button_border_width__hover_enabled=&#8221;off&#8221; button_one_border_width__hover_enabled=&#8221;off&#8221; button_two_border_width__hover_enabled=&#8221;off&#8221; button_border_color__hover_enabled=&#8221;on&#8221; button_border_color__hover=&#8221;#ffffff&#8221; button_one_border_color__hover_enabled=&#8221;off&#8221; button_two_border_color__hover_enabled=&#8221;off&#8221; button_border_radius__hover_enabled=&#8221;off&#8221; button_one_border_radius__hover_enabled=&#8221;off&#8221; button_two_border_radius__hover_enabled=&#8221;off&#8221; button_letter_spacing__hover_enabled=&#8221;on&#8221; button_letter_spacing__hover=&#8221;0&#8243; button_one_letter_spacing__hover_enabled=&#8221;off&#8221; button_two_letter_spacing__hover_enabled=&#8221;off&#8221; button_bg_color__hover_enabled=&#8221;on&#8221; button_bg_color__hover=&#8221;#ffffff&#8221; button_one_bg_color__hover_enabled=&#8221;off&#8221; button_two_bg_color__hover_enabled=&#8221;off&#8221;][\/et_pb_button][\/et_pb_column][et_pb_column type=&#8221;1_2&#8243; _builder_version=&#8221;4.16&#8243; custom_padding=&#8221;|||&#8221; global_colors_info=&#8221;{}&#8221; custom_padding__hover=&#8221;|||&#8221;][et_pb_video src=&#8221;https:\/\/youtu.be\/UywmrZwzlDM&#8221; image_src=&#8221;\/\/i.ytimg.com\/vi\/UywmrZwzlDM\/hqdefault.jpg&#8221; _builder_version=&#8221;4.16&#8243; global_colors_info=&#8221;{}&#8221;][\/et_pb_video][\/et_pb_column][\/et_pb_row][\/et_pb_section][et_pb_section fb_built=&#8221;1&#8243; admin_label=&#8221;We Are&#8230;&#8221; _builder_version=&#8221;4.16&#8243; background_image=&#8221;https:\/\/moodmedia.com\/wp-content\/uploads\/2019\/06\/guitars.jpg&#8221; parallax=&#8221;on&#8221; parallax_method=&#8221;off&#8221; global_colors_info=&#8221;{}&#8221;][et_pb_row _builder_version=&#8221;4.16&#8243; global_colors_info=&#8221;{}&#8221;][et_pb_column type=&#8221;4_4&#8243; _builder_version=&#8221;4.16&#8243; custom_padding=&#8221;|||&#8221; global_colors_info=&#8221;{}&#8221; custom_padding__hover=&#8221;|||&#8221;][et_pb_text _builder_version=&#8221;4.16&#8243; global_colors_info=&#8221;{}&#8221;]<\/p>\n<p class=\"giant bold\">Zenei szak\u00e9rt\u0151k, digit\u00e1lis m\u0171v\u00e9szek, professzion\u00e1lis m\u00e1rka\u00e9p\u00edt\u00e9si tan\u00e1csad\u00f3k \u00e9s \u00fcgyf\u00e9lszolg\u00e1lati bajnokok vagyunk &#8211; mindannyian arra t\u00f6reksz\u00fcnk, hogy minden \u00e1ltalunk tervezett \u00fcgyf\u00e9l\u00e9lm\u00e9nyt friss szeml\u00e9lettel l\u00e1ssunk el. A k\u00e9pzett technikusokb\u00f3l \u00e1ll\u00f3, nemzetk\u00f6zi szervizh\u00e1l\u00f3zatunk t\u00e1mogat\u00e1s\u00e1val el\u00e9rt kiemelked\u0151 sikereink azok, amelyek megk\u00fcl\u00f6nbeztet minket m\u00e1sokt\u00f3l. A szenved\u00e9ly\u00fcnk tesz minket sikeress\u00e9.<\/p>\n<p>[\/et_pb_text][\/et_pb_column][\/et_pb_row][\/et_pb_section][et_pb_section fb_built=&#8221;1&#8243; _builder_version=&#8221;4.16&#8243; _module_preset=&#8221;default&#8221; global_colors_info=&#8221;{}&#8221;][et_pb_row column_structure=&#8221;1_3,1_3,1_3&#8243; _builder_version=&#8221;4.16&#8243; _module_preset=&#8221;default&#8221; global_colors_info=&#8221;{}&#8221;][et_pb_column type=&#8221;1_3&#8243; _builder_version=&#8221;4.16&#8243; _module_preset=&#8221;default&#8221; global_colors_info=&#8221;{}&#8221;][et_pb_text _builder_version=&#8221;4.16&#8243; _module_preset=&#8221;default&#8221; global_colors_info=&#8221;{}&#8221;]<\/p>\n<h2 class=\"bold\">K\u00dcLDET\u00c9S\u00dcNK<\/h2>\n<div style=\"width:100%;float:left; padding:10px 0px 20px;\">\n<div style=\"width:20%;height:10px;background:#cd102f;\"><\/div>\n<\/div>\n<p class=\"intro2\">Seg\u00edteni a k\u00fcl\u00f6nb\u00f6z\u0151 form\u00e1j\u00fa \u00e9s m\u00e9ret\u0171 v\u00e1llalkoz\u00e1sok siker\u00e9t az\u00e1ltal, hogy a l\u00e1tv\u00e1ny, a hang, az illat, a K\u00f6z\u00f6ss\u00e9gi rendszermegold\u00e1sok megfelel\u0151 kombin\u00e1ci\u00f3j\u00e1val nagyobb \u00e9rzelmi kapcsolatot teremtenek \u00fcgyfeleikkel.<\/p>\n<p>[\/et_pb_text][\/et_pb_column][et_pb_column type=&#8221;1_3&#8243; _builder_version=&#8221;4.16&#8243; _module_preset=&#8221;default&#8221; global_colors_info=&#8221;{}&#8221;][et_pb_text _builder_version=&#8221;4.16&#8243; _module_preset=&#8221;default&#8221; global_colors_info=&#8221;{}&#8221;]<\/p>\n<h2 class=\"bold\">A L\u00c1TOM\u00c1SUNK<\/h2>\n<div style=\"width:100%;float:left; padding:10px 0px 20px;\">\n<div style=\"width:20%;height:10px;background:#cd102f;\"><\/div>\n<\/div>\n<p class=\"intro2\">A legjobbnak lenni a v\u00e1llalkoz\u00e1sok siker\u00e9nek seg\u00edt\u00e9s\u00e9ben az\u00e1ltal, hogy n\u00f6velj\u00fck az \u00fcgyf\u00e9l\u00e9lm\u00e9nyt.<\/p>\n<p>[\/et_pb_text][\/et_pb_column][et_pb_column type=&#8221;1_3&#8243; _builder_version=&#8221;4.16&#8243; _module_preset=&#8221;default&#8221; global_colors_info=&#8221;{}&#8221;][et_pb_text _builder_version=&#8221;4.16&#8243; _module_preset=&#8221;default&#8221; global_colors_info=&#8221;{}&#8221;]<\/p>\n<h2 class=\"bold\">CSAPATAINK<\/h2>\n<div style=\"width:100%;float:left; padding:10px 0px 20px;\">\n<div style=\"width:20%;height:10px;background:#cd102f;\"><\/div>\n<\/div>\n<ul style=\"float:left;\">\n<li>P\u00e9nz\u00fcgyek<\/li>\n<li>Jogi, enged\u00e9lyez\u00e9si \u00e9s \u00fczleti \u00fcgyek<\/li>\n<li>Hum\u00e1n er\u0151forr\u00e1s<\/li>\n<li>\u00c9rt\u00e9kes\u00edt\u00e9s<\/li>\n<li>Marketing<\/li>\n<li>Glob\u00e1lis term\u00e9k<\/li>\n<li>\u00dczemeltet\u00e9si \u00e9s \u00fcgyf\u00e9lt\u00e1mogat\u00e1s<\/li>\n<li>Glob\u00e1lis technol\u00f3gia<\/li>\n<\/ul>\n<p>[\/et_pb_text][\/et_pb_column][\/et_pb_row][\/et_pb_section]<\/p>\n","protected":false},"excerpt":{"rendered":"<p>MOOD:KARRIER Tal\u00e1ld meg a megfelel\u0151t. Tal\u00e1ld meg a j\u00f6v\u0151det. Zenei szak\u00e9rt\u0151k, digit\u00e1lis m\u0171v\u00e9szek, professzion\u00e1lis m\u00e1rka\u00e9p\u00edt\u00e9si tan\u00e1csad\u00f3k \u00e9s \u00fcgyf\u00e9lszolg\u00e1lati bajnokok vagyunk &#8211; mindannyian arra t\u00f6reksz\u00fcnk, hogy minden \u00e1ltalunk tervezett \u00fcgyf\u00e9l\u00e9lm\u00e9nyt friss szeml\u00e9lettel l\u00e1ssunk el. A k\u00e9pzett technikusokb\u00f3l \u00e1ll\u00f3, nemzetk\u00f6zi szervizh\u00e1l\u00f3zatunk t\u00e1mogat\u00e1s\u00e1val el\u00e9rt kiemelked\u0151 sikereink azok, amelyek megk\u00fcl\u00f6nbeztet minket m\u00e1sokt\u00f3l. A szenved\u00e9ly\u00fcnk tesz minket sikeress\u00e9. K\u00dcLDET\u00c9S\u00dcNK Seg\u00edteni a k\u00fcl\u00f6nb\u00f6z\u0151 form\u00e1j\u00fa \u00e9s m\u00e9ret\u0171 v\u00e1llalkoz\u00e1sok siker\u00e9t az\u00e1ltal, hogy a l\u00e1tv\u00e1ny, a hang, az illat, a K\u00f6z\u00f6ss\u00e9gi rendszermegold\u00e1sok megfelel\u0151 kombin\u00e1ci\u00f3j\u00e1val nagyobb \u00e9rzelmi kapcsolatot teremtenek \u00fcgyfeleikkel. A L\u00c1TOM\u00c1SUNK A legjobbnak lenni a v\u00e1llalkoz\u00e1sok siker\u00e9nek seg\u00edt\u00e9s\u00e9ben az\u00e1ltal, hogy n\u00f6velj\u00fck az \u00fcgyf\u00e9l\u00e9lm\u00e9nyt. CSAPATAINK P\u00e9nz\u00fcgyek Jogi, enged\u00e9lyez\u00e9si \u00e9s \u00fczleti \u00fcgyek Hum\u00e1n er\u0151forr\u00e1s \u00c9rt\u00e9kes\u00edt\u00e9s Marketing Glob\u00e1lis term\u00e9k \u00dczemeltet\u00e9si \u00e9s \u00fcgyf\u00e9lt\u00e1mogat\u00e1s Glob\u00e1lis technol\u00f3gia<\/p>\n","protected":false},"author":1,"featured_media":0,"parent":226281,"menu_order":0,"comment_status":"closed","ping_status":"closed","template":"","meta":{"_et_pb_use_builder":"on","_et_pb_old_content":"","_et_gb_content_width":"","footnotes":""},"class_list":["post-230991","page","type-page","status-publish","hentry"],"yoast_head":"<!-- This site is optimized with the Yoast SEO Premium plugin v26.8 (Yoast SEO v27.3) - https:\/\/yoast.com\/product\/yoast-seo-premium-wordpress\/ -->\n<title>Karrierek | Mood Media Magyarorsz\u00e1g<\/title>\n<meta name=\"description\" content=\"Zenei szak\u00e9rt\u0151k, digit\u00e1lis m\u0171v\u00e9szek, professzion\u00e1lis m\u00e1rka\u00e9p\u00edt\u00e9si tan\u00e1csad\u00f3k \u00e9s \u00fcgyf\u00e9lszolg\u00e1lati bajnokok vagyunk. B\u00f6ng\u00e9sszen a leg\u00fajabb Mood Media \u00e1ll\u00e1sok k\u00f6z\u00f6tt.\" \/>\n<meta name=\"robots\" content=\"index, follow, max-snippet:-1, max-image-preview:large, max-video-preview:-1\" \/>\n<meta property=\"og:locale\" content=\"hu_HU\" \/>\n<meta property=\"og:type\" content=\"article\" \/>\n<meta property=\"og:title\" content=\"Karrierek\" \/>\n<meta property=\"og:url\" content=\"https:\/\/moodmedia.com\/hu\/vallalat\/karrierek\/\" \/>\n<meta property=\"og:site_name\" content=\"Mood Media Magyarorsz\u00e1g\" \/>\n<meta property=\"article:publisher\" content=\"https:\/\/www.facebook.com\/moodmediauk\/\" \/>\n<meta property=\"article:modified_time\" content=\"2024-03-13T11:14:13+00:00\" \/>\n<meta name=\"twitter:card\" content=\"summary_large_image\" \/>\n<meta name=\"twitter:site\" content=\"@MoodMedia_UK\" \/>\n<meta name=\"twitter:label1\" content=\"Becs\u00fclt olvas\u00e1si id\u0151\" \/>\n\t<meta name=\"twitter:data1\" content=\"4 perc\" \/>\n<script type=\"application\/ld+json\" class=\"yoast-schema-graph\">{\"@context\":\"https:\\\/\\\/schema.org\",\"@graph\":[{\"@type\":\"WebPage\",\"@id\":\"https:\\\/\\\/moodmedia.com\\\/hu\\\/vallalat\\\/karrierek\\\/\",\"url\":\"https:\\\/\\\/moodmedia.com\\\/hu\\\/vallalat\\\/karrierek\\\/\",\"name\":\"Karrierek | Mood Media Magyarorsz\u00e1g\",\"isPartOf\":{\"@id\":\"https:\\\/\\\/moodmedia.com\\\/hu\\\/#website\"},\"datePublished\":\"2016-07-21T14:46:29+00:00\",\"dateModified\":\"2024-03-13T11:14:13+00:00\",\"description\":\"Zenei szak\u00e9rt\u0151k, digit\u00e1lis m\u0171v\u00e9szek, professzion\u00e1lis m\u00e1rka\u00e9p\u00edt\u00e9si tan\u00e1csad\u00f3k \u00e9s \u00fcgyf\u00e9lszolg\u00e1lati bajnokok vagyunk. B\u00f6ng\u00e9sszen a leg\u00fajabb Mood Media \u00e1ll\u00e1sok k\u00f6z\u00f6tt.\",\"breadcrumb\":{\"@id\":\"https:\\\/\\\/moodmedia.com\\\/hu\\\/vallalat\\\/karrierek\\\/#breadcrumb\"},\"inLanguage\":\"hu\",\"potentialAction\":[{\"@type\":\"ReadAction\",\"target\":[\"https:\\\/\\\/moodmedia.com\\\/hu\\\/vallalat\\\/karrierek\\\/\"]}]},{\"@type\":\"BreadcrumbList\",\"@id\":\"https:\\\/\\\/moodmedia.com\\\/hu\\\/vallalat\\\/karrierek\\\/#breadcrumb\",\"itemListElement\":[{\"@type\":\"ListItem\",\"position\":1,\"name\":\"Home\",\"item\":\"https:\\\/\\\/moodmedia.com\\\/hu\\\/\"},{\"@type\":\"ListItem\",\"position\":2,\"name\":\"V\u00e1llalat\",\"item\":\"https:\\\/\\\/moodmedia.com\\\/hu\\\/vallalat\\\/\"},{\"@type\":\"ListItem\",\"position\":3,\"name\":\"Karrierek\"}]},{\"@type\":\"WebSite\",\"@id\":\"https:\\\/\\\/moodmedia.com\\\/hu\\\/#website\",\"url\":\"https:\\\/\\\/moodmedia.com\\\/hu\\\/\",\"name\":\"Mood Media International\",\"description\":\"Experience. By Design\",\"publisher\":{\"@id\":\"https:\\\/\\\/moodmedia.com\\\/hu\\\/#organization\"},\"potentialAction\":[{\"@type\":\"SearchAction\",\"target\":{\"@type\":\"EntryPoint\",\"urlTemplate\":\"https:\\\/\\\/moodmedia.com\\\/hu\\\/?s={search_term_string}\"},\"query-input\":{\"@type\":\"PropertyValueSpecification\",\"valueRequired\":true,\"valueName\":\"search_term_string\"}}],\"inLanguage\":\"hu\"},{\"@type\":\"Organization\",\"@id\":\"https:\\\/\\\/moodmedia.com\\\/hu\\\/#organization\",\"name\":\"Mood Media\",\"url\":\"https:\\\/\\\/moodmedia.com\\\/hu\\\/\",\"logo\":{\"@type\":\"ImageObject\",\"inLanguage\":\"hu\",\"@id\":\"https:\\\/\\\/moodmedia.com\\\/hu\\\/#\\\/schema\\\/logo\\\/image\\\/\",\"url\":\"https:\\\/\\\/moodmedia.com\\\/wp-content\\\/uploads\\\/2017\\\/10\\\/mood-media-logo-400.jpg\",\"contentUrl\":\"https:\\\/\\\/moodmedia.com\\\/wp-content\\\/uploads\\\/2017\\\/10\\\/mood-media-logo-400.jpg\",\"width\":400,\"height\":115,\"caption\":\"Mood Media\"},\"image\":{\"@id\":\"https:\\\/\\\/moodmedia.com\\\/hu\\\/#\\\/schema\\\/logo\\\/image\\\/\"},\"sameAs\":[\"https:\\\/\\\/www.facebook.com\\\/moodmediauk\\\/\",\"https:\\\/\\\/x.com\\\/MoodMedia_UK\",\"https:\\\/\\\/www.linkedin.com\\\/company\\\/mood-media-uk\\\/\"]}]}<\/script>\n<!-- \/ Yoast SEO Premium plugin. -->","yoast_head_json":{"title":"Karrierek | Mood Media Magyarorsz\u00e1g","description":"Zenei szak\u00e9rt\u0151k, digit\u00e1lis m\u0171v\u00e9szek, professzion\u00e1lis m\u00e1rka\u00e9p\u00edt\u00e9si tan\u00e1csad\u00f3k \u00e9s \u00fcgyf\u00e9lszolg\u00e1lati bajnokok vagyunk. B\u00f6ng\u00e9sszen a leg\u00fajabb Mood Media \u00e1ll\u00e1sok k\u00f6z\u00f6tt.","robots":{"index":"index","follow":"follow","max-snippet":"max-snippet:-1","max-image-preview":"max-image-preview:large","max-video-preview":"max-video-preview:-1"},"og_locale":"hu_HU","og_type":"article","og_title":"Karrierek","og_url":"https:\/\/moodmedia.com\/hu\/vallalat\/karrierek\/","og_site_name":"Mood Media Magyarorsz\u00e1g","article_publisher":"https:\/\/www.facebook.com\/moodmediauk\/","article_modified_time":"2024-03-13T11:14:13+00:00","twitter_card":"summary_large_image","twitter_site":"@MoodMedia_UK","twitter_misc":{"Becs\u00fclt olvas\u00e1si id\u0151":"4 perc"},"schema":{"@context":"https:\/\/schema.org","@graph":[{"@type":"WebPage","@id":"https:\/\/moodmedia.com\/hu\/vallalat\/karrierek\/","url":"https:\/\/moodmedia.com\/hu\/vallalat\/karrierek\/","name":"Karrierek | Mood Media Magyarorsz\u00e1g","isPartOf":{"@id":"https:\/\/moodmedia.com\/hu\/#website"},"datePublished":"2016-07-21T14:46:29+00:00","dateModified":"2024-03-13T11:14:13+00:00","description":"Zenei szak\u00e9rt\u0151k, digit\u00e1lis m\u0171v\u00e9szek, professzion\u00e1lis m\u00e1rka\u00e9p\u00edt\u00e9si tan\u00e1csad\u00f3k \u00e9s \u00fcgyf\u00e9lszolg\u00e1lati bajnokok vagyunk. B\u00f6ng\u00e9sszen a leg\u00fajabb Mood Media \u00e1ll\u00e1sok k\u00f6z\u00f6tt.","breadcrumb":{"@id":"https:\/\/moodmedia.com\/hu\/vallalat\/karrierek\/#breadcrumb"},"inLanguage":"hu","potentialAction":[{"@type":"ReadAction","target":["https:\/\/moodmedia.com\/hu\/vallalat\/karrierek\/"]}]},{"@type":"BreadcrumbList","@id":"https:\/\/moodmedia.com\/hu\/vallalat\/karrierek\/#breadcrumb","itemListElement":[{"@type":"ListItem","position":1,"name":"Home","item":"https:\/\/moodmedia.com\/hu\/"},{"@type":"ListItem","position":2,"name":"V\u00e1llalat","item":"https:\/\/moodmedia.com\/hu\/vallalat\/"},{"@type":"ListItem","position":3,"name":"Karrierek"}]},{"@type":"WebSite","@id":"https:\/\/moodmedia.com\/hu\/#website","url":"https:\/\/moodmedia.com\/hu\/","name":"Mood Media International","description":"Experience. By Design","publisher":{"@id":"https:\/\/moodmedia.com\/hu\/#organization"},"potentialAction":[{"@type":"SearchAction","target":{"@type":"EntryPoint","urlTemplate":"https:\/\/moodmedia.com\/hu\/?s={search_term_string}"},"query-input":{"@type":"PropertyValueSpecification","valueRequired":true,"valueName":"search_term_string"}}],"inLanguage":"hu"},{"@type":"Organization","@id":"https:\/\/moodmedia.com\/hu\/#organization","name":"Mood Media","url":"https:\/\/moodmedia.com\/hu\/","logo":{"@type":"ImageObject","inLanguage":"hu","@id":"https:\/\/moodmedia.com\/hu\/#\/schema\/logo\/image\/","url":"https:\/\/moodmedia.com\/wp-content\/uploads\/2017\/10\/mood-media-logo-400.jpg","contentUrl":"https:\/\/moodmedia.com\/wp-content\/uploads\/2017\/10\/mood-media-logo-400.jpg","width":400,"height":115,"caption":"Mood Media"},"image":{"@id":"https:\/\/moodmedia.com\/hu\/#\/schema\/logo\/image\/"},"sameAs":["https:\/\/www.facebook.com\/moodmediauk\/","https:\/\/x.com\/MoodMedia_UK","https:\/\/www.linkedin.com\/company\/mood-media-uk\/"]}]}},"_links":{"self":[{"href":"https:\/\/moodmedia.com\/hu\/wp-json\/wp\/v2\/pages\/230991","targetHints":{"allow":["GET"]}}],"collection":[{"href":"https:\/\/moodmedia.com\/hu\/wp-json\/wp\/v2\/pages"}],"about":[{"href":"https:\/\/moodmedia.com\/hu\/wp-json\/wp\/v2\/types\/page"}],"author":[{"embeddable":true,"href":"https:\/\/moodmedia.com\/hu\/wp-json\/wp\/v2\/users\/1"}],"replies":[{"embeddable":true,"href":"https:\/\/moodmedia.com\/hu\/wp-json\/wp\/v2\/comments?post=230991"}],"version-history":[{"count":0,"href":"https:\/\/moodmedia.com\/hu\/wp-json\/wp\/v2\/pages\/230991\/revisions"}],"up":[{"embeddable":true,"href":"https:\/\/moodmedia.com\/hu\/wp-json\/wp\/v2\/pages\/226281"}],"wp:attachment":[{"href":"https:\/\/moodmedia.com\/hu\/wp-json\/wp\/v2\/media?parent=230991"}],"curies":[{"name":"wp","href":"https:\/\/api.w.org\/{rel}","templated":true}]}}