{"id":2413061,"date":"2025-03-04T14:18:47","date_gmt":"2025-03-04T14:18:47","guid":{"rendered":"https:\/\/moodmedia.com\/esettanulmanyok\/klasszikus-futball-polok\/"},"modified":"2025-03-04T14:18:47","modified_gmt":"2025-03-04T14:18:47","slug":"klasszikus-futball-polok","status":"publish","type":"page","link":"https:\/\/moodmedia.com\/hu\/esettanulmanyok\/klasszikus-futball-polok\/","title":{"rendered":"Klasszikus futball p\u00f3l\u00f3k"},"content":{"rendered":"","protected":false},"excerpt":{"rendered":"<p>N\u00e9zze meg, hogyan dolgozott a Classic Football Shirts a Mood weboldallal egy kiskereskedelmi digit\u00e1lis feliratoz\u00e1si strat\u00e9gia kidolgoz\u00e1s\u00e1n, hogy n\u00f6velje az elad\u00e1sokat \u00e9s er\u0151s\u00edtse a m\u00e1rkaidentit\u00e1st.<\/p>\n","protected":false},"author":2,"featured_media":2412916,"parent":215563,"menu_order":0,"comment_status":"closed","ping_status":"closed","template":"","meta":{"_et_pb_use_builder":"on","_et_pb_old_content":"","_et_gb_content_width":"","footnotes":""},"class_list":["post-2413061","page","type-page","status-publish","has-post-thumbnail","hentry"],"yoast_head":"<!-- This site is optimized with the Yoast SEO Premium plugin v26.8 (Yoast SEO v27.4) - https:\/\/yoast.com\/product\/yoast-seo-premium-wordpress\/ -->\n<title>Klasszikus futballp\u00f3l\u00f3k esettanulm\u00e1ny: A kiskereskedelmi digit\u00e1lis feliratok m\u0171k\u00f6d\u00e9sben<\/title>\n<meta name=\"description\" content=\"N\u00e9zze meg, hogyan dolgozott a Classic Football Shirts a Mood weboldallal egy kiskereskedelmi digit\u00e1lis feliratoz\u00e1si strat\u00e9gia kidolgoz\u00e1s\u00e1n, hogy n\u00f6velje az elad\u00e1sokat \u00e9s er\u0151s\u00edtse a m\u00e1rkaidentit\u00e1st.\" \/>\n<meta name=\"robots\" content=\"index, follow, max-snippet:-1, max-image-preview:large, max-video-preview:-1\" \/>\n<meta property=\"og:locale\" content=\"hu_HU\" \/>\n<meta property=\"og:type\" content=\"article\" \/>\n<meta property=\"og:title\" content=\"Klasszikus futball p\u00f3l\u00f3k | Esettanulm\u00e1ny\" \/>\n<meta property=\"og:description\" content=\"N\u00e9zze meg, hogyan dolgozott a Classic Football Shirts a Mood weboldallal egy kiskereskedelmi digit\u00e1lis feliratoz\u00e1si strat\u00e9gia kidolgoz\u00e1s\u00e1n, hogy n\u00f6velje az elad\u00e1sokat \u00e9s er\u0151s\u00edtse a m\u00e1rkaidentit\u00e1st.\" \/>\n<meta property=\"og:url\" content=\"https:\/\/moodmedia.com\/hu\/esettanulmanyok\/klasszikus-futball-polok\/\" \/>\n<meta property=\"og:site_name\" content=\"Mood Media Magyarorsz\u00e1g\" \/>\n<meta property=\"article:publisher\" content=\"https:\/\/www.facebook.com\/moodmediauk\/\" \/>\n<meta property=\"og:image\" content=\"https:\/\/moodmedia.com\/wp-content\/uploads\/2025\/03\/classic-fb-shirts-hero.webp\" \/>\n\t<meta property=\"og:image:width\" content=\"1800\" \/>\n\t<meta property=\"og:image:height\" content=\"800\" \/>\n\t<meta property=\"og:image:type\" content=\"image\/webp\" \/>\n<meta name=\"twitter:card\" content=\"summary_large_image\" \/>\n<meta name=\"twitter:title\" content=\"Klasszikus futball p\u00f3l\u00f3k\" \/>\n<meta name=\"twitter:site\" content=\"@MoodMedia_UK\" \/>\n<script type=\"application\/ld+json\" class=\"yoast-schema-graph\">{\"@context\":\"https:\\\/\\\/schema.org\",\"@graph\":[{\"@type\":\"WebPage\",\"@id\":\"https:\\\/\\\/moodmedia.com\\\/hu\\\/esettanulmanyok\\\/klasszikus-futball-polok\\\/\",\"url\":\"https:\\\/\\\/moodmedia.com\\\/hu\\\/esettanulmanyok\\\/klasszikus-futball-polok\\\/\",\"name\":\"Klasszikus futballp\u00f3l\u00f3k esettanulm\u00e1ny: A kiskereskedelmi digit\u00e1lis feliratok m\u0171k\u00f6d\u00e9sben\",\"isPartOf\":{\"@id\":\"https:\\\/\\\/moodmedia.com\\\/hu\\\/#website\"},\"primaryImageOfPage\":{\"@id\":\"https:\\\/\\\/moodmedia.com\\\/hu\\\/esettanulmanyok\\\/klasszikus-futball-polok\\\/#primaryimage\"},\"image\":{\"@id\":\"https:\\\/\\\/moodmedia.com\\\/hu\\\/esettanulmanyok\\\/klasszikus-futball-polok\\\/#primaryimage\"},\"thumbnailUrl\":\"\",\"datePublished\":\"2025-03-04T14:18:47+00:00\",\"description\":\"N\u00e9zze meg, hogyan dolgozott a Classic Football Shirts a Mood weboldallal egy kiskereskedelmi digit\u00e1lis feliratoz\u00e1si strat\u00e9gia kidolgoz\u00e1s\u00e1n, hogy n\u00f6velje az elad\u00e1sokat \u00e9s er\u0151s\u00edtse a m\u00e1rkaidentit\u00e1st.\",\"breadcrumb\":{\"@id\":\"https:\\\/\\\/moodmedia.com\\\/hu\\\/esettanulmanyok\\\/klasszikus-futball-polok\\\/#breadcrumb\"},\"inLanguage\":\"hu\",\"potentialAction\":[{\"@type\":\"ReadAction\",\"target\":[\"https:\\\/\\\/moodmedia.com\\\/hu\\\/esettanulmanyok\\\/klasszikus-futball-polok\\\/\"]}]},{\"@type\":\"ImageObject\",\"inLanguage\":\"hu\",\"@id\":\"https:\\\/\\\/moodmedia.com\\\/hu\\\/esettanulmanyok\\\/klasszikus-futball-polok\\\/#primaryimage\",\"url\":\"\",\"contentUrl\":\"\"},{\"@type\":\"BreadcrumbList\",\"@id\":\"https:\\\/\\\/moodmedia.com\\\/hu\\\/esettanulmanyok\\\/klasszikus-futball-polok\\\/#breadcrumb\",\"itemListElement\":[{\"@type\":\"ListItem\",\"position\":1,\"name\":\"Home\",\"item\":\"https:\\\/\\\/moodmedia.com\\\/hu\\\/\"},{\"@type\":\"ListItem\",\"position\":2,\"name\":\"Esettanulm\u00e1nyok\",\"item\":\"https:\\\/\\\/moodmedia.com\\\/hu\\\/esettanulmanyok\\\/\"},{\"@type\":\"ListItem\",\"position\":3,\"name\":\"Klasszikus futball p\u00f3l\u00f3k\"}]},{\"@type\":\"WebSite\",\"@id\":\"https:\\\/\\\/moodmedia.com\\\/hu\\\/#website\",\"url\":\"https:\\\/\\\/moodmedia.com\\\/hu\\\/\",\"name\":\"Mood Media International\",\"description\":\"Experience. By Design\",\"publisher\":{\"@id\":\"https:\\\/\\\/moodmedia.com\\\/hu\\\/#organization\"},\"potentialAction\":[{\"@type\":\"SearchAction\",\"target\":{\"@type\":\"EntryPoint\",\"urlTemplate\":\"https:\\\/\\\/moodmedia.com\\\/hu\\\/?s={search_term_string}\"},\"query-input\":{\"@type\":\"PropertyValueSpecification\",\"valueRequired\":true,\"valueName\":\"search_term_string\"}}],\"inLanguage\":\"hu\"},{\"@type\":\"Organization\",\"@id\":\"https:\\\/\\\/moodmedia.com\\\/hu\\\/#organization\",\"name\":\"Mood Media\",\"url\":\"https:\\\/\\\/moodmedia.com\\\/hu\\\/\",\"logo\":{\"@type\":\"ImageObject\",\"inLanguage\":\"hu\",\"@id\":\"https:\\\/\\\/moodmedia.com\\\/hu\\\/#\\\/schema\\\/logo\\\/image\\\/\",\"url\":\"https:\\\/\\\/moodmedia.com\\\/wp-content\\\/uploads\\\/2017\\\/10\\\/mood-media-logo-400.jpg\",\"contentUrl\":\"https:\\\/\\\/moodmedia.com\\\/wp-content\\\/uploads\\\/2017\\\/10\\\/mood-media-logo-400.jpg\",\"width\":400,\"height\":115,\"caption\":\"Mood Media\"},\"image\":{\"@id\":\"https:\\\/\\\/moodmedia.com\\\/hu\\\/#\\\/schema\\\/logo\\\/image\\\/\"},\"sameAs\":[\"https:\\\/\\\/www.facebook.com\\\/moodmediauk\\\/\",\"https:\\\/\\\/x.com\\\/MoodMedia_UK\",\"https:\\\/\\\/www.linkedin.com\\\/company\\\/mood-media-uk\\\/\"]}]}<\/script>\n<!-- \/ Yoast SEO Premium plugin. -->","yoast_head_json":{"title":"Klasszikus futballp\u00f3l\u00f3k esettanulm\u00e1ny: A kiskereskedelmi digit\u00e1lis feliratok m\u0171k\u00f6d\u00e9sben","description":"N\u00e9zze meg, hogyan dolgozott a Classic Football Shirts a Mood weboldallal egy kiskereskedelmi digit\u00e1lis feliratoz\u00e1si strat\u00e9gia kidolgoz\u00e1s\u00e1n, hogy n\u00f6velje az elad\u00e1sokat \u00e9s er\u0151s\u00edtse a m\u00e1rkaidentit\u00e1st.","robots":{"index":"index","follow":"follow","max-snippet":"max-snippet:-1","max-image-preview":"max-image-preview:large","max-video-preview":"max-video-preview:-1"},"og_locale":"hu_HU","og_type":"article","og_title":"Klasszikus futball p\u00f3l\u00f3k | Esettanulm\u00e1ny","og_description":"N\u00e9zze meg, hogyan dolgozott a Classic Football Shirts a Mood weboldallal egy kiskereskedelmi digit\u00e1lis feliratoz\u00e1si strat\u00e9gia kidolgoz\u00e1s\u00e1n, hogy n\u00f6velje az elad\u00e1sokat \u00e9s er\u0151s\u00edtse a m\u00e1rkaidentit\u00e1st.","og_url":"https:\/\/moodmedia.com\/hu\/esettanulmanyok\/klasszikus-futball-polok\/","og_site_name":"Mood Media Magyarorsz\u00e1g","article_publisher":"https:\/\/www.facebook.com\/moodmediauk\/","og_image":[{"width":1800,"height":800,"url":"https:\/\/moodmedia.com\/wp-content\/uploads\/2025\/03\/classic-fb-shirts-hero.webp","type":"image\/webp"}],"twitter_card":"summary_large_image","twitter_title":"Klasszikus futball p\u00f3l\u00f3k","twitter_site":"@MoodMedia_UK","schema":{"@context":"https:\/\/schema.org","@graph":[{"@type":"WebPage","@id":"https:\/\/moodmedia.com\/hu\/esettanulmanyok\/klasszikus-futball-polok\/","url":"https:\/\/moodmedia.com\/hu\/esettanulmanyok\/klasszikus-futball-polok\/","name":"Klasszikus futballp\u00f3l\u00f3k esettanulm\u00e1ny: A kiskereskedelmi digit\u00e1lis feliratok m\u0171k\u00f6d\u00e9sben","isPartOf":{"@id":"https:\/\/moodmedia.com\/hu\/#website"},"primaryImageOfPage":{"@id":"https:\/\/moodmedia.com\/hu\/esettanulmanyok\/klasszikus-futball-polok\/#primaryimage"},"image":{"@id":"https:\/\/moodmedia.com\/hu\/esettanulmanyok\/klasszikus-futball-polok\/#primaryimage"},"thumbnailUrl":"","datePublished":"2025-03-04T14:18:47+00:00","description":"N\u00e9zze meg, hogyan dolgozott a Classic Football Shirts a Mood weboldallal egy kiskereskedelmi digit\u00e1lis feliratoz\u00e1si strat\u00e9gia kidolgoz\u00e1s\u00e1n, hogy n\u00f6velje az elad\u00e1sokat \u00e9s er\u0151s\u00edtse a m\u00e1rkaidentit\u00e1st.","breadcrumb":{"@id":"https:\/\/moodmedia.com\/hu\/esettanulmanyok\/klasszikus-futball-polok\/#breadcrumb"},"inLanguage":"hu","potentialAction":[{"@type":"ReadAction","target":["https:\/\/moodmedia.com\/hu\/esettanulmanyok\/klasszikus-futball-polok\/"]}]},{"@type":"ImageObject","inLanguage":"hu","@id":"https:\/\/moodmedia.com\/hu\/esettanulmanyok\/klasszikus-futball-polok\/#primaryimage","url":"","contentUrl":""},{"@type":"BreadcrumbList","@id":"https:\/\/moodmedia.com\/hu\/esettanulmanyok\/klasszikus-futball-polok\/#breadcrumb","itemListElement":[{"@type":"ListItem","position":1,"name":"Home","item":"https:\/\/moodmedia.com\/hu\/"},{"@type":"ListItem","position":2,"name":"Esettanulm\u00e1nyok","item":"https:\/\/moodmedia.com\/hu\/esettanulmanyok\/"},{"@type":"ListItem","position":3,"name":"Klasszikus futball p\u00f3l\u00f3k"}]},{"@type":"WebSite","@id":"https:\/\/moodmedia.com\/hu\/#website","url":"https:\/\/moodmedia.com\/hu\/","name":"Mood Media International","description":"Experience. By Design","publisher":{"@id":"https:\/\/moodmedia.com\/hu\/#organization"},"potentialAction":[{"@type":"SearchAction","target":{"@type":"EntryPoint","urlTemplate":"https:\/\/moodmedia.com\/hu\/?s={search_term_string}"},"query-input":{"@type":"PropertyValueSpecification","valueRequired":true,"valueName":"search_term_string"}}],"inLanguage":"hu"},{"@type":"Organization","@id":"https:\/\/moodmedia.com\/hu\/#organization","name":"Mood Media","url":"https:\/\/moodmedia.com\/hu\/","logo":{"@type":"ImageObject","inLanguage":"hu","@id":"https:\/\/moodmedia.com\/hu\/#\/schema\/logo\/image\/","url":"https:\/\/moodmedia.com\/wp-content\/uploads\/2017\/10\/mood-media-logo-400.jpg","contentUrl":"https:\/\/moodmedia.com\/wp-content\/uploads\/2017\/10\/mood-media-logo-400.jpg","width":400,"height":115,"caption":"Mood Media"},"image":{"@id":"https:\/\/moodmedia.com\/hu\/#\/schema\/logo\/image\/"},"sameAs":["https:\/\/www.facebook.com\/moodmediauk\/","https:\/\/x.com\/MoodMedia_UK","https:\/\/www.linkedin.com\/company\/mood-media-uk\/"]}]}},"_links":{"self":[{"href":"https:\/\/moodmedia.com\/hu\/wp-json\/wp\/v2\/pages\/2413061","targetHints":{"allow":["GET"]}}],"collection":[{"href":"https:\/\/moodmedia.com\/hu\/wp-json\/wp\/v2\/pages"}],"about":[{"href":"https:\/\/moodmedia.com\/hu\/wp-json\/wp\/v2\/types\/page"}],"author":[{"embeddable":true,"href":"https:\/\/moodmedia.com\/hu\/wp-json\/wp\/v2\/users\/2"}],"replies":[{"embeddable":true,"href":"https:\/\/moodmedia.com\/hu\/wp-json\/wp\/v2\/comments?post=2413061"}],"version-history":[{"count":0,"href":"https:\/\/moodmedia.com\/hu\/wp-json\/wp\/v2\/pages\/2413061\/revisions"}],"up":[{"embeddable":true,"href":"https:\/\/moodmedia.com\/hu\/wp-json\/wp\/v2\/pages\/215563"}],"wp:featuredmedia":[{"embeddable":true,"href":"https:\/\/moodmedia.com\/hu\/wp-json\/"}],"wp:attachment":[{"href":"https:\/\/moodmedia.com\/hu\/wp-json\/wp\/v2\/media?parent=2413061"}],"curies":[{"name":"wp","href":"https:\/\/api.w.org\/{rel}","templated":true}]}}