{"id":249782,"date":"2021-09-16T10:17:54","date_gmt":"2021-09-16T09:17:54","guid":{"rendered":"https:\/\/moodmedia.com\/vallalat\/cookie-szabalyzat\/"},"modified":"2025-06-23T16:26:54","modified_gmt":"2025-06-23T15:26:54","slug":"cookie-szabalyzat","status":"publish","type":"page","link":"https:\/\/moodmedia.com\/hu\/vallalat\/cookie-szabalyzat\/","title":{"rendered":"Cookie-szab\u00e1lyzat"},"content":{"rendered":"<p>[et_pb_section fb_built=&#8221;1&#8243; admin_label=&#8221;section&#8221; _builder_version=&#8221;4.16&#8243; global_colors_info=&#8221;{}&#8221;][et_pb_row admin_label=&#8221;sor&#8221; _builder_version=&#8221;4.16&#8243; background_size=&#8221;initial&#8221; background_position=&#8221;top_left&#8221; background_repeat=&#8221;repeat&#8221; global_colors_info=&#8221;{}&#8221;][et_pb_column type=&#8221;4_4&#8243; _builder_version=&#8221;4.16&#8243; custom_padding=&#8221;|||&#8221; global_colors_info=&#8221;{}&#8221; custom_padding__hover=&#8221;|||&#8221;][et_pb_text _builder_version=&#8221;4.27.0&#8243; hover_enabled=&#8221;0&#8243; global_colors_info=&#8221;{}&#8221; sticky_enabled=&#8221;0&#8243;]<\/p>\n<h1>Cookie-szab\u00e1lyzat<\/h1>\n<p>Ez a szab\u00e1lyzat (\u201e <strong>Cookie-szab\u00e1lyzat<\/strong> \u201d) t\u00e1j\u00e9koztatja \u00d6nt a cookie-k \u00e9s hasonl\u00f3 rendszerek telep\u00edt\u00e9s\u00e9re vonatkoz\u00f3 ir\u00e1nyelveinkr\u0151l, amikor megl\u00e1togatja a <a href=\"https:\/\/moodmedia.com\/\">moodmedia.com webhelyet<\/a> (a tov\u00e1bbiakban: \u201e <strong>Webhely<\/strong> \u201d), valamint az \u00d6n \u00e1ltal ezekkel a technol\u00f3gi\u00e1kkal t\u00e1rs\u00edtott v\u00e1laszt\u00e1si lehet\u0151s\u00e9gekr\u0151l. A weboldal cookie-kat \u00e9s hasonl\u00f3 technol\u00f3gi\u00e1kat haszn\u00e1l a felhaszn\u00e1l\u00f3i \u00e9lm\u00e9ny jav\u00edt\u00e1sa \u00e9s a hat\u00e9kony m\u0171k\u00f6d\u00e9s biztos\u00edt\u00e1sa \u00e9rdek\u00e9ben.<\/p>\n<p>A honlapot a k\u00f6vetkez\u0151k k\u00f6z\u00f6sen \u00fczemeltetik Mood Media Corporation \u00e9s le\u00e1nyv\u00e1llalatai \u00e9s kapcsolt v\u00e1llalkoz\u00e1sai vil\u00e1gszerte (egy\u00fcttesen &#8222;Mood Media&#8221;; a tov\u00e1bbiakban &#8222;mi&#8221; vagy &#8222;minket&#8221;). Mood Mediale\u00e1nyv\u00e1llalatai \u00e9s kapcsolt v\u00e1llalkoz\u00e1sai a &#8222;Mood Media Entities&#8221; szakasz\u00e1ban tal\u00e1lhat\u00f3 <a href=\"https:\/\/moodmedia.com\/hu\/vallalat\/adatvedelmi-iranyelvek\/\">Adatv\u00e9delmi szab\u00e1lyzatban<\/a>. <\/p>\n<p><strong>1. Mik azok a s\u00fctik?<\/strong><\/p>\n<p>A s\u00fctik olyan kis sz\u00f6veges f\u00e1jlok, amelyeket az \u00d6n \u00e1ltal l\u00e1togatott webhelyek helyeznek el az \u00d6n sz\u00e1m\u00edt\u00f3g\u00e9p\u00e9n vagy eszk\u00f6z\u00e9n. Ezeket sz\u00e9les k\u00f6rben haszn\u00e1lj\u00e1k a weboldalak m\u0171k\u00f6d\u00e9s\u00e9nek vagy hat\u00e9konyabb m\u0171k\u00f6d\u00e9s\u00e9nek el\u0151seg\u00edt\u00e9s\u00e9re, valamint a weboldal tulajdonosai sz\u00e1m\u00e1ra t\u00f6rt\u00e9n\u0151 inform\u00e1ci\u00f3szolg\u00e1ltat\u00e1sra. <\/p>\n<p><strong>2. Hogyan haszn\u00e1ljuk a s\u00fctiket?<\/strong><\/p>\n<p>Sz\u00e1mos feladatra haszn\u00e1lunk s\u00fctiket. Ezek k\u00f6z\u00e9 tartozik az oldalak k\u00f6z\u00f6tti hat\u00e9kony b\u00f6ng\u00e9sz\u00e9s lehet\u0151v\u00e9 t\u00e9tele, az \u00d6n preferenci\u00e1inak r\u00f6gz\u00edt\u00e9se \u00e9s t\u00e1rol\u00e1sa, valamint \u00e1ltal\u00e1ban az \u00d6n online \u00e9lm\u00e9ny\u00e9nek jav\u00edt\u00e1sa. Seg\u00edthetnek abban is, hogy az online megjelen\u0151 hirdet\u00e9sek relev\u00e1nsabbak legyenek az \u00d6n sz\u00e1m\u00e1ra.<br \/>Ha megl\u00e1togatja weboldalunkat, ezeket a technol\u00f3gi\u00e1kat alkalmazhatjuk, hogy az \u00d6n \u00e1ltal haszn\u00e1lt eszk\u00f6znek jobban megfelel\u0151 online szolg\u00e1ltat\u00e1st ny\u00fajtsunk. Amikor megl\u00e1togatja a weboldalunkat, inform\u00e1ci\u00f3kat gy\u0171jt\u00fcnk a weboldal haszn\u00e1lat\u00e1r\u00f3l, p\u00e9ld\u00e1ul inform\u00e1ci\u00f3kat arr\u00f3l, hogy milyen eszk\u00f6zzel vagy b\u00f6ng\u00e9sz\u0151vel l\u00e9pett be a weboldalra, hogyan l\u00e9pett kapcsolatba vele, \u00e9s milyen IP-c\u00edmr\u0151l csatlakozik az eszk\u00f6z\u00e9hez. El\u0151fordulhat, hogy nem tud bizonyos tev\u00e9kenys\u00e9geket kezdem\u00e9nyezni vagy elv\u00e9gezni biztons\u00e1gos online szolg\u00e1ltat\u00e1sainkon bel\u00fcl, ha ezek a cookie-k vagy hasonl\u00f3 technol\u00f3gi\u00e1k nincsenek telep\u00edtve.    <\/p>\n<p><strong>3. Milyen t\u00edpus\u00fa s\u00fctiket haszn\u00e1lunk?<\/strong><\/p>\n<p>3.1 Els\u0151 f\u00e9lt\u0151l sz\u00e1rmaz\u00f3 cookie-k \u00e9s harmadik f\u00e9lt\u0151l sz\u00e1rmaz\u00f3 cookie-k<\/p>\n<p>Az els\u0151 f\u00e9lt\u0151l sz\u00e1rmaz\u00f3 s\u00fctik az \u00d6n \u00e1ltal l\u00e1togatott weboldal \u00e1ltal be\u00e1ll\u00edtott s\u00fctik. Ezeket csak az adott weboldal tudja olvasni. Ezenk\u00edv\u00fcl egy weboldal esetleg k\u00fcls\u0151 szolg\u00e1ltat\u00e1sokat is haszn\u00e1lhat, amelyek szint\u00e9n saj\u00e1t cookie-kat, \u00fagynevezett harmadik f\u00e9lt\u0151l sz\u00e1rmaz\u00f3 cookie-kat \u00e1ll\u00edtanak be. A harmadik f\u00e9lt\u0151l sz\u00e1rmaz\u00f3 szolg\u00e1ltat\u00e1sok k\u00edv\u00fcl esnek az al\u00e1bbiak ellen\u0151rz\u00e9s\u00e9n Mood Media. A szolg\u00e1ltat\u00f3k b\u00e1rmikor megv\u00e1ltoztathatj\u00e1k szolg\u00e1ltat\u00e1si felt\u00e9teleiket, a s\u00fctik c\u00e9lj\u00e1t \u00e9s haszn\u00e1lat\u00e1t stb.    <\/p>\n<p>3.2 Munkamenet-cookie-k vs. \u00e1lland\u00f3 cookie-k<\/p>\n<p>A s\u00fctik egy r\u00e9sze &#8222;munkamenet-s\u00fctik&#8221;, amelyek csak a b\u00f6ng\u00e9sz\u0151 munkamenet\u00e9nek id\u0151tartam\u00e1ra maradnak meg, \u00e9s a b\u00f6ng\u00e9sz\u0151b\u0151l val\u00f3 kil\u00e9p\u00e9skor t\u00f6rl\u0151dnek. A munkamenet-s\u00fctik csak addig tartanak, am\u00edg az \u00d6n online munkamenete tart. Ez azt jelenti, hogy a b\u00f6ng\u00e9sz\u0151 bez\u00e1r\u00e1sakor elt\u0171nnek a sz\u00e1m\u00edt\u00f3g\u00e9p\u00e9r\u0151l vagy eszk\u00f6z\u00e9r\u0151l. Ez\u00e9rt n\u00e9ha ideiglenes s\u00fctiknek is nevezik \u0151ket. M\u00e1sok a &#8222;tart\u00f3s s\u00fctik&#8221;, amelyek a webb\u00f6ng\u00e9sz\u0151b\u0151l val\u00f3 kil\u00e9p\u00e9s ut\u00e1n is egy ideig az \u00d6n eszk\u00f6z\u00e9n vagy sz\u00e1m\u00edt\u00f3g\u00e9p\u00e9n maradnak. Ezeket a s\u00fctiket n\u00e9ha \u00e1lland\u00f3 s\u00fctiknek is nevezik.     <\/p>\n<p>Pontosabban, az al\u00e1bbiakban eml\u00edtett s\u00fctiket a k\u00f6vetkez\u0151 c\u00e9lokra haszn\u00e1ljuk:<\/p>\n<ul>\n<li>Felt\u00e9tlen\u00fcl sz\u00fcks\u00e9ges cookie-k<\/li>\n<li>Funkcion\u00e1lis s\u00fctik<\/li>\n<li>Analitikai\/teljes\u00edtm\u00e9nyt biztos\u00edt\u00f3 cookie-k<\/li>\n<li>C\u00e9lz\u00e1si\/hirdet\u00e9si cookie-k<\/li>\n<\/ul>\n<p>A <strong>szigor\u00faan sz\u00fcks\u00e9ges s\u00fctik<\/strong> elengedhetetlenek a weboldal m\u0171k\u00f6d\u00e9s\u00e9hez. E s\u00fctik haszn\u00e1lata n\u00e9lk\u00fcl el\u0151fordulhat, hogy nem tudja haszn\u00e1lni a weboldal egyes funkci\u00f3it. Ezek a cookie-k a weboldal m\u0171k\u00f6d\u00e9s\u00e9hez sz\u00fcks\u00e9gesek, \u00e9s nem kapcsolhat\u00f3k ki a rendszereinkben. Ezek a cookie-k nem t\u00e1rolnak semmilyen szem\u00e9lyazonos\u00edt\u00e1sra alkalmas inform\u00e1ci\u00f3t.   <\/p>\n<p><strong>Funkcion\u00e1lis s\u00fctik<\/strong>: Ezek a s\u00fctik lehet\u0151v\u00e9 teszik, hogy a weboldal fokozott funkcionalit\u00e1st \u00e9s szem\u00e9lyre szab\u00e1st biztos\u00edtson. A funkcionalit\u00e1si s\u00fctik arra szolg\u00e1lnak, hogy megjegyezz\u00e9k a felhaszn\u00e1l\u00f3 preferenci\u00e1it, \u00edgy a weboldal szem\u00e9lyre szabhat\u00f3. Ha nem enged\u00e9lyezi ezeket a cookie-kat, akkor el\u0151fordulhat, hogy egyes vagy valamennyi szolg\u00e1ltat\u00e1s nem m\u0171k\u00f6dik megfelel\u0151en.  <\/p>\n<p><strong>Analitikai\/teljes\u00edtm\u00e9nys\u00fctik<\/strong>: Ezek a s\u00fctik lehet\u0151v\u00e9 teszik sz\u00e1munkra a l\u00e1togat\u00e1sok \u00e9s a forgalmi forr\u00e1sok sz\u00e1ml\u00e1l\u00e1s\u00e1t, hogy m\u00e9rni \u00e9s jav\u00edtani tudjuk weboldalunk teljes\u00edtm\u00e9ny\u00e9t. Seg\u00edts\u00e9g\u00fckkel megtudhatjuk, hogy mely oldalak a legn\u00e9pszer\u0171bbek \u00e9s a legkev\u00e9sb\u00e9 n\u00e9pszer\u0171ek, \u00e9s l\u00e1thatjuk, hogyan mozognak a l\u00e1togat\u00f3k a weboldalon. Az \u00f6sszes inform\u00e1ci\u00f3, amelyet ezek a cookie-k gy\u0171jtenek, \u00f6sszes\u00edtett \u00e9s ez\u00e9rt anonim. Ha nem enged\u00e9lyezi ezeket a cookie-kat, nem fogjuk tudni, hogy mikor l\u00e1togatta meg weboldalunkat.   <\/p>\n<p><strong>C\u00e9lz\u00e1si\/hirdet\u00e9si s\u00fctik<\/strong>: A c\u00e9lzott vagy hirdet\u00e9si cookie-kat arra haszn\u00e1lj\u00e1k, hogy a hirdet\u00e9seket a felhaszn\u00e1l\u00f3k \u00e9rdekl\u0151d\u00e9si k\u00f6r\u00e9nek megfelel\u0151en, a kor\u00e1bbi b\u00f6ng\u00e9sz\u00e9si tev\u00e9kenys\u00e9g alapj\u00e1n c\u00e9lozz\u00e1k meg. Ezek azonban nem tudj\u00e1k meg\u00e1llap\u00edtani, hogy ki \u00d6n, mivel az \u00f6sszegy\u0171jt\u00f6tt adatok soha nem kapcsol\u00f3dnak az \u00d6n profilj\u00e1hoz. <\/p>\n<p>Az al\u00e1bbiakban felsoroljuk azokat a s\u00fctiket, amelyeket ezen a weboldalon haszn\u00e1lunk.<\/p>\n<p><script type=\"text\/javascript\" charset=\"UTF-8\" data-cookiescriptreport=\"report\" src=\"\/\/report.cookie-script.com\/r\/c404afde4de531b074caf2568b255dc7.js\"><\/script><\/p>\n<p><strong>4. Hogyan kezelheti a cookie-kat?<\/strong><\/p>\n<p>Minden alkalommal, amikor megl\u00e1togatja weboldalunkat, a rendszer felk\u00e9ri \u00d6nt, hogy fogadja el, utas\u00edtsa el vagy kezelje a cookie-k be\u00e1ll\u00edt\u00e1sait.<br \/>A weboldalunkon haszn\u00e1lt cookie-kat enged\u00e9lyezheti vagy letilthatja a hozz\u00e1j\u00e1rul\u00e1si eszk\u00f6z\u00fcnk\u00f6n kereszt\u00fcl, vagy a cookie-k letilt\u00e1s\u00e1val a b\u00f6ng\u00e9sz\u0151j\u00e9n kereszt\u00fcl, az al\u00e1bbiak szerint:<\/p>\n<p>4.1. Hozz\u00e1j\u00e1rul\u00e1si eszk\u00f6z<\/p>\n<p>A Cookie Consent eszk\u00f6z haszn\u00e1lhat\u00f3 a cookie-be\u00e1ll\u00edt\u00e1sok testreszab\u00e1s\u00e1ra. Az eszk\u00f6z r\u00f6gz\u00edti, ha \u00d6n hozz\u00e1j\u00e1rult Cookie-szab\u00e1lyzatunkhoz. A weboldalunk bal als\u00f3 sark\u00e1ban megjelen\u0151 cookie ikonra navig\u00e1lva \u00e9s <em>a Hozz\u00e1j\u00e1rul\u00e1s kezel\u00e9se gombra<\/em> kattintva b\u00e1rmikor megv\u00e1ltoztathatja be\u00e1ll\u00edt\u00e1sait \u00e9s visszavonhatja a cookie-kra vonatkoz\u00f3 hozz\u00e1j\u00e1rul\u00e1s\u00e1t <em>.<\/em> A felt\u00e9tlen\u00fcl sz\u00fcks\u00e9ges s\u00fctiket nem lehet letiltani, \u00e9s az eszk\u00f6z nem haszn\u00e1lhat\u00f3 a cookie-k letilt\u00e1s\u00e1ra a weboldalunkr\u00f3l hivatkozott harmadik felek webhelyein.<\/p>\n<p>4.2. A b\u00f6ng\u00e9sz\u0151 haszn\u00e1lata<\/p>\n<p>A legt\u00f6bb b\u00f6ng\u00e9sz\u0151 lehet\u0151v\u00e9 teszi a s\u00fctik elutas\u00edt\u00e1s\u00e1t, elfogad\u00e1s\u00e1t \u00e9s t\u00f6rl\u00e9s\u00e9t. Az erre szolg\u00e1l\u00f3 m\u00f3dszerek b\u00f6ng\u00e9sz\u0151nk\u00e9nt \u00e9s verzi\u00f3r\u00f3l verzi\u00f3ra v\u00e1ltoznak. A cookie-k blokkol\u00e1s\u00e1r\u00f3l \u00e9s t\u00f6rl\u00e9s\u00e9r\u0151l azonban ezeken a linkeken kereszt\u00fcl naprak\u00e9sz inform\u00e1ci\u00f3kat kaphat:  <\/p>\n<ul>\n<li><a href=\"https:\/\/support.google.com\/chrome\/answer\/95647?hl=en\">Kr\u00f3m<\/a><\/li>\n<li><a href=\"https:\/\/privacy.microsoft.com\/en-us\/windows-10-microsoft-edge-and-privacy\">\u00c9l<\/a><\/li>\n<li><a href=\"https:\/\/support.mozilla.org\/en-US\/kb\/cookies-information-websites-store-on-your-computer\">Firefox<\/a><\/li>\n<li><a href=\"https:\/\/support.microsoft.com\/en-gb\/help\/17442\/windows-internet-explorer-delete-manage-cookies\">internet b\u00f6ng\u00e9sz\u0151<\/a><\/li>\n<li><a href=\"https:\/\/www.opera.com\/case-studies\/clean-browser-and-remove-trackers\">Opera<\/a><\/li>\n<li><a href=\"https:\/\/support.apple.com\/en-gb\/guide\/safari\/sfri11471\/mac\">Szafari<\/a><\/li>\n<\/ul>\n<p>Azonban vegye figyelembe, hogy elvesz\u00edthet n\u00e9h\u00e1ny elmentett inform\u00e1ci\u00f3t (pl. elmentett bejelentkez\u00e9si adatokat, weboldal-be\u00e1ll\u00edt\u00e1sokat). Az \u00f6sszes cookie letilt\u00e1sa sz\u00e1mos weboldal haszn\u00e1lhat\u00f3s\u00e1g\u00e1ra negat\u00edv hat\u00e1ssal lesz. Ha letiltja a cookie-kat, lehets\u00e9ges, hogy nem fogja tudni \u00e9lvezni a weboldalunk \u00e1ltal k\u00edn\u00e1lt \u00f6sszes technikai funkci\u00f3t, \u00e9s ez negat\u00edvan befoly\u00e1solhatja a felhaszn\u00e1l\u00f3i \u00e9lm\u00e9nyt.  <\/p>\n<p>A cookie-k kezel\u00e9s\u00e9vel \u00e9s t\u00f6rl\u00e9s\u00e9vel kapcsolatos tov\u00e1bbi inform\u00e1ci\u00f3k\u00e9rt l\u00e1togasson el a <a href=\"https:\/\/www.allaboutcookies.org\/\"><strong>https:\/\/www.allaboutcookies.org\/<\/strong><\/a> oldalra.<\/p>\n<p><strong>5. K\u00e9rd\u00e9sek?<\/strong><\/p>\n<p>Tov\u00e1bbi inform\u00e1ci\u00f3\u00e9rt forduljon adatv\u00e9delmi felel\u0151s\u00fcnkh\u00f6z a <a href=\"mailto:dpo@moodmedia.com\">dpo@moodmedia.com c\u00edmen<\/a> .<\/p>\n<p><strong>6. A jelen Cookie-szab\u00e1lyzat m\u00f3dos\u00edt\u00e1sai \u00e9s kieg\u00e9sz\u00edt\u00e9sei<\/strong><\/p>\n<p>Id\u0151r\u0151l id\u0151re friss\u00edthetj\u00fck a jelen Cookie-szab\u00e1lyzatot, p\u00e9ld\u00e1ul az \u00e1ltalunk haszn\u00e1lt cookie-k v\u00e1ltoz\u00e1sainak t\u00fckr\u00f6z\u00e9se \u00e9rdek\u00e9ben, vagy egy\u00e9b m\u0171k\u00f6d\u00e9si, jogi vagy szab\u00e1lyoz\u00e1si okokb\u00f3l. Ez\u00e9rt k\u00e9rj\u00fck, rendszeresen tekintse meg ezt a Cookie-ir\u00e1nyelvet, hogy t\u00e1j\u00e9kozott maradjon a cookie-k \u00e9s a kapcsol\u00f3d\u00f3 technol\u00f3gi\u00e1k haszn\u00e1lat\u00e1val kapcsolatban. <\/p>\n<p>A jelen Cookie-szab\u00e1lyzat alj\u00e1n tal\u00e1lhat\u00f3 d\u00e1tum jelzi, hogy mikor friss\u00fclt utolj\u00e1ra.<\/p>\n<p><em>Ez a szab\u00e1lyzat 2021. szeptember 15-t\u0151l hat\u00e1lyos<\/em><\/p>\n<p>[\/et_pb_text][\/et_pb_column][\/et_pb_row][\/et_pb_section]<\/p>\n","protected":false},"excerpt":{"rendered":"<p>Cookie-szab\u00e1lyzat Ez a szab\u00e1lyzat (\u201e Cookie-szab\u00e1lyzat \u201d) t\u00e1j\u00e9koztatja \u00d6nt a cookie-k \u00e9s hasonl\u00f3 rendszerek telep\u00edt\u00e9s\u00e9re vonatkoz\u00f3 ir\u00e1nyelveinkr\u0151l, amikor megl\u00e1togatja a moodmedia.com webhelyet (a tov\u00e1bbiakban: \u201e Webhely \u201d), valamint az \u00d6n \u00e1ltal ezekkel a technol\u00f3gi\u00e1kkal t\u00e1rs\u00edtott v\u00e1laszt\u00e1si lehet\u0151s\u00e9gekr\u0151l. A weboldal cookie-kat \u00e9s hasonl\u00f3 technol\u00f3gi\u00e1kat haszn\u00e1l a felhaszn\u00e1l\u00f3i \u00e9lm\u00e9ny jav\u00edt\u00e1sa \u00e9s a hat\u00e9kony m\u0171k\u00f6d\u00e9s biztos\u00edt\u00e1sa \u00e9rdek\u00e9ben. A honlapot a k\u00f6vetkez\u0151k k\u00f6z\u00f6sen \u00fczemeltetik Mood Media Corporation \u00e9s le\u00e1nyv\u00e1llalatai \u00e9s kapcsolt v\u00e1llalkoz\u00e1sai vil\u00e1gszerte (egy\u00fcttesen &#8222;Mood Media&#8221;; a tov\u00e1bbiakban &#8222;mi&#8221; vagy &#8222;minket&#8221;). Mood Mediale\u00e1nyv\u00e1llalatai \u00e9s kapcsolt v\u00e1llalkoz\u00e1sai a &#8222;Mood Media Entities&#8221; szakasz\u00e1ban tal\u00e1lhat\u00f3 Adatv\u00e9delmi szab\u00e1lyzatban. 1. Mik azok a s\u00fctik? A s\u00fctik olyan kis sz\u00f6veges f\u00e1jlok, amelyeket az \u00d6n \u00e1ltal l\u00e1togatott webhelyek helyeznek el az \u00d6n sz\u00e1m\u00edt\u00f3g\u00e9p\u00e9n vagy eszk\u00f6z\u00e9n. Ezeket sz\u00e9les k\u00f6rben haszn\u00e1lj\u00e1k a weboldalak m\u0171k\u00f6d\u00e9s\u00e9nek vagy hat\u00e9konyabb m\u0171k\u00f6d\u00e9s\u00e9nek el\u0151seg\u00edt\u00e9s\u00e9re, valamint a weboldal tulajdonosai sz\u00e1m\u00e1ra t\u00f6rt\u00e9n\u0151 inform\u00e1ci\u00f3szolg\u00e1ltat\u00e1sra. 2. Hogyan haszn\u00e1ljuk a s\u00fctiket? Sz\u00e1mos feladatra haszn\u00e1lunk s\u00fctiket. Ezek k\u00f6z\u00e9 tartozik az oldalak k\u00f6z\u00f6tti hat\u00e9kony b\u00f6ng\u00e9sz\u00e9s lehet\u0151v\u00e9 t\u00e9tele, az \u00d6n preferenci\u00e1inak r\u00f6gz\u00edt\u00e9se \u00e9s t\u00e1rol\u00e1sa, valamint \u00e1ltal\u00e1ban az \u00d6n online \u00e9lm\u00e9ny\u00e9nek jav\u00edt\u00e1sa. Seg\u00edthetnek abban is, hogy az online megjelen\u0151 hirdet\u00e9sek relev\u00e1nsabbak legyenek az \u00d6n sz\u00e1m\u00e1ra.Ha megl\u00e1togatja weboldalunkat, ezeket a technol\u00f3gi\u00e1kat alkalmazhatjuk, hogy az \u00d6n \u00e1ltal haszn\u00e1lt eszk\u00f6znek jobban megfelel\u0151 online szolg\u00e1ltat\u00e1st ny\u00fajtsunk. Amikor megl\u00e1togatja a weboldalunkat, inform\u00e1ci\u00f3kat gy\u0171jt\u00fcnk [&hellip;]<\/p>\n","protected":false},"author":9,"featured_media":0,"parent":226281,"menu_order":0,"comment_status":"closed","ping_status":"closed","template":"","meta":{"_et_pb_use_builder":"on","_et_pb_old_content":"","_et_gb_content_width":"","footnotes":""},"class_list":["post-249782","page","type-page","status-publish","hentry"],"yoast_head":"<!-- This site is optimized with the Yoast SEO Premium plugin v26.8 (Yoast SEO v27.4) - https:\/\/yoast.com\/product\/yoast-seo-premium-wordpress\/ -->\n<title>Cookie-szab\u00e1lyzat | Mood Media Magyarorsz\u00e1g<\/title>\n<meta name=\"description\" content=\"Az \u00d6n mag\u00e1n\u00e9lete nagyon fontos a Mood Media. K\u00e9rj\u00fck, tekintse meg cookie-szab\u00e1lyzatunkat itt.\" \/>\n<meta name=\"robots\" content=\"noindex, follow\" \/>\n<meta property=\"og:locale\" content=\"hu_HU\" \/>\n<meta property=\"og:type\" content=\"article\" \/>\n<meta property=\"og:title\" content=\"Cookie-szab\u00e1lyzat\" \/>\n<meta property=\"og:url\" content=\"https:\/\/moodmedia.com\/hu\/vallalat\/cookie-szabalyzat\/\" \/>\n<meta property=\"og:site_name\" content=\"Mood Media Magyarorsz\u00e1g\" \/>\n<meta property=\"article:publisher\" content=\"https:\/\/www.facebook.com\/moodmediauk\/\" \/>\n<meta property=\"article:modified_time\" content=\"2025-06-23T15:26:54+00:00\" \/>\n<meta name=\"twitter:card\" content=\"summary_large_image\" \/>\n<meta name=\"twitter:site\" content=\"@MoodMedia_UK\" \/>\n<meta name=\"twitter:label1\" content=\"Becs\u00fclt olvas\u00e1si id\u0151\" \/>\n\t<meta name=\"twitter:data1\" content=\"8 perc\" \/>\n<script type=\"application\/ld+json\" class=\"yoast-schema-graph\">{\"@context\":\"https:\\\/\\\/schema.org\",\"@graph\":[{\"@type\":\"WebPage\",\"@id\":\"https:\\\/\\\/moodmedia.com\\\/hu\\\/vallalat\\\/cookie-szabalyzat\\\/\",\"url\":\"https:\\\/\\\/moodmedia.com\\\/hu\\\/vallalat\\\/cookie-szabalyzat\\\/\",\"name\":\"Cookie-szab\u00e1lyzat | Mood Media Magyarorsz\u00e1g\",\"isPartOf\":{\"@id\":\"https:\\\/\\\/moodmedia.com\\\/hu\\\/#website\"},\"datePublished\":\"2021-09-16T09:17:54+00:00\",\"dateModified\":\"2025-06-23T15:26:54+00:00\",\"description\":\"Az \u00d6n mag\u00e1n\u00e9lete nagyon fontos a Mood Media. K\u00e9rj\u00fck, tekintse meg cookie-szab\u00e1lyzatunkat itt.\",\"breadcrumb\":{\"@id\":\"https:\\\/\\\/moodmedia.com\\\/hu\\\/vallalat\\\/cookie-szabalyzat\\\/#breadcrumb\"},\"inLanguage\":\"hu\",\"potentialAction\":[{\"@type\":\"ReadAction\",\"target\":[\"https:\\\/\\\/moodmedia.com\\\/hu\\\/vallalat\\\/cookie-szabalyzat\\\/\"]}]},{\"@type\":\"BreadcrumbList\",\"@id\":\"https:\\\/\\\/moodmedia.com\\\/hu\\\/vallalat\\\/cookie-szabalyzat\\\/#breadcrumb\",\"itemListElement\":[{\"@type\":\"ListItem\",\"position\":1,\"name\":\"Home\",\"item\":\"https:\\\/\\\/moodmedia.com\\\/hu\\\/\"},{\"@type\":\"ListItem\",\"position\":2,\"name\":\"V\u00e1llalat\",\"item\":\"https:\\\/\\\/moodmedia.com\\\/hu\\\/vallalat\\\/\"},{\"@type\":\"ListItem\",\"position\":3,\"name\":\"Cookie-szab\u00e1lyzat\"}]},{\"@type\":\"WebSite\",\"@id\":\"https:\\\/\\\/moodmedia.com\\\/hu\\\/#website\",\"url\":\"https:\\\/\\\/moodmedia.com\\\/hu\\\/\",\"name\":\"Mood Media International\",\"description\":\"Experience. By Design\",\"publisher\":{\"@id\":\"https:\\\/\\\/moodmedia.com\\\/hu\\\/#organization\"},\"potentialAction\":[{\"@type\":\"SearchAction\",\"target\":{\"@type\":\"EntryPoint\",\"urlTemplate\":\"https:\\\/\\\/moodmedia.com\\\/hu\\\/?s={search_term_string}\"},\"query-input\":{\"@type\":\"PropertyValueSpecification\",\"valueRequired\":true,\"valueName\":\"search_term_string\"}}],\"inLanguage\":\"hu\"},{\"@type\":\"Organization\",\"@id\":\"https:\\\/\\\/moodmedia.com\\\/hu\\\/#organization\",\"name\":\"Mood Media\",\"url\":\"https:\\\/\\\/moodmedia.com\\\/hu\\\/\",\"logo\":{\"@type\":\"ImageObject\",\"inLanguage\":\"hu\",\"@id\":\"https:\\\/\\\/moodmedia.com\\\/hu\\\/#\\\/schema\\\/logo\\\/image\\\/\",\"url\":\"https:\\\/\\\/moodmedia.com\\\/wp-content\\\/uploads\\\/2017\\\/10\\\/mood-media-logo-400.jpg\",\"contentUrl\":\"https:\\\/\\\/moodmedia.com\\\/wp-content\\\/uploads\\\/2017\\\/10\\\/mood-media-logo-400.jpg\",\"width\":400,\"height\":115,\"caption\":\"Mood Media\"},\"image\":{\"@id\":\"https:\\\/\\\/moodmedia.com\\\/hu\\\/#\\\/schema\\\/logo\\\/image\\\/\"},\"sameAs\":[\"https:\\\/\\\/www.facebook.com\\\/moodmediauk\\\/\",\"https:\\\/\\\/x.com\\\/MoodMedia_UK\",\"https:\\\/\\\/www.linkedin.com\\\/company\\\/mood-media-uk\\\/\"]}]}<\/script>\n<!-- \/ Yoast SEO Premium plugin. -->","yoast_head_json":{"title":"Cookie-szab\u00e1lyzat | Mood Media Magyarorsz\u00e1g","description":"Az \u00d6n mag\u00e1n\u00e9lete nagyon fontos a Mood Media. K\u00e9rj\u00fck, tekintse meg cookie-szab\u00e1lyzatunkat itt.","robots":{"index":"noindex","follow":"follow"},"og_locale":"hu_HU","og_type":"article","og_title":"Cookie-szab\u00e1lyzat","og_url":"https:\/\/moodmedia.com\/hu\/vallalat\/cookie-szabalyzat\/","og_site_name":"Mood Media Magyarorsz\u00e1g","article_publisher":"https:\/\/www.facebook.com\/moodmediauk\/","article_modified_time":"2025-06-23T15:26:54+00:00","twitter_card":"summary_large_image","twitter_site":"@MoodMedia_UK","twitter_misc":{"Becs\u00fclt olvas\u00e1si id\u0151":"8 perc"},"schema":{"@context":"https:\/\/schema.org","@graph":[{"@type":"WebPage","@id":"https:\/\/moodmedia.com\/hu\/vallalat\/cookie-szabalyzat\/","url":"https:\/\/moodmedia.com\/hu\/vallalat\/cookie-szabalyzat\/","name":"Cookie-szab\u00e1lyzat | Mood Media Magyarorsz\u00e1g","isPartOf":{"@id":"https:\/\/moodmedia.com\/hu\/#website"},"datePublished":"2021-09-16T09:17:54+00:00","dateModified":"2025-06-23T15:26:54+00:00","description":"Az \u00d6n mag\u00e1n\u00e9lete nagyon fontos a Mood Media. K\u00e9rj\u00fck, tekintse meg cookie-szab\u00e1lyzatunkat itt.","breadcrumb":{"@id":"https:\/\/moodmedia.com\/hu\/vallalat\/cookie-szabalyzat\/#breadcrumb"},"inLanguage":"hu","potentialAction":[{"@type":"ReadAction","target":["https:\/\/moodmedia.com\/hu\/vallalat\/cookie-szabalyzat\/"]}]},{"@type":"BreadcrumbList","@id":"https:\/\/moodmedia.com\/hu\/vallalat\/cookie-szabalyzat\/#breadcrumb","itemListElement":[{"@type":"ListItem","position":1,"name":"Home","item":"https:\/\/moodmedia.com\/hu\/"},{"@type":"ListItem","position":2,"name":"V\u00e1llalat","item":"https:\/\/moodmedia.com\/hu\/vallalat\/"},{"@type":"ListItem","position":3,"name":"Cookie-szab\u00e1lyzat"}]},{"@type":"WebSite","@id":"https:\/\/moodmedia.com\/hu\/#website","url":"https:\/\/moodmedia.com\/hu\/","name":"Mood Media International","description":"Experience. By Design","publisher":{"@id":"https:\/\/moodmedia.com\/hu\/#organization"},"potentialAction":[{"@type":"SearchAction","target":{"@type":"EntryPoint","urlTemplate":"https:\/\/moodmedia.com\/hu\/?s={search_term_string}"},"query-input":{"@type":"PropertyValueSpecification","valueRequired":true,"valueName":"search_term_string"}}],"inLanguage":"hu"},{"@type":"Organization","@id":"https:\/\/moodmedia.com\/hu\/#organization","name":"Mood Media","url":"https:\/\/moodmedia.com\/hu\/","logo":{"@type":"ImageObject","inLanguage":"hu","@id":"https:\/\/moodmedia.com\/hu\/#\/schema\/logo\/image\/","url":"https:\/\/moodmedia.com\/wp-content\/uploads\/2017\/10\/mood-media-logo-400.jpg","contentUrl":"https:\/\/moodmedia.com\/wp-content\/uploads\/2017\/10\/mood-media-logo-400.jpg","width":400,"height":115,"caption":"Mood Media"},"image":{"@id":"https:\/\/moodmedia.com\/hu\/#\/schema\/logo\/image\/"},"sameAs":["https:\/\/www.facebook.com\/moodmediauk\/","https:\/\/x.com\/MoodMedia_UK","https:\/\/www.linkedin.com\/company\/mood-media-uk\/"]}]}},"_links":{"self":[{"href":"https:\/\/moodmedia.com\/hu\/wp-json\/wp\/v2\/pages\/249782","targetHints":{"allow":["GET"]}}],"collection":[{"href":"https:\/\/moodmedia.com\/hu\/wp-json\/wp\/v2\/pages"}],"about":[{"href":"https:\/\/moodmedia.com\/hu\/wp-json\/wp\/v2\/types\/page"}],"author":[{"embeddable":true,"href":"https:\/\/moodmedia.com\/hu\/wp-json\/wp\/v2\/users\/9"}],"replies":[{"embeddable":true,"href":"https:\/\/moodmedia.com\/hu\/wp-json\/wp\/v2\/comments?post=249782"}],"version-history":[{"count":0,"href":"https:\/\/moodmedia.com\/hu\/wp-json\/wp\/v2\/pages\/249782\/revisions"}],"up":[{"embeddable":true,"href":"https:\/\/moodmedia.com\/hu\/wp-json\/wp\/v2\/pages\/226281"}],"wp:attachment":[{"href":"https:\/\/moodmedia.com\/hu\/wp-json\/wp\/v2\/media?parent=249782"}],"curies":[{"name":"wp","href":"https:\/\/api.w.org\/{rel}","templated":true}]}}