{"id":325222,"date":"2020-03-09T13:52:52","date_gmt":"2020-03-09T13:52:52","guid":{"rendered":"https:\/\/moodmedia.com\/5-alap-a-sikeres-kiskereskedelmi-digitalis-tablakhoz\/"},"modified":"2023-01-11T16:48:45","modified_gmt":"2023-01-11T16:48:45","slug":"5-alap-a-sikeres-kiskereskedelmi-digitalis-tablakhoz","status":"publish","type":"page","link":"https:\/\/moodmedia.com\/hu\/5-alap-a-sikeres-kiskereskedelmi-digitalis-tablakhoz\/","title":{"rendered":"5 alap a sikeres kiskereskedelmi digit\u00e1lis t\u00e1bl\u00e1khoz"},"content":{"rendered":"","protected":false},"excerpt":{"rendered":"","protected":false},"author":1,"featured_media":0,"parent":0,"menu_order":0,"comment_status":"closed","ping_status":"closed","template":"","meta":{"_et_pb_use_builder":"on","_et_pb_old_content":"","_et_gb_content_width":"","footnotes":""},"class_list":["post-325222","page","type-page","status-publish","hentry"],"yoast_head":"<!-- This site is optimized with the Yoast SEO Premium plugin v26.8 (Yoast SEO v27.4) - https:\/\/yoast.com\/product\/yoast-seo-premium-wordpress\/ -->\n<title>Retail Digital Signage \u2013 5 alap a sikerhez \u2013 Mood Media<\/title>\n<meta name=\"description\" content=\"Ismerje meg az alapjait annak, hogyan hozhat l\u00e9tre mag\u00e1val ragad\u00f3bb bolti \u00e9lm\u00e9nyt a kiskereskedelmi digit\u00e1lis jelz\u00e9sekkel. T\u00f6ltse le a feh\u00e9r k\u00f6nyvet m\u00e9g ma.\" \/>\n<meta name=\"robots\" content=\"index, follow, max-snippet:-1, max-image-preview:large, max-video-preview:-1\" \/>\n<meta property=\"og:locale\" content=\"hu_HU\" \/>\n<meta property=\"og:type\" content=\"article\" \/>\n<meta property=\"og:title\" content=\"5 alap a sikeres kiskereskedelmi digit\u00e1lis t\u00e1bl\u00e1khoz\" \/>\n<meta property=\"og:url\" content=\"https:\/\/moodmedia.com\/hu\/5-alap-a-sikeres-kiskereskedelmi-digitalis-tablakhoz\/\" \/>\n<meta property=\"og:site_name\" content=\"Mood Media Magyarorsz\u00e1g\" \/>\n<meta property=\"article:publisher\" content=\"https:\/\/www.facebook.com\/moodmediauk\/\" \/>\n<meta property=\"article:modified_time\" content=\"2023-01-11T16:48:45+00:00\" \/>\n<meta name=\"twitter:card\" content=\"summary_large_image\" \/>\n<meta name=\"twitter:site\" content=\"@MoodMedia_UK\" \/>\n<script type=\"application\/ld+json\" class=\"yoast-schema-graph\">{\"@context\":\"https:\\\/\\\/schema.org\",\"@graph\":[{\"@type\":\"WebPage\",\"@id\":\"https:\\\/\\\/moodmedia.com\\\/hu\\\/5-alap-a-sikeres-kiskereskedelmi-digitalis-tablakhoz\\\/\",\"url\":\"https:\\\/\\\/moodmedia.com\\\/hu\\\/5-alap-a-sikeres-kiskereskedelmi-digitalis-tablakhoz\\\/\",\"name\":\"Retail Digital Signage \u2013 5 alap a sikerhez \u2013 Mood Media\",\"isPartOf\":{\"@id\":\"https:\\\/\\\/moodmedia.com\\\/hu\\\/#website\"},\"datePublished\":\"2020-03-09T13:52:52+00:00\",\"dateModified\":\"2023-01-11T16:48:45+00:00\",\"description\":\"Ismerje meg az alapjait annak, hogyan hozhat l\u00e9tre mag\u00e1val ragad\u00f3bb bolti \u00e9lm\u00e9nyt a kiskereskedelmi digit\u00e1lis jelz\u00e9sekkel. T\u00f6ltse le a feh\u00e9r k\u00f6nyvet m\u00e9g ma.\",\"breadcrumb\":{\"@id\":\"https:\\\/\\\/moodmedia.com\\\/hu\\\/5-alap-a-sikeres-kiskereskedelmi-digitalis-tablakhoz\\\/#breadcrumb\"},\"inLanguage\":\"hu\",\"potentialAction\":[{\"@type\":\"ReadAction\",\"target\":[\"https:\\\/\\\/moodmedia.com\\\/hu\\\/5-alap-a-sikeres-kiskereskedelmi-digitalis-tablakhoz\\\/\"]}]},{\"@type\":\"BreadcrumbList\",\"@id\":\"https:\\\/\\\/moodmedia.com\\\/hu\\\/5-alap-a-sikeres-kiskereskedelmi-digitalis-tablakhoz\\\/#breadcrumb\",\"itemListElement\":[{\"@type\":\"ListItem\",\"position\":1,\"name\":\"Home\",\"item\":\"https:\\\/\\\/moodmedia.com\\\/hu\\\/\"},{\"@type\":\"ListItem\",\"position\":2,\"name\":\"5 alap a sikeres kiskereskedelmi digit\u00e1lis t\u00e1bl\u00e1khoz\"}]},{\"@type\":\"WebSite\",\"@id\":\"https:\\\/\\\/moodmedia.com\\\/hu\\\/#website\",\"url\":\"https:\\\/\\\/moodmedia.com\\\/hu\\\/\",\"name\":\"Mood Media International\",\"description\":\"Experience. By Design\",\"publisher\":{\"@id\":\"https:\\\/\\\/moodmedia.com\\\/hu\\\/#organization\"},\"potentialAction\":[{\"@type\":\"SearchAction\",\"target\":{\"@type\":\"EntryPoint\",\"urlTemplate\":\"https:\\\/\\\/moodmedia.com\\\/hu\\\/?s={search_term_string}\"},\"query-input\":{\"@type\":\"PropertyValueSpecification\",\"valueRequired\":true,\"valueName\":\"search_term_string\"}}],\"inLanguage\":\"hu\"},{\"@type\":\"Organization\",\"@id\":\"https:\\\/\\\/moodmedia.com\\\/hu\\\/#organization\",\"name\":\"Mood Media\",\"url\":\"https:\\\/\\\/moodmedia.com\\\/hu\\\/\",\"logo\":{\"@type\":\"ImageObject\",\"inLanguage\":\"hu\",\"@id\":\"https:\\\/\\\/moodmedia.com\\\/hu\\\/#\\\/schema\\\/logo\\\/image\\\/\",\"url\":\"https:\\\/\\\/moodmedia.com\\\/wp-content\\\/uploads\\\/2017\\\/10\\\/mood-media-logo-400.jpg\",\"contentUrl\":\"https:\\\/\\\/moodmedia.com\\\/wp-content\\\/uploads\\\/2017\\\/10\\\/mood-media-logo-400.jpg\",\"width\":400,\"height\":115,\"caption\":\"Mood Media\"},\"image\":{\"@id\":\"https:\\\/\\\/moodmedia.com\\\/hu\\\/#\\\/schema\\\/logo\\\/image\\\/\"},\"sameAs\":[\"https:\\\/\\\/www.facebook.com\\\/moodmediauk\\\/\",\"https:\\\/\\\/x.com\\\/MoodMedia_UK\",\"https:\\\/\\\/www.linkedin.com\\\/company\\\/mood-media-uk\\\/\"]}]}<\/script>\n<!-- \/ Yoast SEO Premium plugin. -->","yoast_head_json":{"title":"Retail Digital Signage \u2013 5 alap a sikerhez \u2013 Mood Media","description":"Ismerje meg az alapjait annak, hogyan hozhat l\u00e9tre mag\u00e1val ragad\u00f3bb bolti \u00e9lm\u00e9nyt a kiskereskedelmi digit\u00e1lis jelz\u00e9sekkel. T\u00f6ltse le a feh\u00e9r k\u00f6nyvet m\u00e9g ma.","robots":{"index":"index","follow":"follow","max-snippet":"max-snippet:-1","max-image-preview":"max-image-preview:large","max-video-preview":"max-video-preview:-1"},"og_locale":"hu_HU","og_type":"article","og_title":"5 alap a sikeres kiskereskedelmi digit\u00e1lis t\u00e1bl\u00e1khoz","og_url":"https:\/\/moodmedia.com\/hu\/5-alap-a-sikeres-kiskereskedelmi-digitalis-tablakhoz\/","og_site_name":"Mood Media Magyarorsz\u00e1g","article_publisher":"https:\/\/www.facebook.com\/moodmediauk\/","article_modified_time":"2023-01-11T16:48:45+00:00","twitter_card":"summary_large_image","twitter_site":"@MoodMedia_UK","schema":{"@context":"https:\/\/schema.org","@graph":[{"@type":"WebPage","@id":"https:\/\/moodmedia.com\/hu\/5-alap-a-sikeres-kiskereskedelmi-digitalis-tablakhoz\/","url":"https:\/\/moodmedia.com\/hu\/5-alap-a-sikeres-kiskereskedelmi-digitalis-tablakhoz\/","name":"Retail Digital Signage \u2013 5 alap a sikerhez \u2013 Mood Media","isPartOf":{"@id":"https:\/\/moodmedia.com\/hu\/#website"},"datePublished":"2020-03-09T13:52:52+00:00","dateModified":"2023-01-11T16:48:45+00:00","description":"Ismerje meg az alapjait annak, hogyan hozhat l\u00e9tre mag\u00e1val ragad\u00f3bb bolti \u00e9lm\u00e9nyt a kiskereskedelmi digit\u00e1lis jelz\u00e9sekkel. T\u00f6ltse le a feh\u00e9r k\u00f6nyvet m\u00e9g ma.","breadcrumb":{"@id":"https:\/\/moodmedia.com\/hu\/5-alap-a-sikeres-kiskereskedelmi-digitalis-tablakhoz\/#breadcrumb"},"inLanguage":"hu","potentialAction":[{"@type":"ReadAction","target":["https:\/\/moodmedia.com\/hu\/5-alap-a-sikeres-kiskereskedelmi-digitalis-tablakhoz\/"]}]},{"@type":"BreadcrumbList","@id":"https:\/\/moodmedia.com\/hu\/5-alap-a-sikeres-kiskereskedelmi-digitalis-tablakhoz\/#breadcrumb","itemListElement":[{"@type":"ListItem","position":1,"name":"Home","item":"https:\/\/moodmedia.com\/hu\/"},{"@type":"ListItem","position":2,"name":"5 alap a sikeres kiskereskedelmi digit\u00e1lis t\u00e1bl\u00e1khoz"}]},{"@type":"WebSite","@id":"https:\/\/moodmedia.com\/hu\/#website","url":"https:\/\/moodmedia.com\/hu\/","name":"Mood Media International","description":"Experience. By Design","publisher":{"@id":"https:\/\/moodmedia.com\/hu\/#organization"},"potentialAction":[{"@type":"SearchAction","target":{"@type":"EntryPoint","urlTemplate":"https:\/\/moodmedia.com\/hu\/?s={search_term_string}"},"query-input":{"@type":"PropertyValueSpecification","valueRequired":true,"valueName":"search_term_string"}}],"inLanguage":"hu"},{"@type":"Organization","@id":"https:\/\/moodmedia.com\/hu\/#organization","name":"Mood Media","url":"https:\/\/moodmedia.com\/hu\/","logo":{"@type":"ImageObject","inLanguage":"hu","@id":"https:\/\/moodmedia.com\/hu\/#\/schema\/logo\/image\/","url":"https:\/\/moodmedia.com\/wp-content\/uploads\/2017\/10\/mood-media-logo-400.jpg","contentUrl":"https:\/\/moodmedia.com\/wp-content\/uploads\/2017\/10\/mood-media-logo-400.jpg","width":400,"height":115,"caption":"Mood Media"},"image":{"@id":"https:\/\/moodmedia.com\/hu\/#\/schema\/logo\/image\/"},"sameAs":["https:\/\/www.facebook.com\/moodmediauk\/","https:\/\/x.com\/MoodMedia_UK","https:\/\/www.linkedin.com\/company\/mood-media-uk\/"]}]}},"_links":{"self":[{"href":"https:\/\/moodmedia.com\/hu\/wp-json\/wp\/v2\/pages\/325222","targetHints":{"allow":["GET"]}}],"collection":[{"href":"https:\/\/moodmedia.com\/hu\/wp-json\/wp\/v2\/pages"}],"about":[{"href":"https:\/\/moodmedia.com\/hu\/wp-json\/wp\/v2\/types\/page"}],"author":[{"embeddable":true,"href":"https:\/\/moodmedia.com\/hu\/wp-json\/wp\/v2\/users\/1"}],"replies":[{"embeddable":true,"href":"https:\/\/moodmedia.com\/hu\/wp-json\/wp\/v2\/comments?post=325222"}],"version-history":[{"count":0,"href":"https:\/\/moodmedia.com\/hu\/wp-json\/wp\/v2\/pages\/325222\/revisions"}],"wp:attachment":[{"href":"https:\/\/moodmedia.com\/hu\/wp-json\/wp\/v2\/media?parent=325222"}],"curies":[{"name":"wp","href":"https:\/\/api.w.org\/{rel}","templated":true}]}}