{"id":207559,"date":"2021-06-22T16:53:18","date_gmt":"2021-06-22T15:53:18","guid":{"rendered":"https:\/\/moodmedia.com\/presentazione-della-musica\/"},"modified":"2025-06-03T13:47:52","modified_gmt":"2025-06-03T12:47:52","slug":"presentazione-della-musica","status":"publish","type":"page","link":"https:\/\/moodmedia.com\/it\/contattateci\/presentazione-della-musica\/","title":{"rendered":"Presentazione della musica"},"content":{"rendered":"<p>[et_pb_section fb_built=&#8221;1&#8243; _builder_version=&#8221;4.19.4&#8243; _module_preset=&#8221;default&#8221; background_color=&#8221;#d6d6d6&#8243; background_image=&#8221;https:\/\/moodmedia.com\/wp-content\/uploads\/2025\/06\/music-submissions-hero.webp&#8221; background_blend=&#8221;multiply&#8221; global_colors_info=&#8221;{}&#8221; theme_builder_area=&#8221;post_content&#8221;][et_pb_row column_structure=&#8221;3_5,2_5&#8243; _builder_version=&#8221;4.17.4&#8243; _module_preset=&#8221;default&#8221; global_colors_info=&#8221;{}&#8221; theme_builder_area=&#8221;post_content&#8221;][et_pb_column type=&#8221;3_5&#8243; _builder_version=&#8221;4.17.4&#8243; _module_preset=&#8221;default&#8221; global_colors_info=&#8221;{}&#8221; theme_builder_area=&#8221;post_content&#8221;][et_pb_text _builder_version=&#8221;4.19.4&#8243; _module_preset=&#8221;default&#8221; text_orientation=&#8221;center&#8221; background_layout=&#8221;dark&#8221; global_colors_info=&#8221;{}&#8221; theme_builder_area=&#8221;post_content&#8221;]<\/p>\n<h1 class=\"bold new-hero\">INVIA LA TUA MUSICA<\/h1>\n<p>[\/et_pb_text][et_pb_text _builder_version=&#8221;4.19.4&#8243; background_color=&#8221;#FFFFFF&#8221; background_size=&#8221;initial&#8221; background_position=&#8221;top_left&#8221; background_repeat=&#8221;repeat&#8221; module_alignment=&#8221;center&#8221; custom_padding=&#8221;30px|30px|30px|30px|false|false&#8221; border_radii=&#8221;on|10px|10px|10px|10px&#8221; use_border_color=&#8221;off&#8221; border_color=&#8221;#ffffff&#8221; border_style=&#8221;solid&#8221; global_colors_info=&#8221;{}&#8221; theme_builder_area=&#8221;post_content&#8221;]<\/p>\n<p class=\"intro2\"><b>**Si prega di leggere queste istruzioni nella loro interezza in quanto contengono importanti linee guida per la presentazione.<\/b><\/p>\n<p class=\"intro2\">Se non segui questi passi la tua presentazione non sar\u00e0 presa in considerazione. Per domande riguardanti le royalties esistenti, si prega di contattare <a href=\"mailto:royalties@moodmedia.com\" target=\"_blank\" rel=\"noopener noreferrer\">royalties@moodmedia.com.<\/a> <\/p>\n<p>[\/et_pb_text][\/et_pb_column][et_pb_column type=&#8221;2_5&#8243; _builder_version=&#8221;4.17.4&#8243; _module_preset=&#8221;default&#8221; global_colors_info=&#8221;{}&#8221; theme_builder_area=&#8221;post_content&#8221;][\/et_pb_column][\/et_pb_row][\/et_pb_section][et_pb_section fb_built=&#8221;1&#8243; _builder_version=&#8221;4.16&#8243; global_colors_info=&#8221;{}&#8221; theme_builder_area=&#8221;post_content&#8221;][et_pb_row column_structure=&#8221;1_2,1_2&#8243; _builder_version=&#8221;4.16&#8243; background_size=&#8221;initial&#8221; background_position=&#8221;top_left&#8221; background_repeat=&#8221;repeat&#8221; global_colors_info=&#8221;{}&#8221; theme_builder_area=&#8221;post_content&#8221;][et_pb_column type=&#8221;1_2&#8243; _builder_version=&#8221;4.16&#8243; custom_padding=&#8221;|||&#8221; global_colors_info=&#8221;{}&#8221; custom_padding__hover=&#8221;|||&#8221; theme_builder_area=&#8221;post_content&#8221;][et_pb_text _builder_version=&#8221;4.19.4&#8243; background_size=&#8221;initial&#8221; background_position=&#8221;top_left&#8221; background_repeat=&#8221;repeat&#8221; use_border_color=&#8221;off&#8221; border_color=&#8221;#ffffff&#8221; border_style=&#8221;solid&#8221; global_colors_info=&#8221;{}&#8221; theme_builder_area=&#8221;post_content&#8221;]<\/p>\n<p class=\"intro2\">Grazie per il tuo interesse a inviare la tua musica a Mood Media. Ti invitiamo a completare i seguenti passaggi per l&#8217;invio dei tuoi contenuti musicali: <\/p>\n<h3 class=\"moodred\"><b>Linee guida per la presentazione:<\/b><\/h3>\n<p>1. Invia un link a un jukebox digitale online a <a href=\"mailto:musicsubmissions@moodmedia.com\">musicsubmissions@moodmedia.com,<\/a> preferibilmente uno come <a href=\"https:\/\/www.soundcloud.com\/\">www.Soundcloud.com<\/a> o <a href=\"https:\/\/www.beatport.com\/\">www.beatport.com,<\/a> in modo che i nostri designer possano vedere in anteprima i tuoi brani.<\/p>\n<p>2. <strong>Quando invii la tua musica, devi includere il nome della tua etichetta, lo stile\/genere musicale e la dicitura \u201cUnlicensed with Mood Media\u201d nell \u201coggetto dell\u201d e-mail inviata a <a href=\"mailto:musicsubmissions@moodmedia.com\">musicsubmissions@moodmedia.com<\/a> per assicurarti che le tue proposte arrivino a chi di dovere. <\/strong> <\/p>\n<p>Esempio:<\/p>\n<p>OGGETTO: Breeze Tree Records &#8211; Folk\/Pop &#8211; Senza licenza con Mood Media[\/et_pb_text][\/et_pb_column][et_pb_column type=&#8221;1_2&#8243; _builder_version=&#8221;4.16&#8243; custom_padding=&#8221;|||&#8221; global_colors_info=&#8221;{}&#8221; custom_padding__hover=&#8221;|||&#8221; theme_builder_area=&#8221;post_content&#8221;][et_pb_text _builder_version=&#8221;4.19.4&#8243; background_size=&#8221;initial&#8221; background_position=&#8221;top_left&#8221; background_repeat=&#8221;repeat&#8221; use_border_color=&#8221;off&#8221; border_color=&#8221;#ffffff&#8221; border_style=&#8221;solid&#8221; global_colors_info=&#8221;{}&#8221; theme_builder_area=&#8221;post_content&#8221;]3. La tua musica deve essere distribuita a Mood Media attraverso un feed diretto di DDEX per poter essere disponibile per la programmazione. Ti preghiamo di indicare il nome del tuo distributore nella tua richiesta. Se non disponi gi\u00e0 di un servizio di distribuzione digitale, prendi in considerazione una delle seguenti opzioni:  <\/p>\n<p><a href=\"https:\/\/www.tunecore.com\" target=\"_blank\" rel=\"noopener\">TuneCore<\/a><br \/>\n<a href=\"https:\/\/cdbaby.com\" target=\"_blank\" rel=\"noopener\">CD Baby<\/a><br \/>\n<a href=\"https:\/\/distrokid.com\/\" target=\"_blank\" rel=\"noopener\">DistroKid<\/a><\/p>\n<p><strong>**Ti preghiamo di lasciare il tempo necessario ai nostri supervisori musicali per esaminare i tuoi contenuti **<\/strong><br \/>\n4. Una volta che la tua musica \u00e8 stata inserita nel nostro sistema da un feed ed \u00e8 stata selezionata per la programmazione, il nostro team di licenze si metter\u00e0 in contatto con te per stipulare gli accordi.<\/p>\n<p class=\"intro2\">Grazie per aver dedicato del tempo a presentare la tua musica per essere presa in considerazione nella nostra Mood Media programmazione musicale. Non vediamo l&#8217;ora di ascoltare la vostra musica.<\/p>\n<p>[\/et_pb_text][\/et_pb_column][\/et_pb_row][\/et_pb_section]<\/p>\n","protected":false},"excerpt":{"rendered":"<p>INVIA LA TUA MUSICA**Si prega di leggere queste istruzioni nella loro interezza in quanto contengono importanti linee guida per la presentazione. Se non segui questi passi la tua presentazione non sar\u00e0 presa in considerazione. Per domande riguardanti le royalties esistenti, si prega di contattare royalties@moodmedia.com. Grazie per il tuo interesse a inviare la tua musica a Mood Media. Ti invitiamo a completare i seguenti passaggi per l&#8217;invio dei tuoi contenuti musicali: Linee guida per la presentazione: 1. Invia un link a un jukebox digitale online a musicsubmissions@moodmedia.com, preferibilmente uno come www.Soundcloud.com o www.beatport.com, in modo che i nostri designer possano vedere in anteprima i tuoi brani. 2. Quando invii la tua musica, devi includere il nome della tua etichetta, lo stile\/genere musicale e la dicitura \u201cUnlicensed with Mood Media\u201d nell \u201coggetto dell\u201d e-mail inviata a musicsubmissions@moodmedia.com per assicurarti che le tue proposte arrivino a chi di dovere. Esempio: OGGETTO: Breeze Tree Records &#8211; Folk\/Pop &#8211; Senza licenza con Mood Media3. La tua musica deve essere distribuita a Mood Media attraverso un feed diretto di DDEX per poter essere disponibile per la programmazione. Ti preghiamo di indicare il nome del tuo distributore nella tua richiesta. Se non disponi gi\u00e0 di un [&hellip;]<\/p>\n","protected":false},"author":2,"featured_media":0,"parent":251865,"menu_order":0,"comment_status":"closed","ping_status":"closed","template":"","meta":{"_et_pb_use_builder":"on","_et_pb_old_content":"","_et_gb_content_width":"","footnotes":""},"class_list":["post-207559","page","type-page","status-publish","hentry"],"yoast_head":"<!-- This site is optimized with the Yoast SEO Premium plugin v26.8 (Yoast SEO v27.4) - https:\/\/yoast.com\/product\/yoast-seo-premium-wordpress\/ -->\n<title>Presentazione della musica | Mood Media Italia<\/title>\n<meta name=\"robots\" content=\"index, follow, max-snippet:-1, max-image-preview:large, max-video-preview:-1\" \/>\n<meta property=\"og:locale\" content=\"it_IT\" \/>\n<meta property=\"og:type\" content=\"article\" \/>\n<meta property=\"og:title\" content=\"Presentazione della musica\" \/>\n<meta property=\"og:url\" content=\"https:\/\/moodmedia.com\/it\/contattateci\/presentazione-della-musica\/\" \/>\n<meta property=\"og:site_name\" content=\"Mood Media Italia\" \/>\n<meta property=\"article:publisher\" content=\"https:\/\/www.facebook.com\/moodmediauk\/\" \/>\n<meta property=\"article:modified_time\" content=\"2025-06-03T12:47:52+00:00\" \/>\n<meta name=\"twitter:card\" content=\"summary_large_image\" \/>\n<meta name=\"twitter:site\" content=\"@MoodMedia_UK\" \/>\n<meta name=\"twitter:label1\" content=\"Tempo di lettura stimato\" \/>\n\t<meta name=\"twitter:data1\" content=\"3 minuti\" \/>\n<script type=\"application\/ld+json\" class=\"yoast-schema-graph\">{\"@context\":\"https:\\\/\\\/schema.org\",\"@graph\":[{\"@type\":\"WebPage\",\"@id\":\"https:\\\/\\\/moodmedia.com\\\/it\\\/contattateci\\\/presentazione-della-musica\\\/\",\"url\":\"https:\\\/\\\/moodmedia.com\\\/it\\\/contattateci\\\/presentazione-della-musica\\\/\",\"name\":\"Presentazione della musica | Mood Media Italia\",\"isPartOf\":{\"@id\":\"https:\\\/\\\/moodmedia.com\\\/it\\\/#website\"},\"datePublished\":\"2021-06-22T15:53:18+00:00\",\"dateModified\":\"2025-06-03T12:47:52+00:00\",\"breadcrumb\":{\"@id\":\"https:\\\/\\\/moodmedia.com\\\/it\\\/contattateci\\\/presentazione-della-musica\\\/#breadcrumb\"},\"inLanguage\":\"it-IT\",\"potentialAction\":[{\"@type\":\"ReadAction\",\"target\":[\"https:\\\/\\\/moodmedia.com\\\/it\\\/contattateci\\\/presentazione-della-musica\\\/\"]}]},{\"@type\":\"BreadcrumbList\",\"@id\":\"https:\\\/\\\/moodmedia.com\\\/it\\\/contattateci\\\/presentazione-della-musica\\\/#breadcrumb\",\"itemListElement\":[{\"@type\":\"ListItem\",\"position\":1,\"name\":\"Home\",\"item\":\"https:\\\/\\\/moodmedia.com\\\/it\\\/\"},{\"@type\":\"ListItem\",\"position\":2,\"name\":\"Contattateci\",\"item\":\"https:\\\/\\\/moodmedia.com\\\/it\\\/contattateci\\\/\"},{\"@type\":\"ListItem\",\"position\":3,\"name\":\"Presentazione della musica\"}]},{\"@type\":\"WebSite\",\"@id\":\"https:\\\/\\\/moodmedia.com\\\/it\\\/#website\",\"url\":\"https:\\\/\\\/moodmedia.com\\\/it\\\/\",\"name\":\"Mood Media International\",\"description\":\"Experience. By Design\",\"publisher\":{\"@id\":\"https:\\\/\\\/moodmedia.com\\\/it\\\/#organization\"},\"potentialAction\":[{\"@type\":\"SearchAction\",\"target\":{\"@type\":\"EntryPoint\",\"urlTemplate\":\"https:\\\/\\\/moodmedia.com\\\/it\\\/?s={search_term_string}\"},\"query-input\":{\"@type\":\"PropertyValueSpecification\",\"valueRequired\":true,\"valueName\":\"search_term_string\"}}],\"inLanguage\":\"it-IT\"},{\"@type\":\"Organization\",\"@id\":\"https:\\\/\\\/moodmedia.com\\\/it\\\/#organization\",\"name\":\"Mood Media\",\"url\":\"https:\\\/\\\/moodmedia.com\\\/it\\\/\",\"logo\":{\"@type\":\"ImageObject\",\"inLanguage\":\"it-IT\",\"@id\":\"https:\\\/\\\/moodmedia.com\\\/it\\\/#\\\/schema\\\/logo\\\/image\\\/\",\"url\":\"https:\\\/\\\/moodmedia.com\\\/wp-content\\\/uploads\\\/2017\\\/10\\\/mood-media-logo-400.jpg\",\"contentUrl\":\"https:\\\/\\\/moodmedia.com\\\/wp-content\\\/uploads\\\/2017\\\/10\\\/mood-media-logo-400.jpg\",\"width\":400,\"height\":115,\"caption\":\"Mood Media\"},\"image\":{\"@id\":\"https:\\\/\\\/moodmedia.com\\\/it\\\/#\\\/schema\\\/logo\\\/image\\\/\"},\"sameAs\":[\"https:\\\/\\\/www.facebook.com\\\/moodmediauk\\\/\",\"https:\\\/\\\/x.com\\\/MoodMedia_UK\",\"https:\\\/\\\/www.linkedin.com\\\/company\\\/mood-media-uk\\\/\"]}]}<\/script>\n<!-- \/ Yoast SEO Premium plugin. -->","yoast_head_json":{"title":"Presentazione della musica | Mood Media Italia","robots":{"index":"index","follow":"follow","max-snippet":"max-snippet:-1","max-image-preview":"max-image-preview:large","max-video-preview":"max-video-preview:-1"},"og_locale":"it_IT","og_type":"article","og_title":"Presentazione della musica","og_url":"https:\/\/moodmedia.com\/it\/contattateci\/presentazione-della-musica\/","og_site_name":"Mood Media Italia","article_publisher":"https:\/\/www.facebook.com\/moodmediauk\/","article_modified_time":"2025-06-03T12:47:52+00:00","twitter_card":"summary_large_image","twitter_site":"@MoodMedia_UK","twitter_misc":{"Tempo di lettura stimato":"3 minuti"},"schema":{"@context":"https:\/\/schema.org","@graph":[{"@type":"WebPage","@id":"https:\/\/moodmedia.com\/it\/contattateci\/presentazione-della-musica\/","url":"https:\/\/moodmedia.com\/it\/contattateci\/presentazione-della-musica\/","name":"Presentazione della musica | Mood Media Italia","isPartOf":{"@id":"https:\/\/moodmedia.com\/it\/#website"},"datePublished":"2021-06-22T15:53:18+00:00","dateModified":"2025-06-03T12:47:52+00:00","breadcrumb":{"@id":"https:\/\/moodmedia.com\/it\/contattateci\/presentazione-della-musica\/#breadcrumb"},"inLanguage":"it-IT","potentialAction":[{"@type":"ReadAction","target":["https:\/\/moodmedia.com\/it\/contattateci\/presentazione-della-musica\/"]}]},{"@type":"BreadcrumbList","@id":"https:\/\/moodmedia.com\/it\/contattateci\/presentazione-della-musica\/#breadcrumb","itemListElement":[{"@type":"ListItem","position":1,"name":"Home","item":"https:\/\/moodmedia.com\/it\/"},{"@type":"ListItem","position":2,"name":"Contattateci","item":"https:\/\/moodmedia.com\/it\/contattateci\/"},{"@type":"ListItem","position":3,"name":"Presentazione della musica"}]},{"@type":"WebSite","@id":"https:\/\/moodmedia.com\/it\/#website","url":"https:\/\/moodmedia.com\/it\/","name":"Mood Media International","description":"Experience. By Design","publisher":{"@id":"https:\/\/moodmedia.com\/it\/#organization"},"potentialAction":[{"@type":"SearchAction","target":{"@type":"EntryPoint","urlTemplate":"https:\/\/moodmedia.com\/it\/?s={search_term_string}"},"query-input":{"@type":"PropertyValueSpecification","valueRequired":true,"valueName":"search_term_string"}}],"inLanguage":"it-IT"},{"@type":"Organization","@id":"https:\/\/moodmedia.com\/it\/#organization","name":"Mood Media","url":"https:\/\/moodmedia.com\/it\/","logo":{"@type":"ImageObject","inLanguage":"it-IT","@id":"https:\/\/moodmedia.com\/it\/#\/schema\/logo\/image\/","url":"https:\/\/moodmedia.com\/wp-content\/uploads\/2017\/10\/mood-media-logo-400.jpg","contentUrl":"https:\/\/moodmedia.com\/wp-content\/uploads\/2017\/10\/mood-media-logo-400.jpg","width":400,"height":115,"caption":"Mood Media"},"image":{"@id":"https:\/\/moodmedia.com\/it\/#\/schema\/logo\/image\/"},"sameAs":["https:\/\/www.facebook.com\/moodmediauk\/","https:\/\/x.com\/MoodMedia_UK","https:\/\/www.linkedin.com\/company\/mood-media-uk\/"]}]}},"_links":{"self":[{"href":"https:\/\/moodmedia.com\/it\/wp-json\/wp\/v2\/pages\/207559","targetHints":{"allow":["GET"]}}],"collection":[{"href":"https:\/\/moodmedia.com\/it\/wp-json\/wp\/v2\/pages"}],"about":[{"href":"https:\/\/moodmedia.com\/it\/wp-json\/wp\/v2\/types\/page"}],"author":[{"embeddable":true,"href":"https:\/\/moodmedia.com\/it\/wp-json\/wp\/v2\/users\/2"}],"replies":[{"embeddable":true,"href":"https:\/\/moodmedia.com\/it\/wp-json\/wp\/v2\/comments?post=207559"}],"version-history":[{"count":0,"href":"https:\/\/moodmedia.com\/it\/wp-json\/wp\/v2\/pages\/207559\/revisions"}],"up":[{"embeddable":true,"href":"https:\/\/moodmedia.com\/it\/wp-json\/wp\/v2\/pages\/251865"}],"wp:attachment":[{"href":"https:\/\/moodmedia.com\/it\/wp-json\/wp\/v2\/media?parent=207559"}],"curies":[{"name":"wp","href":"https:\/\/api.w.org\/{rel}","templated":true}]}}