{"id":238642,"date":"2016-07-21T15:46:29","date_gmt":"2016-07-21T14:46:29","guid":{"rendered":"https:\/\/moodmedia.com\/azienda\/carriere\/"},"modified":"2024-03-13T11:12:54","modified_gmt":"2024-03-13T11:12:54","slug":"carriere","status":"publish","type":"page","link":"https:\/\/moodmedia.com\/it\/azienda\/carriere\/","title":{"rendered":"Carriere"},"content":{"rendered":"<p>[et_pb_section fb_built=&#8221;1&#8243; _builder_version=&#8221;4.16&#8243; background_image=&#8221;https:\/\/moodmedia.com\/wp-content\/uploads\/2019\/06\/2019-careers.jpg&#8221; parallax=&#8221;on&#8221; parallax_method=&#8221;off&#8221; custom_margin=&#8221;0px||&#8221; global_colors_info=&#8221;{}&#8221;][et_pb_row _builder_version=&#8221;4.16&#8243; custom_margin=&#8221;0px||0px&#8221; custom_padding=&#8221;0px||&#8221; global_colors_info=&#8221;{}&#8221;][et_pb_column type=&#8221;4_4&#8243; _builder_version=&#8221;4.16&#8243; custom_padding=&#8221;|||&#8221; global_colors_info=&#8221;{}&#8221; custom_padding__hover=&#8221;|||&#8221;][et_pb_text admin_label=&#8221;Mood Careers&#8221; _builder_version=&#8221;4.16&#8243; header_font_size=&#8221;24px&#8221; background_layout=&#8221;dark&#8221; saved_tabs=&#8221;all&#8221; global_colors_info=&#8221;{}&#8221;]<\/p>\n<p class=\"intro2\">MOOD<span class=\"heavy moodred\">:<\/span><span class=\"light\">CARRIERA<\/span><\/p>\n<div style=\"width:100%;float:left;padding-top:10px;\">\n<div style=\"width:20%;height:10px;background:#cd102f;float:left;clear:both;\"><\/div>\n<\/div>\n<p>[\/et_pb_text][\/et_pb_column][\/et_pb_row][et_pb_row column_structure=&#8221;1_2,1_2&#8243; _builder_version=&#8221;4.16&#8243; custom_margin=&#8221;0px||&#8221; custom_padding=&#8221;0px||&#8221; global_colors_info=&#8221;{}&#8221;][et_pb_column type=&#8221;1_2&#8243; _builder_version=&#8221;4.16&#8243; custom_padding=&#8221;|||&#8221; global_colors_info=&#8221;{}&#8221; custom_padding__hover=&#8221;|||&#8221;][et_pb_text _builder_version=&#8221;4.16&#8243; text_font=&#8221;||||||||&#8221; background_layout=&#8221;dark&#8221; global_colors_info=&#8221;{}&#8221;]<\/p>\n<h1 class=\"new-hero-ext bold\" style=\"text-transform:uppercase;\">Trova la tua forma fisica. Trova il tuo futuro.<\/h1>\n<p>[\/et_pb_text][et_pb_button button_url=&#8221;https:\/\/workforcenow.adp.com\/mascsr\/default\/mdf\/recruitment\/recruitment.html?cid=099af085-1373-479c-9b97-f7e3a4d2ea58&amp;ccId=19000101_000001&amp;lang=en_US&#8221; button_text=&#8221;Visualizza le offerte di lavoro&#8221; button_alignment=&#8221;left&#8221; admin_label=&#8221;Button&#8221; module_class=&#8221;mbutton&#8221; _builder_version=&#8221;4.24.0&#8243; custom_button=&#8221;on&#8221; button_text_color=&#8221;#ffffff&#8221; button_bg_color=&#8221;#cd102f&#8221; button_border_color=&#8221;#cd102f&#8221; button_icon=&#8221;&#x3d;||divi||400&#8243; button_icon_color=&#8221;#cd102f&#8221; background_layout=&#8221;dark&#8221; button_text_color_hover=&#8221;#cd102f&#8221; button_border_color_hover=&#8221;#ffffff&#8221; button_letter_spacing_hover=&#8221;0&#8243; button_bg_color_hover=&#8221;#ffffff&#8221; saved_tabs=&#8221;all&#8221; global_colors_info=&#8221;{}&#8221; button_text_size__hover_enabled=&#8221;off&#8221; button_one_text_size__hover_enabled=&#8221;off&#8221; button_two_text_size__hover_enabled=&#8221;off&#8221; button_text_color__hover_enabled=&#8221;on&#8221; button_text_color__hover=&#8221;#cd102f&#8221; button_one_text_color__hover_enabled=&#8221;off&#8221; button_two_text_color__hover_enabled=&#8221;off&#8221; button_border_width__hover_enabled=&#8221;off&#8221; button_one_border_width__hover_enabled=&#8221;off&#8221; button_two_border_width__hover_enabled=&#8221;off&#8221; button_border_color__hover_enabled=&#8221;on&#8221; button_border_color__hover=&#8221;#ffffff&#8221; button_one_border_color__hover_enabled=&#8221;off&#8221; button_two_border_color__hover_enabled=&#8221;off&#8221; button_border_radius__hover_enabled=&#8221;off&#8221; button_one_border_radius__hover_enabled=&#8221;off&#8221; button_two_border_radius__hover_enabled=&#8221;off&#8221; button_letter_spacing__hover_enabled=&#8221;on&#8221; button_letter_spacing__hover=&#8221;0&#8243; button_one_letter_spacing__hover_enabled=&#8221;off&#8221; button_two_letter_spacing__hover_enabled=&#8221;off&#8221; button_bg_color__hover_enabled=&#8221;on&#8221; button_bg_color__hover=&#8221;#ffffff&#8221; button_one_bg_color__hover_enabled=&#8221;off&#8221; button_two_bg_color__hover_enabled=&#8221;off&#8221;][\/et_pb_button][\/et_pb_column][et_pb_column type=&#8221;1_2&#8243; _builder_version=&#8221;4.16&#8243; custom_padding=&#8221;|||&#8221; global_colors_info=&#8221;{}&#8221; custom_padding__hover=&#8221;|||&#8221;][et_pb_video src=&#8221;https:\/\/youtu.be\/UywmrZwzlDM&#8221; image_src=&#8221;\/\/i.ytimg.com\/vi\/UywmrZwzlDM\/hqdefault.jpg&#8221; _builder_version=&#8221;4.16&#8243; global_colors_info=&#8221;{}&#8221;][\/et_pb_video][\/et_pb_column][\/et_pb_row][\/et_pb_section][et_pb_section fb_built=&#8221;1&#8243; admin_label=&#8221;We Are&#8230;&#8221; _builder_version=&#8221;4.16&#8243; background_image=&#8221;https:\/\/moodmedia.com\/wp-content\/uploads\/2019\/06\/guitars.jpg&#8221; parallax=&#8221;on&#8221; parallax_method=&#8221;off&#8221; global_colors_info=&#8221;{}&#8221;][et_pb_row _builder_version=&#8221;4.16&#8243; global_colors_info=&#8221;{}&#8221;][et_pb_column type=&#8221;4_4&#8243; _builder_version=&#8221;4.16&#8243; custom_padding=&#8221;|||&#8221; global_colors_info=&#8221;{}&#8221; custom_padding__hover=&#8221;|||&#8221;][et_pb_text _builder_version=&#8221;4.16&#8243; global_colors_info=&#8221;{}&#8221;]<\/p>\n<p class=\"giant bold\">Siamo esperti di musica, artisti digitali, consulenti di branding professionale e campioni del servizio clienti, tutti spinti a portare una nuova prospettiva in ogni esperienza del cliente che progettiamo. Sostenuti da una rete di assistenza globale di tecnici certificati, la nostra eredit\u00e0 di successo comprovato \u00e8 ci\u00f2 che ci distingue. La nostra passione \u00e8 il motivo del nostro successo.<\/p>\n<p>[\/et_pb_text][\/et_pb_column][\/et_pb_row][\/et_pb_section][et_pb_section fb_built=&#8221;1&#8243; _builder_version=&#8221;4.16&#8243; _module_preset=&#8221;default&#8221; global_colors_info=&#8221;{}&#8221;][et_pb_row column_structure=&#8221;1_3,1_3,1_3&#8243; _builder_version=&#8221;4.16&#8243; _module_preset=&#8221;default&#8221; global_colors_info=&#8221;{}&#8221;][et_pb_column type=&#8221;1_3&#8243; _builder_version=&#8221;4.16&#8243; _module_preset=&#8221;default&#8221; global_colors_info=&#8221;{}&#8221;][et_pb_text _builder_version=&#8221;4.16&#8243; _module_preset=&#8221;default&#8221; global_colors_info=&#8221;{}&#8221;]<\/p>\n<h2 class=\"bold\">LA NOSTRA MISSIONE<\/h2>\n<div style=\"width:100%;float:left; padding:10px 0px 20px;\">\n<div style=\"width:20%;height:10px;background:#cd102f;\"><\/div>\n<\/div>\n<p class=\"intro2\">Aiutare le aziende di ogni forma e dimensione ad avere successo creando maggiori connessioni emotive con i loro clienti attraverso la giusta combinazione di soluzioni visive, sonore, olfattive, sociali e di sistema.<\/p>\n<p>[\/et_pb_text][\/et_pb_column][et_pb_column type=&#8221;1_3&#8243; _builder_version=&#8221;4.16&#8243; _module_preset=&#8221;default&#8221; global_colors_info=&#8221;{}&#8221;][et_pb_text _builder_version=&#8221;4.16&#8243; _module_preset=&#8221;default&#8221; global_colors_info=&#8221;{}&#8221;]<\/p>\n<h2 class=\"bold\">LA NOSTRA VISIONE<\/h2>\n<div style=\"width:100%;float:left; padding:10px 0px 20px;\">\n<div style=\"width:20%;height:10px;background:#cd102f;\"><\/div>\n<\/div>\n<p class=\"intro2\">Essere i migliori nell&#8217;aiutare le aziende ad avere successo elevando la loro Customer Experience.<\/p>\n<p>[\/et_pb_text][\/et_pb_column][et_pb_column type=&#8221;1_3&#8243; _builder_version=&#8221;4.16&#8243; _module_preset=&#8221;default&#8221; global_colors_info=&#8221;{}&#8221;][et_pb_text _builder_version=&#8221;4.16&#8243; _module_preset=&#8221;default&#8221; global_colors_info=&#8221;{}&#8221;]<\/p>\n<h2 class=\"bold\">LE NOSTRE SQUADRE<\/h2>\n<div style=\"width:100%;float:left; padding:10px 0px 20px;\">\n<div style=\"width:20%;height:10px;background:#cd102f;\"><\/div>\n<\/div>\n<ul style=\"float:left;\">\n<li>Finanza<\/li>\n<li>Affari legali, licenze e affari commerciali<\/li>\n<li>Risorse umane<\/li>\n<li>Vendite<\/li>\n<li>Marketing<\/li>\n<li>Prodotto globale<\/li>\n<li>Operazioni e assistenza clienti<\/li>\n<li>Tecnologia globale<\/li>\n<\/ul>\n<p>[\/et_pb_text][\/et_pb_column][\/et_pb_row][\/et_pb_section]<\/p>\n","protected":false},"excerpt":{"rendered":"<p>MOOD:CARRIERA Trova la tua forma fisica. Trova il tuo futuro. Siamo esperti di musica, artisti digitali, consulenti di branding professionale e campioni del servizio clienti, tutti spinti a portare una nuova prospettiva in ogni esperienza del cliente che progettiamo. Sostenuti da una rete di assistenza globale di tecnici certificati, la nostra eredit\u00e0 di successo comprovato \u00e8 ci\u00f2 che ci distingue. La nostra passione \u00e8 il motivo del nostro successo. LA NOSTRA MISSIONE Aiutare le aziende di ogni forma e dimensione ad avere successo creando maggiori connessioni emotive con i loro clienti attraverso la giusta combinazione di soluzioni visive, sonore, olfattive, sociali e di sistema. LA NOSTRA VISIONE Essere i migliori nell&#8217;aiutare le aziende ad avere successo elevando la loro Customer Experience. LE NOSTRE SQUADRE Finanza Affari legali, licenze e affari commerciali Risorse umane Vendite Marketing Prodotto globale Operazioni e assistenza clienti Tecnologia globale<\/p>\n","protected":false},"author":1,"featured_media":0,"parent":226295,"menu_order":0,"comment_status":"closed","ping_status":"closed","template":"","meta":{"_et_pb_use_builder":"on","_et_pb_old_content":"","_et_gb_content_width":"","footnotes":""},"class_list":["post-238642","page","type-page","status-publish","hentry"],"yoast_head":"<!-- This site is optimized with the Yoast SEO Premium plugin v26.8 (Yoast SEO v27.4) - https:\/\/yoast.com\/product\/yoast-seo-premium-wordpress\/ -->\n<title>Carriere | Mood Media Italia<\/title>\n<meta name=\"description\" content=\"Siamo esperti di musica, artisti digitali, consulenti di branding professionale e campioni del servizio clienti. Sfoglia le ultime offerte di lavoro di Mood Media.\" \/>\n<meta name=\"robots\" content=\"index, follow, max-snippet:-1, max-image-preview:large, max-video-preview:-1\" \/>\n<meta property=\"og:locale\" content=\"it_IT\" \/>\n<meta property=\"og:type\" content=\"article\" \/>\n<meta property=\"og:title\" content=\"Carriere\" \/>\n<meta property=\"og:url\" content=\"https:\/\/moodmedia.com\/it\/azienda\/carriere\/\" \/>\n<meta property=\"og:site_name\" content=\"Mood Media Italia\" \/>\n<meta property=\"article:publisher\" content=\"https:\/\/www.facebook.com\/moodmediauk\/\" \/>\n<meta property=\"article:modified_time\" content=\"2024-03-13T11:12:54+00:00\" \/>\n<meta name=\"twitter:card\" content=\"summary_large_image\" \/>\n<meta name=\"twitter:site\" content=\"@MoodMedia_UK\" \/>\n<meta name=\"twitter:label1\" content=\"Tempo di lettura stimato\" \/>\n\t<meta name=\"twitter:data1\" content=\"4 minuti\" \/>\n<script type=\"application\/ld+json\" class=\"yoast-schema-graph\">{\"@context\":\"https:\\\/\\\/schema.org\",\"@graph\":[{\"@type\":\"WebPage\",\"@id\":\"https:\\\/\\\/moodmedia.com\\\/it\\\/azienda\\\/carriere\\\/\",\"url\":\"https:\\\/\\\/moodmedia.com\\\/it\\\/azienda\\\/carriere\\\/\",\"name\":\"Carriere | Mood Media Italia\",\"isPartOf\":{\"@id\":\"https:\\\/\\\/moodmedia.com\\\/it\\\/#website\"},\"datePublished\":\"2016-07-21T14:46:29+00:00\",\"dateModified\":\"2024-03-13T11:12:54+00:00\",\"description\":\"Siamo esperti di musica, artisti digitali, consulenti di branding professionale e campioni del servizio clienti. Sfoglia le ultime offerte di lavoro di Mood Media.\",\"breadcrumb\":{\"@id\":\"https:\\\/\\\/moodmedia.com\\\/it\\\/azienda\\\/carriere\\\/#breadcrumb\"},\"inLanguage\":\"it-IT\",\"potentialAction\":[{\"@type\":\"ReadAction\",\"target\":[\"https:\\\/\\\/moodmedia.com\\\/it\\\/azienda\\\/carriere\\\/\"]}]},{\"@type\":\"BreadcrumbList\",\"@id\":\"https:\\\/\\\/moodmedia.com\\\/it\\\/azienda\\\/carriere\\\/#breadcrumb\",\"itemListElement\":[{\"@type\":\"ListItem\",\"position\":1,\"name\":\"Home\",\"item\":\"https:\\\/\\\/moodmedia.com\\\/it\\\/\"},{\"@type\":\"ListItem\",\"position\":2,\"name\":\"Azienda\",\"item\":\"https:\\\/\\\/moodmedia.com\\\/it\\\/azienda\\\/\"},{\"@type\":\"ListItem\",\"position\":3,\"name\":\"Carriere\"}]},{\"@type\":\"WebSite\",\"@id\":\"https:\\\/\\\/moodmedia.com\\\/it\\\/#website\",\"url\":\"https:\\\/\\\/moodmedia.com\\\/it\\\/\",\"name\":\"Mood Media International\",\"description\":\"Experience. By Design\",\"publisher\":{\"@id\":\"https:\\\/\\\/moodmedia.com\\\/it\\\/#organization\"},\"potentialAction\":[{\"@type\":\"SearchAction\",\"target\":{\"@type\":\"EntryPoint\",\"urlTemplate\":\"https:\\\/\\\/moodmedia.com\\\/it\\\/?s={search_term_string}\"},\"query-input\":{\"@type\":\"PropertyValueSpecification\",\"valueRequired\":true,\"valueName\":\"search_term_string\"}}],\"inLanguage\":\"it-IT\"},{\"@type\":\"Organization\",\"@id\":\"https:\\\/\\\/moodmedia.com\\\/it\\\/#organization\",\"name\":\"Mood Media\",\"url\":\"https:\\\/\\\/moodmedia.com\\\/it\\\/\",\"logo\":{\"@type\":\"ImageObject\",\"inLanguage\":\"it-IT\",\"@id\":\"https:\\\/\\\/moodmedia.com\\\/it\\\/#\\\/schema\\\/logo\\\/image\\\/\",\"url\":\"https:\\\/\\\/moodmedia.com\\\/wp-content\\\/uploads\\\/2017\\\/10\\\/mood-media-logo-400.jpg\",\"contentUrl\":\"https:\\\/\\\/moodmedia.com\\\/wp-content\\\/uploads\\\/2017\\\/10\\\/mood-media-logo-400.jpg\",\"width\":400,\"height\":115,\"caption\":\"Mood Media\"},\"image\":{\"@id\":\"https:\\\/\\\/moodmedia.com\\\/it\\\/#\\\/schema\\\/logo\\\/image\\\/\"},\"sameAs\":[\"https:\\\/\\\/www.facebook.com\\\/moodmediauk\\\/\",\"https:\\\/\\\/x.com\\\/MoodMedia_UK\",\"https:\\\/\\\/www.linkedin.com\\\/company\\\/mood-media-uk\\\/\"]}]}<\/script>\n<!-- \/ Yoast SEO Premium plugin. -->","yoast_head_json":{"title":"Carriere | Mood Media Italia","description":"Siamo esperti di musica, artisti digitali, consulenti di branding professionale e campioni del servizio clienti. Sfoglia le ultime offerte di lavoro di Mood Media.","robots":{"index":"index","follow":"follow","max-snippet":"max-snippet:-1","max-image-preview":"max-image-preview:large","max-video-preview":"max-video-preview:-1"},"og_locale":"it_IT","og_type":"article","og_title":"Carriere","og_url":"https:\/\/moodmedia.com\/it\/azienda\/carriere\/","og_site_name":"Mood Media Italia","article_publisher":"https:\/\/www.facebook.com\/moodmediauk\/","article_modified_time":"2024-03-13T11:12:54+00:00","twitter_card":"summary_large_image","twitter_site":"@MoodMedia_UK","twitter_misc":{"Tempo di lettura stimato":"4 minuti"},"schema":{"@context":"https:\/\/schema.org","@graph":[{"@type":"WebPage","@id":"https:\/\/moodmedia.com\/it\/azienda\/carriere\/","url":"https:\/\/moodmedia.com\/it\/azienda\/carriere\/","name":"Carriere | Mood Media Italia","isPartOf":{"@id":"https:\/\/moodmedia.com\/it\/#website"},"datePublished":"2016-07-21T14:46:29+00:00","dateModified":"2024-03-13T11:12:54+00:00","description":"Siamo esperti di musica, artisti digitali, consulenti di branding professionale e campioni del servizio clienti. Sfoglia le ultime offerte di lavoro di Mood Media.","breadcrumb":{"@id":"https:\/\/moodmedia.com\/it\/azienda\/carriere\/#breadcrumb"},"inLanguage":"it-IT","potentialAction":[{"@type":"ReadAction","target":["https:\/\/moodmedia.com\/it\/azienda\/carriere\/"]}]},{"@type":"BreadcrumbList","@id":"https:\/\/moodmedia.com\/it\/azienda\/carriere\/#breadcrumb","itemListElement":[{"@type":"ListItem","position":1,"name":"Home","item":"https:\/\/moodmedia.com\/it\/"},{"@type":"ListItem","position":2,"name":"Azienda","item":"https:\/\/moodmedia.com\/it\/azienda\/"},{"@type":"ListItem","position":3,"name":"Carriere"}]},{"@type":"WebSite","@id":"https:\/\/moodmedia.com\/it\/#website","url":"https:\/\/moodmedia.com\/it\/","name":"Mood Media International","description":"Experience. By Design","publisher":{"@id":"https:\/\/moodmedia.com\/it\/#organization"},"potentialAction":[{"@type":"SearchAction","target":{"@type":"EntryPoint","urlTemplate":"https:\/\/moodmedia.com\/it\/?s={search_term_string}"},"query-input":{"@type":"PropertyValueSpecification","valueRequired":true,"valueName":"search_term_string"}}],"inLanguage":"it-IT"},{"@type":"Organization","@id":"https:\/\/moodmedia.com\/it\/#organization","name":"Mood Media","url":"https:\/\/moodmedia.com\/it\/","logo":{"@type":"ImageObject","inLanguage":"it-IT","@id":"https:\/\/moodmedia.com\/it\/#\/schema\/logo\/image\/","url":"https:\/\/moodmedia.com\/wp-content\/uploads\/2017\/10\/mood-media-logo-400.jpg","contentUrl":"https:\/\/moodmedia.com\/wp-content\/uploads\/2017\/10\/mood-media-logo-400.jpg","width":400,"height":115,"caption":"Mood Media"},"image":{"@id":"https:\/\/moodmedia.com\/it\/#\/schema\/logo\/image\/"},"sameAs":["https:\/\/www.facebook.com\/moodmediauk\/","https:\/\/x.com\/MoodMedia_UK","https:\/\/www.linkedin.com\/company\/mood-media-uk\/"]}]}},"_links":{"self":[{"href":"https:\/\/moodmedia.com\/it\/wp-json\/wp\/v2\/pages\/238642","targetHints":{"allow":["GET"]}}],"collection":[{"href":"https:\/\/moodmedia.com\/it\/wp-json\/wp\/v2\/pages"}],"about":[{"href":"https:\/\/moodmedia.com\/it\/wp-json\/wp\/v2\/types\/page"}],"author":[{"embeddable":true,"href":"https:\/\/moodmedia.com\/it\/wp-json\/wp\/v2\/users\/1"}],"replies":[{"embeddable":true,"href":"https:\/\/moodmedia.com\/it\/wp-json\/wp\/v2\/comments?post=238642"}],"version-history":[{"count":0,"href":"https:\/\/moodmedia.com\/it\/wp-json\/wp\/v2\/pages\/238642\/revisions"}],"up":[{"embeddable":true,"href":"https:\/\/moodmedia.com\/it\/wp-json\/wp\/v2\/pages\/226295"}],"wp:attachment":[{"href":"https:\/\/moodmedia.com\/it\/wp-json\/wp\/v2\/media?parent=238642"}],"curies":[{"name":"wp","href":"https:\/\/api.w.org\/{rel}","templated":true}]}}