{"id":249764,"date":"2021-09-16T10:17:54","date_gmt":"2021-09-16T09:17:54","guid":{"rendered":"https:\/\/moodmedia.com\/azienda\/politica-dei-cookie\/"},"modified":"2025-06-23T16:26:53","modified_gmt":"2025-06-23T15:26:53","slug":"politica-dei-cookie","status":"publish","type":"page","link":"https:\/\/moodmedia.com\/it\/azienda\/politica-dei-cookie\/","title":{"rendered":"Politica dei cookie"},"content":{"rendered":"<p>[et_pb_section fb_built=&#8221;1&#8243; admin_label=&#8221;section&#8221; _builder_version=&#8221;4.16&#8243; global_colors_info=&#8221;{}&#8221;][et_pb_row admin_label=&#8221;fila&#8221; _builder_version=&#8221;4.16&#8243; background_size=&#8221;initial&#8221; background_position=&#8221;top_left&#8221; background_repeat=&#8221;repeat&#8221; global_colors_info=&#8221;{}&#8221;][et_pb_column type=&#8221;4_4&#8243; _builder_version=&#8221;4.16&#8243; custom_padding=&#8221;|||&#8221; global_colors_info=&#8221;{}&#8221; custom_padding__hover=&#8221;|||&#8221;][et_pb_text _builder_version=&#8221;4.27.0&#8243; hover_enabled=&#8221;0&#8243; global_colors_info=&#8221;{}&#8221; sticky_enabled=&#8221;0&#8243;]<\/p>\n<h1>Politica dei cookie<\/h1>\n<p>La presente politica (la<strong>&#8220;Politica sui cookie<\/strong>&#8220;) vi informa delle nostre politiche relative all&#8217;impiego di cookie e sistemi simili quando visitate <a href=\"https:\/\/moodmedia.com\/\">moodmedia.com<\/a> (di seguito denominato<strong>&#8220;Sito web<\/strong>&#8220;), e delle scelte che avete associato a tali tecnologie. Il sito web utilizza cookie e tecnologie simili per migliorare l&#8217;esperienza dell&#8217;utente e garantire un funzionamento efficace.<\/p>\n<p>Il sito web \u00e8 gestito congiuntamente da Mood Media Corporation e dalle sue consociate e affiliate in tutto il mondo (collettivamente, &#8220;Mood Media&#8221;; indicati anche come &#8220;noi&#8221; o &#8220;ci&#8221;). Mood MediaLe filiali e le affiliate di Corporation sono elencate nella sezione &#8220;Mood Media Entit\u00e0&#8221; della presente <a href=\"https:\/\/moodmedia.com\/it\/azienda\/politica-sulla-privacy\/\">Informativa sulla privacy<\/a>. <\/p>\n<p><strong>1. Cosa sono i cookie?<\/strong><\/p>\n<p>I cookie sono piccoli file di testo che vengono inseriti nel tuo computer o dispositivo dai siti web che visiti. Sono ampiamente utilizzati per far funzionare i siti web o per renderli pi\u00f9 efficienti, oltre che per fornire informazioni ai proprietari del sito. <\/p>\n<p><strong>2. Come utilizziamo i cookie?<\/strong><\/p>\n<p>Utilizziamo i cookie per una serie di compiti. Ad esempio, ti permettono di navigare tra le pagine in modo efficace, registrano e memorizzano le tue preferenze e migliorano in generale la tua esperienza online. Possono anche contribuire a garantire che le pubblicit\u00e0 che vedi online siano pi\u00f9 pertinenti per te.<br \/>Se visiti il nostro sito web, possiamo utilizzare queste tecnologie per fornire un servizio online pi\u00f9 adatto al dispositivo con cui lo visiti. Quando visiti il nostro sito web, raccogliamo informazioni sul tuo utilizzo del sito, come ad esempio informazioni sul dispositivo o sul browser che utilizzi per accedere al sito, sul modo in cui interagisci con esso e sull&#8217;indirizzo IP da cui il tuo dispositivo si connette. Potresti non essere in grado di avviare o completare alcune attivit\u00e0 all&#8217;interno dei nostri servizi online sicuri se non sono installati questi cookie o tecnologie simili.    <\/p>\n<p><strong>3. Che tipo di cookie utilizziamo?<\/strong><\/p>\n<p>3.1 Cookie di prima parte e cookie di terza parte<\/p>\n<p>I cookie di prima parte sono cookie impostati dal sito web che stai visitando. Solo quel sito web pu\u00f2 leggerli. Inoltre, un sito web potrebbe potenzialmente utilizzare servizi esterni che impostano i propri cookie, noti come cookie di terze parti. I servizi di terze parti sono al di fuori del controllo di Mood Media. I fornitori possono, in qualsiasi momento, modificare i loro termini di servizio, lo scopo e l&#8217;uso dei cookie, ecc.    <\/p>\n<p>3.2 Cookie di sessione vs. cookie persistenti<\/p>\n<p>Alcuni dei cookie sono &#8220;cookie di sessione&#8221;, che rimangono solo per la durata della sessione del browser e vengono eliminati quando si esce dal browser. I cookie di sessione durano solo per la durata della sessione online. Ci\u00f2 significa che spariranno dal tuo computer o dispositivo quando chiuderai il browser. Per questo motivo, a volte vengono chiamati anche &#8220;cookie temporanei&#8221;. Altri sono i &#8220;cookie persistenti&#8221;, che rimangono sul tuo dispositivo o computer per un periodo di tempo successivo alla chiusura del browser web. Questi cookie sono talvolta chiamati cookie permanenti.     <\/p>\n<p>Pi\u00f9 specificamente, utilizziamo i cookie menzionati di seguito per i seguenti scopi:<\/p>\n<ul>\n<li>Cookie strettamente necessari<\/li>\n<li>Biscotti funzionali<\/li>\n<li>Cookie analitici\/prestazionali<\/li>\n<li>Cookie di targeting\/pubblicit\u00e0<\/li>\n<\/ul>\n<p><strong>I cookie strettamente necessari<\/strong> sono essenziali per il funzionamento del sito web. Senza l&#8217;utilizzo di questi cookie, potresti non essere in grado di utilizzare alcune funzionalit\u00e0 del sito web. Questi cookie sono necessari per il funzionamento del sito web e non possono essere disattivati nei nostri sistemi. Questi cookie non memorizzano alcuna informazione di identificazione personale.   <\/p>\n<p><strong>Cookie funzionali<\/strong>: Questi cookie consentono al sito web di fornire funzionalit\u00e0 e personalizzazioni avanzate. I cookie di funzionalit\u00e0 sono utilizzati per ricordare le preferenze dell&#8217;utente in modo che il sito web possa essere personalizzato per lui. Se non permetti questi cookie, alcuni o tutti i servizi potrebbero non funzionare correttamente.  <\/p>\n<p><strong>Cookie analitici\/di performance<\/strong>: Questi cookie ci permettono di contare le visite e le fonti di traffico, in modo da poter misurare e migliorare le prestazioni del nostro sito web. Ci aiutano a sapere quali sono le pagine pi\u00f9 e meno popolari e a capire come i visitatori si muovono all&#8217;interno del sito. Tutte le informazioni raccolte da questi cookie sono aggregate e quindi anonime. Se non autorizzi questi cookie, non sapremo quando hai visitato il nostro sito web.   <\/p>\n<p><strong>Cookie di targeting\/pubblicit\u00e0<\/strong>: I cookie di targeting o pubblicitari sono utilizzati per indirizzare gli annunci pubblicitari in base agli interessi degli utenti, in base alle precedenti attivit\u00e0 di navigazione sul web. Non possono per\u00f2 determinare l&#8217;identit\u00e0 dell&#8217;utente, in quanto i dati raccolti non vengono mai collegati al suo profilo. <\/p>\n<p>Di seguito \u00e8 riportato un elenco dei cookie che utilizziamo su questo sito web.<\/p>\n<p><script type=\"text\/javascript\" charset=\"UTF-8\" data-cookiescriptreport=\"report\" src=\"\/\/report.cookie-script.com\/r\/c404afde4de531b074caf2568b255dc7.js\"><\/script><\/p>\n<p><strong>4. Come si possono gestire i cookie?<\/strong><\/p>\n<p>Ogni volta che visiti il nostro sito web, ti verr\u00e0 chiesto di accettare, rifiutare o gestire le preferenze relative ai cookie.<br \/>I cookie utilizzati sul nostro sito web possono essere attivati o disattivati attraverso il nostro strumento di consenso o disabilitando i cookie attraverso il tuo browser, come segue:<\/p>\n<p>4.1. Strumento di consenso<\/p>\n<p>Lo strumento di consenso dei cookie pu\u00f2 essere utilizzato per personalizzare le sue preferenze sui cookie. Lo strumento registrer\u00e0 quando hai acconsentito alla nostra Politica dei Cookie. Puoi modificare le tue preferenze e ritirare il tuo consenso ai cookie in qualsiasi momento navigando sull \u201cicona dei cookie visualizzata nell\u201d angolo in basso a sinistra del nostro sito web e cliccando su <em>Gestisci il consenso<\/em>. I cookie strettamente necessari non possono essere disabilitati, n\u00e9 lo strumento pu\u00f2 essere utilizzato per bloccare i cookie su siti web di terzi collegati dal nostro sito.<\/p>\n<p>4.2. Usare il tuo browser<\/p>\n<p>La maggior parte dei browser consente di rifiutare, accettare e cancellare i cookie. I metodi per farlo variano da browser a browser e da versione a versione. Puoi comunque ottenere informazioni aggiornate sul blocco e la cancellazione dei cookie tramite questi link:  <\/p>\n<ul>\n<li><a href=\"https:\/\/support.google.com\/chrome\/answer\/95647?hl=en\">Chrome<\/a><\/li>\n<li><a href=\"https:\/\/privacy.microsoft.com\/en-us\/windows-10-microsoft-edge-and-privacy\">Bordo<\/a><\/li>\n<li><a href=\"https:\/\/support.mozilla.org\/en-US\/kb\/cookies-information-websites-store-on-your-computer\">Firefox<\/a><\/li>\n<li><a href=\"https:\/\/support.microsoft.com\/en-gb\/help\/17442\/windows-internet-explorer-delete-manage-cookies\">Internet Explorer<\/a><\/li>\n<li><a href=\"https:\/\/www.opera.com\/case-studies\/clean-browser-and-remove-trackers\">Opera<\/a><\/li>\n<li><a href=\"https:\/\/support.apple.com\/en-gb\/guide\/safari\/sfri11471\/mac\">Safari<\/a><\/li>\n<\/ul>\n<p>Tieni presente, per\u00f2, che potresti anche perdere alcune informazioni salvate (ad esempio, i dati di accesso salvati, le preferenze del sito web). Bloccare tutti i cookie avr\u00e0 un impatto negativo sull&#8217;usabilit\u00e0 di molti siti web. Se blocchi i cookie, \u00e8 possibile che tu non sia in grado di usufruire di tutte le funzionalit\u00e0 tecniche offerte dal nostro sito web e che questo influisca negativamente sulla tua esperienza d&#8217;uso.  <\/p>\n<p>Per ulteriori informazioni su come gestire e cancellare i cookie, visitate <a href=\"https:\/\/www.allaboutcookies.org\/\"><strong> https:\/\/www.allaboutcookies.org\/.<\/strong><\/a><\/p>\n<p><strong>5. Domande?<\/strong><\/p>\n<p>Per ulteriori informazioni, non esitate a contattare il nostro responsabile della privacy all&#8217;indirizzo <a href=\"mailto:dpo@moodmedia.com\">dpo@moodmedia.com.<\/a><\/p>\n<p><strong>6. Modifiche e aggiunte alla presente Politica sui cookie<\/strong><\/p>\n<p>Potremmo aggiornare periodicamente la presente Informativa sui cookie per riflettere, ad esempio, le modifiche ai cookie che utilizziamo o per altri motivi operativi, legali o normativi. Ti invitiamo pertanto a consultare regolarmente la presente Informativa sui cookie per rimanere informato sul nostro utilizzo dei cookie e delle tecnologie correlate. <\/p>\n<p>La data in fondo a questa Politica dei cookie indica quando \u00e8 stata aggiornata l&#8217;ultima volta.<\/p>\n<p><em>Questa politica \u00e8 in vigore dal 15 settembre 2021<\/em><\/p>\n<p>[\/et_pb_text][\/et_pb_column][\/et_pb_row][\/et_pb_section]<\/p>\n","protected":false},"excerpt":{"rendered":"<p>Politica dei cookie La presente politica (la&#8221;Politica sui cookie&#8221;) vi informa delle nostre politiche relative all&#8217;impiego di cookie e sistemi simili quando visitate moodmedia.com (di seguito denominato&#8221;Sito web&#8221;), e delle scelte che avete associato a tali tecnologie. Il sito web utilizza cookie e tecnologie simili per migliorare l&#8217;esperienza dell&#8217;utente e garantire un funzionamento efficace. Il sito web \u00e8 gestito congiuntamente da Mood Media Corporation e dalle sue consociate e affiliate in tutto il mondo (collettivamente, &#8220;Mood Media&#8221;; indicati anche come &#8220;noi&#8221; o &#8220;ci&#8221;). Mood MediaLe filiali e le affiliate di Corporation sono elencate nella sezione &#8220;Mood Media Entit\u00e0&#8221; della presente Informativa sulla privacy. 1. Cosa sono i cookie? I cookie sono piccoli file di testo che vengono inseriti nel tuo computer o dispositivo dai siti web che visiti. Sono ampiamente utilizzati per far funzionare i siti web o per renderli pi\u00f9 efficienti, oltre che per fornire informazioni ai proprietari del sito. 2. Come utilizziamo i cookie? Utilizziamo i cookie per una serie di compiti. Ad esempio, ti permettono di navigare tra le pagine in modo efficace, registrano e memorizzano le tue preferenze e migliorano in generale la tua esperienza online. Possono anche contribuire a garantire che le pubblicit\u00e0 che vedi [&hellip;]<\/p>\n","protected":false},"author":9,"featured_media":0,"parent":226295,"menu_order":0,"comment_status":"closed","ping_status":"closed","template":"","meta":{"_et_pb_use_builder":"on","_et_pb_old_content":"","_et_gb_content_width":"","footnotes":""},"class_list":["post-249764","page","type-page","status-publish","hentry"],"yoast_head":"<!-- This site is optimized with the Yoast SEO Premium plugin v26.8 (Yoast SEO v27.4) - https:\/\/yoast.com\/product\/yoast-seo-premium-wordpress\/ -->\n<title>Politica dei cookie | Mood Media Italia<\/title>\n<meta name=\"description\" content=\"La tua privacy \u00e8 molto importante per Mood Media. Qui trovi la nostra politica sui cookie.\" \/>\n<meta name=\"robots\" content=\"noindex, follow\" \/>\n<meta property=\"og:locale\" content=\"it_IT\" \/>\n<meta property=\"og:type\" content=\"article\" \/>\n<meta property=\"og:title\" content=\"Politica dei cookie\" \/>\n<meta property=\"og:url\" content=\"https:\/\/moodmedia.com\/it\/azienda\/politica-dei-cookie\/\" \/>\n<meta property=\"og:site_name\" content=\"Mood Media Italia\" \/>\n<meta property=\"article:publisher\" content=\"https:\/\/www.facebook.com\/moodmediauk\/\" \/>\n<meta property=\"article:modified_time\" content=\"2025-06-23T15:26:53+00:00\" \/>\n<meta name=\"twitter:card\" content=\"summary_large_image\" \/>\n<meta name=\"twitter:site\" content=\"@MoodMedia_UK\" \/>\n<meta name=\"twitter:label1\" content=\"Tempo di lettura stimato\" \/>\n\t<meta name=\"twitter:data1\" content=\"6 minuti\" \/>\n<script type=\"application\/ld+json\" class=\"yoast-schema-graph\">{\"@context\":\"https:\\\/\\\/schema.org\",\"@graph\":[{\"@type\":\"WebPage\",\"@id\":\"https:\\\/\\\/moodmedia.com\\\/it\\\/azienda\\\/politica-dei-cookie\\\/\",\"url\":\"https:\\\/\\\/moodmedia.com\\\/it\\\/azienda\\\/politica-dei-cookie\\\/\",\"name\":\"Politica dei cookie | Mood Media Italia\",\"isPartOf\":{\"@id\":\"https:\\\/\\\/moodmedia.com\\\/it\\\/#website\"},\"datePublished\":\"2021-09-16T09:17:54+00:00\",\"dateModified\":\"2025-06-23T15:26:53+00:00\",\"description\":\"La tua privacy \u00e8 molto importante per Mood Media. Qui trovi la nostra politica sui cookie.\",\"breadcrumb\":{\"@id\":\"https:\\\/\\\/moodmedia.com\\\/it\\\/azienda\\\/politica-dei-cookie\\\/#breadcrumb\"},\"inLanguage\":\"it-IT\",\"potentialAction\":[{\"@type\":\"ReadAction\",\"target\":[\"https:\\\/\\\/moodmedia.com\\\/it\\\/azienda\\\/politica-dei-cookie\\\/\"]}]},{\"@type\":\"BreadcrumbList\",\"@id\":\"https:\\\/\\\/moodmedia.com\\\/it\\\/azienda\\\/politica-dei-cookie\\\/#breadcrumb\",\"itemListElement\":[{\"@type\":\"ListItem\",\"position\":1,\"name\":\"Home\",\"item\":\"https:\\\/\\\/moodmedia.com\\\/it\\\/\"},{\"@type\":\"ListItem\",\"position\":2,\"name\":\"Azienda\",\"item\":\"https:\\\/\\\/moodmedia.com\\\/it\\\/azienda\\\/\"},{\"@type\":\"ListItem\",\"position\":3,\"name\":\"Politica dei cookie\"}]},{\"@type\":\"WebSite\",\"@id\":\"https:\\\/\\\/moodmedia.com\\\/it\\\/#website\",\"url\":\"https:\\\/\\\/moodmedia.com\\\/it\\\/\",\"name\":\"Mood Media International\",\"description\":\"Experience. By Design\",\"publisher\":{\"@id\":\"https:\\\/\\\/moodmedia.com\\\/it\\\/#organization\"},\"potentialAction\":[{\"@type\":\"SearchAction\",\"target\":{\"@type\":\"EntryPoint\",\"urlTemplate\":\"https:\\\/\\\/moodmedia.com\\\/it\\\/?s={search_term_string}\"},\"query-input\":{\"@type\":\"PropertyValueSpecification\",\"valueRequired\":true,\"valueName\":\"search_term_string\"}}],\"inLanguage\":\"it-IT\"},{\"@type\":\"Organization\",\"@id\":\"https:\\\/\\\/moodmedia.com\\\/it\\\/#organization\",\"name\":\"Mood Media\",\"url\":\"https:\\\/\\\/moodmedia.com\\\/it\\\/\",\"logo\":{\"@type\":\"ImageObject\",\"inLanguage\":\"it-IT\",\"@id\":\"https:\\\/\\\/moodmedia.com\\\/it\\\/#\\\/schema\\\/logo\\\/image\\\/\",\"url\":\"https:\\\/\\\/moodmedia.com\\\/wp-content\\\/uploads\\\/2017\\\/10\\\/mood-media-logo-400.jpg\",\"contentUrl\":\"https:\\\/\\\/moodmedia.com\\\/wp-content\\\/uploads\\\/2017\\\/10\\\/mood-media-logo-400.jpg\",\"width\":400,\"height\":115,\"caption\":\"Mood Media\"},\"image\":{\"@id\":\"https:\\\/\\\/moodmedia.com\\\/it\\\/#\\\/schema\\\/logo\\\/image\\\/\"},\"sameAs\":[\"https:\\\/\\\/www.facebook.com\\\/moodmediauk\\\/\",\"https:\\\/\\\/x.com\\\/MoodMedia_UK\",\"https:\\\/\\\/www.linkedin.com\\\/company\\\/mood-media-uk\\\/\"]}]}<\/script>\n<!-- \/ Yoast SEO Premium plugin. -->","yoast_head_json":{"title":"Politica dei cookie | Mood Media Italia","description":"La tua privacy \u00e8 molto importante per Mood Media. Qui trovi la nostra politica sui cookie.","robots":{"index":"noindex","follow":"follow"},"og_locale":"it_IT","og_type":"article","og_title":"Politica dei cookie","og_url":"https:\/\/moodmedia.com\/it\/azienda\/politica-dei-cookie\/","og_site_name":"Mood Media Italia","article_publisher":"https:\/\/www.facebook.com\/moodmediauk\/","article_modified_time":"2025-06-23T15:26:53+00:00","twitter_card":"summary_large_image","twitter_site":"@MoodMedia_UK","twitter_misc":{"Tempo di lettura stimato":"6 minuti"},"schema":{"@context":"https:\/\/schema.org","@graph":[{"@type":"WebPage","@id":"https:\/\/moodmedia.com\/it\/azienda\/politica-dei-cookie\/","url":"https:\/\/moodmedia.com\/it\/azienda\/politica-dei-cookie\/","name":"Politica dei cookie | Mood Media Italia","isPartOf":{"@id":"https:\/\/moodmedia.com\/it\/#website"},"datePublished":"2021-09-16T09:17:54+00:00","dateModified":"2025-06-23T15:26:53+00:00","description":"La tua privacy \u00e8 molto importante per Mood Media. Qui trovi la nostra politica sui cookie.","breadcrumb":{"@id":"https:\/\/moodmedia.com\/it\/azienda\/politica-dei-cookie\/#breadcrumb"},"inLanguage":"it-IT","potentialAction":[{"@type":"ReadAction","target":["https:\/\/moodmedia.com\/it\/azienda\/politica-dei-cookie\/"]}]},{"@type":"BreadcrumbList","@id":"https:\/\/moodmedia.com\/it\/azienda\/politica-dei-cookie\/#breadcrumb","itemListElement":[{"@type":"ListItem","position":1,"name":"Home","item":"https:\/\/moodmedia.com\/it\/"},{"@type":"ListItem","position":2,"name":"Azienda","item":"https:\/\/moodmedia.com\/it\/azienda\/"},{"@type":"ListItem","position":3,"name":"Politica dei cookie"}]},{"@type":"WebSite","@id":"https:\/\/moodmedia.com\/it\/#website","url":"https:\/\/moodmedia.com\/it\/","name":"Mood Media International","description":"Experience. By Design","publisher":{"@id":"https:\/\/moodmedia.com\/it\/#organization"},"potentialAction":[{"@type":"SearchAction","target":{"@type":"EntryPoint","urlTemplate":"https:\/\/moodmedia.com\/it\/?s={search_term_string}"},"query-input":{"@type":"PropertyValueSpecification","valueRequired":true,"valueName":"search_term_string"}}],"inLanguage":"it-IT"},{"@type":"Organization","@id":"https:\/\/moodmedia.com\/it\/#organization","name":"Mood Media","url":"https:\/\/moodmedia.com\/it\/","logo":{"@type":"ImageObject","inLanguage":"it-IT","@id":"https:\/\/moodmedia.com\/it\/#\/schema\/logo\/image\/","url":"https:\/\/moodmedia.com\/wp-content\/uploads\/2017\/10\/mood-media-logo-400.jpg","contentUrl":"https:\/\/moodmedia.com\/wp-content\/uploads\/2017\/10\/mood-media-logo-400.jpg","width":400,"height":115,"caption":"Mood Media"},"image":{"@id":"https:\/\/moodmedia.com\/it\/#\/schema\/logo\/image\/"},"sameAs":["https:\/\/www.facebook.com\/moodmediauk\/","https:\/\/x.com\/MoodMedia_UK","https:\/\/www.linkedin.com\/company\/mood-media-uk\/"]}]}},"_links":{"self":[{"href":"https:\/\/moodmedia.com\/it\/wp-json\/wp\/v2\/pages\/249764","targetHints":{"allow":["GET"]}}],"collection":[{"href":"https:\/\/moodmedia.com\/it\/wp-json\/wp\/v2\/pages"}],"about":[{"href":"https:\/\/moodmedia.com\/it\/wp-json\/wp\/v2\/types\/page"}],"author":[{"embeddable":true,"href":"https:\/\/moodmedia.com\/it\/wp-json\/wp\/v2\/users\/9"}],"replies":[{"embeddable":true,"href":"https:\/\/moodmedia.com\/it\/wp-json\/wp\/v2\/comments?post=249764"}],"version-history":[{"count":0,"href":"https:\/\/moodmedia.com\/it\/wp-json\/wp\/v2\/pages\/249764\/revisions"}],"up":[{"embeddable":true,"href":"https:\/\/moodmedia.com\/it\/wp-json\/wp\/v2\/pages\/226295"}],"wp:attachment":[{"href":"https:\/\/moodmedia.com\/it\/wp-json\/wp\/v2\/media?parent=249764"}],"curies":[{"name":"wp","href":"https:\/\/api.w.org\/{rel}","templated":true}]}}