{"id":207567,"date":"2021-06-22T16:53:18","date_gmt":"2021-06-22T15:53:18","guid":{"rendered":"https:\/\/moodmedia.com\/zgloszenia-muzyczne\/"},"modified":"2025-06-03T13:47:34","modified_gmt":"2025-06-03T12:47:34","slug":"zgloszenia-muzyczne","status":"publish","type":"page","link":"https:\/\/moodmedia.com\/pl\/kontakt-z-nami\/zgloszenia-muzyczne\/","title":{"rendered":"Zg\u0142oszenia muzyczne"},"content":{"rendered":"<p>[et_pb_section fb_built=&#8221;1&#8243; _builder_version=&#8221;4.19.4&#8243; _module_preset=&#8221;default&#8221; background_color=&#8221;#d6d6d6&#8243; background_image=&#8221;https:\/\/moodmedia.com\/wp-content\/uploads\/2025\/06\/music-submissions-hero.webp&#8221; background_blend=&#8221;multiply&#8221; global_colors_info=&#8221;{}&#8221; theme_builder_area=&#8221;post_content&#8221;][et_pb_row column_structure=&#8221;3_5,2_5&#8243; _builder_version=&#8221;4.17.4&#8243; _module_preset=&#8221;default&#8221; global_colors_info=&#8221;{}&#8221; theme_builder_area=&#8221;post_content&#8221;][et_pb_column type=&#8221;3_5&#8243; _builder_version=&#8221;4.17.4&#8243; _module_preset=&#8221;default&#8221; global_colors_info=&#8221;{}&#8221; theme_builder_area=&#8221;post_content&#8221;][et_pb_text _builder_version=&#8221;4.19.4&#8243; _module_preset=&#8221;default&#8221; text_orientation=&#8221;center&#8221; background_layout=&#8221;dark&#8221; global_colors_info=&#8221;{}&#8221; theme_builder_area=&#8221;post_content&#8221;]<\/p>\n<h1 class=\"bold new-hero\">PRZE\u015aLIJ SWOJ\u0104 MUZYK\u0118<\/h1>\n<p>[\/et_pb_text][et_pb_text _builder_version=&#8221;4.19.4&#8243; background_color=&#8221;#FFFFFF&#8221; background_size=&#8221;initial&#8221; background_position=&#8221;top_left&#8221; background_repeat=&#8221;repeat&#8221; module_alignment=&#8221;center&#8221; custom_padding=&#8221;30px|30px|30px|30px|false|false&#8221; border_radii=&#8221;on|10px|10px|10px|10px&#8221; use_border_color=&#8221;off&#8221; border_color=&#8221;#ffffff&#8221; border_style=&#8221;solid&#8221; global_colors_info=&#8221;{}&#8221; theme_builder_area=&#8221;post_content&#8221;]<\/p>\n<p class=\"intro2\"><b>**Prosz\u0119 o przeczytanie tej instrukcji w ca\u0142o\u015bci, poniewa\u017c zawiera ona wa\u017cne wskaz\u00f3wki dotycz\u0105ce sk\u0142adania wniosk\u00f3w**.<\/b><\/p>\n<p class=\"intro2\">Je\u015bli nie zastosujesz si\u0119 do tych krok\u00f3w, Twoje zg\u0142oszenie nie b\u0119dzie brane pod uwag\u0119. Pytania dotycz\u0105ce istniej\u0105cych op\u0142at licencyjnych nale\u017cy kierowa\u0107 na adres <a href=\"mailto:royalties@moodmedia.com\" target=\"_blank\" rel=\"noopener noreferrer\">royalties@moodmedia.com<\/a>. <\/p>\n<p>[\/et_pb_text][\/et_pb_column][et_pb_column type=&#8221;2_5&#8243; _builder_version=&#8221;4.17.4&#8243; _module_preset=&#8221;default&#8221; global_colors_info=&#8221;{}&#8221; theme_builder_area=&#8221;post_content&#8221;][\/et_pb_column][\/et_pb_row][\/et_pb_section][et_pb_section fb_built=&#8221;1&#8243; _builder_version=&#8221;4.16&#8243; global_colors_info=&#8221;{}&#8221; theme_builder_area=&#8221;post_content&#8221;][et_pb_row column_structure=&#8221;1_2,1_2&#8243; _builder_version=&#8221;4.16&#8243; background_size=&#8221;initial&#8221; background_position=&#8221;top_left&#8221; background_repeat=&#8221;repeat&#8221; global_colors_info=&#8221;{}&#8221; theme_builder_area=&#8221;post_content&#8221;][et_pb_column type=&#8221;1_2&#8243; _builder_version=&#8221;4.16&#8243; custom_padding=&#8221;|||&#8221; global_colors_info=&#8221;{}&#8221; custom_padding__hover=&#8221;|||&#8221; theme_builder_area=&#8221;post_content&#8221;][et_pb_text _builder_version=&#8221;4.19.4&#8243; background_size=&#8221;initial&#8221; background_position=&#8221;top_left&#8221; background_repeat=&#8221;repeat&#8221; use_border_color=&#8221;off&#8221; border_color=&#8221;#ffffff&#8221; border_style=&#8221;solid&#8221; global_colors_info=&#8221;{}&#8221; theme_builder_area=&#8221;post_content&#8221;]<\/p>\n<p class=\"intro2\">Dzi\u0119kujemy za zainteresowanie przes\u0142aniem muzyki do Mood Media. Prosimy o wykonanie poni\u017cszych krok\u00f3w dotycz\u0105cych przesy\u0142ania tre\u015bci muzycznych: <\/p>\n<h3 class=\"moodred\"><b>Wytyczne do sk\u0142adania wniosk\u00f3w:<\/b><\/h3>\n<p>1. Wy\u015blij na adres <a href=\"mailto:musicsubmissions@moodmedia.com\">musicsubmissions@moodmedia.com<\/a> link do cyfrowej szafy graj\u0105cej online, najlepiej takiej jak <a href=\"https:\/\/www.soundcloud.com\/\">www.Soundcloud.com<\/a> lub <a href=\"https:\/\/www.beatport.com\/\">www.beatport.com,<\/a> aby nasi projektanci mogli obejrze\u0107 Twoje utwory.<\/p>\n<p>2. <strong>Przesy\u0142aj\u0105c muzyk\u0119, nale\u017cy poda\u0107 nazw\u0119 wytw\u00f3rni, styl\/gatunek muzyczny i \u201eUnlicensed with Mood Media\u201d w temacie wiadomo\u015bci e-mail na adres <a href=\"mailto:musicsubmissions@moodmedia.com\">musicsubmissions@moodmedia.com<\/a>, aby upewni\u0107 si\u0119, \u017ce zg\u0142oszenia dotr\u0105 do w\u0142a\u015bciwej strony lub stron. <\/strong> <\/p>\n<p>Przyk\u0142ad:<\/p>\n<p>PRZEDMIOT: Breeze Tree Records &#8211; Folk\/Pop &#8211; Bez licencji z Mood Media[\/et_pb_text][\/et_pb_column][et_pb_column type=&#8221;1_2&#8243; _builder_version=&#8221;4.16&#8243; custom_padding=&#8221;|||&#8221; global_colors_info=&#8221;{}&#8221; custom_padding__hover=&#8221;|||&#8221; theme_builder_area=&#8221;post_content&#8221;][et_pb_text _builder_version=&#8221;4.19.4&#8243; background_size=&#8221;initial&#8221; background_position=&#8221;top_left&#8221; background_repeat=&#8221;repeat&#8221; use_border_color=&#8221;off&#8221; border_color=&#8221;#ffffff&#8221; border_style=&#8221;solid&#8221; global_colors_info=&#8221;{}&#8221; theme_builder_area=&#8221;post_content&#8221;]3. Muzyka musi by\u0107 dystrybuowana do Mood Media za po\u015brednictwem bezpo\u015bredniego kana\u0142u DDEX, aby by\u0142a dost\u0119pna do programowania. W zg\u0142oszeniu nale\u017cy poda\u0107 nazw\u0119 dystrybutora. Je\u015bli nie posiadasz jeszcze us\u0142ugi dystrybucji cyfrowej, rozwa\u017c jedn\u0105 z poni\u017cszych opcji:  <\/p>\n<p><a href=\"https:\/\/www.tunecore.com\" target=\"_blank\" rel=\"noopener\">TuneCore<\/a><br \/>\n<a href=\"https:\/\/cdbaby.com\" target=\"_blank\" rel=\"noopener\">CD Baby<\/a><br \/>\n<a href=\"https:\/\/distrokid.com\/\" target=\"_blank\" rel=\"noopener\">DistroKid<\/a><\/p>\n<p>**<strong>Prosimy o po\u015bwi\u0119cenie czasu na sprawdzenie zawarto\u015bci przez naszych opiekun\u00f3w muzycznych.<\/strong><br \/>\n4. Gdy muzyka zostanie wprowadzona do naszego systemu z kana\u0142u i zostanie wybrana do programowania, nasz zesp\u00f3\u0142 licencyjny skontaktuje si\u0119 z Tob\u0105 w celu zabezpieczenia um\u00f3w.<\/p>\n<p class=\"intro2\">Dzi\u0119kujemy za po\u015bwi\u0119cenie czasu na przes\u0142anie muzyki do rozwa\u017cenia w naszym Mood Media programowaniu muzycznym. Czekamy z niecierpliwo\u015bci\u0105 na Twoj\u0105 muzyk\u0119.<\/p>\n<p>[\/et_pb_text][\/et_pb_column][\/et_pb_row][\/et_pb_section]<\/p>\n","protected":false},"excerpt":{"rendered":"<p>PRZE\u015aLIJ SWOJ\u0104 MUZYK\u0118**Prosz\u0119 o przeczytanie tej instrukcji w ca\u0142o\u015bci, poniewa\u017c zawiera ona wa\u017cne wskaz\u00f3wki dotycz\u0105ce sk\u0142adania wniosk\u00f3w**. Je\u015bli nie zastosujesz si\u0119 do tych krok\u00f3w, Twoje zg\u0142oszenie nie b\u0119dzie brane pod uwag\u0119. Pytania dotycz\u0105ce istniej\u0105cych op\u0142at licencyjnych nale\u017cy kierowa\u0107 na adres royalties@moodmedia.com. Dzi\u0119kujemy za zainteresowanie przes\u0142aniem muzyki do Mood Media. Prosimy o wykonanie poni\u017cszych krok\u00f3w dotycz\u0105cych przesy\u0142ania tre\u015bci muzycznych: Wytyczne do sk\u0142adania wniosk\u00f3w: 1. Wy\u015blij na adres musicsubmissions@moodmedia.com link do cyfrowej szafy graj\u0105cej online, najlepiej takiej jak www.Soundcloud.com lub www.beatport.com, aby nasi projektanci mogli obejrze\u0107 Twoje utwory. 2. Przesy\u0142aj\u0105c muzyk\u0119, nale\u017cy poda\u0107 nazw\u0119 wytw\u00f3rni, styl\/gatunek muzyczny i \u201eUnlicensed with Mood Media\u201d w temacie wiadomo\u015bci e-mail na adres musicsubmissions@moodmedia.com, aby upewni\u0107 si\u0119, \u017ce zg\u0142oszenia dotr\u0105 do w\u0142a\u015bciwej strony lub stron. Przyk\u0142ad: PRZEDMIOT: Breeze Tree Records &#8211; Folk\/Pop &#8211; Bez licencji z Mood Media3. Muzyka musi by\u0107 dystrybuowana do Mood Media za po\u015brednictwem bezpo\u015bredniego kana\u0142u DDEX, aby by\u0142a dost\u0119pna do programowania. W zg\u0142oszeniu nale\u017cy poda\u0107 nazw\u0119 dystrybutora. Je\u015bli nie posiadasz jeszcze us\u0142ugi dystrybucji cyfrowej, rozwa\u017c jedn\u0105 z poni\u017cszych opcji: TuneCore CD Baby DistroKid **Prosimy o po\u015bwi\u0119cenie czasu na sprawdzenie zawarto\u015bci przez naszych opiekun\u00f3w muzycznych. 4. Gdy muzyka zostanie wprowadzona do naszego systemu z kana\u0142u i zostanie wybrana do programowania, nasz zesp\u00f3\u0142 licencyjny skontaktuje [&hellip;]<\/p>\n","protected":false},"author":2,"featured_media":0,"parent":251832,"menu_order":0,"comment_status":"closed","ping_status":"closed","template":"","meta":{"_et_pb_use_builder":"on","_et_pb_old_content":"","_et_gb_content_width":"","footnotes":""},"class_list":["post-207567","page","type-page","status-publish","hentry"],"yoast_head":"<!-- This site is optimized with the Yoast SEO Premium plugin v26.8 (Yoast SEO v27.4) - https:\/\/yoast.com\/product\/yoast-seo-premium-wordpress\/ -->\n<title>Zg\u0142oszenia muzyczne | Mood Media Polska<\/title>\n<meta name=\"robots\" content=\"index, follow, max-snippet:-1, max-image-preview:large, max-video-preview:-1\" \/>\n<meta property=\"og:locale\" content=\"pl_PL\" \/>\n<meta property=\"og:type\" content=\"article\" \/>\n<meta property=\"og:title\" content=\"Zg\u0142oszenia muzyczne\" \/>\n<meta property=\"og:url\" content=\"https:\/\/moodmedia.com\/pl\/kontakt-z-nami\/zgloszenia-muzyczne\/\" \/>\n<meta property=\"og:site_name\" content=\"Mood Media Polska\" \/>\n<meta property=\"article:publisher\" content=\"https:\/\/www.facebook.com\/moodmediauk\/\" \/>\n<meta property=\"article:modified_time\" content=\"2025-06-03T12:47:34+00:00\" \/>\n<meta name=\"twitter:card\" content=\"summary_large_image\" \/>\n<meta name=\"twitter:site\" content=\"@MoodMedia_UK\" \/>\n<meta name=\"twitter:label1\" content=\"Szacowany czas czytania\" \/>\n\t<meta name=\"twitter:data1\" content=\"3 minuty\" \/>\n<script type=\"application\/ld+json\" class=\"yoast-schema-graph\">{\"@context\":\"https:\\\/\\\/schema.org\",\"@graph\":[{\"@type\":\"WebPage\",\"@id\":\"https:\\\/\\\/moodmedia.com\\\/pl\\\/kontakt-z-nami\\\/zgloszenia-muzyczne\\\/\",\"url\":\"https:\\\/\\\/moodmedia.com\\\/pl\\\/kontakt-z-nami\\\/zgloszenia-muzyczne\\\/\",\"name\":\"Zg\u0142oszenia muzyczne | Mood Media Polska\",\"isPartOf\":{\"@id\":\"https:\\\/\\\/moodmedia.com\\\/pl\\\/#website\"},\"datePublished\":\"2021-06-22T15:53:18+00:00\",\"dateModified\":\"2025-06-03T12:47:34+00:00\",\"breadcrumb\":{\"@id\":\"https:\\\/\\\/moodmedia.com\\\/pl\\\/kontakt-z-nami\\\/zgloszenia-muzyczne\\\/#breadcrumb\"},\"inLanguage\":\"pl-PL\",\"potentialAction\":[{\"@type\":\"ReadAction\",\"target\":[\"https:\\\/\\\/moodmedia.com\\\/pl\\\/kontakt-z-nami\\\/zgloszenia-muzyczne\\\/\"]}]},{\"@type\":\"BreadcrumbList\",\"@id\":\"https:\\\/\\\/moodmedia.com\\\/pl\\\/kontakt-z-nami\\\/zgloszenia-muzyczne\\\/#breadcrumb\",\"itemListElement\":[{\"@type\":\"ListItem\",\"position\":1,\"name\":\"Home\",\"item\":\"https:\\\/\\\/moodmedia.com\\\/pl\\\/\"},{\"@type\":\"ListItem\",\"position\":2,\"name\":\"Kontakt z nami\",\"item\":\"https:\\\/\\\/moodmedia.com\\\/pl\\\/kontakt-z-nami\\\/\"},{\"@type\":\"ListItem\",\"position\":3,\"name\":\"Zg\u0142oszenia muzyczne\"}]},{\"@type\":\"WebSite\",\"@id\":\"https:\\\/\\\/moodmedia.com\\\/pl\\\/#website\",\"url\":\"https:\\\/\\\/moodmedia.com\\\/pl\\\/\",\"name\":\"Mood Media International\",\"description\":\"Experience. By Design\",\"publisher\":{\"@id\":\"https:\\\/\\\/moodmedia.com\\\/pl\\\/#organization\"},\"potentialAction\":[{\"@type\":\"SearchAction\",\"target\":{\"@type\":\"EntryPoint\",\"urlTemplate\":\"https:\\\/\\\/moodmedia.com\\\/pl\\\/?s={search_term_string}\"},\"query-input\":{\"@type\":\"PropertyValueSpecification\",\"valueRequired\":true,\"valueName\":\"search_term_string\"}}],\"inLanguage\":\"pl-PL\"},{\"@type\":\"Organization\",\"@id\":\"https:\\\/\\\/moodmedia.com\\\/pl\\\/#organization\",\"name\":\"Mood Media\",\"url\":\"https:\\\/\\\/moodmedia.com\\\/pl\\\/\",\"logo\":{\"@type\":\"ImageObject\",\"inLanguage\":\"pl-PL\",\"@id\":\"https:\\\/\\\/moodmedia.com\\\/pl\\\/#\\\/schema\\\/logo\\\/image\\\/\",\"url\":\"https:\\\/\\\/moodmedia.com\\\/wp-content\\\/uploads\\\/2017\\\/10\\\/mood-media-logo-400.jpg\",\"contentUrl\":\"https:\\\/\\\/moodmedia.com\\\/wp-content\\\/uploads\\\/2017\\\/10\\\/mood-media-logo-400.jpg\",\"width\":400,\"height\":115,\"caption\":\"Mood Media\"},\"image\":{\"@id\":\"https:\\\/\\\/moodmedia.com\\\/pl\\\/#\\\/schema\\\/logo\\\/image\\\/\"},\"sameAs\":[\"https:\\\/\\\/www.facebook.com\\\/moodmediauk\\\/\",\"https:\\\/\\\/x.com\\\/MoodMedia_UK\",\"https:\\\/\\\/www.linkedin.com\\\/company\\\/mood-media-uk\\\/\"]}]}<\/script>\n<!-- \/ Yoast SEO Premium plugin. -->","yoast_head_json":{"title":"Zg\u0142oszenia muzyczne | Mood Media Polska","robots":{"index":"index","follow":"follow","max-snippet":"max-snippet:-1","max-image-preview":"max-image-preview:large","max-video-preview":"max-video-preview:-1"},"og_locale":"pl_PL","og_type":"article","og_title":"Zg\u0142oszenia muzyczne","og_url":"https:\/\/moodmedia.com\/pl\/kontakt-z-nami\/zgloszenia-muzyczne\/","og_site_name":"Mood Media Polska","article_publisher":"https:\/\/www.facebook.com\/moodmediauk\/","article_modified_time":"2025-06-03T12:47:34+00:00","twitter_card":"summary_large_image","twitter_site":"@MoodMedia_UK","twitter_misc":{"Szacowany czas czytania":"3 minuty"},"schema":{"@context":"https:\/\/schema.org","@graph":[{"@type":"WebPage","@id":"https:\/\/moodmedia.com\/pl\/kontakt-z-nami\/zgloszenia-muzyczne\/","url":"https:\/\/moodmedia.com\/pl\/kontakt-z-nami\/zgloszenia-muzyczne\/","name":"Zg\u0142oszenia muzyczne | Mood Media Polska","isPartOf":{"@id":"https:\/\/moodmedia.com\/pl\/#website"},"datePublished":"2021-06-22T15:53:18+00:00","dateModified":"2025-06-03T12:47:34+00:00","breadcrumb":{"@id":"https:\/\/moodmedia.com\/pl\/kontakt-z-nami\/zgloszenia-muzyczne\/#breadcrumb"},"inLanguage":"pl-PL","potentialAction":[{"@type":"ReadAction","target":["https:\/\/moodmedia.com\/pl\/kontakt-z-nami\/zgloszenia-muzyczne\/"]}]},{"@type":"BreadcrumbList","@id":"https:\/\/moodmedia.com\/pl\/kontakt-z-nami\/zgloszenia-muzyczne\/#breadcrumb","itemListElement":[{"@type":"ListItem","position":1,"name":"Home","item":"https:\/\/moodmedia.com\/pl\/"},{"@type":"ListItem","position":2,"name":"Kontakt z nami","item":"https:\/\/moodmedia.com\/pl\/kontakt-z-nami\/"},{"@type":"ListItem","position":3,"name":"Zg\u0142oszenia muzyczne"}]},{"@type":"WebSite","@id":"https:\/\/moodmedia.com\/pl\/#website","url":"https:\/\/moodmedia.com\/pl\/","name":"Mood Media International","description":"Experience. By Design","publisher":{"@id":"https:\/\/moodmedia.com\/pl\/#organization"},"potentialAction":[{"@type":"SearchAction","target":{"@type":"EntryPoint","urlTemplate":"https:\/\/moodmedia.com\/pl\/?s={search_term_string}"},"query-input":{"@type":"PropertyValueSpecification","valueRequired":true,"valueName":"search_term_string"}}],"inLanguage":"pl-PL"},{"@type":"Organization","@id":"https:\/\/moodmedia.com\/pl\/#organization","name":"Mood Media","url":"https:\/\/moodmedia.com\/pl\/","logo":{"@type":"ImageObject","inLanguage":"pl-PL","@id":"https:\/\/moodmedia.com\/pl\/#\/schema\/logo\/image\/","url":"https:\/\/moodmedia.com\/wp-content\/uploads\/2017\/10\/mood-media-logo-400.jpg","contentUrl":"https:\/\/moodmedia.com\/wp-content\/uploads\/2017\/10\/mood-media-logo-400.jpg","width":400,"height":115,"caption":"Mood Media"},"image":{"@id":"https:\/\/moodmedia.com\/pl\/#\/schema\/logo\/image\/"},"sameAs":["https:\/\/www.facebook.com\/moodmediauk\/","https:\/\/x.com\/MoodMedia_UK","https:\/\/www.linkedin.com\/company\/mood-media-uk\/"]}]}},"_links":{"self":[{"href":"https:\/\/moodmedia.com\/pl\/wp-json\/wp\/v2\/pages\/207567","targetHints":{"allow":["GET"]}}],"collection":[{"href":"https:\/\/moodmedia.com\/pl\/wp-json\/wp\/v2\/pages"}],"about":[{"href":"https:\/\/moodmedia.com\/pl\/wp-json\/wp\/v2\/types\/page"}],"author":[{"embeddable":true,"href":"https:\/\/moodmedia.com\/pl\/wp-json\/wp\/v2\/users\/2"}],"replies":[{"embeddable":true,"href":"https:\/\/moodmedia.com\/pl\/wp-json\/wp\/v2\/comments?post=207567"}],"version-history":[{"count":0,"href":"https:\/\/moodmedia.com\/pl\/wp-json\/wp\/v2\/pages\/207567\/revisions"}],"up":[{"embeddable":true,"href":"https:\/\/moodmedia.com\/pl\/wp-json\/wp\/v2\/pages\/251832"}],"wp:attachment":[{"href":"https:\/\/moodmedia.com\/pl\/wp-json\/wp\/v2\/media?parent=207567"}],"curies":[{"name":"wp","href":"https:\/\/api.w.org\/{rel}","templated":true}]}}