{"id":227642,"date":"2016-07-21T15:46:29","date_gmt":"2016-07-21T14:46:29","guid":{"rendered":"https:\/\/moodmedia.com\/firma\/kariera\/"},"modified":"2024-03-13T11:11:37","modified_gmt":"2024-03-13T11:11:37","slug":"kariera","status":"publish","type":"page","link":"https:\/\/moodmedia.com\/pl\/firma\/kariera\/","title":{"rendered":"Kariera"},"content":{"rendered":"<p>[et_pb_section fb_built=&#8221;1&#8243; _builder_version=&#8221;4.16&#8243; background_image=&#8221;https:\/\/moodmedia.com\/wp-content\/uploads\/2019\/06\/2019-careers.jpg&#8221; parallax=&#8221;on&#8221; parallax_method=&#8221;off&#8221; custom_margin=&#8221;0px||&#8221; global_colors_info=&#8221;{}&#8221;][et_pb_row _builder_version=&#8221;4.16&#8243; custom_margin=&#8221;0px||0px&#8221; custom_padding=&#8221;0px||&#8221; global_colors_info=&#8221;{}&#8221;][et_pb_column type=&#8221;4_4&#8243; _builder_version=&#8221;4.16&#8243; custom_padding=&#8221;|||&#8221; global_colors_info=&#8221;{}&#8221; custom_padding__hover=&#8221;|||&#8221;][et_pb_text admin_label=&#8221;Mood Careers&#8221; _builder_version=&#8221;4.16&#8243; header_font_size=&#8221;24px&#8221; background_layout=&#8221;dark&#8221; saved_tabs=&#8221;all&#8221; global_colors_info=&#8221;{}&#8221;]<\/p>\n<p class=\"intro2\">MOOD<span class=\"heavy moodred\">:<\/span><span class=\"light\">KARIERA<\/span><\/p>\n<div style=\"width:100%;float:left;padding-top:10px;\">\n<div style=\"width:20%;height:10px;background:#cd102f;float:left;clear:both;\"><\/div>\n<\/div>\n<p>[\/et_pb_text][\/et_pb_column][\/et_pb_row][et_pb_row column_structure=&#8221;1_2,1_2&#8243; _builder_version=&#8221;4.16&#8243; custom_margin=&#8221;0px||&#8221; custom_padding=&#8221;0px||&#8221; global_colors_info=&#8221;{}&#8221;][et_pb_column type=&#8221;1_2&#8243; _builder_version=&#8221;4.16&#8243; custom_padding=&#8221;|||&#8221; global_colors_info=&#8221;{}&#8221; custom_padding__hover=&#8221;|||&#8221;][et_pb_text _builder_version=&#8221;4.16&#8243; text_font=&#8221;||||||||&#8221; background_layout=&#8221;dark&#8221; global_colors_info=&#8221;{}&#8221;]<\/p>\n<h1 class=\"new-hero-ext bold\" style=\"text-transform:uppercase;\">Znajd\u017a miejsce dla siebie. Buduj swoj\u0105 przysz\u0142o\u015b\u0107.<\/h1>\n<p>[\/et_pb_text][et_pb_button button_url=&#8221;https:\/\/workforcenow.adp.com\/mascsr\/default\/mdf\/recruitment\/recruitment.html?cid=099af085-1373-479c-9b97-f7e3a4d2ea58&amp;ccId=19000101_000001&amp;lang=en_US&#8221; button_text=&#8221;Przegl\u0105danie ofert pracy&#8221; button_alignment=&#8221;left&#8221; admin_label=&#8221;Button&#8221; module_class=&#8221;mbutton&#8221; _builder_version=&#8221;4.24.0&#8243; custom_button=&#8221;on&#8221; button_text_color=&#8221;#ffffff&#8221; button_bg_color=&#8221;#cd102f&#8221; button_border_color=&#8221;#cd102f&#8221; button_icon=&#8221;&#x3d;||divi||400&#8243; button_icon_color=&#8221;#cd102f&#8221; background_layout=&#8221;dark&#8221; button_text_color_hover=&#8221;#cd102f&#8221; button_border_color_hover=&#8221;#ffffff&#8221; button_letter_spacing_hover=&#8221;0&#8243; button_bg_color_hover=&#8221;#ffffff&#8221; saved_tabs=&#8221;all&#8221; global_colors_info=&#8221;{}&#8221; button_text_size__hover_enabled=&#8221;off&#8221; button_one_text_size__hover_enabled=&#8221;off&#8221; button_two_text_size__hover_enabled=&#8221;off&#8221; button_text_color__hover_enabled=&#8221;on&#8221; button_text_color__hover=&#8221;#cd102f&#8221; button_one_text_color__hover_enabled=&#8221;off&#8221; button_two_text_color__hover_enabled=&#8221;off&#8221; button_border_width__hover_enabled=&#8221;off&#8221; button_one_border_width__hover_enabled=&#8221;off&#8221; button_two_border_width__hover_enabled=&#8221;off&#8221; button_border_color__hover_enabled=&#8221;on&#8221; button_border_color__hover=&#8221;#ffffff&#8221; button_one_border_color__hover_enabled=&#8221;off&#8221; button_two_border_color__hover_enabled=&#8221;off&#8221; button_border_radius__hover_enabled=&#8221;off&#8221; button_one_border_radius__hover_enabled=&#8221;off&#8221; button_two_border_radius__hover_enabled=&#8221;off&#8221; button_letter_spacing__hover_enabled=&#8221;on&#8221; button_letter_spacing__hover=&#8221;0&#8243; button_one_letter_spacing__hover_enabled=&#8221;off&#8221; button_two_letter_spacing__hover_enabled=&#8221;off&#8221; button_bg_color__hover_enabled=&#8221;on&#8221; button_bg_color__hover=&#8221;#ffffff&#8221; button_one_bg_color__hover_enabled=&#8221;off&#8221; button_two_bg_color__hover_enabled=&#8221;off&#8221;][\/et_pb_button][\/et_pb_column][et_pb_column type=&#8221;1_2&#8243; _builder_version=&#8221;4.16&#8243; custom_padding=&#8221;|||&#8221; global_colors_info=&#8221;{}&#8221; custom_padding__hover=&#8221;|||&#8221;][et_pb_video src=&#8221;https:\/\/youtu.be\/UywmrZwzlDM&#8221; image_src=&#8221;\/\/i.ytimg.com\/vi\/UywmrZwzlDM\/hqdefault.jpg&#8221; _builder_version=&#8221;4.16&#8243; global_colors_info=&#8221;{}&#8221;][\/et_pb_video][\/et_pb_column][\/et_pb_row][\/et_pb_section][et_pb_section fb_built=&#8221;1&#8243; admin_label=&#8221;We Are&#8230;&#8221; _builder_version=&#8221;4.16&#8243; background_image=&#8221;https:\/\/moodmedia.com\/wp-content\/uploads\/2019\/06\/guitars.jpg&#8221; parallax=&#8221;on&#8221; parallax_method=&#8221;off&#8221; global_colors_info=&#8221;{}&#8221;][et_pb_row _builder_version=&#8221;4.16&#8243; global_colors_info=&#8221;{}&#8221;][et_pb_column type=&#8221;4_4&#8243; _builder_version=&#8221;4.16&#8243; custom_padding=&#8221;|||&#8221; global_colors_info=&#8221;{}&#8221; custom_padding__hover=&#8221;|||&#8221;][et_pb_text _builder_version=&#8221;4.16&#8243; global_colors_info=&#8221;{}&#8221;]<\/p>\n<p class=\"giant bold\">Jeste\u015bmy ekspertami w dziedzinie muzyki, artystami cyfrowymi, profesjonalnymi konsultantami w obszarze brandingu i mistrzami w obs\u0142udze klienta &#8211; pracujemy razem, by od nowa zaprezentowa\u0107 ka\u017cde do\u015bwiadczenie klienta, kt\u00f3re projektujemy. Wyr\u00f3\u017cnia nas historia sukces\u00f3w rynkowych, kt\u00f3r\u0105 tworzymy korzystaj\u0105c z globalnej sieci serwisowej z\u0142o\u017conej z certyfikowanych technik\u00f3w. Nasze sukcesy osi\u0105gamy dzi\u0119ki pasji do pracy.<\/p>\n<p>[\/et_pb_text][\/et_pb_column][\/et_pb_row][\/et_pb_section][et_pb_section fb_built=&#8221;1&#8243; _builder_version=&#8221;4.16&#8243; _module_preset=&#8221;default&#8221; global_colors_info=&#8221;{}&#8221;][et_pb_row column_structure=&#8221;1_3,1_3,1_3&#8243; _builder_version=&#8221;4.16&#8243; _module_preset=&#8221;default&#8221; global_colors_info=&#8221;{}&#8221;][et_pb_column type=&#8221;1_3&#8243; _builder_version=&#8221;4.16&#8243; _module_preset=&#8221;default&#8221; global_colors_info=&#8221;{}&#8221;][et_pb_text _builder_version=&#8221;4.16&#8243; _module_preset=&#8221;default&#8221; global_colors_info=&#8221;{}&#8221;]<\/p>\n<h2 class=\"bold\">NASZA MISJA<\/h2>\n<div style=\"width:100%;float:left; padding:10px 0px 20px;\">\n<div style=\"width:20%;height:10px;background:#cd102f;\"><\/div>\n<\/div>\n<p class=\"intro2\">Pomaga\u0107 wszystkim firmom niezale\u017cnie od ich rozmiaru w buowaniu silniejszych wi\u0119zi emocjonalnych z klientami dzi\u0119ki zastosowaniu odpowiedniej mieszanki rozwi\u0105za\u0144 z zakresu rozwi\u0105za\u0144 wizualnych, d\u017awi\u0119kowych, zapachowych, spo\u0142eczno\u015bciowych oraz systemowych.<\/p>\n<p>[\/et_pb_text][\/et_pb_column][et_pb_column type=&#8221;1_3&#8243; _builder_version=&#8221;4.16&#8243; _module_preset=&#8221;default&#8221; global_colors_info=&#8221;{}&#8221;][et_pb_text _builder_version=&#8221;4.16&#8243; _module_preset=&#8221;default&#8221; global_colors_info=&#8221;{}&#8221;]<\/p>\n<h2 class=\"bold\">NASZA WIZJA<\/h2>\n<div style=\"width:100%;float:left; padding:10px 0px 20px;\">\n<div style=\"width:20%;height:10px;background:#cd102f;\"><\/div>\n<\/div>\n<p class=\"intro2\">By\u0107 najlepszymi w udzielaniu wsparcia firmom w osi\u0105ganiu przez nie sukcesu za pomoc\u0105 wznoszenia do\u015bwiadcze\u0144 ich klient\u00f3w na nowy poziom.<\/p>\n<p>[\/et_pb_text][\/et_pb_column][et_pb_column type=&#8221;1_3&#8243; _builder_version=&#8221;4.16&#8243; _module_preset=&#8221;default&#8221; global_colors_info=&#8221;{}&#8221;][et_pb_text _builder_version=&#8221;4.16&#8243; _module_preset=&#8221;default&#8221; global_colors_info=&#8221;{}&#8221;]<\/p>\n<h2 class=\"bold\">NASZE ZESPO\u0141Y<\/h2>\n<div style=\"width:100%;float:left; padding:10px 0px 20px;\">\n<div style=\"width:20%;height:10px;background:#cd102f;\"><\/div>\n<\/div>\n<ul style=\"float:left;\">\n<li>Finanse<\/li>\n<li>Prawo, licencje i sprawy gospodarcze<\/li>\n<li>Zasoby ludzkie<\/li>\n<li>Sprzeda\u017c<\/li>\n<li>Marketing<\/li>\n<li>Produkt globalny<\/li>\n<li>Bie\u017c\u0105ca dzia\u0142alno\u015b\u0107 i wsparcie klienta<\/li>\n<li>Globalna technologia<\/li>\n<\/ul>\n<p>[\/et_pb_text][\/et_pb_column][\/et_pb_row][\/et_pb_section]<\/p>\n","protected":false},"excerpt":{"rendered":"<p>MOOD:KARIERA Znajd\u017a miejsce dla siebie. Buduj swoj\u0105 przysz\u0142o\u015b\u0107.Jeste\u015bmy ekspertami w dziedzinie muzyki, artystami cyfrowymi, profesjonalnymi konsultantami w obszarze brandingu i mistrzami w obs\u0142udze klienta &#8211; pracujemy razem, by od nowa zaprezentowa\u0107 ka\u017cde do\u015bwiadczenie klienta, kt\u00f3re projektujemy. Wyr\u00f3\u017cnia nas historia sukces\u00f3w rynkowych, kt\u00f3r\u0105 tworzymy korzystaj\u0105c z globalnej sieci serwisowej z\u0142o\u017conej z certyfikowanych technik\u00f3w. Nasze sukcesy osi\u0105gamy dzi\u0119ki pasji do pracy.NASZA MISJA Pomaga\u0107 wszystkim firmom niezale\u017cnie od ich rozmiaru w buowaniu silniejszych wi\u0119zi emocjonalnych z klientami dzi\u0119ki zastosowaniu odpowiedniej mieszanki rozwi\u0105za\u0144 z zakresu rozwi\u0105za\u0144 wizualnych, d\u017awi\u0119kowych, zapachowych, spo\u0142eczno\u015bciowych oraz systemowych.NASZA WIZJA By\u0107 najlepszymi w udzielaniu wsparcia firmom w osi\u0105ganiu przez nie sukcesu za pomoc\u0105 wznoszenia do\u015bwiadcze\u0144 ich klient\u00f3w na nowy poziom.NASZE ZESPO\u0141Y Finanse Prawo, licencje i sprawy gospodarcze Zasoby ludzkie Sprzeda\u017c Marketing Produkt globalny Bie\u017c\u0105ca dzia\u0142alno\u015b\u0107 i wsparcie klienta Globalna technologia<\/p>\n","protected":false},"author":1,"featured_media":0,"parent":226368,"menu_order":0,"comment_status":"closed","ping_status":"closed","template":"","meta":{"_et_pb_use_builder":"on","_et_pb_old_content":"","_et_gb_content_width":"","footnotes":""},"class_list":["post-227642","page","type-page","status-publish","hentry"],"yoast_head":"<!-- This site is optimized with the Yoast SEO Premium plugin v26.8 (Yoast SEO v27.4) - https:\/\/yoast.com\/product\/yoast-seo-premium-wordpress\/ -->\n<title>Kariera | Mood Media Polska<\/title>\n<meta name=\"description\" content=\"Jeste\u015bmy ekspertami muzycznymi, artystami cyfrowymi, profesjonalnymi konsultantami w obszarze brandingu i mistrzami obs\u0142ugi klienta. Przegl\u0105daj najnowsze oferty pracy w Mood Media.\" \/>\n<meta name=\"robots\" content=\"index, follow, max-snippet:-1, max-image-preview:large, max-video-preview:-1\" \/>\n<meta property=\"og:locale\" content=\"pl_PL\" \/>\n<meta property=\"og:type\" content=\"article\" \/>\n<meta property=\"og:title\" content=\"Kariera\" \/>\n<meta property=\"og:url\" content=\"https:\/\/moodmedia.com\/pl\/firma\/kariera\/\" \/>\n<meta property=\"og:site_name\" content=\"Mood Media Polska\" \/>\n<meta property=\"article:publisher\" content=\"https:\/\/www.facebook.com\/moodmediauk\/\" \/>\n<meta property=\"article:modified_time\" content=\"2024-03-13T11:11:37+00:00\" \/>\n<meta name=\"twitter:card\" content=\"summary_large_image\" \/>\n<meta name=\"twitter:site\" content=\"@MoodMedia_UK\" \/>\n<meta name=\"twitter:label1\" content=\"Szacowany czas czytania\" \/>\n\t<meta name=\"twitter:data1\" content=\"4 minuty\" \/>\n<script type=\"application\/ld+json\" class=\"yoast-schema-graph\">{\"@context\":\"https:\\\/\\\/schema.org\",\"@graph\":[{\"@type\":\"WebPage\",\"@id\":\"https:\\\/\\\/moodmedia.com\\\/pl\\\/firma\\\/kariera\\\/\",\"url\":\"https:\\\/\\\/moodmedia.com\\\/pl\\\/firma\\\/kariera\\\/\",\"name\":\"Kariera | Mood Media Polska\",\"isPartOf\":{\"@id\":\"https:\\\/\\\/moodmedia.com\\\/pl\\\/#website\"},\"datePublished\":\"2016-07-21T14:46:29+00:00\",\"dateModified\":\"2024-03-13T11:11:37+00:00\",\"description\":\"Jeste\u015bmy ekspertami muzycznymi, artystami cyfrowymi, profesjonalnymi konsultantami w obszarze brandingu i mistrzami obs\u0142ugi klienta. Przegl\u0105daj najnowsze oferty pracy w Mood Media.\",\"breadcrumb\":{\"@id\":\"https:\\\/\\\/moodmedia.com\\\/pl\\\/firma\\\/kariera\\\/#breadcrumb\"},\"inLanguage\":\"pl-PL\",\"potentialAction\":[{\"@type\":\"ReadAction\",\"target\":[\"https:\\\/\\\/moodmedia.com\\\/pl\\\/firma\\\/kariera\\\/\"]}]},{\"@type\":\"BreadcrumbList\",\"@id\":\"https:\\\/\\\/moodmedia.com\\\/pl\\\/firma\\\/kariera\\\/#breadcrumb\",\"itemListElement\":[{\"@type\":\"ListItem\",\"position\":1,\"name\":\"Home\",\"item\":\"https:\\\/\\\/moodmedia.com\\\/pl\\\/\"},{\"@type\":\"ListItem\",\"position\":2,\"name\":\"Nasza Firma\",\"item\":\"https:\\\/\\\/moodmedia.com\\\/pl\\\/firma\\\/\"},{\"@type\":\"ListItem\",\"position\":3,\"name\":\"Kariera\"}]},{\"@type\":\"WebSite\",\"@id\":\"https:\\\/\\\/moodmedia.com\\\/pl\\\/#website\",\"url\":\"https:\\\/\\\/moodmedia.com\\\/pl\\\/\",\"name\":\"Mood Media International\",\"description\":\"Experience. By Design\",\"publisher\":{\"@id\":\"https:\\\/\\\/moodmedia.com\\\/pl\\\/#organization\"},\"potentialAction\":[{\"@type\":\"SearchAction\",\"target\":{\"@type\":\"EntryPoint\",\"urlTemplate\":\"https:\\\/\\\/moodmedia.com\\\/pl\\\/?s={search_term_string}\"},\"query-input\":{\"@type\":\"PropertyValueSpecification\",\"valueRequired\":true,\"valueName\":\"search_term_string\"}}],\"inLanguage\":\"pl-PL\"},{\"@type\":\"Organization\",\"@id\":\"https:\\\/\\\/moodmedia.com\\\/pl\\\/#organization\",\"name\":\"Mood Media\",\"url\":\"https:\\\/\\\/moodmedia.com\\\/pl\\\/\",\"logo\":{\"@type\":\"ImageObject\",\"inLanguage\":\"pl-PL\",\"@id\":\"https:\\\/\\\/moodmedia.com\\\/pl\\\/#\\\/schema\\\/logo\\\/image\\\/\",\"url\":\"https:\\\/\\\/moodmedia.com\\\/wp-content\\\/uploads\\\/2017\\\/10\\\/mood-media-logo-400.jpg\",\"contentUrl\":\"https:\\\/\\\/moodmedia.com\\\/wp-content\\\/uploads\\\/2017\\\/10\\\/mood-media-logo-400.jpg\",\"width\":400,\"height\":115,\"caption\":\"Mood Media\"},\"image\":{\"@id\":\"https:\\\/\\\/moodmedia.com\\\/pl\\\/#\\\/schema\\\/logo\\\/image\\\/\"},\"sameAs\":[\"https:\\\/\\\/www.facebook.com\\\/moodmediauk\\\/\",\"https:\\\/\\\/x.com\\\/MoodMedia_UK\",\"https:\\\/\\\/www.linkedin.com\\\/company\\\/mood-media-uk\\\/\"]}]}<\/script>\n<!-- \/ Yoast SEO Premium plugin. -->","yoast_head_json":{"title":"Kariera | Mood Media Polska","description":"Jeste\u015bmy ekspertami muzycznymi, artystami cyfrowymi, profesjonalnymi konsultantami w obszarze brandingu i mistrzami obs\u0142ugi klienta. Przegl\u0105daj najnowsze oferty pracy w Mood Media.","robots":{"index":"index","follow":"follow","max-snippet":"max-snippet:-1","max-image-preview":"max-image-preview:large","max-video-preview":"max-video-preview:-1"},"og_locale":"pl_PL","og_type":"article","og_title":"Kariera","og_url":"https:\/\/moodmedia.com\/pl\/firma\/kariera\/","og_site_name":"Mood Media Polska","article_publisher":"https:\/\/www.facebook.com\/moodmediauk\/","article_modified_time":"2024-03-13T11:11:37+00:00","twitter_card":"summary_large_image","twitter_site":"@MoodMedia_UK","twitter_misc":{"Szacowany czas czytania":"4 minuty"},"schema":{"@context":"https:\/\/schema.org","@graph":[{"@type":"WebPage","@id":"https:\/\/moodmedia.com\/pl\/firma\/kariera\/","url":"https:\/\/moodmedia.com\/pl\/firma\/kariera\/","name":"Kariera | Mood Media Polska","isPartOf":{"@id":"https:\/\/moodmedia.com\/pl\/#website"},"datePublished":"2016-07-21T14:46:29+00:00","dateModified":"2024-03-13T11:11:37+00:00","description":"Jeste\u015bmy ekspertami muzycznymi, artystami cyfrowymi, profesjonalnymi konsultantami w obszarze brandingu i mistrzami obs\u0142ugi klienta. Przegl\u0105daj najnowsze oferty pracy w Mood Media.","breadcrumb":{"@id":"https:\/\/moodmedia.com\/pl\/firma\/kariera\/#breadcrumb"},"inLanguage":"pl-PL","potentialAction":[{"@type":"ReadAction","target":["https:\/\/moodmedia.com\/pl\/firma\/kariera\/"]}]},{"@type":"BreadcrumbList","@id":"https:\/\/moodmedia.com\/pl\/firma\/kariera\/#breadcrumb","itemListElement":[{"@type":"ListItem","position":1,"name":"Home","item":"https:\/\/moodmedia.com\/pl\/"},{"@type":"ListItem","position":2,"name":"Nasza Firma","item":"https:\/\/moodmedia.com\/pl\/firma\/"},{"@type":"ListItem","position":3,"name":"Kariera"}]},{"@type":"WebSite","@id":"https:\/\/moodmedia.com\/pl\/#website","url":"https:\/\/moodmedia.com\/pl\/","name":"Mood Media International","description":"Experience. By Design","publisher":{"@id":"https:\/\/moodmedia.com\/pl\/#organization"},"potentialAction":[{"@type":"SearchAction","target":{"@type":"EntryPoint","urlTemplate":"https:\/\/moodmedia.com\/pl\/?s={search_term_string}"},"query-input":{"@type":"PropertyValueSpecification","valueRequired":true,"valueName":"search_term_string"}}],"inLanguage":"pl-PL"},{"@type":"Organization","@id":"https:\/\/moodmedia.com\/pl\/#organization","name":"Mood Media","url":"https:\/\/moodmedia.com\/pl\/","logo":{"@type":"ImageObject","inLanguage":"pl-PL","@id":"https:\/\/moodmedia.com\/pl\/#\/schema\/logo\/image\/","url":"https:\/\/moodmedia.com\/wp-content\/uploads\/2017\/10\/mood-media-logo-400.jpg","contentUrl":"https:\/\/moodmedia.com\/wp-content\/uploads\/2017\/10\/mood-media-logo-400.jpg","width":400,"height":115,"caption":"Mood Media"},"image":{"@id":"https:\/\/moodmedia.com\/pl\/#\/schema\/logo\/image\/"},"sameAs":["https:\/\/www.facebook.com\/moodmediauk\/","https:\/\/x.com\/MoodMedia_UK","https:\/\/www.linkedin.com\/company\/mood-media-uk\/"]}]}},"_links":{"self":[{"href":"https:\/\/moodmedia.com\/pl\/wp-json\/wp\/v2\/pages\/227642","targetHints":{"allow":["GET"]}}],"collection":[{"href":"https:\/\/moodmedia.com\/pl\/wp-json\/wp\/v2\/pages"}],"about":[{"href":"https:\/\/moodmedia.com\/pl\/wp-json\/wp\/v2\/types\/page"}],"author":[{"embeddable":true,"href":"https:\/\/moodmedia.com\/pl\/wp-json\/wp\/v2\/users\/1"}],"replies":[{"embeddable":true,"href":"https:\/\/moodmedia.com\/pl\/wp-json\/wp\/v2\/comments?post=227642"}],"version-history":[{"count":0,"href":"https:\/\/moodmedia.com\/pl\/wp-json\/wp\/v2\/pages\/227642\/revisions"}],"up":[{"embeddable":true,"href":"https:\/\/moodmedia.com\/pl\/wp-json\/wp\/v2\/pages\/226368"}],"wp:attachment":[{"href":"https:\/\/moodmedia.com\/pl\/wp-json\/wp\/v2\/media?parent=227642"}],"curies":[{"name":"wp","href":"https:\/\/api.w.org\/{rel}","templated":true}]}}