{"id":249792,"date":"2021-09-16T10:17:54","date_gmt":"2021-09-16T09:17:54","guid":{"rendered":"https:\/\/moodmedia.com\/firma\/polityka-dotyczaca-plikow-cookie\/"},"modified":"2025-06-23T15:04:13","modified_gmt":"2025-06-23T14:04:13","slug":"polityka-dotyczaca-plikow-cookie","status":"publish","type":"page","link":"https:\/\/moodmedia.com\/pl\/firma\/polityka-dotyczaca-plikow-cookie\/","title":{"rendered":"Polityka dotycz\u0105ca plik\u00f3w cookie"},"content":{"rendered":"<p>[et_pb_section fb_built=&#8221;1&#8243; admin_label=&#8221;section&#8221; _builder_version=&#8221;4.16&#8243; global_colors_info=&#8221;{}&#8221;][et_pb_row admin_label=&#8221;row&#8221; _builder_version=&#8221;4.16&#8243; background_size=&#8221;initial&#8221; background_position=&#8221;top_left&#8221; background_repeat=&#8221;repeat&#8221; global_colors_info=&#8221;{}&#8221;][et_pb_column type=&#8221;4_4&#8243; _builder_version=&#8221;4.16&#8243; custom_padding=&#8221;|||&#8221; global_colors_info=&#8221;{}&#8221; custom_padding__hover=&#8221;|||&#8221;][et_pb_text _builder_version=&#8221;4.27.0&#8243; hover_enabled=&#8221;0&#8243; global_colors_info=&#8221;{}&#8221; sticky_enabled=&#8221;0&#8243;]<\/p>\n<h1>Polityka dotycz\u0105ca plik\u00f3w cookie<\/h1>\n<p>Niniejsze zasady (<strong>&#8222;Zasady dotycz\u0105ce plik\u00f3w cookie<\/strong>&#8222;) informuj\u0105 u\u017cytkownika o naszych zasadach dotycz\u0105cych wdra\u017cania plik\u00f3w cookie i podobnych system\u00f3w podczas odwiedzania witryny <a href=\"https:\/\/moodmedia.com\/\">moodmedia.com<\/a> (zwanej dalej<strong>&#8222;Witryn\u0105<\/strong>&#8222;) oraz o mo\u017cliwo\u015bciach wyboru zwi\u0105zanych z tymi technologiami. Witryna wykorzystuje pliki cookie i podobne technologie, aby poprawi\u0107 komfort korzystania z niej przez u\u017cytkownik\u00f3w i zapewni\u0107 jej sprawne dzia\u0142anie.<\/p>\n<p>Witryna jest obs\u0142ugiwana wsp\u00f3lnie przez Mood Media Corporation oraz jej sp\u00f3\u0142ki zale\u017cne i stowarzyszone na ca\u0142ym \u015bwiecie (\u0142\u0105cznie &#8222;Mood Media&#8221;; okre\u015blane r\u00f3wnie\u017c jako &#8222;my&#8221; lub &#8222;nas&#8221;). Mood MediaSp\u00f3\u0142ki zale\u017cne i stowarzyszone Korporacji s\u0105 wymienione w sekcji &#8222;Mood Media Podmioty&#8221; <a href=\"https:\/\/moodmedia.com\/pl\/firma\/polityka-prywatnosci\/\">Polityki<\/a> prywatno\u015bci. <\/p>\n<p><strong>1. Co to s\u0105 ciasteczka?<\/strong><\/p>\n<p>Pliki cookie to ma\u0142e pliki tekstowe, kt\u00f3re s\u0105 umieszczane na komputerze lub urz\u0105dzeniu u\u017cytkownika przez odwiedzane strony internetowe. S\u0105 one powszechnie stosowane w celu usprawnienia dzia\u0142ania stron internetowych, a tak\u017ce w celu dostarczania informacji w\u0142a\u015bcicielom stron internetowych. <\/p>\n<p><strong>2. W jaki spos\u00f3b korzystamy z plik\u00f3w cookie?<\/strong><\/p>\n<p>U\u017cywamy plik\u00f3w cookie do r\u00f3\u017cnych zada\u0144. Obejmuj\u0105 one umo\u017cliwienie skutecznego przegl\u0105dania stron, rejestrowanie i przechowywanie preferencji u\u017cytkownika oraz og\u00f3ln\u0105 popraw\u0119 komfortu korzystania z Internetu. Mog\u0105 one r\u00f3wnie\u017c pom\u00f3c w zapewnieniu, \u017ce reklamy, kt\u00f3re widzisz online, s\u0105 bardziej odpowiednie dla Ciebie.<br \/>Je\u015bli odwiedzasz nasz\u0105 stron\u0119 internetow\u0105, mo\u017cemy wdro\u017cy\u0107 te technologie, aby zapewni\u0107 us\u0142ug\u0119 online bardziej dostosowan\u0105 do urz\u0105dzenia, na kt\u00f3rym odwiedzasz. Gdy u\u017cytkownik odwiedza nasz\u0105 witryn\u0119 internetow\u0105, gromadzimy informacje na temat korzystania przez niego z witryny, takie jak informacje o urz\u0105dzeniu lub przegl\u0105darce u\u017cywanej do uzyskania dost\u0119pu do witryny, sposobie interakcji z ni\u0105 oraz adresie IP, z kt\u00f3rego \u0142\u0105czy si\u0119 urz\u0105dzenie. U\u017cytkownik mo\u017ce nie by\u0107 w stanie zainicjowa\u0107 lub uko\u0144czy\u0107 niekt\u00f3rych dzia\u0142a\u0144 w ramach naszych bezpiecznych us\u0142ug online, je\u015bli te pliki cookie lub podobne technologie nie zostan\u0105 zainstalowane.    <\/p>\n<p><strong>3. Jakiego rodzaju plik\u00f3w cookie u\u017cywamy?<\/strong><\/p>\n<p>3.1 Pliki cookie pierwszej i trzeciej strony<\/p>\n<p>W\u0142asne pliki cookie to pliki cookie ustawione przez odwiedzan\u0105 witryn\u0119. Tylko ta witryna mo\u017ce je odczyta\u0107. Ponadto strona internetowa mo\u017ce potencjalnie korzysta\u0107 z us\u0142ug zewn\u0119trznych, kt\u00f3re r\u00f3wnie\u017c ustawiaj\u0105 w\u0142asne pliki cookie, znane jako pliki cookie stron trzecich. Us\u0142ugi stron trzecich s\u0105 poza kontrol\u0105 Mood Media. Dostawcy mog\u0105 w dowolnym momencie zmieni\u0107 swoje warunki \u015bwiadczenia us\u0142ug, cel i wykorzystanie plik\u00f3w cookie itp.    <\/p>\n<p>3.2 Sesyjne pliki cookie a trwa\u0142e pliki cookie<\/p>\n<p>Niekt\u00f3re pliki cookie to &#8222;sesyjne pliki cookie&#8221;, kt\u00f3re pozostaj\u0105 tylko na czas trwania sesji przegl\u0105darki i s\u0105 usuwane po zamkni\u0119ciu przegl\u0105darki internetowej. Sesyjne pliki cookie trwaj\u0105 tylko tak d\u0142ugo, jak sesja online. Oznacza to, \u017ce znikn\u0105 one z komputera lub urz\u0105dzenia po zamkni\u0119ciu przegl\u0105darki. Dlatego te\u017c s\u0105 one czasami okre\u015blane jako tymczasowe pliki cookie. Inne to &#8222;trwa\u0142e pliki cookie&#8221;, kt\u00f3re pozostaj\u0105 na urz\u0105dzeniu lub komputerze przez pewien czas po zamkni\u0119ciu przegl\u0105darki internetowej. Te pliki cookie s\u0105 czasami nazywane sta\u0142ymi plikami cookie.     <\/p>\n<p>W szczeg\u00f3lno\u015bci u\u017cywamy wymienionych poni\u017cej plik\u00f3w cookie do nast\u0119puj\u0105cych cel\u00f3w:<\/p>\n<ul>\n<li>\u015aci\u015ble niezb\u0119dne pliki cookie<\/li>\n<li>Funkcjonalne pliki cookie<\/li>\n<li>Pliki cookie analityczne\/wydajno\u015bciowe<\/li>\n<li>Pliki cookie dotycz\u0105ce kierowania\/reklamy<\/li>\n<\/ul>\n<p><strong>Niezb\u0119dne pliki cookie<\/strong> s\u0105 niezb\u0119dne do dzia\u0142ania strony internetowej. Bez u\u017cycia tych plik\u00f3w cookie korzystanie z niekt\u00f3rych funkcji witryny mo\u017ce by\u0107 niemo\u017cliwe. Te pliki cookie s\u0105 niezb\u0119dne do dzia\u0142ania witryny i nie mo\u017cna ich wy\u0142\u0105czy\u0107 w naszych systemach. Pliki te nie przechowuj\u0105 \u017cadnych informacji umo\u017cliwiaj\u0105cych identyfikacj\u0119 u\u017cytkownika.   <\/p>\n<p><strong>Funkcjonalne pliki cookie<\/strong>: Te pliki cookie umo\u017cliwiaj\u0105 witrynie zapewnienie zwi\u0119kszonej funkcjonalno\u015bci i personalizacji. Funkcjonalne pliki cookie s\u0142u\u017c\u0105 do zapami\u0119tywania preferencji u\u017cytkownika, dzi\u0119ki czemu witryna mo\u017ce by\u0107 dostosowana do jego potrzeb. Je\u015bli u\u017cytkownik nie zezwoli na stosowanie tych plik\u00f3w cookie, niekt\u00f3re lub wszystkie us\u0142ugi mog\u0105 nie dzia\u0142a\u0107 prawid\u0142owo.  <\/p>\n<p><strong>Analityczne\/wydajno\u015bciowe pliki cookie<\/strong>: Te pliki cookie umo\u017cliwiaj\u0105 nam zliczanie odwiedzin i \u017ar\u00f3de\u0142 ruchu, dzi\u0119ki czemu mo\u017cemy mierzy\u0107 i poprawia\u0107 wydajno\u015b\u0107 naszej witryny. Pomagaj\u0105 nam dowiedzie\u0107 si\u0119, kt\u00f3re strony s\u0105 najbardziej i najmniej popularne oraz zobaczy\u0107, jak odwiedzaj\u0105cy poruszaj\u0105 si\u0119 po witrynie. Wszystkie informacje gromadzone przez te pliki cookie s\u0105 zagregowane, a zatem anonimowe. Je\u015bli u\u017cytkownik nie zezwoli na stosowanie tych plik\u00f3w cookie, nie b\u0119dziemy wiedzie\u0107, kiedy odwiedzi\u0142 nasz\u0105 witryn\u0119.   <\/p>\n<p><strong>Docelowe\/reklamowe pliki cookie<\/strong>: Targetuj\u0105ce lub reklamowe pliki cookie s\u0142u\u017c\u0105 do kierowania reklam do zainteresowa\u0144 u\u017cytkownik\u00f3w w oparciu o wcze\u015bniejsz\u0105 aktywno\u015b\u0107 przegl\u0105dania stron internetowych. Nie mog\u0105 one jednak okre\u015bli\u0107, kim jeste\u015b, poniewa\u017c zebrane dane nigdy nie s\u0105 powi\u0105zane z Twoim profilem. <\/p>\n<p>Poni\u017cej znajduje si\u0119 lista plik\u00f3w cookie wykorzystywanych w tej witrynie.<\/p>\n<p><script type=\"text\/javascript\" charset=\"UTF-8\" data-cookiescriptreport=\"report\" src=\"\/\/report.cookie-script.com\/r\/c404afde4de531b074caf2568b255dc7.js\"><\/script><\/p>\n<p><strong>4. Jak mo\u017cna zarz\u0105dza\u0107 plikami cookie?<\/strong><\/p>\n<p>Za ka\u017cdym razem, gdy odwiedzasz nasz\u0105 stron\u0119 internetow\u0105, zostaniesz poproszony o zaakceptowanie, odrzucenie lub zarz\u0105dzanie preferencjami dotycz\u0105cymi plik\u00f3w cookie.<br \/>Pliki cookie u\u017cywane na naszej stronie internetowej mo\u017cna w\u0142\u0105czy\u0107 lub wy\u0142\u0105czy\u0107 za pomoc\u0105 naszego narz\u0119dzia do wyra\u017cania zgody lub poprzez wy\u0142\u0105czenie plik\u00f3w cookie w przegl\u0105darce w nast\u0119puj\u0105cy spos\u00f3b:<\/p>\n<p>4.1. Narz\u0119dzie do wyra\u017cania zgody<\/p>\n<p>Narz\u0119dzie do wyra\u017cania zgody na pliki cookie mo\u017cna wykorzysta\u0107 do dostosowania preferencji dotycz\u0105cych plik\u00f3w cookie. Narz\u0119dzie zarejestruje, czy u\u017cytkownik wyrazi\u0142 zgod\u0119 na nasz\u0105 polityk\u0119 dotycz\u0105c\u0105 plik\u00f3w cookie. U\u017cytkownik mo\u017ce zmieni\u0107 swoje preferencje i wycofa\u0107 zgod\u0119 na pliki cookie w dowolnym momencie, przechodz\u0105c do ikony plik\u00f3w cookie wy\u015bwietlanej w lewym dolnym rogu naszej witryny i klikaj\u0105c opcj\u0119 <em>Zarz\u0105dzaj zgod\u0105<\/em>. Nie mo\u017cna wy\u0142\u0105czy\u0107 \u015bci\u015ble niezb\u0119dnych plik\u00f3w cookie, ani te\u017c u\u017cy\u0107 tego narz\u0119dzia do zablokowania plik\u00f3w cookie w witrynach internetowych os\u00f3b trzecich, do kt\u00f3rych \u0142\u0105cza znajduj\u0105 si\u0119 w naszej witrynie.<\/p>\n<p>4.2. Korzystanie z przegl\u0105darki<\/p>\n<p>Wi\u0119kszo\u015b\u0107 przegl\u0105darek umo\u017cliwia odrzucanie, akceptowanie i usuwanie plik\u00f3w cookie. Metody wykonywania tych czynno\u015bci r\u00f3\u017cni\u0105 si\u0119 w zale\u017cno\u015bci od przegl\u0105darki i wersji. Aktualne informacje na temat blokowania i usuwania plik\u00f3w cookie mo\u017cna jednak uzyska\u0107 za po\u015brednictwem tych \u0142\u0105czy:  <\/p>\n<ul>\n<li><a href=\"https:\/\/support.google.com\/chrome\/answer\/95647?hl=en\">Chrom<\/a><\/li>\n<li><a href=\"https:\/\/privacy.microsoft.com\/en-us\/windows-10-microsoft-edge-and-privacy\">Kraw\u0119d\u017a<\/a><\/li>\n<li><a href=\"https:\/\/support.mozilla.org\/en-US\/kb\/cookies-information-websites-store-on-your-computer\">Firefox<\/a><\/li>\n<li><a href=\"https:\/\/support.microsoft.com\/en-gb\/help\/17442\/windows-internet-explorer-delete-manage-cookies\">Internet Explorer<\/a><\/li>\n<li><a href=\"https:\/\/www.opera.com\/case-studies\/clean-browser-and-remove-trackers\">Opera<\/a><\/li>\n<li><a href=\"https:\/\/support.apple.com\/en-gb\/guide\/safari\/sfri11471\/mac\">Safari<\/a><\/li>\n<\/ul>\n<p>Pami\u0119taj jednak, \u017ce mo\u017cesz r\u00f3wnie\u017c utraci\u0107 niekt\u00f3re zapisane informacje (np. zapisane dane logowania, preferencje witryny). Zablokowanie wszystkich plik\u00f3w cookie b\u0119dzie mia\u0142o negatywny wp\u0142yw na u\u017cyteczno\u015b\u0107 wielu stron internetowych. W przypadku zablokowania plik\u00f3w cookie mo\u017cliwe jest, \u017ce u\u017cytkownik nie b\u0119dzie m\u00f3g\u0142 korzysta\u0107 ze wszystkich funkcji technicznych oferowanych przez nasz\u0105 witryn\u0119 i mo\u017ce to negatywnie wp\u0142yn\u0105\u0107 na komfort u\u017cytkowania.  <\/p>\n<p>Wi\u0119cej informacji na temat zarz\u0105dzania plikami cookie i ich usuwania mo\u017cna znale\u017a\u0107 pod adresem <a href=\"https:\/\/www.allaboutcookies.org\/\"><strong> https:\/\/www.allaboutcookies.org\/<\/strong><\/a>.<\/p>\n<p><strong>5. Pytania?<\/strong><\/p>\n<p>Aby uzyska\u0107 wi\u0119cej informacji, prosimy o kontakt z naszym specjalist\u0105 ds. ochrony prywatno\u015bci pod adresem <a href=\"mailto:dpo@moodmedia.com\">dpo@moodmedia.com<\/a>.<\/p>\n<p><strong>6. Modyfikacje i uzupe\u0142nienia niniejszej Polityki dotycz\u0105cej plik\u00f3w cookie<\/strong><\/p>\n<p>Od czasu do czasu mo\u017cemy aktualizowa\u0107 niniejsz\u0105 Polityk\u0119 dotycz\u0105c\u0105 plik\u00f3w cookie, aby odzwierciedli\u0107 na przyk\u0142ad zmiany w u\u017cywanych przez nas plikach cookie lub z innych powod\u00f3w operacyjnych, prawnych lub regulacyjnych. Dlatego prosimy o regularne odwiedzanie niniejszej Polityki dotycz\u0105cej plik\u00f3w cookie, aby by\u0107 na bie\u017c\u0105co z informacjami na temat korzystania przez nas z plik\u00f3w cookie i powi\u0105zanych technologii. <\/p>\n<p>Data umieszczona na dole niniejszej Polityki plik\u00f3w cookie wskazuje, kiedy by\u0142a ona ostatnio aktualizowana.<\/p>\n<p><em>Niniejsze zasady obowi\u0105zuj\u0105 od 15 wrze\u015bnia 2021 r.<\/em><\/p>\n<p>[\/et_pb_text][\/et_pb_column][\/et_pb_row][\/et_pb_section]<\/p>\n","protected":false},"excerpt":{"rendered":"<p>Polityka dotycz\u0105ca plik\u00f3w cookie Niniejsze zasady (&#8222;Zasady dotycz\u0105ce plik\u00f3w cookie&#8221;) informuj\u0105 u\u017cytkownika o naszych zasadach dotycz\u0105cych wdra\u017cania plik\u00f3w cookie i podobnych system\u00f3w podczas odwiedzania witryny moodmedia.com (zwanej dalej&#8221;Witryn\u0105&#8221;) oraz o mo\u017cliwo\u015bciach wyboru zwi\u0105zanych z tymi technologiami. Witryna wykorzystuje pliki cookie i podobne technologie, aby poprawi\u0107 komfort korzystania z niej przez u\u017cytkownik\u00f3w i zapewni\u0107 jej sprawne dzia\u0142anie. Witryna jest obs\u0142ugiwana wsp\u00f3lnie przez Mood Media Corporation oraz jej sp\u00f3\u0142ki zale\u017cne i stowarzyszone na ca\u0142ym \u015bwiecie (\u0142\u0105cznie &#8222;Mood Media&#8221;; okre\u015blane r\u00f3wnie\u017c jako &#8222;my&#8221; lub &#8222;nas&#8221;). Mood MediaSp\u00f3\u0142ki zale\u017cne i stowarzyszone Korporacji s\u0105 wymienione w sekcji &#8222;Mood Media Podmioty&#8221; Polityki prywatno\u015bci. 1. Co to s\u0105 ciasteczka? Pliki cookie to ma\u0142e pliki tekstowe, kt\u00f3re s\u0105 umieszczane na komputerze lub urz\u0105dzeniu u\u017cytkownika przez odwiedzane strony internetowe. S\u0105 one powszechnie stosowane w celu usprawnienia dzia\u0142ania stron internetowych, a tak\u017ce w celu dostarczania informacji w\u0142a\u015bcicielom stron internetowych. 2. W jaki spos\u00f3b korzystamy z plik\u00f3w cookie? U\u017cywamy plik\u00f3w cookie do r\u00f3\u017cnych zada\u0144. Obejmuj\u0105 one umo\u017cliwienie skutecznego przegl\u0105dania stron, rejestrowanie i przechowywanie preferencji u\u017cytkownika oraz og\u00f3ln\u0105 popraw\u0119 komfortu korzystania z Internetu. Mog\u0105 one r\u00f3wnie\u017c pom\u00f3c w zapewnieniu, \u017ce reklamy, kt\u00f3re widzisz online, s\u0105 bardziej odpowiednie dla Ciebie.Je\u015bli odwiedzasz nasz\u0105 stron\u0119 internetow\u0105, mo\u017cemy wdro\u017cy\u0107 te technologie, aby zapewni\u0107 us\u0142ug\u0119 online bardziej [&hellip;]<\/p>\n","protected":false},"author":9,"featured_media":0,"parent":226368,"menu_order":0,"comment_status":"closed","ping_status":"closed","template":"","meta":{"_et_pb_use_builder":"on","_et_pb_old_content":"","_et_gb_content_width":"","footnotes":""},"class_list":["post-249792","page","type-page","status-publish","hentry"],"yoast_head":"<!-- This site is optimized with the Yoast SEO Premium plugin v26.8 (Yoast SEO v27.3) - https:\/\/yoast.com\/product\/yoast-seo-premium-wordpress\/ -->\n<title>Polityka dotycz\u0105ca plik\u00f3w cookie | Mood Media Polska<\/title>\n<meta name=\"description\" content=\"Twoja prywatno\u015b\u0107 jest bardzo wa\u017cna dla Mood Media. Nasza polityka dotycz\u0105ca plik\u00f3w cookie znajduje si\u0119 tutaj.\" \/>\n<meta name=\"robots\" content=\"noindex, follow\" \/>\n<meta property=\"og:locale\" content=\"pl_PL\" \/>\n<meta property=\"og:type\" content=\"article\" \/>\n<meta property=\"og:title\" content=\"Polityka dotycz\u0105ca plik\u00f3w cookie\" \/>\n<meta property=\"og:url\" content=\"https:\/\/moodmedia.com\/pl\/firma\/polityka-dotyczaca-plikow-cookie\/\" \/>\n<meta property=\"og:site_name\" content=\"Mood Media Polska\" \/>\n<meta property=\"article:publisher\" content=\"https:\/\/www.facebook.com\/moodmediauk\/\" \/>\n<meta property=\"article:modified_time\" content=\"2025-06-23T14:04:13+00:00\" \/>\n<meta name=\"twitter:card\" content=\"summary_large_image\" \/>\n<meta name=\"twitter:site\" content=\"@MoodMedia_UK\" \/>\n<meta name=\"twitter:label1\" content=\"Szacowany czas czytania\" \/>\n\t<meta name=\"twitter:data1\" content=\"7 minut\" \/>\n<script type=\"application\/ld+json\" class=\"yoast-schema-graph\">{\"@context\":\"https:\\\/\\\/schema.org\",\"@graph\":[{\"@type\":\"WebPage\",\"@id\":\"https:\\\/\\\/moodmedia.com\\\/pl\\\/firma\\\/polityka-dotyczaca-plikow-cookie\\\/\",\"url\":\"https:\\\/\\\/moodmedia.com\\\/pl\\\/firma\\\/polityka-dotyczaca-plikow-cookie\\\/\",\"name\":\"Polityka dotycz\u0105ca plik\u00f3w cookie | Mood Media Polska\",\"isPartOf\":{\"@id\":\"https:\\\/\\\/moodmedia.com\\\/pl\\\/#website\"},\"datePublished\":\"2021-09-16T09:17:54+00:00\",\"dateModified\":\"2025-06-23T14:04:13+00:00\",\"description\":\"Twoja prywatno\u015b\u0107 jest bardzo wa\u017cna dla Mood Media. Nasza polityka dotycz\u0105ca plik\u00f3w cookie znajduje si\u0119 tutaj.\",\"breadcrumb\":{\"@id\":\"https:\\\/\\\/moodmedia.com\\\/pl\\\/firma\\\/polityka-dotyczaca-plikow-cookie\\\/#breadcrumb\"},\"inLanguage\":\"pl-PL\",\"potentialAction\":[{\"@type\":\"ReadAction\",\"target\":[\"https:\\\/\\\/moodmedia.com\\\/pl\\\/firma\\\/polityka-dotyczaca-plikow-cookie\\\/\"]}]},{\"@type\":\"BreadcrumbList\",\"@id\":\"https:\\\/\\\/moodmedia.com\\\/pl\\\/firma\\\/polityka-dotyczaca-plikow-cookie\\\/#breadcrumb\",\"itemListElement\":[{\"@type\":\"ListItem\",\"position\":1,\"name\":\"Home\",\"item\":\"https:\\\/\\\/moodmedia.com\\\/pl\\\/\"},{\"@type\":\"ListItem\",\"position\":2,\"name\":\"Nasza Firma\",\"item\":\"https:\\\/\\\/moodmedia.com\\\/pl\\\/firma\\\/\"},{\"@type\":\"ListItem\",\"position\":3,\"name\":\"Polityka dotycz\u0105ca plik\u00f3w cookie\"}]},{\"@type\":\"WebSite\",\"@id\":\"https:\\\/\\\/moodmedia.com\\\/pl\\\/#website\",\"url\":\"https:\\\/\\\/moodmedia.com\\\/pl\\\/\",\"name\":\"Mood Media International\",\"description\":\"Experience. By Design\",\"publisher\":{\"@id\":\"https:\\\/\\\/moodmedia.com\\\/pl\\\/#organization\"},\"potentialAction\":[{\"@type\":\"SearchAction\",\"target\":{\"@type\":\"EntryPoint\",\"urlTemplate\":\"https:\\\/\\\/moodmedia.com\\\/pl\\\/?s={search_term_string}\"},\"query-input\":{\"@type\":\"PropertyValueSpecification\",\"valueRequired\":true,\"valueName\":\"search_term_string\"}}],\"inLanguage\":\"pl-PL\"},{\"@type\":\"Organization\",\"@id\":\"https:\\\/\\\/moodmedia.com\\\/pl\\\/#organization\",\"name\":\"Mood Media\",\"url\":\"https:\\\/\\\/moodmedia.com\\\/pl\\\/\",\"logo\":{\"@type\":\"ImageObject\",\"inLanguage\":\"pl-PL\",\"@id\":\"https:\\\/\\\/moodmedia.com\\\/pl\\\/#\\\/schema\\\/logo\\\/image\\\/\",\"url\":\"https:\\\/\\\/moodmedia.com\\\/wp-content\\\/uploads\\\/2017\\\/10\\\/mood-media-logo-400.jpg\",\"contentUrl\":\"https:\\\/\\\/moodmedia.com\\\/wp-content\\\/uploads\\\/2017\\\/10\\\/mood-media-logo-400.jpg\",\"width\":400,\"height\":115,\"caption\":\"Mood Media\"},\"image\":{\"@id\":\"https:\\\/\\\/moodmedia.com\\\/pl\\\/#\\\/schema\\\/logo\\\/image\\\/\"},\"sameAs\":[\"https:\\\/\\\/www.facebook.com\\\/moodmediauk\\\/\",\"https:\\\/\\\/x.com\\\/MoodMedia_UK\",\"https:\\\/\\\/www.linkedin.com\\\/company\\\/mood-media-uk\\\/\"]}]}<\/script>\n<!-- \/ Yoast SEO Premium plugin. -->","yoast_head_json":{"title":"Polityka dotycz\u0105ca plik\u00f3w cookie | Mood Media Polska","description":"Twoja prywatno\u015b\u0107 jest bardzo wa\u017cna dla Mood Media. Nasza polityka dotycz\u0105ca plik\u00f3w cookie znajduje si\u0119 tutaj.","robots":{"index":"noindex","follow":"follow"},"og_locale":"pl_PL","og_type":"article","og_title":"Polityka dotycz\u0105ca plik\u00f3w cookie","og_url":"https:\/\/moodmedia.com\/pl\/firma\/polityka-dotyczaca-plikow-cookie\/","og_site_name":"Mood Media Polska","article_publisher":"https:\/\/www.facebook.com\/moodmediauk\/","article_modified_time":"2025-06-23T14:04:13+00:00","twitter_card":"summary_large_image","twitter_site":"@MoodMedia_UK","twitter_misc":{"Szacowany czas czytania":"7 minut"},"schema":{"@context":"https:\/\/schema.org","@graph":[{"@type":"WebPage","@id":"https:\/\/moodmedia.com\/pl\/firma\/polityka-dotyczaca-plikow-cookie\/","url":"https:\/\/moodmedia.com\/pl\/firma\/polityka-dotyczaca-plikow-cookie\/","name":"Polityka dotycz\u0105ca plik\u00f3w cookie | Mood Media Polska","isPartOf":{"@id":"https:\/\/moodmedia.com\/pl\/#website"},"datePublished":"2021-09-16T09:17:54+00:00","dateModified":"2025-06-23T14:04:13+00:00","description":"Twoja prywatno\u015b\u0107 jest bardzo wa\u017cna dla Mood Media. Nasza polityka dotycz\u0105ca plik\u00f3w cookie znajduje si\u0119 tutaj.","breadcrumb":{"@id":"https:\/\/moodmedia.com\/pl\/firma\/polityka-dotyczaca-plikow-cookie\/#breadcrumb"},"inLanguage":"pl-PL","potentialAction":[{"@type":"ReadAction","target":["https:\/\/moodmedia.com\/pl\/firma\/polityka-dotyczaca-plikow-cookie\/"]}]},{"@type":"BreadcrumbList","@id":"https:\/\/moodmedia.com\/pl\/firma\/polityka-dotyczaca-plikow-cookie\/#breadcrumb","itemListElement":[{"@type":"ListItem","position":1,"name":"Home","item":"https:\/\/moodmedia.com\/pl\/"},{"@type":"ListItem","position":2,"name":"Nasza Firma","item":"https:\/\/moodmedia.com\/pl\/firma\/"},{"@type":"ListItem","position":3,"name":"Polityka dotycz\u0105ca plik\u00f3w cookie"}]},{"@type":"WebSite","@id":"https:\/\/moodmedia.com\/pl\/#website","url":"https:\/\/moodmedia.com\/pl\/","name":"Mood Media International","description":"Experience. By Design","publisher":{"@id":"https:\/\/moodmedia.com\/pl\/#organization"},"potentialAction":[{"@type":"SearchAction","target":{"@type":"EntryPoint","urlTemplate":"https:\/\/moodmedia.com\/pl\/?s={search_term_string}"},"query-input":{"@type":"PropertyValueSpecification","valueRequired":true,"valueName":"search_term_string"}}],"inLanguage":"pl-PL"},{"@type":"Organization","@id":"https:\/\/moodmedia.com\/pl\/#organization","name":"Mood Media","url":"https:\/\/moodmedia.com\/pl\/","logo":{"@type":"ImageObject","inLanguage":"pl-PL","@id":"https:\/\/moodmedia.com\/pl\/#\/schema\/logo\/image\/","url":"https:\/\/moodmedia.com\/wp-content\/uploads\/2017\/10\/mood-media-logo-400.jpg","contentUrl":"https:\/\/moodmedia.com\/wp-content\/uploads\/2017\/10\/mood-media-logo-400.jpg","width":400,"height":115,"caption":"Mood Media"},"image":{"@id":"https:\/\/moodmedia.com\/pl\/#\/schema\/logo\/image\/"},"sameAs":["https:\/\/www.facebook.com\/moodmediauk\/","https:\/\/x.com\/MoodMedia_UK","https:\/\/www.linkedin.com\/company\/mood-media-uk\/"]}]}},"_links":{"self":[{"href":"https:\/\/moodmedia.com\/pl\/wp-json\/wp\/v2\/pages\/249792","targetHints":{"allow":["GET"]}}],"collection":[{"href":"https:\/\/moodmedia.com\/pl\/wp-json\/wp\/v2\/pages"}],"about":[{"href":"https:\/\/moodmedia.com\/pl\/wp-json\/wp\/v2\/types\/page"}],"author":[{"embeddable":true,"href":"https:\/\/moodmedia.com\/pl\/wp-json\/wp\/v2\/users\/9"}],"replies":[{"embeddable":true,"href":"https:\/\/moodmedia.com\/pl\/wp-json\/wp\/v2\/comments?post=249792"}],"version-history":[{"count":0,"href":"https:\/\/moodmedia.com\/pl\/wp-json\/wp\/v2\/pages\/249792\/revisions"}],"up":[{"embeddable":true,"href":"https:\/\/moodmedia.com\/pl\/wp-json\/wp\/v2\/pages\/226368"}],"wp:attachment":[{"href":"https:\/\/moodmedia.com\/pl\/wp-json\/wp\/v2\/media?parent=249792"}],"curies":[{"name":"wp","href":"https:\/\/api.w.org\/{rel}","templated":true}]}}