{"id":360054,"date":"2016-06-22T19:49:30","date_gmt":"2016-06-22T18:49:30","guid":{"rendered":"https:\/\/moodmedia.com\/firma\/wiadomosci\/"},"modified":"2023-04-24T14:33:11","modified_gmt":"2023-04-24T13:33:11","slug":"wiadomosci","status":"publish","type":"page","link":"https:\/\/moodmedia.com\/pl\/firma\/wiadomosci\/","title":{"rendered":"Wiadomo\u015bci"},"content":{"rendered":"<p>[et_pb_section fb_built=&#8221;1&#8243; custom_padding_last_edited=&#8221;on|desktop&#8221; _builder_version=&#8221;3.22.3&#8243; background_color=&#8221;#eeeeee&#8221; custom_padding_tablet=&#8221;50px|0|50px|0&#8243; custom_padding_phone=&#8221;&#8221; transparent_background=&#8221;off&#8221; padding_mobile=&#8221;off&#8221; make_fullwidth=&#8221;off&#8221; use_custom_width=&#8221;off&#8221; width_unit=&#8221;on&#8221;][et_pb_row column_structure=&#8221;2_3,1_3&#8243; _builder_version=&#8221;3.25&#8243; background_size=&#8221;initial&#8221; background_position=&#8221;top_left&#8221; background_repeat=&#8221;repeat&#8221;][et_pb_column type=&#8221;2_3&#8243; _builder_version=&#8221;3.25&#8243; custom_padding=&#8221;|||&#8221; hover_enabled=&#8221;0&#8243; custom_padding__hover=&#8221;|||&#8221; sticky_enabled=&#8221;0&#8243;][et_pb_blog include_categories=&#8221;47&#8243; show_thumbnail=&#8221;off&#8221; show_author=&#8221;off&#8221; show_categories=&#8221;off&#8221; _builder_version=&#8221;3.22.7&#8243; hover_enabled=&#8221;0&#8243; sticky_enabled=&#8221;0&#8243;][\/et_pb_blog][\/et_pb_column][et_pb_column type=&#8221;1_3&#8243; _builder_version=&#8221;3.25&#8243; custom_padding=&#8221;|||&#8221; custom_padding__hover=&#8221;|||&#8221;][et_pb_sidebar orientation=&#8221;right&#8221; area=&#8221;et_pb_widget_area_2&#8243; _builder_version=&#8221;3.0.74&#8243; hover_enabled=&#8221;0&#8243; remove_border=&#8221;off&#8221; sticky_enabled=&#8221;0&#8243;][\/et_pb_sidebar][\/et_pb_column][\/et_pb_row][\/et_pb_section]<\/p>\n","protected":false},"excerpt":{"rendered":"","protected":false},"author":1,"featured_media":0,"parent":226368,"menu_order":0,"comment_status":"closed","ping_status":"closed","template":"","meta":{"_et_pb_use_builder":"on","_et_pb_old_content":"","_et_gb_content_width":"","footnotes":""},"class_list":["post-360054","page","type-page","status-publish","hentry"],"yoast_head":"<!-- This site is optimized with the Yoast SEO Premium plugin v26.8 (Yoast SEO v27.3) - https:\/\/yoast.com\/product\/yoast-seo-premium-wordpress\/ -->\n<title>Wiadomo\u015bci - Mood Media Polska<\/title>\n<meta name=\"description\" content=\"Poznaj najnowsze wiadomo\u015bci ze \u015bwiata Mood Media. Zdob\u0105d\u017a wiedz\u0119 si\u0119 o innowacjach i nowinkach w dziedzinie technologii medialnych w sklepach oraz o tym, jak pomagamy najlepszym markom na \u015bwiecie podnosi\u0107 jako\u015b\u0107 do\u015bwiadcze\u0144 klient\u00f3w dzi\u0119ki wykorzystaniu rozwi\u0105za\u0144 w sferze wizualnej, d\u017awi\u0119kowej, zapachowej, spo\u0142eczno\u015bciowej i systemowej.\" \/>\n<meta name=\"robots\" content=\"index, follow, max-snippet:-1, max-image-preview:large, max-video-preview:-1\" \/>\n<meta property=\"og:locale\" content=\"pl_PL\" \/>\n<meta property=\"og:type\" content=\"article\" \/>\n<meta property=\"og:title\" content=\"Wiadomo\u015bci\" \/>\n<meta property=\"og:url\" content=\"https:\/\/moodmedia.com\/pl\/firma\/wiadomosci\/\" \/>\n<meta property=\"og:site_name\" content=\"Mood Media Polska\" \/>\n<meta property=\"article:publisher\" content=\"https:\/\/www.facebook.com\/moodmediauk\/\" \/>\n<meta property=\"article:modified_time\" content=\"2023-04-24T13:33:11+00:00\" \/>\n<meta name=\"twitter:card\" content=\"summary_large_image\" \/>\n<meta name=\"twitter:site\" content=\"@MoodMedia_UK\" \/>\n<meta name=\"twitter:label1\" content=\"Szacowany czas czytania\" \/>\n\t<meta name=\"twitter:data1\" content=\"1 minuta\" \/>\n<script type=\"application\/ld+json\" class=\"yoast-schema-graph\">{\"@context\":\"https:\\\/\\\/schema.org\",\"@graph\":[{\"@type\":\"WebPage\",\"@id\":\"https:\\\/\\\/moodmedia.com\\\/pl\\\/firma\\\/wiadomosci\\\/\",\"url\":\"https:\\\/\\\/moodmedia.com\\\/pl\\\/firma\\\/wiadomosci\\\/\",\"name\":\"Wiadomo\u015bci - Mood Media Polska\",\"isPartOf\":{\"@id\":\"https:\\\/\\\/moodmedia.com\\\/pl\\\/#website\"},\"datePublished\":\"2016-06-22T18:49:30+00:00\",\"dateModified\":\"2023-04-24T13:33:11+00:00\",\"description\":\"Poznaj najnowsze wiadomo\u015bci ze \u015bwiata Mood Media. Zdob\u0105d\u017a wiedz\u0119 si\u0119 o innowacjach i nowinkach w dziedzinie technologii medialnych w sklepach oraz o tym, jak pomagamy najlepszym markom na \u015bwiecie podnosi\u0107 jako\u015b\u0107 do\u015bwiadcze\u0144 klient\u00f3w dzi\u0119ki wykorzystaniu rozwi\u0105za\u0144 w sferze wizualnej, d\u017awi\u0119kowej, zapachowej, spo\u0142eczno\u015bciowej i systemowej.\",\"breadcrumb\":{\"@id\":\"https:\\\/\\\/moodmedia.com\\\/pl\\\/firma\\\/wiadomosci\\\/#breadcrumb\"},\"inLanguage\":\"pl-PL\",\"potentialAction\":[{\"@type\":\"ReadAction\",\"target\":[\"https:\\\/\\\/moodmedia.com\\\/pl\\\/firma\\\/wiadomosci\\\/\"]}]},{\"@type\":\"BreadcrumbList\",\"@id\":\"https:\\\/\\\/moodmedia.com\\\/pl\\\/firma\\\/wiadomosci\\\/#breadcrumb\",\"itemListElement\":[{\"@type\":\"ListItem\",\"position\":1,\"name\":\"Home\",\"item\":\"https:\\\/\\\/moodmedia.com\\\/pl\\\/\"},{\"@type\":\"ListItem\",\"position\":2,\"name\":\"Nasza Firma\",\"item\":\"https:\\\/\\\/moodmedia.com\\\/pl\\\/firma\\\/\"},{\"@type\":\"ListItem\",\"position\":3,\"name\":\"Wiadomo\u015bci\"}]},{\"@type\":\"WebSite\",\"@id\":\"https:\\\/\\\/moodmedia.com\\\/pl\\\/#website\",\"url\":\"https:\\\/\\\/moodmedia.com\\\/pl\\\/\",\"name\":\"Mood Media International\",\"description\":\"Experience. By Design\",\"publisher\":{\"@id\":\"https:\\\/\\\/moodmedia.com\\\/pl\\\/#organization\"},\"potentialAction\":[{\"@type\":\"SearchAction\",\"target\":{\"@type\":\"EntryPoint\",\"urlTemplate\":\"https:\\\/\\\/moodmedia.com\\\/pl\\\/?s={search_term_string}\"},\"query-input\":{\"@type\":\"PropertyValueSpecification\",\"valueRequired\":true,\"valueName\":\"search_term_string\"}}],\"inLanguage\":\"pl-PL\"},{\"@type\":\"Organization\",\"@id\":\"https:\\\/\\\/moodmedia.com\\\/pl\\\/#organization\",\"name\":\"Mood Media\",\"url\":\"https:\\\/\\\/moodmedia.com\\\/pl\\\/\",\"logo\":{\"@type\":\"ImageObject\",\"inLanguage\":\"pl-PL\",\"@id\":\"https:\\\/\\\/moodmedia.com\\\/pl\\\/#\\\/schema\\\/logo\\\/image\\\/\",\"url\":\"https:\\\/\\\/moodmedia.com\\\/wp-content\\\/uploads\\\/2017\\\/10\\\/mood-media-logo-400.jpg\",\"contentUrl\":\"https:\\\/\\\/moodmedia.com\\\/wp-content\\\/uploads\\\/2017\\\/10\\\/mood-media-logo-400.jpg\",\"width\":400,\"height\":115,\"caption\":\"Mood Media\"},\"image\":{\"@id\":\"https:\\\/\\\/moodmedia.com\\\/pl\\\/#\\\/schema\\\/logo\\\/image\\\/\"},\"sameAs\":[\"https:\\\/\\\/www.facebook.com\\\/moodmediauk\\\/\",\"https:\\\/\\\/x.com\\\/MoodMedia_UK\",\"https:\\\/\\\/www.linkedin.com\\\/company\\\/mood-media-uk\\\/\"]}]}<\/script>\n<!-- \/ Yoast SEO Premium plugin. -->","yoast_head_json":{"title":"Wiadomo\u015bci - Mood Media Polska","description":"Poznaj najnowsze wiadomo\u015bci ze \u015bwiata Mood Media. Zdob\u0105d\u017a wiedz\u0119 si\u0119 o innowacjach i nowinkach w dziedzinie technologii medialnych w sklepach oraz o tym, jak pomagamy najlepszym markom na \u015bwiecie podnosi\u0107 jako\u015b\u0107 do\u015bwiadcze\u0144 klient\u00f3w dzi\u0119ki wykorzystaniu rozwi\u0105za\u0144 w sferze wizualnej, d\u017awi\u0119kowej, zapachowej, spo\u0142eczno\u015bciowej i systemowej.","robots":{"index":"index","follow":"follow","max-snippet":"max-snippet:-1","max-image-preview":"max-image-preview:large","max-video-preview":"max-video-preview:-1"},"og_locale":"pl_PL","og_type":"article","og_title":"Wiadomo\u015bci","og_url":"https:\/\/moodmedia.com\/pl\/firma\/wiadomosci\/","og_site_name":"Mood Media Polska","article_publisher":"https:\/\/www.facebook.com\/moodmediauk\/","article_modified_time":"2023-04-24T13:33:11+00:00","twitter_card":"summary_large_image","twitter_site":"@MoodMedia_UK","twitter_misc":{"Szacowany czas czytania":"1 minuta"},"schema":{"@context":"https:\/\/schema.org","@graph":[{"@type":"WebPage","@id":"https:\/\/moodmedia.com\/pl\/firma\/wiadomosci\/","url":"https:\/\/moodmedia.com\/pl\/firma\/wiadomosci\/","name":"Wiadomo\u015bci - Mood Media Polska","isPartOf":{"@id":"https:\/\/moodmedia.com\/pl\/#website"},"datePublished":"2016-06-22T18:49:30+00:00","dateModified":"2023-04-24T13:33:11+00:00","description":"Poznaj najnowsze wiadomo\u015bci ze \u015bwiata Mood Media. Zdob\u0105d\u017a wiedz\u0119 si\u0119 o innowacjach i nowinkach w dziedzinie technologii medialnych w sklepach oraz o tym, jak pomagamy najlepszym markom na \u015bwiecie podnosi\u0107 jako\u015b\u0107 do\u015bwiadcze\u0144 klient\u00f3w dzi\u0119ki wykorzystaniu rozwi\u0105za\u0144 w sferze wizualnej, d\u017awi\u0119kowej, zapachowej, spo\u0142eczno\u015bciowej i systemowej.","breadcrumb":{"@id":"https:\/\/moodmedia.com\/pl\/firma\/wiadomosci\/#breadcrumb"},"inLanguage":"pl-PL","potentialAction":[{"@type":"ReadAction","target":["https:\/\/moodmedia.com\/pl\/firma\/wiadomosci\/"]}]},{"@type":"BreadcrumbList","@id":"https:\/\/moodmedia.com\/pl\/firma\/wiadomosci\/#breadcrumb","itemListElement":[{"@type":"ListItem","position":1,"name":"Home","item":"https:\/\/moodmedia.com\/pl\/"},{"@type":"ListItem","position":2,"name":"Nasza Firma","item":"https:\/\/moodmedia.com\/pl\/firma\/"},{"@type":"ListItem","position":3,"name":"Wiadomo\u015bci"}]},{"@type":"WebSite","@id":"https:\/\/moodmedia.com\/pl\/#website","url":"https:\/\/moodmedia.com\/pl\/","name":"Mood Media International","description":"Experience. By Design","publisher":{"@id":"https:\/\/moodmedia.com\/pl\/#organization"},"potentialAction":[{"@type":"SearchAction","target":{"@type":"EntryPoint","urlTemplate":"https:\/\/moodmedia.com\/pl\/?s={search_term_string}"},"query-input":{"@type":"PropertyValueSpecification","valueRequired":true,"valueName":"search_term_string"}}],"inLanguage":"pl-PL"},{"@type":"Organization","@id":"https:\/\/moodmedia.com\/pl\/#organization","name":"Mood Media","url":"https:\/\/moodmedia.com\/pl\/","logo":{"@type":"ImageObject","inLanguage":"pl-PL","@id":"https:\/\/moodmedia.com\/pl\/#\/schema\/logo\/image\/","url":"https:\/\/moodmedia.com\/wp-content\/uploads\/2017\/10\/mood-media-logo-400.jpg","contentUrl":"https:\/\/moodmedia.com\/wp-content\/uploads\/2017\/10\/mood-media-logo-400.jpg","width":400,"height":115,"caption":"Mood Media"},"image":{"@id":"https:\/\/moodmedia.com\/pl\/#\/schema\/logo\/image\/"},"sameAs":["https:\/\/www.facebook.com\/moodmediauk\/","https:\/\/x.com\/MoodMedia_UK","https:\/\/www.linkedin.com\/company\/mood-media-uk\/"]}]}},"_links":{"self":[{"href":"https:\/\/moodmedia.com\/pl\/wp-json\/wp\/v2\/pages\/360054","targetHints":{"allow":["GET"]}}],"collection":[{"href":"https:\/\/moodmedia.com\/pl\/wp-json\/wp\/v2\/pages"}],"about":[{"href":"https:\/\/moodmedia.com\/pl\/wp-json\/wp\/v2\/types\/page"}],"author":[{"embeddable":true,"href":"https:\/\/moodmedia.com\/pl\/wp-json\/wp\/v2\/users\/1"}],"replies":[{"embeddable":true,"href":"https:\/\/moodmedia.com\/pl\/wp-json\/wp\/v2\/comments?post=360054"}],"version-history":[{"count":0,"href":"https:\/\/moodmedia.com\/pl\/wp-json\/wp\/v2\/pages\/360054\/revisions"}],"up":[{"embeddable":true,"href":"https:\/\/moodmedia.com\/pl\/wp-json\/wp\/v2\/pages\/226368"}],"wp:attachment":[{"href":"https:\/\/moodmedia.com\/pl\/wp-json\/wp\/v2\/media?parent=360054"}],"curies":[{"name":"wp","href":"https:\/\/api.w.org\/{rel}","templated":true}]}}