{"id":207571,"date":"2021-06-22T16:53:18","date_gmt":"2021-06-22T15:53:18","guid":{"rendered":"https:\/\/moodmedia.com\/trimiteri-muzicale\/"},"modified":"2025-06-03T13:47:52","modified_gmt":"2025-06-03T12:47:52","slug":"trimiteri-muzicale","status":"publish","type":"page","link":"https:\/\/moodmedia.com\/ro\/contacteaza-ne\/trimiteri-muzicale\/","title":{"rendered":"Trimiteri muzicale"},"content":{"rendered":"<p>[et_pb_section fb_built=&#8221;1&#8243; _builder_version=&#8221;4.19.4&#8243; _module_preset=&#8221;default&#8221; background_color=&#8221;#d6d6d6&#8243; background_image=&#8221;https:\/\/moodmedia.com\/wp-content\/uploads\/2025\/06\/music-submissions-hero.webp&#8221; background_blend=&#8221;multiply&#8221; global_colors_info=&#8221;{}&#8221; theme_builder_area=&#8221;post_content&#8221;][et_pb_row column_structure=&#8221;3_5,2_5&#8243; _builder_version=&#8221;4.17.4&#8243; _module_preset=&#8221;default&#8221; global_colors_info=&#8221;{}&#8221; theme_builder_area=&#8221;post_content&#8221;][et_pb_column type=&#8221;3_5&#8243; _builder_version=&#8221;4.17.4&#8243; _module_preset=&#8221;default&#8221; global_colors_info=&#8221;{}&#8221; theme_builder_area=&#8221;post_content&#8221;][et_pb_text _builder_version=&#8221;4.19.4&#8243; _module_preset=&#8221;default&#8221; text_orientation=&#8221;center&#8221; background_layout=&#8221;dark&#8221; global_colors_info=&#8221;{}&#8221; theme_builder_area=&#8221;post_content&#8221;]<\/p>\n<h1 class=\"bold new-hero\">TRIMITE\u021aI MUZICA DVS.<\/h1>\n<p>[\/et_pb_text][et_pb_text _builder_version=&#8221;4.19.4&#8243; background_color=&#8221;#FFFFFF&#8221; background_size=&#8221;initial&#8221; background_position=&#8221;top_left&#8221; background_repeat=&#8221;repeat&#8221; module_alignment=&#8221;center&#8221; custom_padding=&#8221;30px|30px|30px|30px|false|false&#8221; border_radii=&#8221;on|10px|10px|10px|10px&#8221; use_border_color=&#8221;off&#8221; border_color=&#8221;#ffffff&#8221; border_style=&#8221;solid&#8221; global_colors_info=&#8221;{}&#8221; theme_builder_area=&#8221;post_content&#8221;]<\/p>\n<p class=\"intro2\"><b>**V\u0103 rug\u0103m s\u0103 citi\u021bi aceste instruc\u021biuni \u00een \u00eentregime, deoarece con\u021bin linii directoare importante pentru trimitere.**<\/b><\/p>\n<p class=\"intro2\">Dac\u0103 nu urma\u021bi ace\u0219ti pa\u0219i, trimiterea dvs. nu va fi luat\u0103 \u00een considerare. Pentru \u00eentreb\u0103ri referitoare la redeven\u021bele existente, v\u0103 rug\u0103m s\u0103 contacta\u021bi <a href=\"mailto:royalties@moodmedia.com\" target=\"_blank\" rel=\"noopener noreferrer\">royalties@moodmedia.com<\/a> . <\/p>\n<p>[\/et_pb_text][\/et_pb_column][et_pb_column type=&#8221;2_5&#8243; _builder_version=&#8221;4.17.4&#8243; _module_preset=&#8221;default&#8221; global_colors_info=&#8221;{}&#8221; theme_builder_area=&#8221;post_content&#8221;][\/et_pb_column][\/et_pb_row][\/et_pb_section][et_pb_section fb_built=&#8221;1&#8243; _builder_version=&#8221;4.16&#8243; global_colors_info=&#8221;{}&#8221; theme_builder_area=&#8221;post_content&#8221;][et_pb_row column_structure=&#8221;1_2,1_2&#8243; _builder_version=&#8221;4.16&#8243; background_size=&#8221;initial&#8221; background_position=&#8221;top_left&#8221; background_repeat=&#8221;repeat&#8221; global_colors_info=&#8221;{}&#8221; theme_builder_area=&#8221;post_content&#8221;][et_pb_column type=&#8221;1_2&#8243; _builder_version=&#8221;4.16&#8243; custom_padding=&#8221;|||&#8221; global_colors_info=&#8221;{}&#8221; custom_padding__hover=&#8221;|||&#8221; theme_builder_area=&#8221;post_content&#8221;][et_pb_text _builder_version=&#8221;4.19.4&#8243; background_size=&#8221;initial&#8221; background_position=&#8221;top_left&#8221; background_repeat=&#8221;repeat&#8221; use_border_color=&#8221;off&#8221; border_color=&#8221;#ffffff&#8221; border_style=&#8221;solid&#8221; global_colors_info=&#8221;{}&#8221; theme_builder_area=&#8221;post_content&#8221;]<\/p>\n<p class=\"intro2\">V\u0103 mul\u021bumim pentru interesul dumneavoastr\u0103 de a v\u0103 trimite muzica la Mood Media. V\u0103 rug\u0103m s\u0103 parcurge\u021bi urm\u0103torii pa\u0219i cu privire la trimiterea con\u021binutului dvs. muzical: <\/p>\n<h3 class=\"moodred\"><b>Ghid de trimitere:<\/b><\/h3>\n<p>1. Trimite\u021bi un link c\u0103tre un tonomat digital online la <a href=\"mailto:musicsubmissions@moodmedia.com\">musicsubmissions@moodmedia.com<\/a> , de preferin\u021b\u0103 unul precum <a href=\"https:\/\/www.soundcloud.com\/\">www.Soundcloud.com<\/a> sau <a href=\"https:\/\/www.beatport.com\/\">www.beatport.com<\/a> , pentru ca designerii no\u0219tri s\u0103 v\u0103 previzualizeze piesele.<\/p>\n<p>2. <strong>Atunci c\u00e2nd trimite\u021bi muzica dvs., trebuie s\u0103 include\u021bi numele casei dvs. de discuri, stilul\/genul muzical \u0219i \u201eUnlicensed with Mood Media\u201d \u00een linia de subiect a e-mailului trimis la <a href=\"mailto:musicsubmissions@moodmedia.com\">musicsubmissions@moodmedia.com<\/a> pentru a v\u0103 asigura c\u0103 trimiterea dvs. ajunge la partea\/p\u0103r\u021bile corespunz\u0103toare. <\/strong> <\/p>\n<p>Exemplu:<\/p>\n<p>SUBJECT: Breeze Tree Records &#8211; Folk\/Pop &#8211; F\u0103r\u0103 licen\u021b\u0103 cu Mood Media[\/et_pb_text][\/et_pb_column][et_pb_column type=&#8221;1_2&#8243; _builder_version=&#8221;4.16&#8243; custom_padding=&#8221;|||&#8221; global_colors_info=&#8221;{}&#8221; custom_padding__hover=&#8221;|||&#8221; theme_builder_area=&#8221;post_content&#8221;][et_pb_text _builder_version=&#8221;4.19.4&#8243; background_size=&#8221;initial&#8221; background_position=&#8221;top_left&#8221; background_repeat=&#8221;repeat&#8221; use_border_color=&#8221;off&#8221; border_color=&#8221;#ffffff&#8221; border_style=&#8221;solid&#8221; global_colors_info=&#8221;{}&#8221; theme_builder_area=&#8221;post_content&#8221;]3. Muzica dvs. trebuie s\u0103 fie distribuit\u0103 c\u0103tre Mood Media printr-un flux DDEX direct, pentru a fi disponibil\u0103 pentru programare. V\u0103 rug\u0103m s\u0103 indica\u021bi numele distribuitorului dvs. \u00een propunerea dvs. Dac\u0103 nu ave\u021bi deja un serviciu de distribu\u021bie digital\u0103, lua\u021bi \u00een considerare una dintre urm\u0103toarele op\u021biuni:  <\/p>\n<p><a href=\"https:\/\/www.tunecore.com\" target=\"_blank\" rel=\"noopener\">TuneCore<\/a><br \/>\n<a href=\"https:\/\/cdbaby.com\" target=\"_blank\" rel=\"noopener\">CD Baby<\/a><br \/>\n<a href=\"https:\/\/distrokid.com\/\" target=\"_blank\" rel=\"noopener\">DistroKid<\/a><\/p>\n<p><strong>**V\u0103 rug\u0103m s\u0103 acorda\u021bi timp supervizorilor no\u0219tri muzicali pentru a analiza con\u021binutul dumneavoastr\u0103.**<\/strong><br \/>\n4. Odat\u0103 ce muzica dvs. a fost introdus\u0103 \u00een sistemul nostru de la un flux \u0219i este selectat\u0103 pentru programare, echipa noastr\u0103 de licen\u021biere va lua leg\u0103tura cu dvs. pentru a asigura acordurile.<\/p>\n<p class=\"intro2\">V\u0103 mul\u021bumim pentru c\u0103 v-a\u021bi f\u0103cut timp s\u0103 ne trimite\u021bi muzica dvs. pentru a fi luat\u0103 \u00een considerare \u00een Mood Media programe muzicale. A\u0219tept\u0103m cu ner\u0103bdare s\u0103 v\u0103 auzim muzica.<\/p>\n<p>[\/et_pb_text][\/et_pb_column][\/et_pb_row][\/et_pb_section]<\/p>\n","protected":false},"excerpt":{"rendered":"<p>TRIMITE\u021aI MUZICA DVS.**V\u0103 rug\u0103m s\u0103 citi\u021bi aceste instruc\u021biuni \u00een \u00eentregime, deoarece con\u021bin linii directoare importante pentru trimitere.** Dac\u0103 nu urma\u021bi ace\u0219ti pa\u0219i, trimiterea dvs. nu va fi luat\u0103 \u00een considerare. Pentru \u00eentreb\u0103ri referitoare la redeven\u021bele existente, v\u0103 rug\u0103m s\u0103 contacta\u021bi royalties@moodmedia.com . V\u0103 mul\u021bumim pentru interesul dumneavoastr\u0103 de a v\u0103 trimite muzica la Mood Media. V\u0103 rug\u0103m s\u0103 parcurge\u021bi urm\u0103torii pa\u0219i cu privire la trimiterea con\u021binutului dvs. muzical: Ghid de trimitere: 1. Trimite\u021bi un link c\u0103tre un tonomat digital online la musicsubmissions@moodmedia.com , de preferin\u021b\u0103 unul precum www.Soundcloud.com sau www.beatport.com , pentru ca designerii no\u0219tri s\u0103 v\u0103 previzualizeze piesele. 2. Atunci c\u00e2nd trimite\u021bi muzica dvs., trebuie s\u0103 include\u021bi numele casei dvs. de discuri, stilul\/genul muzical \u0219i \u201eUnlicensed with Mood Media\u201d \u00een linia de subiect a e-mailului trimis la musicsubmissions@moodmedia.com pentru a v\u0103 asigura c\u0103 trimiterea dvs. ajunge la partea\/p\u0103r\u021bile corespunz\u0103toare. Exemplu: SUBJECT: Breeze Tree Records &#8211; Folk\/Pop &#8211; F\u0103r\u0103 licen\u021b\u0103 cu Mood Media3. Muzica dvs. trebuie s\u0103 fie distribuit\u0103 c\u0103tre Mood Media printr-un flux DDEX direct, pentru a fi disponibil\u0103 pentru programare. V\u0103 rug\u0103m s\u0103 indica\u021bi numele distribuitorului dvs. \u00een propunerea dvs. Dac\u0103 nu ave\u021bi deja un serviciu de distribu\u021bie digital\u0103, lua\u021bi \u00een considerare una dintre urm\u0103toarele op\u021biuni: TuneCore CD [&hellip;]<\/p>\n","protected":false},"author":2,"featured_media":0,"parent":251846,"menu_order":0,"comment_status":"closed","ping_status":"closed","template":"","meta":{"_et_pb_use_builder":"on","_et_pb_old_content":"","_et_gb_content_width":"","footnotes":""},"class_list":["post-207571","page","type-page","status-publish","hentry"],"yoast_head":"<!-- This site is optimized with the Yoast SEO Premium plugin v26.8 (Yoast SEO v27.4) - https:\/\/yoast.com\/product\/yoast-seo-premium-wordpress\/ -->\n<title>Trimiteri muzicale | Mood Media Rom\u00e2nia<\/title>\n<meta name=\"robots\" content=\"index, follow, max-snippet:-1, max-image-preview:large, max-video-preview:-1\" \/>\n<meta property=\"og:locale\" content=\"ro_RO\" \/>\n<meta property=\"og:type\" content=\"article\" \/>\n<meta property=\"og:title\" content=\"Trimiteri muzicale\" \/>\n<meta property=\"og:url\" content=\"https:\/\/moodmedia.com\/ro\/contacteaza-ne\/trimiteri-muzicale\/\" \/>\n<meta property=\"og:site_name\" content=\"Mood Media Rom\u00e2nia\" \/>\n<meta property=\"article:publisher\" content=\"https:\/\/www.facebook.com\/moodmediauk\/\" \/>\n<meta property=\"article:modified_time\" content=\"2025-06-03T12:47:52+00:00\" \/>\n<meta name=\"twitter:card\" content=\"summary_large_image\" \/>\n<meta name=\"twitter:site\" content=\"@MoodMedia_UK\" \/>\n<meta name=\"twitter:label1\" content=\"Timp estimat pentru citire\" \/>\n\t<meta name=\"twitter:data1\" content=\"3 minute\" \/>\n<script type=\"application\/ld+json\" class=\"yoast-schema-graph\">{\"@context\":\"https:\\\/\\\/schema.org\",\"@graph\":[{\"@type\":\"WebPage\",\"@id\":\"https:\\\/\\\/moodmedia.com\\\/ro\\\/contacteaza-ne\\\/trimiteri-muzicale\\\/\",\"url\":\"https:\\\/\\\/moodmedia.com\\\/ro\\\/contacteaza-ne\\\/trimiteri-muzicale\\\/\",\"name\":\"Trimiteri muzicale | Mood Media Rom\u00e2nia\",\"isPartOf\":{\"@id\":\"https:\\\/\\\/moodmedia.com\\\/ro\\\/#website\"},\"datePublished\":\"2021-06-22T15:53:18+00:00\",\"dateModified\":\"2025-06-03T12:47:52+00:00\",\"breadcrumb\":{\"@id\":\"https:\\\/\\\/moodmedia.com\\\/ro\\\/contacteaza-ne\\\/trimiteri-muzicale\\\/#breadcrumb\"},\"inLanguage\":\"ro-RO\",\"potentialAction\":[{\"@type\":\"ReadAction\",\"target\":[\"https:\\\/\\\/moodmedia.com\\\/ro\\\/contacteaza-ne\\\/trimiteri-muzicale\\\/\"]}]},{\"@type\":\"BreadcrumbList\",\"@id\":\"https:\\\/\\\/moodmedia.com\\\/ro\\\/contacteaza-ne\\\/trimiteri-muzicale\\\/#breadcrumb\",\"itemListElement\":[{\"@type\":\"ListItem\",\"position\":1,\"name\":\"Home\",\"item\":\"https:\\\/\\\/moodmedia.com\\\/ro\\\/\"},{\"@type\":\"ListItem\",\"position\":2,\"name\":\"Contact\",\"item\":\"https:\\\/\\\/moodmedia.com\\\/ro\\\/contact-us\\\/\"},{\"@type\":\"ListItem\",\"position\":3,\"name\":\"Trimiteri muzicale\"}]},{\"@type\":\"WebSite\",\"@id\":\"https:\\\/\\\/moodmedia.com\\\/ro\\\/#website\",\"url\":\"https:\\\/\\\/moodmedia.com\\\/ro\\\/\",\"name\":\"Mood Media International\",\"description\":\"Experience. By Design\",\"publisher\":{\"@id\":\"https:\\\/\\\/moodmedia.com\\\/ro\\\/#organization\"},\"potentialAction\":[{\"@type\":\"SearchAction\",\"target\":{\"@type\":\"EntryPoint\",\"urlTemplate\":\"https:\\\/\\\/moodmedia.com\\\/ro\\\/?s={search_term_string}\"},\"query-input\":{\"@type\":\"PropertyValueSpecification\",\"valueRequired\":true,\"valueName\":\"search_term_string\"}}],\"inLanguage\":\"ro-RO\"},{\"@type\":\"Organization\",\"@id\":\"https:\\\/\\\/moodmedia.com\\\/ro\\\/#organization\",\"name\":\"Mood Media\",\"url\":\"https:\\\/\\\/moodmedia.com\\\/ro\\\/\",\"logo\":{\"@type\":\"ImageObject\",\"inLanguage\":\"ro-RO\",\"@id\":\"https:\\\/\\\/moodmedia.com\\\/ro\\\/#\\\/schema\\\/logo\\\/image\\\/\",\"url\":\"https:\\\/\\\/moodmedia.com\\\/wp-content\\\/uploads\\\/2017\\\/10\\\/mood-media-logo-400.jpg\",\"contentUrl\":\"https:\\\/\\\/moodmedia.com\\\/wp-content\\\/uploads\\\/2017\\\/10\\\/mood-media-logo-400.jpg\",\"width\":400,\"height\":115,\"caption\":\"Mood Media\"},\"image\":{\"@id\":\"https:\\\/\\\/moodmedia.com\\\/ro\\\/#\\\/schema\\\/logo\\\/image\\\/\"},\"sameAs\":[\"https:\\\/\\\/www.facebook.com\\\/moodmediauk\\\/\",\"https:\\\/\\\/x.com\\\/MoodMedia_UK\",\"https:\\\/\\\/www.linkedin.com\\\/company\\\/mood-media-uk\\\/\"]}]}<\/script>\n<!-- \/ Yoast SEO Premium plugin. -->","yoast_head_json":{"title":"Trimiteri muzicale | Mood Media Rom\u00e2nia","robots":{"index":"index","follow":"follow","max-snippet":"max-snippet:-1","max-image-preview":"max-image-preview:large","max-video-preview":"max-video-preview:-1"},"og_locale":"ro_RO","og_type":"article","og_title":"Trimiteri muzicale","og_url":"https:\/\/moodmedia.com\/ro\/contacteaza-ne\/trimiteri-muzicale\/","og_site_name":"Mood Media Rom\u00e2nia","article_publisher":"https:\/\/www.facebook.com\/moodmediauk\/","article_modified_time":"2025-06-03T12:47:52+00:00","twitter_card":"summary_large_image","twitter_site":"@MoodMedia_UK","twitter_misc":{"Timp estimat pentru citire":"3 minute"},"schema":{"@context":"https:\/\/schema.org","@graph":[{"@type":"WebPage","@id":"https:\/\/moodmedia.com\/ro\/contacteaza-ne\/trimiteri-muzicale\/","url":"https:\/\/moodmedia.com\/ro\/contacteaza-ne\/trimiteri-muzicale\/","name":"Trimiteri muzicale | Mood Media Rom\u00e2nia","isPartOf":{"@id":"https:\/\/moodmedia.com\/ro\/#website"},"datePublished":"2021-06-22T15:53:18+00:00","dateModified":"2025-06-03T12:47:52+00:00","breadcrumb":{"@id":"https:\/\/moodmedia.com\/ro\/contacteaza-ne\/trimiteri-muzicale\/#breadcrumb"},"inLanguage":"ro-RO","potentialAction":[{"@type":"ReadAction","target":["https:\/\/moodmedia.com\/ro\/contacteaza-ne\/trimiteri-muzicale\/"]}]},{"@type":"BreadcrumbList","@id":"https:\/\/moodmedia.com\/ro\/contacteaza-ne\/trimiteri-muzicale\/#breadcrumb","itemListElement":[{"@type":"ListItem","position":1,"name":"Home","item":"https:\/\/moodmedia.com\/ro\/"},{"@type":"ListItem","position":2,"name":"Contact","item":"https:\/\/moodmedia.com\/ro\/contact-us\/"},{"@type":"ListItem","position":3,"name":"Trimiteri muzicale"}]},{"@type":"WebSite","@id":"https:\/\/moodmedia.com\/ro\/#website","url":"https:\/\/moodmedia.com\/ro\/","name":"Mood Media International","description":"Experience. By Design","publisher":{"@id":"https:\/\/moodmedia.com\/ro\/#organization"},"potentialAction":[{"@type":"SearchAction","target":{"@type":"EntryPoint","urlTemplate":"https:\/\/moodmedia.com\/ro\/?s={search_term_string}"},"query-input":{"@type":"PropertyValueSpecification","valueRequired":true,"valueName":"search_term_string"}}],"inLanguage":"ro-RO"},{"@type":"Organization","@id":"https:\/\/moodmedia.com\/ro\/#organization","name":"Mood Media","url":"https:\/\/moodmedia.com\/ro\/","logo":{"@type":"ImageObject","inLanguage":"ro-RO","@id":"https:\/\/moodmedia.com\/ro\/#\/schema\/logo\/image\/","url":"https:\/\/moodmedia.com\/wp-content\/uploads\/2017\/10\/mood-media-logo-400.jpg","contentUrl":"https:\/\/moodmedia.com\/wp-content\/uploads\/2017\/10\/mood-media-logo-400.jpg","width":400,"height":115,"caption":"Mood Media"},"image":{"@id":"https:\/\/moodmedia.com\/ro\/#\/schema\/logo\/image\/"},"sameAs":["https:\/\/www.facebook.com\/moodmediauk\/","https:\/\/x.com\/MoodMedia_UK","https:\/\/www.linkedin.com\/company\/mood-media-uk\/"]}]}},"_links":{"self":[{"href":"https:\/\/moodmedia.com\/ro\/wp-json\/wp\/v2\/pages\/207571","targetHints":{"allow":["GET"]}}],"collection":[{"href":"https:\/\/moodmedia.com\/ro\/wp-json\/wp\/v2\/pages"}],"about":[{"href":"https:\/\/moodmedia.com\/ro\/wp-json\/wp\/v2\/types\/page"}],"author":[{"embeddable":true,"href":"https:\/\/moodmedia.com\/ro\/wp-json\/wp\/v2\/users\/2"}],"replies":[{"embeddable":true,"href":"https:\/\/moodmedia.com\/ro\/wp-json\/wp\/v2\/comments?post=207571"}],"version-history":[{"count":0,"href":"https:\/\/moodmedia.com\/ro\/wp-json\/wp\/v2\/pages\/207571\/revisions"}],"up":[{"embeddable":true,"href":"https:\/\/moodmedia.com\/ro\/wp-json\/wp\/v2\/pages\/251846"}],"wp:attachment":[{"href":"https:\/\/moodmedia.com\/ro\/wp-json\/wp\/v2\/media?parent=207571"}],"curies":[{"name":"wp","href":"https:\/\/api.w.org\/{rel}","templated":true}]}}