{"id":230945,"date":"2016-07-21T15:46:29","date_gmt":"2016-07-21T14:46:29","guid":{"rendered":"https:\/\/moodmedia.com\/companie\/cariere\/"},"modified":"2024-03-13T11:13:06","modified_gmt":"2024-03-13T11:13:06","slug":"cariere","status":"publish","type":"page","link":"https:\/\/moodmedia.com\/ro\/companie\/cariere\/","title":{"rendered":"Cariere"},"content":{"rendered":"<p>[et_pb_section fb_built=&#8221;1&#8243; _builder_version=&#8221;4.16&#8243; background_image=&#8221;https:\/\/moodmedia.com\/wp-content\/uploads\/2019\/06\/2019-careers.jpg&#8221; parallax=&#8221;on&#8221; parallax_method=&#8221;off&#8221; custom_margin=&#8221;0px||&#8221; global_colors_info=&#8221;{}&#8221;][et_pb_row _builder_version=&#8221;4.16&#8243; custom_margin=&#8221;0px||0px&#8221; custom_padding=&#8221;0px||&#8221; global_colors_info=&#8221;{}&#8221;][et_pb_column type=&#8221;4_4&#8243; _builder_version=&#8221;4.16&#8243; custom_padding=&#8221;|||&#8221; global_colors_info=&#8221;{}&#8221; custom_padding__hover=&#8221;|||&#8221;][et_pb_text admin_label=&#8221;Mood Careers&#8221; _builder_version=&#8221;4.16&#8243; header_font_size=&#8221;24px&#8221; background_layout=&#8221;dark&#8221; saved_tabs=&#8221;all&#8221; global_colors_info=&#8221;{}&#8221;]<\/p>\n<p class=\"intro2\">MOOD<span class=\"heavy moodred\">:<\/span><span class=\"light\">CARIERE<\/span><\/p>\n<div style=\"width:100%;float:left;padding-top:10px;\">\n<div style=\"width:20%;height:10px;background:#cd102f;float:left;clear:both;\"><\/div>\n<\/div>\n<p>[\/et_pb_text][\/et_pb_column][\/et_pb_row][et_pb_row column_structure=&#8221;1_2,1_2&#8243; _builder_version=&#8221;4.16&#8243; custom_margin=&#8221;0px||&#8221; custom_padding=&#8221;0px||&#8221; global_colors_info=&#8221;{}&#8221;][et_pb_column type=&#8221;1_2&#8243; _builder_version=&#8221;4.16&#8243; custom_padding=&#8221;|||&#8221; global_colors_info=&#8221;{}&#8221; custom_padding__hover=&#8221;|||&#8221;][et_pb_text _builder_version=&#8221;4.16&#8243; text_font=&#8221;||||||||&#8221; background_layout=&#8221;dark&#8221; global_colors_info=&#8221;{}&#8221;]<\/p>\n<h1 class=\"new-hero-ext bold\" style=\"text-transform:uppercase;\">G\u0103se\u0219te-\u021bi forma. G\u0103se\u0219te-\u021bi viitorul.<\/h1>\n<p>[\/et_pb_text][et_pb_button button_url=&#8221;https:\/\/workforcenow.adp.com\/mascsr\/default\/mdf\/recruitment\/recruitment.html?cid=099af085-1373-479c-9b97-f7e3a4d2ea58&amp;ccId=19000101_000001&amp;lang=en_US&#8221; button_text=&#8221;Vezi locuri de munc\u0103&#8221; button_alignment=&#8221;left&#8221; admin_label=&#8221;Button&#8221; module_class=&#8221;mbutton&#8221; _builder_version=&#8221;4.24.0&#8243; custom_button=&#8221;on&#8221; button_text_color=&#8221;#ffffff&#8221; button_bg_color=&#8221;#cd102f&#8221; button_border_color=&#8221;#cd102f&#8221; button_icon=&#8221;&#x3d;||divi||400&#8243; button_icon_color=&#8221;#cd102f&#8221; background_layout=&#8221;dark&#8221; button_text_color_hover=&#8221;#cd102f&#8221; button_border_color_hover=&#8221;#ffffff&#8221; button_letter_spacing_hover=&#8221;0&#8243; button_bg_color_hover=&#8221;#ffffff&#8221; saved_tabs=&#8221;all&#8221; global_colors_info=&#8221;{}&#8221; button_text_size__hover_enabled=&#8221;off&#8221; button_one_text_size__hover_enabled=&#8221;off&#8221; button_two_text_size__hover_enabled=&#8221;off&#8221; button_text_color__hover_enabled=&#8221;on&#8221; button_text_color__hover=&#8221;#cd102f&#8221; button_one_text_color__hover_enabled=&#8221;off&#8221; button_two_text_color__hover_enabled=&#8221;off&#8221; button_border_width__hover_enabled=&#8221;off&#8221; button_one_border_width__hover_enabled=&#8221;off&#8221; button_two_border_width__hover_enabled=&#8221;off&#8221; button_border_color__hover_enabled=&#8221;on&#8221; button_border_color__hover=&#8221;#ffffff&#8221; button_one_border_color__hover_enabled=&#8221;off&#8221; button_two_border_color__hover_enabled=&#8221;off&#8221; button_border_radius__hover_enabled=&#8221;off&#8221; button_one_border_radius__hover_enabled=&#8221;off&#8221; button_two_border_radius__hover_enabled=&#8221;off&#8221; button_letter_spacing__hover_enabled=&#8221;on&#8221; button_letter_spacing__hover=&#8221;0&#8243; button_one_letter_spacing__hover_enabled=&#8221;off&#8221; button_two_letter_spacing__hover_enabled=&#8221;off&#8221; button_bg_color__hover_enabled=&#8221;on&#8221; button_bg_color__hover=&#8221;#ffffff&#8221; button_one_bg_color__hover_enabled=&#8221;off&#8221; button_two_bg_color__hover_enabled=&#8221;off&#8221;][\/et_pb_button][\/et_pb_column][et_pb_column type=&#8221;1_2&#8243; _builder_version=&#8221;4.16&#8243; custom_padding=&#8221;|||&#8221; global_colors_info=&#8221;{}&#8221; custom_padding__hover=&#8221;|||&#8221;][et_pb_video src=&#8221;https:\/\/youtu.be\/UywmrZwzlDM&#8221; image_src=&#8221;\/\/i.ytimg.com\/vi\/UywmrZwzlDM\/hqdefault.jpg&#8221; _builder_version=&#8221;4.16&#8243; global_colors_info=&#8221;{}&#8221;][\/et_pb_video][\/et_pb_column][\/et_pb_row][\/et_pb_section][et_pb_section fb_built=&#8221;1&#8243; admin_label=&#8221;We Are&#8230;&#8221; _builder_version=&#8221;4.16&#8243; background_image=&#8221;https:\/\/moodmedia.com\/wp-content\/uploads\/2019\/06\/guitars.jpg&#8221; parallax=&#8221;on&#8221; parallax_method=&#8221;off&#8221; global_colors_info=&#8221;{}&#8221;][et_pb_row _builder_version=&#8221;4.16&#8243; global_colors_info=&#8221;{}&#8221;][et_pb_column type=&#8221;4_4&#8243; _builder_version=&#8221;4.16&#8243; custom_padding=&#8221;|||&#8221; global_colors_info=&#8221;{}&#8221; custom_padding__hover=&#8221;|||&#8221;][et_pb_text _builder_version=&#8221;4.16&#8243; global_colors_info=&#8221;{}&#8221;]<\/p>\n<p class=\"giant bold\">Suntem exper\u021bi muzicali, arti\u0219ti digitali, consultan\u021bi profesioni\u0219ti \u00een branding \u0219i campioni \u00een servicii pentru clien\u021bi &#8211; cu to\u021bii motiva\u021bi s\u0103 aducem o perspectiv\u0103 nou\u0103 fiec\u0103rei experien\u021be pe care o proiect\u0103m pentru clien\u021bi. Avem o re\u021bea global\u0103 de echipe de v\u00e2nz\u0103ri \u0219i tehnicieni certifica\u021bi. Avem succes dovedit prin zeci de ani de func\u021bionare la nivel interna\u021bional. Experien\u021ba face diferen\u021ba. Pasiunea noastr\u0103 este motivul pentru care reu\u0219im.<\/p>\n<p>[\/et_pb_text][\/et_pb_column][\/et_pb_row][\/et_pb_section][et_pb_section fb_built=&#8221;1&#8243; _builder_version=&#8221;4.16&#8243; _module_preset=&#8221;default&#8221; global_colors_info=&#8221;{}&#8221;][et_pb_row column_structure=&#8221;1_3,1_3,1_3&#8243; _builder_version=&#8221;4.16&#8243; _module_preset=&#8221;default&#8221; global_colors_info=&#8221;{}&#8221;][et_pb_column type=&#8221;1_3&#8243; _builder_version=&#8221;4.16&#8243; _module_preset=&#8221;default&#8221; global_colors_info=&#8221;{}&#8221;][et_pb_text _builder_version=&#8221;4.16&#8243; _module_preset=&#8221;default&#8221; global_colors_info=&#8221;{}&#8221;]<\/p>\n<h2 class=\"bold\">MISIUNEA NOASTR\u0102<\/h2>\n<div style=\"width:100%;float:left; padding:10px 0px 20px;\">\n<div style=\"width:20%;height:10px;background:#cd102f;\"><\/div>\n<\/div>\n<p class=\"intro2\">S\u0103 ajut\u0103m companiile de toate formele \u0219i m\u0103rimile s\u0103 reu\u0219easc\u0103 prin crearea unor conexiuni emo\u021bionale mai puternice cu clien\u021bii lor prin combina\u021bia potrivit\u0103 de solu\u021bii vizuale, sonore, olfactive, sociale \u0219i de sisteme.<\/p>\n<p>[\/et_pb_text][\/et_pb_column][et_pb_column type=&#8221;1_3&#8243; _builder_version=&#8221;4.16&#8243; _module_preset=&#8221;default&#8221; global_colors_info=&#8221;{}&#8221;][et_pb_text _builder_version=&#8221;4.16&#8243; _module_preset=&#8221;default&#8221; global_colors_info=&#8221;{}&#8221;]<\/p>\n<h2 class=\"bold\">VIZIUNEA NOASTRA<\/h2>\n<div style=\"width:100%;float:left; padding:10px 0px 20px;\">\n<div style=\"width:20%;height:10px;background:#cd102f;\"><\/div>\n<\/div>\n<p class=\"intro2\">S\u0103 fim cei mai buni \u00een a ajuta companiile s\u0103 reu\u0219easc\u0103 prin \u00eembun\u0103t\u0103\u021birea experien\u021bei clien\u021bilor.<\/p>\n<p>[\/et_pb_text][\/et_pb_column][et_pb_column type=&#8221;1_3&#8243; _builder_version=&#8221;4.16&#8243; _module_preset=&#8221;default&#8221; global_colors_info=&#8221;{}&#8221;][et_pb_text _builder_version=&#8221;4.16&#8243; _module_preset=&#8221;default&#8221; global_colors_info=&#8221;{}&#8221;]<\/p>\n<h2 class=\"bold\">ECHIPELE NOASTRE<\/h2>\n<div style=\"width:100%;float:left; padding:10px 0px 20px;\">\n<div style=\"width:20%;height:10px;background:#cd102f;\"><\/div>\n<\/div>\n<ul style=\"float:left;\">\n<li>Financiar<\/li>\n<li>Afaceri juridice, licen\u021be \u0219i afaceri comerciale<\/li>\n<li>Resurse umane<\/li>\n<li>V\u00e2nz\u0103ri<\/li>\n<li>Marketing<\/li>\n<li>Produs global<\/li>\n<li>Opera\u021biuni \u0219i asisten\u021b\u0103 pentru clien\u021bi<\/li>\n<li>Tehnologie global\u0103<\/li>\n<\/ul>\n<p>[\/et_pb_text][\/et_pb_column][\/et_pb_row][\/et_pb_section]<\/p>\n","protected":false},"excerpt":{"rendered":"<p>MOOD:CARIERE G\u0103se\u0219te-\u021bi forma. G\u0103se\u0219te-\u021bi viitorul. Suntem exper\u021bi muzicali, arti\u0219ti digitali, consultan\u021bi profesioni\u0219ti \u00een branding \u0219i campioni \u00een servicii pentru clien\u021bi &#8211; cu to\u021bii motiva\u021bi s\u0103 aducem o perspectiv\u0103 nou\u0103 fiec\u0103rei experien\u021be pe care o proiect\u0103m pentru clien\u021bi. Avem o re\u021bea global\u0103 de echipe de v\u00e2nz\u0103ri \u0219i tehnicieni certifica\u021bi. Avem succes dovedit prin zeci de ani de func\u021bionare la nivel interna\u021bional. Experien\u021ba face diferen\u021ba. Pasiunea noastr\u0103 este motivul pentru care reu\u0219im. MISIUNEA NOASTR\u0102 S\u0103 ajut\u0103m companiile de toate formele \u0219i m\u0103rimile s\u0103 reu\u0219easc\u0103 prin crearea unor conexiuni emo\u021bionale mai puternice cu clien\u021bii lor prin combina\u021bia potrivit\u0103 de solu\u021bii vizuale, sonore, olfactive, sociale \u0219i de sisteme. VIZIUNEA NOASTRA S\u0103 fim cei mai buni \u00een a ajuta companiile s\u0103 reu\u0219easc\u0103 prin \u00eembun\u0103t\u0103\u021birea experien\u021bei clien\u021bilor. ECHIPELE NOASTRE Financiar Afaceri juridice, licen\u021be \u0219i afaceri comerciale Resurse umane V\u00e2nz\u0103ri Marketing Produs global Opera\u021biuni \u0219i asisten\u021b\u0103 pentru clien\u021bi Tehnologie global\u0103<\/p>\n","protected":false},"author":1,"featured_media":0,"parent":226282,"menu_order":0,"comment_status":"closed","ping_status":"closed","template":"","meta":{"_et_pb_use_builder":"on","_et_pb_old_content":"","_et_gb_content_width":"","footnotes":""},"class_list":["post-230945","page","type-page","status-publish","hentry"],"yoast_head":"<!-- This site is optimized with the Yoast SEO Premium plugin v26.8 (Yoast SEO v27.3) - https:\/\/yoast.com\/product\/yoast-seo-premium-wordpress\/ -->\n<title>Cariere | Mood Media Rom\u00e2nia<\/title>\n<meta name=\"description\" content=\"Suntem exper\u021bi \u00een muzic\u0103, arti\u0219ti digitali, consultan\u021bi profesioni\u0219ti \u00een branding \u0219i campioni \u00een servicii pentru clien\u021bi. R\u0103sfoi\u021bi cele mai recente locuri de munc\u0103 la Mood Media.\" \/>\n<meta name=\"robots\" content=\"index, follow, max-snippet:-1, max-image-preview:large, max-video-preview:-1\" \/>\n<meta property=\"og:locale\" content=\"ro_RO\" \/>\n<meta property=\"og:type\" content=\"article\" \/>\n<meta property=\"og:title\" content=\"Cariere\" \/>\n<meta property=\"og:url\" content=\"https:\/\/moodmedia.com\/ro\/companie\/cariere\/\" \/>\n<meta property=\"og:site_name\" content=\"Mood Media Rom\u00e2nia\" \/>\n<meta property=\"article:publisher\" content=\"https:\/\/www.facebook.com\/moodmediauk\/\" \/>\n<meta property=\"article:modified_time\" content=\"2024-03-13T11:13:06+00:00\" \/>\n<meta name=\"twitter:card\" content=\"summary_large_image\" \/>\n<meta name=\"twitter:site\" content=\"@MoodMedia_UK\" \/>\n<meta name=\"twitter:label1\" content=\"Timp estimat pentru citire\" \/>\n\t<meta name=\"twitter:data1\" content=\"4 minute\" \/>\n<script type=\"application\/ld+json\" class=\"yoast-schema-graph\">{\"@context\":\"https:\\\/\\\/schema.org\",\"@graph\":[{\"@type\":\"WebPage\",\"@id\":\"https:\\\/\\\/moodmedia.com\\\/ro\\\/companie\\\/cariere\\\/\",\"url\":\"https:\\\/\\\/moodmedia.com\\\/ro\\\/companie\\\/cariere\\\/\",\"name\":\"Cariere | Mood Media Rom\u00e2nia\",\"isPartOf\":{\"@id\":\"https:\\\/\\\/moodmedia.com\\\/ro\\\/#website\"},\"datePublished\":\"2016-07-21T14:46:29+00:00\",\"dateModified\":\"2024-03-13T11:13:06+00:00\",\"description\":\"Suntem exper\u021bi \u00een muzic\u0103, arti\u0219ti digitali, consultan\u021bi profesioni\u0219ti \u00een branding \u0219i campioni \u00een servicii pentru clien\u021bi. R\u0103sfoi\u021bi cele mai recente locuri de munc\u0103 la Mood Media.\",\"breadcrumb\":{\"@id\":\"https:\\\/\\\/moodmedia.com\\\/ro\\\/companie\\\/cariere\\\/#breadcrumb\"},\"inLanguage\":\"ro-RO\",\"potentialAction\":[{\"@type\":\"ReadAction\",\"target\":[\"https:\\\/\\\/moodmedia.com\\\/ro\\\/companie\\\/cariere\\\/\"]}]},{\"@type\":\"BreadcrumbList\",\"@id\":\"https:\\\/\\\/moodmedia.com\\\/ro\\\/companie\\\/cariere\\\/#breadcrumb\",\"itemListElement\":[{\"@type\":\"ListItem\",\"position\":1,\"name\":\"Home\",\"item\":\"https:\\\/\\\/moodmedia.com\\\/ro\\\/\"},{\"@type\":\"ListItem\",\"position\":2,\"name\":\"Companie\",\"item\":\"https:\\\/\\\/moodmedia.com\\\/ro\\\/companie\\\/\"},{\"@type\":\"ListItem\",\"position\":3,\"name\":\"Cariere\"}]},{\"@type\":\"WebSite\",\"@id\":\"https:\\\/\\\/moodmedia.com\\\/ro\\\/#website\",\"url\":\"https:\\\/\\\/moodmedia.com\\\/ro\\\/\",\"name\":\"Mood Media International\",\"description\":\"Experience. By Design\",\"publisher\":{\"@id\":\"https:\\\/\\\/moodmedia.com\\\/ro\\\/#organization\"},\"potentialAction\":[{\"@type\":\"SearchAction\",\"target\":{\"@type\":\"EntryPoint\",\"urlTemplate\":\"https:\\\/\\\/moodmedia.com\\\/ro\\\/?s={search_term_string}\"},\"query-input\":{\"@type\":\"PropertyValueSpecification\",\"valueRequired\":true,\"valueName\":\"search_term_string\"}}],\"inLanguage\":\"ro-RO\"},{\"@type\":\"Organization\",\"@id\":\"https:\\\/\\\/moodmedia.com\\\/ro\\\/#organization\",\"name\":\"Mood Media\",\"url\":\"https:\\\/\\\/moodmedia.com\\\/ro\\\/\",\"logo\":{\"@type\":\"ImageObject\",\"inLanguage\":\"ro-RO\",\"@id\":\"https:\\\/\\\/moodmedia.com\\\/ro\\\/#\\\/schema\\\/logo\\\/image\\\/\",\"url\":\"https:\\\/\\\/moodmedia.com\\\/wp-content\\\/uploads\\\/2017\\\/10\\\/mood-media-logo-400.jpg\",\"contentUrl\":\"https:\\\/\\\/moodmedia.com\\\/wp-content\\\/uploads\\\/2017\\\/10\\\/mood-media-logo-400.jpg\",\"width\":400,\"height\":115,\"caption\":\"Mood Media\"},\"image\":{\"@id\":\"https:\\\/\\\/moodmedia.com\\\/ro\\\/#\\\/schema\\\/logo\\\/image\\\/\"},\"sameAs\":[\"https:\\\/\\\/www.facebook.com\\\/moodmediauk\\\/\",\"https:\\\/\\\/x.com\\\/MoodMedia_UK\",\"https:\\\/\\\/www.linkedin.com\\\/company\\\/mood-media-uk\\\/\"]}]}<\/script>\n<!-- \/ Yoast SEO Premium plugin. -->","yoast_head_json":{"title":"Cariere | Mood Media Rom\u00e2nia","description":"Suntem exper\u021bi \u00een muzic\u0103, arti\u0219ti digitali, consultan\u021bi profesioni\u0219ti \u00een branding \u0219i campioni \u00een servicii pentru clien\u021bi. R\u0103sfoi\u021bi cele mai recente locuri de munc\u0103 la Mood Media.","robots":{"index":"index","follow":"follow","max-snippet":"max-snippet:-1","max-image-preview":"max-image-preview:large","max-video-preview":"max-video-preview:-1"},"og_locale":"ro_RO","og_type":"article","og_title":"Cariere","og_url":"https:\/\/moodmedia.com\/ro\/companie\/cariere\/","og_site_name":"Mood Media Rom\u00e2nia","article_publisher":"https:\/\/www.facebook.com\/moodmediauk\/","article_modified_time":"2024-03-13T11:13:06+00:00","twitter_card":"summary_large_image","twitter_site":"@MoodMedia_UK","twitter_misc":{"Timp estimat pentru citire":"4 minute"},"schema":{"@context":"https:\/\/schema.org","@graph":[{"@type":"WebPage","@id":"https:\/\/moodmedia.com\/ro\/companie\/cariere\/","url":"https:\/\/moodmedia.com\/ro\/companie\/cariere\/","name":"Cariere | Mood Media Rom\u00e2nia","isPartOf":{"@id":"https:\/\/moodmedia.com\/ro\/#website"},"datePublished":"2016-07-21T14:46:29+00:00","dateModified":"2024-03-13T11:13:06+00:00","description":"Suntem exper\u021bi \u00een muzic\u0103, arti\u0219ti digitali, consultan\u021bi profesioni\u0219ti \u00een branding \u0219i campioni \u00een servicii pentru clien\u021bi. R\u0103sfoi\u021bi cele mai recente locuri de munc\u0103 la Mood Media.","breadcrumb":{"@id":"https:\/\/moodmedia.com\/ro\/companie\/cariere\/#breadcrumb"},"inLanguage":"ro-RO","potentialAction":[{"@type":"ReadAction","target":["https:\/\/moodmedia.com\/ro\/companie\/cariere\/"]}]},{"@type":"BreadcrumbList","@id":"https:\/\/moodmedia.com\/ro\/companie\/cariere\/#breadcrumb","itemListElement":[{"@type":"ListItem","position":1,"name":"Home","item":"https:\/\/moodmedia.com\/ro\/"},{"@type":"ListItem","position":2,"name":"Companie","item":"https:\/\/moodmedia.com\/ro\/companie\/"},{"@type":"ListItem","position":3,"name":"Cariere"}]},{"@type":"WebSite","@id":"https:\/\/moodmedia.com\/ro\/#website","url":"https:\/\/moodmedia.com\/ro\/","name":"Mood Media International","description":"Experience. By Design","publisher":{"@id":"https:\/\/moodmedia.com\/ro\/#organization"},"potentialAction":[{"@type":"SearchAction","target":{"@type":"EntryPoint","urlTemplate":"https:\/\/moodmedia.com\/ro\/?s={search_term_string}"},"query-input":{"@type":"PropertyValueSpecification","valueRequired":true,"valueName":"search_term_string"}}],"inLanguage":"ro-RO"},{"@type":"Organization","@id":"https:\/\/moodmedia.com\/ro\/#organization","name":"Mood Media","url":"https:\/\/moodmedia.com\/ro\/","logo":{"@type":"ImageObject","inLanguage":"ro-RO","@id":"https:\/\/moodmedia.com\/ro\/#\/schema\/logo\/image\/","url":"https:\/\/moodmedia.com\/wp-content\/uploads\/2017\/10\/mood-media-logo-400.jpg","contentUrl":"https:\/\/moodmedia.com\/wp-content\/uploads\/2017\/10\/mood-media-logo-400.jpg","width":400,"height":115,"caption":"Mood Media"},"image":{"@id":"https:\/\/moodmedia.com\/ro\/#\/schema\/logo\/image\/"},"sameAs":["https:\/\/www.facebook.com\/moodmediauk\/","https:\/\/x.com\/MoodMedia_UK","https:\/\/www.linkedin.com\/company\/mood-media-uk\/"]}]}},"_links":{"self":[{"href":"https:\/\/moodmedia.com\/ro\/wp-json\/wp\/v2\/pages\/230945","targetHints":{"allow":["GET"]}}],"collection":[{"href":"https:\/\/moodmedia.com\/ro\/wp-json\/wp\/v2\/pages"}],"about":[{"href":"https:\/\/moodmedia.com\/ro\/wp-json\/wp\/v2\/types\/page"}],"author":[{"embeddable":true,"href":"https:\/\/moodmedia.com\/ro\/wp-json\/wp\/v2\/users\/1"}],"replies":[{"embeddable":true,"href":"https:\/\/moodmedia.com\/ro\/wp-json\/wp\/v2\/comments?post=230945"}],"version-history":[{"count":0,"href":"https:\/\/moodmedia.com\/ro\/wp-json\/wp\/v2\/pages\/230945\/revisions"}],"up":[{"embeddable":true,"href":"https:\/\/moodmedia.com\/ro\/wp-json\/wp\/v2\/pages\/226282"}],"wp:attachment":[{"href":"https:\/\/moodmedia.com\/ro\/wp-json\/wp\/v2\/media?parent=230945"}],"curies":[{"name":"wp","href":"https:\/\/api.w.org\/{rel}","templated":true}]}}