{"id":249844,"date":"2021-09-16T10:17:54","date_gmt":"2021-09-16T09:17:54","guid":{"rendered":"https:\/\/moodmedia.com\/companie\/politica-cookie\/"},"modified":"2025-06-23T15:04:11","modified_gmt":"2025-06-23T14:04:11","slug":"cookie-policy","status":"publish","type":"page","link":"https:\/\/moodmedia.com\/ro\/companie\/cookie-policy\/","title":{"rendered":"Politica cookie"},"content":{"rendered":"<p>[et_pb_section fb_built=&#8221;1&#8243; admin_label=&#8221;section&#8221; _builder_version=&#8221;4.16&#8243; global_colors_info=&#8221;{}&#8221;][et_pb_row admin_label=&#8221;r\u00e2nd&#8221; _builder_version=&#8221;4.16&#8243; background_size=&#8221;initial&#8221; background_position=&#8221;top_left&#8221; background_repeat=&#8221;repeat&#8221; global_colors_info=&#8221;{}&#8221;][et_pb_column type=&#8221;4_4&#8243; _builder_version=&#8221;4.16&#8243; custom_padding=&#8221;|||&#8221; global_colors_info=&#8221;{}&#8221; custom_padding__hover=&#8221;|||&#8221;][et_pb_text _builder_version=&#8221;4.27.0&#8243; hover_enabled=&#8221;0&#8243; global_colors_info=&#8221;{}&#8221; sticky_enabled=&#8221;0&#8243;]<\/p>\n<h1>Politica cookie<\/h1>\n<p>Aceast\u0103 politic\u0103 (\u201e <strong>Politica privind cookie<\/strong> -urile\u201d) v\u0103 informeaz\u0103 despre politicile noastre cu privire la implementarea cookie-urilor \u0219i a sistemelor similare atunci c\u00e2nd vizita\u021bi <a href=\"https:\/\/moodmedia.com\/\">moodmedia.com<\/a> (denumit \u00een continuare \u201e <strong>Site-ul web<\/strong> \u201d) \u0219i op\u021biunile pe care le-a\u021bi asociat cu acele tehnologii. Site-ul web folose\u0219te cookie-uri \u0219i tehnologii similare pentru a \u00eembun\u0103t\u0103\u021bi experien\u021ba utilizatorului \u0219i pentru a se asigura c\u0103 func\u021bioneaz\u0103 eficient.<\/p>\n<p>Site-ul web este operat \u00een comun de Mood Media Media Corporation \u0219i de filialele \u0219i afilia\u021bii s\u0103i din \u00eentreaga lume (colectiv, &#8222;Mood Media&#8221;; denumite \u0219i &#8222;noi&#8221; sau &#8222;ne&#8221;). Filialele \u0219i afilia\u021biiMood Media Mood Mediasunt enumerate \u00een sec\u021biunea &#8222;Entit\u0103\u021bileMood Media &#8221; din <a href=\"https:\/\/moodmedia.com\/ro\/companie\/politica-de-confidentialitate\/\">Politica de confiden\u021bialitate<\/a>. <\/p>\n<p><strong>1. Ce sunt cookie-urile?<\/strong><\/p>\n<p>Cookie-urile sunt fi\u0219iere text mici care sunt plasate pe computerul sau dispozitivul dvs. de site-urile web pe care le vizita\u021bi. Sunt utilizate pe scar\u0103 larg\u0103 pentru a face site-urile web s\u0103 func\u021bioneze sau s\u0103 func\u021bioneze mai eficient, precum \u0219i pentru a oferi informa\u021bii proprietarilor site-ului web. <\/p>\n<p><strong>2. Cum folosim cookie-urile?<\/strong><\/p>\n<p>Folosim cookie-uri pentru o serie de sarcini. Acestea includ faptul c\u0103 v\u0103 permite s\u0103 naviga\u021bi \u00eentre pagini \u00een mod eficient, \u00eenregistrarea \u0219i stocarea preferin\u021belor \u0219i, \u00een general, \u00eembun\u0103t\u0103\u021birea experien\u021bei dvs. online. De asemenea, acestea pot contribui la asigurarea faptului c\u0103 reclamele pe care le vede\u021bi online sunt mai relevante pentru dvs.<br \/>Dac\u0103 vizita\u021bi site-ul nostru web, este posibil s\u0103 implement\u0103m aceste tehnologii pentru a oferi un serviciu online mai potrivit pentru dispozitivul pe care \u00eel vizita\u021bi. C\u00e2nd vizita\u021bi site-ul nostru web, colect\u0103m informa\u021bii despre utilizarea site-ului, cum ar fi informa\u021bii despre dispozitivul sau browserul pe care \u00eel utiliza\u021bi pentru a accesa site-ul, modul \u00een care interac\u021biona\u021bi cu acesta \u0219i adresa IP de la care se conecteaz\u0103 dispozitivul dvs. Este posibil s\u0103 nu pute\u021bi ini\u021bia sau finaliza unele activit\u0103\u021bi \u00een cadrul serviciilor noastre online securizate dec\u00e2t dac\u0103 sunt instalate aceste cookie-uri sau tehnologii similare.    <\/p>\n<p><strong>3. Ce tip de cookie-uri folosim?<\/strong><\/p>\n<p>3.1 Cookie-uri primare \u0219i cookie-uri ter\u021be<\/p>\n<p>Cookie-urile first party sunt module cookie setate de site-ul web pe care \u00eel vizita\u021bi. Numai acel site le poate citi. \u00cen plus, un site web ar putea utiliza servicii externe, care \u00ee\u0219i seteaz\u0103 \u0219i propriile cookie-uri, cunoscute sub denumirea de cookie-uri ter\u021b\u0103 parte. Serviciile ter\u021bilor nu sunt sub controlul Mood Media. Furnizorii pot, \u00een orice moment, s\u0103 \u00ee\u0219i modifice termenii \u0219i condi\u021biile, scopul \u0219i utilizarea cookie-urilor etc.    <\/p>\n<p>3.2 Cookie-uri de sesiune vs. cookie-uri persistente<\/p>\n<p>Unele dintre cookie-uri sunt \u201ecookie-uri de sesiune\u201d, care r\u0103m\u00e2n numai pe durata sesiunii de browser \u0219i sunt \u0219terse atunci c\u00e2nd \u00eenchide\u021bi browserul web. Cookie-urile de sesiune dureaz\u0103 doar at\u00e2ta timp c\u00e2t sesiunea dvs. online. Aceasta \u00eenseamn\u0103 c\u0103 acestea vor disp\u0103rea de pe computer sau dispozitiv atunci c\u00e2nd \u00eenchide\u021bi browserul. Prin urmare, acestea sunt uneori denumite cookie-uri temporare. Altele sunt \u201ecookie-uri persistente\u201d, care r\u0103m\u00e2n pe dispozitivul sau computerul dumneavoastr\u0103 pentru o perioad\u0103 de timp dup\u0103 ce a\u021bi p\u0103r\u0103sit browserul web. Aceste cookie-uri sunt uneori numite cookie-uri permanente.     <\/p>\n<p>Mai precis, folosim cookie-urile men\u021bionate mai jos \u00een urm\u0103toarele scopuri:<\/p>\n<ul>\n<li>Cookie-uri strict necesare<\/li>\n<li>Cookie-uri func\u021bionale<\/li>\n<li>Cookie-uri analitice\/de performan\u021b\u0103<\/li>\n<li>Cookie-uri de direc\u021bionare\/reclame<\/li>\n<\/ul>\n<p><strong>Cookie-urile strict necesare<\/strong> sunt esen\u021biale pentru func\u021bionarea site-ului web. F\u0103r\u0103 utilizarea acestor cookie-uri, este posibil s\u0103 nu pute\u021bi utiliza unele dintre func\u021biile site-ului web. Aceste cookie-uri sunt necesare pentru ca site-ul web s\u0103 func\u021bioneze \u0219i nu pot fi dezactivate \u00een sistemele noastre. Aceste cookie-uri nu stocheaz\u0103 nicio informa\u021bie de identificare personal\u0103.   <\/p>\n<p><strong>Cookie-uri func\u021bionale<\/strong> : Aceste module cookie permit site-ului web s\u0103 ofere func\u021bionalit\u0103\u021bi \u0219i personalizare \u00eembun\u0103t\u0103\u021bite. Cookie-urile de func\u021bionalitate sunt folosite pentru a re\u021bine preferin\u021bele utilizatorilor, astfel \u00eenc\u00e2t site-ul web s\u0103 poat\u0103 fi personalizat pentru acestea. Dac\u0103 nu permite\u021bi aceste cookie-uri, este posibil ca unele sau toate aceste servicii s\u0103 nu func\u021bioneze corect.  <\/p>\n<p>Cookie- <strong>uri analitice\/de performan\u021b\u0103<\/strong> : Aceste module cookie ne permit s\u0103 num\u0103r\u0103m vizitele \u0219i sursele de trafic, astfel \u00eenc\u00e2t s\u0103 putem m\u0103sura \u0219i \u00eembun\u0103t\u0103\u021bi performan\u021ba site-ului nostru. Ne ajut\u0103 s\u0103 \u0219tim care pagini sunt cele mai \u0219i mai pu\u021bin populare \u0219i s\u0103 vedem cum se deplaseaz\u0103 vizitatorii pe site. Toate informa\u021biile colectate de aceste cookie-uri sunt agregate \u0219i, prin urmare, anonime. Dac\u0103 nu permite\u021bi aceste cookie-uri, nu vom \u0219ti c\u00e2nd a\u021bi vizitat site-ul nostru web.   <\/p>\n<p>Cookie-uri de <strong>direc\u021bionare\/reclame: Cookie<\/strong> -urile de direc\u021bionare sau de publicitate sunt utilizate pentru a direc\u021biona reclamele c\u0103tre interesele utilizatorilor, pe baza activit\u0103\u021bii anterioare de navigare pe web. Totu\u0219i, ei nu pot determina cine e\u0219ti, deoarece datele colectate nu sunt niciodat\u0103 legate de profilul t\u0103u. <\/p>\n<p>Mai jos este o list\u0103 a cookie-urilor pe care le folosim pe acest site.<\/p>\n<p><script type=\"text\/javascript\" charset=\"UTF-8\" data-cookiescriptreport=\"report\" src=\"\/\/report.cookie-script.com\/r\/c404afde4de531b074caf2568b255dc7.js\"><\/script><\/p>\n<p><strong>4. Cum pute\u021bi gestiona cookie-urile?<\/strong><\/p>\n<p>De fiecare dat\u0103 c\u00e2nd vizita\u021bi site-ul nostru, vi se va solicita s\u0103 accepta\u021bi, s\u0103 refuza\u021bi sau s\u0103 gestiona\u021bi preferin\u021bele privind modulele cookie.<br \/>Modulele cookie utilizate pe site-ul nostru pot fi activate sau dezactivate prin intermediul instrumentului nostru de consim\u021b\u0103m\u00e2nt sau prin dezactivarea modulelor cookie prin intermediul browserului, dup\u0103 cum urmeaz\u0103:<\/p>\n<p>4.1. Instrumentul de consim\u021b\u0103m\u00e2nt<\/p>\n<p>Instrumentul de consim\u021b\u0103m\u00e2nt pentru cookie-uri poate fi utilizat pentru a v\u0103 personaliza preferin\u021bele pentru cookie-uri. Instrumentul va \u00eenregistra c\u00e2nd v-a\u021bi dat acordul cu Politica noastr\u0103 privind cookie-urile. Pute\u021bi s\u0103 v\u0103 modifica\u021bi preferin\u021bele \u0219i s\u0103 v\u0103 retrage\u021bi consim\u021b\u0103m\u00e2ntul privind cookie-urile \u00een orice moment navig\u00e2nd la pictograma cookie care este afi\u0219at\u0103 \u00een col\u021bul din st\u00e2nga jos al site-ului nostru \u0219i f\u0103c\u00e2nd clic pe <em>Gestiona\u021bi consim\u021b\u0103m\u00e2ntul<\/em>. Cookie-urile strict necesare nu pot fi dezactivate \u0219i nici instrumentul nu poate fi folosit pentru a bloca cookie-urile pe site-urile web ale ter\u021bilor la care se leag\u0103 site-ul nostru.<\/p>\n<p>4.2. Utilizarea browserului dvs<\/p>\n<p>Majoritatea browserelor v\u0103 permit s\u0103 refuza\u021bi, s\u0103 accepta\u021bi cookie-uri \u0219i s\u0103 \u0219terge\u021bi cookie-uri. Metodele pentru a face acest lucru variaz\u0103 de la browser la browser \u0219i de la versiune la versiune. Cu toate acestea, pute\u021bi ob\u021bine informa\u021bii actualizate despre blocarea \u0219i \u0219tergerea cookie-urilor prin intermediul acestor link-uri:  <\/p>\n<ul>\n<li><a href=\"https:\/\/support.google.com\/chrome\/answer\/95647?hl=en\">Crom<\/a><\/li>\n<li><a href=\"https:\/\/privacy.microsoft.com\/en-us\/windows-10-microsoft-edge-and-privacy\">Margine<\/a><\/li>\n<li><a href=\"https:\/\/support.mozilla.org\/en-US\/kb\/cookies-information-websites-store-on-your-computer\">Firefox<\/a><\/li>\n<li><a href=\"https:\/\/support.microsoft.com\/en-gb\/help\/17442\/windows-internet-explorer-delete-manage-cookies\">Internet Explorer<\/a><\/li>\n<li><a href=\"https:\/\/www.opera.com\/case-studies\/clean-browser-and-remove-trackers\">Oper\u0103<\/a><\/li>\n<li><a href=\"https:\/\/support.apple.com\/en-gb\/guide\/safari\/sfri11471\/mac\">Safari<\/a><\/li>\n<\/ul>\n<p>Re\u021bine\u021bi totu\u0219i c\u0103 este posibil s\u0103 pierde\u021bi \u0219i unele informa\u021bii salvate (de exemplu, detaliile de conectare salvate, preferin\u021bele site-ului). Blocarea tuturor modulelor cookie va avea un impact negativ asupra gradului de utilizare a multor site-uri web. Dac\u0103 bloca\u021bi cookie-urile, este posibil s\u0103 nu v\u0103 pute\u021bi bucura de toate caracteristicile tehnice pe care le ofer\u0103 site-ul nostru web \u0219i v\u0103 poate afecta negativ experien\u021ba utilizatorului.  <\/p>\n<p>Pentru mai multe informa\u021bii despre gestionarea \u0219i \u0219tergerea cookie-urilor, v\u0103 rug\u0103m s\u0103 vizita\u021bi <a href=\"https:\/\/www.allaboutcookies.org\/\"><strong>https:\/\/www.allaboutcookies.org\/<\/strong><\/a> .<\/p>\n<p><strong>5. \u00centreb\u0103ri?<\/strong><\/p>\n<p>Pentru mai multe informa\u021bii, nu ezita\u021bi s\u0103 contacta\u021bi responsabilul nostru de confiden\u021bialitate la <a href=\"mailto:dpo@moodmedia.com\">dpo@moodmedia.com<\/a> .<\/p>\n<p><strong>6. Modific\u0103ri \u0219i complet\u0103ri la aceast\u0103 Politic\u0103 privind cookie-urile<\/strong><\/p>\n<p>Putem actualiza aceast\u0103 Politic\u0103 privind cookie-urile din c\u00e2nd \u00een c\u00e2nd pentru a reflecta, de exemplu, modific\u0103ri ale cookie-urilor pe care le folosim sau din alte motive opera\u021bionale, legale sau de reglementare. Prin urmare, v\u0103 rug\u0103m s\u0103 revizui\u021bi aceast\u0103 Politic\u0103 privind cookie-urile \u00een mod regulat pentru a r\u0103m\u00e2ne informat cu privire la utilizarea cookie-urilor \u0219i a tehnologiilor aferente. <\/p>\n<p>Data din partea de jos a acestei Politici privind cookie-urile indic\u0103 c\u00e2nd a fost actualizat\u0103 ultima dat\u0103.<\/p>\n<p><em>Aceast\u0103 politic\u0103 este \u00een vigoare \u00eencep\u00e2nd cu 15 septembrie 2021<\/em><\/p>\n<p>[\/et_pb_text][\/et_pb_column][\/et_pb_row][\/et_pb_section]<\/p>\n","protected":false},"excerpt":{"rendered":"<p>Politica cookie Aceast\u0103 politic\u0103 (\u201e Politica privind cookie -urile\u201d) v\u0103 informeaz\u0103 despre politicile noastre cu privire la implementarea cookie-urilor \u0219i a sistemelor similare atunci c\u00e2nd vizita\u021bi moodmedia.com (denumit \u00een continuare \u201e Site-ul web \u201d) \u0219i op\u021biunile pe care le-a\u021bi asociat cu acele tehnologii. Site-ul web folose\u0219te cookie-uri \u0219i tehnologii similare pentru a \u00eembun\u0103t\u0103\u021bi experien\u021ba utilizatorului \u0219i pentru a se asigura c\u0103 func\u021bioneaz\u0103 eficient. Site-ul web este operat \u00een comun de Mood Media Media Corporation \u0219i de filialele \u0219i afilia\u021bii s\u0103i din \u00eentreaga lume (colectiv, &#8222;Mood Media&#8221;; denumite \u0219i &#8222;noi&#8221; sau &#8222;ne&#8221;). Filialele \u0219i afilia\u021biiMood Media Mood Mediasunt enumerate \u00een sec\u021biunea &#8222;Entit\u0103\u021bileMood Media &#8221; din Politica de confiden\u021bialitate. 1. Ce sunt cookie-urile? Cookie-urile sunt fi\u0219iere text mici care sunt plasate pe computerul sau dispozitivul dvs. de site-urile web pe care le vizita\u021bi. Sunt utilizate pe scar\u0103 larg\u0103 pentru a face site-urile web s\u0103 func\u021bioneze sau s\u0103 func\u021bioneze mai eficient, precum \u0219i pentru a oferi informa\u021bii proprietarilor site-ului web. 2. Cum folosim cookie-urile? Folosim cookie-uri pentru o serie de sarcini. Acestea includ faptul c\u0103 v\u0103 permite s\u0103 naviga\u021bi \u00eentre pagini \u00een mod eficient, \u00eenregistrarea \u0219i stocarea preferin\u021belor \u0219i, \u00een general, \u00eembun\u0103t\u0103\u021birea experien\u021bei dvs. online. De asemenea, acestea pot contribui la asigurarea faptului [&hellip;]<\/p>\n","protected":false},"author":9,"featured_media":0,"parent":226282,"menu_order":0,"comment_status":"closed","ping_status":"closed","template":"","meta":{"_et_pb_use_builder":"on","_et_pb_old_content":"","_et_gb_content_width":"","footnotes":""},"class_list":["post-249844","page","type-page","status-publish","hentry"],"yoast_head":"<!-- This site is optimized with the Yoast SEO Premium plugin v26.8 (Yoast SEO v27.4) - https:\/\/yoast.com\/product\/yoast-seo-premium-wordpress\/ -->\n<title>Politica cookie | Mood Media Rom\u00e2nia<\/title>\n<meta name=\"description\" content=\"Confiden\u021bialitatea dvs. este foarte important\u0103 pentru Mood Media. V\u0103 rug\u0103m s\u0103 g\u0103si\u021bi politica noastr\u0103 privind cookie-urile aici.\" \/>\n<meta name=\"robots\" content=\"noindex, follow\" \/>\n<meta property=\"og:locale\" content=\"ro_RO\" \/>\n<meta property=\"og:type\" content=\"article\" \/>\n<meta property=\"og:title\" content=\"Politica cookie\" \/>\n<meta property=\"og:url\" content=\"https:\/\/moodmedia.com\/ro\/companie\/cookie-policy\/\" \/>\n<meta property=\"og:site_name\" content=\"Mood Media Rom\u00e2nia\" \/>\n<meta property=\"article:publisher\" content=\"https:\/\/www.facebook.com\/moodmediauk\/\" \/>\n<meta property=\"article:modified_time\" content=\"2025-06-23T14:04:11+00:00\" \/>\n<meta name=\"twitter:card\" content=\"summary_large_image\" \/>\n<meta name=\"twitter:site\" content=\"@MoodMedia_UK\" \/>\n<meta name=\"twitter:label1\" content=\"Timp estimat pentru citire\" \/>\n\t<meta name=\"twitter:data1\" content=\"7 minute\" \/>\n<script type=\"application\/ld+json\" class=\"yoast-schema-graph\">{\"@context\":\"https:\\\/\\\/schema.org\",\"@graph\":[{\"@type\":\"WebPage\",\"@id\":\"https:\\\/\\\/moodmedia.com\\\/ro\\\/companie\\\/cookie-policy\\\/\",\"url\":\"https:\\\/\\\/moodmedia.com\\\/ro\\\/companie\\\/cookie-policy\\\/\",\"name\":\"Politica cookie | Mood Media Rom\u00e2nia\",\"isPartOf\":{\"@id\":\"https:\\\/\\\/moodmedia.com\\\/ro\\\/#website\"},\"datePublished\":\"2021-09-16T09:17:54+00:00\",\"dateModified\":\"2025-06-23T14:04:11+00:00\",\"description\":\"Confiden\u021bialitatea dvs. este foarte important\u0103 pentru Mood Media. V\u0103 rug\u0103m s\u0103 g\u0103si\u021bi politica noastr\u0103 privind cookie-urile aici.\",\"breadcrumb\":{\"@id\":\"https:\\\/\\\/moodmedia.com\\\/ro\\\/companie\\\/cookie-policy\\\/#breadcrumb\"},\"inLanguage\":\"ro-RO\",\"potentialAction\":[{\"@type\":\"ReadAction\",\"target\":[\"https:\\\/\\\/moodmedia.com\\\/ro\\\/companie\\\/cookie-policy\\\/\"]}]},{\"@type\":\"BreadcrumbList\",\"@id\":\"https:\\\/\\\/moodmedia.com\\\/ro\\\/companie\\\/cookie-policy\\\/#breadcrumb\",\"itemListElement\":[{\"@type\":\"ListItem\",\"position\":1,\"name\":\"Home\",\"item\":\"https:\\\/\\\/moodmedia.com\\\/ro\\\/\"},{\"@type\":\"ListItem\",\"position\":2,\"name\":\"Companie\",\"item\":\"https:\\\/\\\/moodmedia.com\\\/ro\\\/companie\\\/\"},{\"@type\":\"ListItem\",\"position\":3,\"name\":\"Politica cookie\"}]},{\"@type\":\"WebSite\",\"@id\":\"https:\\\/\\\/moodmedia.com\\\/ro\\\/#website\",\"url\":\"https:\\\/\\\/moodmedia.com\\\/ro\\\/\",\"name\":\"Mood Media International\",\"description\":\"Experience. By Design\",\"publisher\":{\"@id\":\"https:\\\/\\\/moodmedia.com\\\/ro\\\/#organization\"},\"potentialAction\":[{\"@type\":\"SearchAction\",\"target\":{\"@type\":\"EntryPoint\",\"urlTemplate\":\"https:\\\/\\\/moodmedia.com\\\/ro\\\/?s={search_term_string}\"},\"query-input\":{\"@type\":\"PropertyValueSpecification\",\"valueRequired\":true,\"valueName\":\"search_term_string\"}}],\"inLanguage\":\"ro-RO\"},{\"@type\":\"Organization\",\"@id\":\"https:\\\/\\\/moodmedia.com\\\/ro\\\/#organization\",\"name\":\"Mood Media\",\"url\":\"https:\\\/\\\/moodmedia.com\\\/ro\\\/\",\"logo\":{\"@type\":\"ImageObject\",\"inLanguage\":\"ro-RO\",\"@id\":\"https:\\\/\\\/moodmedia.com\\\/ro\\\/#\\\/schema\\\/logo\\\/image\\\/\",\"url\":\"https:\\\/\\\/moodmedia.com\\\/wp-content\\\/uploads\\\/2017\\\/10\\\/mood-media-logo-400.jpg\",\"contentUrl\":\"https:\\\/\\\/moodmedia.com\\\/wp-content\\\/uploads\\\/2017\\\/10\\\/mood-media-logo-400.jpg\",\"width\":400,\"height\":115,\"caption\":\"Mood Media\"},\"image\":{\"@id\":\"https:\\\/\\\/moodmedia.com\\\/ro\\\/#\\\/schema\\\/logo\\\/image\\\/\"},\"sameAs\":[\"https:\\\/\\\/www.facebook.com\\\/moodmediauk\\\/\",\"https:\\\/\\\/x.com\\\/MoodMedia_UK\",\"https:\\\/\\\/www.linkedin.com\\\/company\\\/mood-media-uk\\\/\"]}]}<\/script>\n<!-- \/ Yoast SEO Premium plugin. -->","yoast_head_json":{"title":"Politica cookie | Mood Media Rom\u00e2nia","description":"Confiden\u021bialitatea dvs. este foarte important\u0103 pentru Mood Media. V\u0103 rug\u0103m s\u0103 g\u0103si\u021bi politica noastr\u0103 privind cookie-urile aici.","robots":{"index":"noindex","follow":"follow"},"og_locale":"ro_RO","og_type":"article","og_title":"Politica cookie","og_url":"https:\/\/moodmedia.com\/ro\/companie\/cookie-policy\/","og_site_name":"Mood Media Rom\u00e2nia","article_publisher":"https:\/\/www.facebook.com\/moodmediauk\/","article_modified_time":"2025-06-23T14:04:11+00:00","twitter_card":"summary_large_image","twitter_site":"@MoodMedia_UK","twitter_misc":{"Timp estimat pentru citire":"7 minute"},"schema":{"@context":"https:\/\/schema.org","@graph":[{"@type":"WebPage","@id":"https:\/\/moodmedia.com\/ro\/companie\/cookie-policy\/","url":"https:\/\/moodmedia.com\/ro\/companie\/cookie-policy\/","name":"Politica cookie | Mood Media Rom\u00e2nia","isPartOf":{"@id":"https:\/\/moodmedia.com\/ro\/#website"},"datePublished":"2021-09-16T09:17:54+00:00","dateModified":"2025-06-23T14:04:11+00:00","description":"Confiden\u021bialitatea dvs. este foarte important\u0103 pentru Mood Media. V\u0103 rug\u0103m s\u0103 g\u0103si\u021bi politica noastr\u0103 privind cookie-urile aici.","breadcrumb":{"@id":"https:\/\/moodmedia.com\/ro\/companie\/cookie-policy\/#breadcrumb"},"inLanguage":"ro-RO","potentialAction":[{"@type":"ReadAction","target":["https:\/\/moodmedia.com\/ro\/companie\/cookie-policy\/"]}]},{"@type":"BreadcrumbList","@id":"https:\/\/moodmedia.com\/ro\/companie\/cookie-policy\/#breadcrumb","itemListElement":[{"@type":"ListItem","position":1,"name":"Home","item":"https:\/\/moodmedia.com\/ro\/"},{"@type":"ListItem","position":2,"name":"Companie","item":"https:\/\/moodmedia.com\/ro\/companie\/"},{"@type":"ListItem","position":3,"name":"Politica cookie"}]},{"@type":"WebSite","@id":"https:\/\/moodmedia.com\/ro\/#website","url":"https:\/\/moodmedia.com\/ro\/","name":"Mood Media International","description":"Experience. By Design","publisher":{"@id":"https:\/\/moodmedia.com\/ro\/#organization"},"potentialAction":[{"@type":"SearchAction","target":{"@type":"EntryPoint","urlTemplate":"https:\/\/moodmedia.com\/ro\/?s={search_term_string}"},"query-input":{"@type":"PropertyValueSpecification","valueRequired":true,"valueName":"search_term_string"}}],"inLanguage":"ro-RO"},{"@type":"Organization","@id":"https:\/\/moodmedia.com\/ro\/#organization","name":"Mood Media","url":"https:\/\/moodmedia.com\/ro\/","logo":{"@type":"ImageObject","inLanguage":"ro-RO","@id":"https:\/\/moodmedia.com\/ro\/#\/schema\/logo\/image\/","url":"https:\/\/moodmedia.com\/wp-content\/uploads\/2017\/10\/mood-media-logo-400.jpg","contentUrl":"https:\/\/moodmedia.com\/wp-content\/uploads\/2017\/10\/mood-media-logo-400.jpg","width":400,"height":115,"caption":"Mood Media"},"image":{"@id":"https:\/\/moodmedia.com\/ro\/#\/schema\/logo\/image\/"},"sameAs":["https:\/\/www.facebook.com\/moodmediauk\/","https:\/\/x.com\/MoodMedia_UK","https:\/\/www.linkedin.com\/company\/mood-media-uk\/"]}]}},"_links":{"self":[{"href":"https:\/\/moodmedia.com\/ro\/wp-json\/wp\/v2\/pages\/249844","targetHints":{"allow":["GET"]}}],"collection":[{"href":"https:\/\/moodmedia.com\/ro\/wp-json\/wp\/v2\/pages"}],"about":[{"href":"https:\/\/moodmedia.com\/ro\/wp-json\/wp\/v2\/types\/page"}],"author":[{"embeddable":true,"href":"https:\/\/moodmedia.com\/ro\/wp-json\/wp\/v2\/users\/9"}],"replies":[{"embeddable":true,"href":"https:\/\/moodmedia.com\/ro\/wp-json\/wp\/v2\/comments?post=249844"}],"version-history":[{"count":0,"href":"https:\/\/moodmedia.com\/ro\/wp-json\/wp\/v2\/pages\/249844\/revisions"}],"up":[{"embeddable":true,"href":"https:\/\/moodmedia.com\/ro\/wp-json\/wp\/v2\/pages\/226282"}],"wp:attachment":[{"href":"https:\/\/moodmedia.com\/ro\/wp-json\/wp\/v2\/media?parent=249844"}],"curies":[{"name":"wp","href":"https:\/\/api.w.org\/{rel}","templated":true}]}}