{"id":251846,"date":"2018-05-31T13:14:23","date_gmt":"2018-05-31T12:14:23","guid":{"rendered":"https:\/\/moodmedia.com\/contacteaza-ne\/"},"modified":"2023-01-06T14:28:36","modified_gmt":"2023-01-06T14:28:36","slug":"contacteaza-ne","status":"publish","type":"page","link":"https:\/\/moodmedia.com\/ro\/contacteaza-ne\/","title":{"rendered":"Contact"},"content":{"rendered":"<p>[et_pb_section fb_built=&#8221;1&#8243; _builder_version=&#8221;4.15&#8243; background_color=&#8221;#ffffff&#8221; custom_margin=&#8221;0px|0px|0px|0px&#8221; custom_padding=&#8221;0px|0px|0px|0px&#8221; global_colors_info=&#8221;{}&#8221;][et_pb_row column_structure=&#8221;1_2,1_2&#8243; use_custom_gutter=&#8221;on&#8221; gutter_width=&#8221;1&#8243; make_equal=&#8221;on&#8221; module_class=&#8221; et_pb_row_fullwidth&#8221; _builder_version=&#8221;4.15.1&#8243; width=&#8221;100%&#8221; width_tablet=&#8221;100%&#8221; width_phone=&#8221;&#8221; width_last_edited=&#8221;on|desktop&#8221; max_width=&#8221;100%&#8221; max_width_tablet=&#8221;100%&#8221; max_width_phone=&#8221;&#8221; max_width_last_edited=&#8221;on|desktop&#8221; custom_margin=&#8221;0px||0px|&#8221; custom_padding=&#8221;0px||0px|&#8221; make_fullwidth=&#8221;on&#8221; global_colors_info=&#8221;{}&#8221;][et_pb_column type=&#8221;1_2&#8243; admin_label=&#8221;V\u00e2nz\u0103ri&#8221; _builder_version=&#8221;4.15.1&#8243; _dynamic_attributes=&#8221;link_option_url&#8221; background_image=&#8221;https:\/\/moodmedia.com\/wp-content\/uploads\/2018\/05\/coremusic2018.jpg&#8221; parallax=&#8221;on&#8221; custom_padding=&#8221;50px||150px|&#8221; link_option_url=&#8221;@ET-DC@eyJkeW5hbWljIjp0cnVlLCJjb250ZW50IjoicG9zdF9saW5rX3VybF9wYWdlIiwic2V0dGluZ3MiOnsicG9zdF9pZCI6IjIxOTYifX0=@&#8221; global_colors_info=&#8221;{}&#8221; custom_padding__hover=&#8221;|||&#8221;][et_pb_image src=&#8221;https:\/\/moodmedia.com\/wp-content\/uploads\/2016\/06\/information-button.png&#8221; align=&#8221;center&#8221; align_tablet=&#8221;center&#8221; align_phone=&#8221;&#8221; align_last_edited=&#8221;on|desktop&#8221; admin_label=&#8221;I Icon&#8221; _builder_version=&#8221;4.15.1&#8243; max_width=&#8221;35%&#8221; module_alignment=&#8221;center&#8221; hover_enabled=&#8221;0&#8243; always_center_on_mobile=&#8221;on&#8221; global_colors_info=&#8221;{}&#8221; sticky_enabled=&#8221;0&#8243;][\/et_pb_image][et_pb_text _builder_version=&#8221;4.15&#8243; header_2_font_size=&#8221;42px&#8221; text_orientation=&#8221;center&#8221; background_layout=&#8221;dark&#8221; custom_padding=&#8221;50px|||&#8221; global_colors_info=&#8221;{}&#8221;]<\/p>\n<h2 class=\"bold\">V\u00c2NZ\u0102RI<\/h2>\n<p>Contacta\u021bi echipa noastr\u0103 comercial\u0103 pentru mai multe informa\u021bii despre solu\u021biile Mood Media.<\/p>\n<p>[\/et_pb_text][\/et_pb_column][et_pb_column type=&#8221;1_2&#8243; admin_label=&#8221;Suport&#8221; _builder_version=&#8221;4.15.1&#8243; _dynamic_attributes=&#8221;link_option_url&#8221; background_image=&#8221;https:\/\/moodmedia.com\/wp-content\/uploads\/2018\/05\/qsr-6.jpg&#8221; parallax=&#8221;on&#8221; custom_padding=&#8221;50px||150px|&#8221; link_option_url=&#8221;@ET-DC@eyJkeW5hbWljIjp0cnVlLCJjb250ZW50IjoicG9zdF9saW5rX3VybF9wYWdlIiwic2V0dGluZ3MiOnsicG9zdF9pZCI6IjQzODIzIn19@&#8221; global_colors_info=&#8221;{}&#8221; custom_padding__hover=&#8221;|||&#8221;][et_pb_image src=&#8221;https:\/\/moodmedia.com\/wp-content\/uploads\/2016\/06\/help.png&#8221; align=&#8221;center&#8221; align_tablet=&#8221;center&#8221; align_phone=&#8221;&#8221; align_last_edited=&#8221;on|desktop&#8221; admin_label=&#8221;? Icon&#8221; _builder_version=&#8221;4.15.1&#8243; max_width=&#8221;35%&#8221; module_alignment=&#8221;center&#8221; hover_enabled=&#8221;0&#8243; always_center_on_mobile=&#8221;on&#8221; global_colors_info=&#8221;{}&#8221; sticky_enabled=&#8221;0&#8243;][\/et_pb_image][et_pb_text _builder_version=&#8221;4.15&#8243; header_2_font_size=&#8221;42px&#8221; text_orientation=&#8221;center&#8221; background_layout=&#8221;dark&#8221; custom_padding=&#8221;50px||50px|&#8221; global_colors_info=&#8221;{}&#8221;]<\/p>\n<h2 class=\"bold\">SUPORT<\/h2>\n<p>Client existent? Click aici pentru a ob\u021bine ajutor, pentru a v\u0103 pl\u0103ti factura sau pentru a v\u0103 actualiza contul.<\/p>\n<p>[\/et_pb_text][\/et_pb_column][\/et_pb_row][\/et_pb_section]<\/p>\n","protected":false},"excerpt":{"rendered":"<p>V\u00c2NZ\u0102RI Contacta\u021bi echipa noastr\u0103 comercial\u0103 pentru mai multe informa\u021bii despre solu\u021biile Mood Media.SUPORT Client existent? Click aici pentru a ob\u021bine ajutor, pentru a v\u0103 pl\u0103ti factura sau pentru a v\u0103 actualiza contul.<\/p>\n","protected":false},"author":1,"featured_media":0,"parent":0,"menu_order":0,"comment_status":"closed","ping_status":"closed","template":"","meta":{"_et_pb_use_builder":"on","_et_pb_old_content":"","_et_gb_content_width":"","footnotes":""},"class_list":["post-251846","page","type-page","status-publish","hentry"],"yoast_head":"<!-- This site is optimized with the Yoast SEO Premium plugin v26.8 (Yoast SEO v27.3) - https:\/\/yoast.com\/product\/yoast-seo-premium-wordpress\/ -->\n<title>Contact | Mood Media Rom\u00e2nia<\/title>\n<meta name=\"description\" content=\"Contacta\u021bi Mood Media pentru a afla mai multe detalii despre solu\u021biile noastre sau lua\u021bi leg\u0103tura cu echipa de suport dac\u0103 sunte\u021bi un client existent.\" \/>\n<meta name=\"robots\" content=\"index, follow, max-snippet:-1, max-image-preview:large, max-video-preview:-1\" \/>\n<meta property=\"og:locale\" content=\"ro_RO\" \/>\n<meta property=\"og:type\" content=\"article\" \/>\n<meta property=\"og:title\" content=\"Contact\" \/>\n<meta property=\"og:url\" content=\"https:\/\/moodmedia.com\/ro\/contacteaza-ne\/\" \/>\n<meta property=\"og:site_name\" content=\"Mood Media Rom\u00e2nia\" \/>\n<meta property=\"article:publisher\" content=\"https:\/\/www.facebook.com\/moodmediauk\/\" \/>\n<meta property=\"article:modified_time\" content=\"2023-01-06T14:28:36+00:00\" \/>\n<meta name=\"twitter:card\" content=\"summary_large_image\" \/>\n<meta name=\"twitter:site\" content=\"@MoodMedia_UK\" \/>\n<meta name=\"twitter:label1\" content=\"Timp estimat pentru citire\" \/>\n\t<meta name=\"twitter:data1\" content=\"2 minute\" \/>\n<script type=\"application\/ld+json\" class=\"yoast-schema-graph\">{\"@context\":\"https:\\\/\\\/schema.org\",\"@graph\":[{\"@type\":\"WebPage\",\"@id\":\"https:\\\/\\\/moodmedia.com\\\/ro\\\/contacteaza-ne\\\/\",\"url\":\"https:\\\/\\\/moodmedia.com\\\/ro\\\/contacteaza-ne\\\/\",\"name\":\"Contact | Mood Media Rom\u00e2nia\",\"isPartOf\":{\"@id\":\"https:\\\/\\\/moodmedia.com\\\/ro\\\/#website\"},\"datePublished\":\"2018-05-31T12:14:23+00:00\",\"dateModified\":\"2023-01-06T14:28:36+00:00\",\"description\":\"Contacta\u021bi Mood Media pentru a afla mai multe detalii despre solu\u021biile noastre sau lua\u021bi leg\u0103tura cu echipa de suport dac\u0103 sunte\u021bi un client existent.\",\"breadcrumb\":{\"@id\":\"https:\\\/\\\/moodmedia.com\\\/ro\\\/contacteaza-ne\\\/#breadcrumb\"},\"inLanguage\":\"ro-RO\",\"potentialAction\":[{\"@type\":\"ReadAction\",\"target\":[\"https:\\\/\\\/moodmedia.com\\\/ro\\\/contacteaza-ne\\\/\"]}]},{\"@type\":\"BreadcrumbList\",\"@id\":\"https:\\\/\\\/moodmedia.com\\\/ro\\\/contacteaza-ne\\\/#breadcrumb\",\"itemListElement\":[{\"@type\":\"ListItem\",\"position\":1,\"name\":\"Home\",\"item\":\"https:\\\/\\\/moodmedia.com\\\/ro\\\/\"},{\"@type\":\"ListItem\",\"position\":2,\"name\":\"Contact\"}]},{\"@type\":\"WebSite\",\"@id\":\"https:\\\/\\\/moodmedia.com\\\/ro\\\/#website\",\"url\":\"https:\\\/\\\/moodmedia.com\\\/ro\\\/\",\"name\":\"Mood Media International\",\"description\":\"Experience. By Design\",\"publisher\":{\"@id\":\"https:\\\/\\\/moodmedia.com\\\/ro\\\/#organization\"},\"potentialAction\":[{\"@type\":\"SearchAction\",\"target\":{\"@type\":\"EntryPoint\",\"urlTemplate\":\"https:\\\/\\\/moodmedia.com\\\/ro\\\/?s={search_term_string}\"},\"query-input\":{\"@type\":\"PropertyValueSpecification\",\"valueRequired\":true,\"valueName\":\"search_term_string\"}}],\"inLanguage\":\"ro-RO\"},{\"@type\":\"Organization\",\"@id\":\"https:\\\/\\\/moodmedia.com\\\/ro\\\/#organization\",\"name\":\"Mood Media\",\"url\":\"https:\\\/\\\/moodmedia.com\\\/ro\\\/\",\"logo\":{\"@type\":\"ImageObject\",\"inLanguage\":\"ro-RO\",\"@id\":\"https:\\\/\\\/moodmedia.com\\\/ro\\\/#\\\/schema\\\/logo\\\/image\\\/\",\"url\":\"https:\\\/\\\/moodmedia.com\\\/wp-content\\\/uploads\\\/2017\\\/10\\\/mood-media-logo-400.jpg\",\"contentUrl\":\"https:\\\/\\\/moodmedia.com\\\/wp-content\\\/uploads\\\/2017\\\/10\\\/mood-media-logo-400.jpg\",\"width\":400,\"height\":115,\"caption\":\"Mood Media\"},\"image\":{\"@id\":\"https:\\\/\\\/moodmedia.com\\\/ro\\\/#\\\/schema\\\/logo\\\/image\\\/\"},\"sameAs\":[\"https:\\\/\\\/www.facebook.com\\\/moodmediauk\\\/\",\"https:\\\/\\\/x.com\\\/MoodMedia_UK\",\"https:\\\/\\\/www.linkedin.com\\\/company\\\/mood-media-uk\\\/\"]}]}<\/script>\n<!-- \/ Yoast SEO Premium plugin. -->","yoast_head_json":{"title":"Contact | Mood Media Rom\u00e2nia","description":"Contacta\u021bi Mood Media pentru a afla mai multe detalii despre solu\u021biile noastre sau lua\u021bi leg\u0103tura cu echipa de suport dac\u0103 sunte\u021bi un client existent.","robots":{"index":"index","follow":"follow","max-snippet":"max-snippet:-1","max-image-preview":"max-image-preview:large","max-video-preview":"max-video-preview:-1"},"og_locale":"ro_RO","og_type":"article","og_title":"Contact","og_url":"https:\/\/moodmedia.com\/ro\/contacteaza-ne\/","og_site_name":"Mood Media Rom\u00e2nia","article_publisher":"https:\/\/www.facebook.com\/moodmediauk\/","article_modified_time":"2023-01-06T14:28:36+00:00","twitter_card":"summary_large_image","twitter_site":"@MoodMedia_UK","twitter_misc":{"Timp estimat pentru citire":"2 minute"},"schema":{"@context":"https:\/\/schema.org","@graph":[{"@type":"WebPage","@id":"https:\/\/moodmedia.com\/ro\/contacteaza-ne\/","url":"https:\/\/moodmedia.com\/ro\/contacteaza-ne\/","name":"Contact | Mood Media Rom\u00e2nia","isPartOf":{"@id":"https:\/\/moodmedia.com\/ro\/#website"},"datePublished":"2018-05-31T12:14:23+00:00","dateModified":"2023-01-06T14:28:36+00:00","description":"Contacta\u021bi Mood Media pentru a afla mai multe detalii despre solu\u021biile noastre sau lua\u021bi leg\u0103tura cu echipa de suport dac\u0103 sunte\u021bi un client existent.","breadcrumb":{"@id":"https:\/\/moodmedia.com\/ro\/contacteaza-ne\/#breadcrumb"},"inLanguage":"ro-RO","potentialAction":[{"@type":"ReadAction","target":["https:\/\/moodmedia.com\/ro\/contacteaza-ne\/"]}]},{"@type":"BreadcrumbList","@id":"https:\/\/moodmedia.com\/ro\/contacteaza-ne\/#breadcrumb","itemListElement":[{"@type":"ListItem","position":1,"name":"Home","item":"https:\/\/moodmedia.com\/ro\/"},{"@type":"ListItem","position":2,"name":"Contact"}]},{"@type":"WebSite","@id":"https:\/\/moodmedia.com\/ro\/#website","url":"https:\/\/moodmedia.com\/ro\/","name":"Mood Media International","description":"Experience. By Design","publisher":{"@id":"https:\/\/moodmedia.com\/ro\/#organization"},"potentialAction":[{"@type":"SearchAction","target":{"@type":"EntryPoint","urlTemplate":"https:\/\/moodmedia.com\/ro\/?s={search_term_string}"},"query-input":{"@type":"PropertyValueSpecification","valueRequired":true,"valueName":"search_term_string"}}],"inLanguage":"ro-RO"},{"@type":"Organization","@id":"https:\/\/moodmedia.com\/ro\/#organization","name":"Mood Media","url":"https:\/\/moodmedia.com\/ro\/","logo":{"@type":"ImageObject","inLanguage":"ro-RO","@id":"https:\/\/moodmedia.com\/ro\/#\/schema\/logo\/image\/","url":"https:\/\/moodmedia.com\/wp-content\/uploads\/2017\/10\/mood-media-logo-400.jpg","contentUrl":"https:\/\/moodmedia.com\/wp-content\/uploads\/2017\/10\/mood-media-logo-400.jpg","width":400,"height":115,"caption":"Mood Media"},"image":{"@id":"https:\/\/moodmedia.com\/ro\/#\/schema\/logo\/image\/"},"sameAs":["https:\/\/www.facebook.com\/moodmediauk\/","https:\/\/x.com\/MoodMedia_UK","https:\/\/www.linkedin.com\/company\/mood-media-uk\/"]}]}},"_links":{"self":[{"href":"https:\/\/moodmedia.com\/ro\/wp-json\/wp\/v2\/pages\/251846","targetHints":{"allow":["GET"]}}],"collection":[{"href":"https:\/\/moodmedia.com\/ro\/wp-json\/wp\/v2\/pages"}],"about":[{"href":"https:\/\/moodmedia.com\/ro\/wp-json\/wp\/v2\/types\/page"}],"author":[{"embeddable":true,"href":"https:\/\/moodmedia.com\/ro\/wp-json\/wp\/v2\/users\/1"}],"replies":[{"embeddable":true,"href":"https:\/\/moodmedia.com\/ro\/wp-json\/wp\/v2\/comments?post=251846"}],"version-history":[{"count":0,"href":"https:\/\/moodmedia.com\/ro\/wp-json\/wp\/v2\/pages\/251846\/revisions"}],"wp:attachment":[{"href":"https:\/\/moodmedia.com\/ro\/wp-json\/wp\/v2\/media?parent=251846"}],"curies":[{"name":"wp","href":"https:\/\/api.w.org\/{rel}","templated":true}]}}